{"id":22299,"date":"2019-10-09T20:54:49","date_gmt":"2019-10-09T18:54:49","guid":{"rendered":"https:\/\/fiaf.net\/agoradicult\/?page_id=22299"},"modified":"2025-10-27T16:38:22","modified_gmt":"2025-10-27T15:38:22","slug":"figure-operative-di-cult","status":"publish","type":"page","link":"https:\/\/fiaf.net\/agoradicult\/figure-operative-di-cult\/","title":{"rendered":"Figure Operative Di Cult"},"content":{"rendered":"<h4 style=\"text-align: center\"><span style=\"color: #ffffff\">.<\/span><br \/>\n<span style=\"color: #ffffff\">.<\/span><br \/>\nLe Figure Operative Di Cult per la cultura fotografica<\/h4>\n<p>&nbsp;<\/p>\n<p>Le Figure Operative proposte dal Dipartimento Cultura FIAF sono ideate per soddisfare due ambiti di necessit\u00e0:<\/p>\n<ul>\n<li>Quella di dare un ruolo e un riconoscimento concreto a diversi modi di esprimere la passione fotografica, del Socio FIAF, di particolare utilit\u00e0 alla vita associativa.<\/li>\n<li>Quella di creare un ambiente nella Federazione dove i talenti possano intraprendere percorsi istituzionali al fine conseguire il riconoscimento di una Figure Operativa che sar\u00e0 al servizio dei progetti promossi dalle Associazioni locali o dalla FIAF nazionale.<\/li>\n<\/ul>\n<p>Le definizioni delle figure non sono da intendersi formulate in termini generali, ma riferite essenzialmente al contesto locale e nazionale della FIAF, pertanto intese in senso funzionale alle finalit\u00e0 operative della nostra Federazione di Associazioni Fotografiche.<\/p>\n<p><strong>Definizione delle Figure Operative Di Cult.<\/strong><\/p>\n<p>Figura base rivolta alla diffusione della proposta culturale:<\/p>\n<ul>\n<li><strong>Animatore Culturale FIAF<\/strong><\/li>\n<\/ul>\n<p>Figure Specializzate rivolte alla produzione della proposta culturale:<\/p>\n<ul>\n<li><strong>Tutor Fotografico FIAF<\/strong><\/li>\n<li><strong>Studioso di Storia della fotografia FIAF<\/strong><\/li>\n<li><strong>Studioso di Lettura della fotografia FIAF<\/strong><\/li>\n<li><strong>Coordinatore Artistico FIAF<\/strong><\/li>\n<\/ul>\n<p>Per giungere alla definizione sintetica delle figure, prima si \u00e8 definito cos\u2019\u00e8 la specifica azione culturale e poi delineata a figura.<\/p>\n<p><strong>1)<\/strong> L\u2019animazione culturale.<\/p>\n<p>L\u2019animazione culturale, riferita a un gruppo locale o alla FIAF nazionale, \u00e8 un\u2019azione volta a generare il continuo stimolo culturale verso la fotografia, osservata in tutte le sue forme con atteggiamento intellettuale aperto al pluralismo del pensiero e dei linguaggi.<\/p>\n<p>L\u2019<strong>Animatore Culturale FIAF.<\/strong><\/p>\n<p>Animatore culturale \u00e8 il Socio FIAF che con la propria proposta culturale ha dimostrato sul campo di riuscire a mantenere continuamente acceso, nella vita collettiva del proprio gruppo di riferimento, l\u2019interesse verso la fotografia con spirito di ricerca e rispetto della pluralit\u00e0 culturale.<\/p>\n<p>&nbsp;<\/p>\n<p><strong>2)<\/strong> Il tutoraggio fotografico.<\/p>\n<p>Il tutoraggio fotografico \u00e8 rivolto al singolo fotografo e svolge un ruolo &#8220;cerniera&#8221;, tra le esigenze specifiche dell\u2019appassionato fotografo e le proposte didattiche dei Docenti FIAF, per ottenere la massima espressione delle potenzialit\u00e0 del fotografo.<\/p>\n<p>Il <strong>Tutor Fotografico FIAF.<\/strong><\/p>\n<p>Il Tutor Fotografico FIAF \u00e8 il Socio FIAF esperto che ha dimostrato sul campo di essere in grado di condurre con continuit\u00e0 il tutoraggio fotografico rivolto alla realizzazione di un\u2019opera o nel seguire il percorso artistico del fotografo conducendolo alla massima espressione delle proprie potenzialit\u00e0.<\/p>\n<p>&nbsp;<\/p>\n<p><strong>3)<\/strong> Lo studio storico della fotografia.<\/p>\n<p>Per la FIAF l\u2019ambito degli studi storici della fotografia \u00e8 rivolto a documentare le storie dei fotografi spesso sconosciuti che hanno condotto con eccellenza l\u2019esercizio della fotografia.<\/p>\n<p>Lo <strong>Studioso di Storia della fotografia FIAF<\/strong>.<\/p>\n<p>Lo Studioso della Storia della fotografia FIAF \u00e8 il Socio FIAF, sensibile alle storie dei fotografi, che ha dimostrato sul campo di essere in grado di:<\/p>\n<ul>\n<li>Comprendere l\u2019esperienza fotografica di un autore.<\/li>\n<li>Studiare le sue opere collocandole nell\u2019ambito della Storia della Fotografia.<\/li>\n<li>Comunicare in forma orale e scritta i contenuti umanistici\/artistici che caratterizzano il complesso delle opere di un fotografo.<\/li>\n<\/ul>\n<p>&nbsp;<\/p>\n<p><strong>4)<\/strong>\u00a0La lettura della fotografia.<\/p>\n<p>E\u2019 lo studio del linguaggio fotografico espresso in un\u2019opera o nel complesso di opere del singolo autore, al fine di comprenderne i contenuti e collocarlo nel fenomeno storico della fotografia nazionale e internazionale.<\/p>\n<p>Il <strong>Lettore della fotografia FIAF<\/strong><\/p>\n<p>Il Lettore della fotografia FIAF \u00e8 il Socio FIAF, sensibile all\u2019espressione del linguaggio fotografico, che ha dimostrato sul campo di essere in grado di:<\/p>\n<ul>\n<li>Esercitare un\u2019efficace lettura soggettiva, tecnica e strutturale dell\u2019immagine fotografica.<\/li>\n<li>Interpretare il messaggio dell\u2019immagine fotografica, giustificandone l\u2019esito con i propri strumenti di analisi che possono essere di varia natura (estetica, semiotica, linguistica, filosofica, antropologica, psicologica, letteraria, storica, ecc\u2026).<\/li>\n<li>Comunicare in forma orale e scritta rispettivamente la tematica, il processo creativo, la poetica, la collocazione storica, di un\u2019opera fotografica.<\/li>\n<\/ul>\n<p>&nbsp;<\/p>\n<p><strong>5)<\/strong> Il coordinamento artistico.<\/p>\n<p>E\u2019 un\u2019azione organizzativa e concettuale rivolta alla realizzazione di eventi collettivi quali: progetti fotografici, mostre, festival. A differenza della Direzione Artistica, il Coordinamento Artistico non definisce a priori i contenuti della proposta culturale ma asseconda quella scelta dai fotografi partecipanti. Il Coordinamento Artistico si occupa d\u2019ideare innovando il giusto modello culturale per realizzare con successo un evento fotografico.<\/p>\n<p>Il <strong>Coordinatore Artistico FIAF<\/strong>.<\/p>\n<p>Il Coordinatore Artistico FIAF \u00e8 il Socio FIAF, attento all\u2019evoluzione della domanda culturale, che ha dimostrato sul campo di studiare innovando i modelli culturali delle attivit\u00e0 fotografiche FIAF, al fine di ottenere i giusti risultati di partecipazione di pubblico che giustifichino gli investimenti di tempo e denaro richiesti.<\/p>\n<p>&nbsp;<\/p>\n<p><strong>Il ruolo strategico delle Figure Operative.<\/strong><\/p>\n<p>Queste figure negli anni sono state praticate, e lo sono tuttora, da parte dei Soci FIAF in modo silenzioso e non ufficiale. Dare loro dignit\u00e0 istituzionale e giusto riconoscimento nell\u2019organico FIAF generer\u00e0 una collettiva giusta consapevolezza e chiarezza dei ruoli.<\/p>\n<p>L\u2019istituzionalizzazione di queste figure operative dar\u00e0 nel Dipartimento Cultura FIAF una concreta motivazione all\u2019avvio spontaneo di numerosi percorsi personali volti a conseguirle.<\/p>\n<p>Con la quantit\u00e0 offerta dalle autocandidature sar\u00e0 pi\u00f9 possibile far emergere i talenti che con le modalit\u00e0 di coinvolgimento attuali non avrebbero nessuna possibilit\u00e0 di porsi in evidenza.<\/p>\n<p>Per accelerare la maturazione delle competenze sar\u00e0 utile organizzare, in sinergia con il Dipartimento Didattica, dei seminari propedeutici per ognuna di queste figure.<\/p>\n<p>Come si evince nelle definizioni delle figure operative, esse per essere raggiunte richiedono un serio e appassionato lavoro.<\/p>\n<p>Il loro riconoscimento di ruolo in FIAF giustificher\u00e0, agli occhi dei candidati, il personale investimento in tempo e risorse economiche necessarie per il loro conseguimento.<\/p>\n<p>&nbsp;<\/p>\n<p><strong>Criteri per la selezione dei candidati.<\/strong><\/p>\n<p>Come emerge nella definizione di ogni singola figura, essa verr\u00e0 riconosciuta in seguito alla dimostrazione sul campo delle competenze richieste nei seguenti ambiti:<\/p>\n<ul>\n<li>Associazioni locali.<\/li>\n<li>Attivit\u00e0 nazionali.<\/li>\n<\/ul>\n<p>E rispettando i seguenti criteri:<\/p>\n<p>a &#8211; Il riconoscimento delle Figure Operative del dipartimento avverr\u00e0 al termine di un percorso formativo di almeno due anni corroborato dalle attivit\u00e0 svolte in questo periodo.<\/p>\n<p>b &#8211; Possono essere presi in considerazione per il riconoscimento anche<\/p>\n<p>candidati che hanno dimostrato con le attivit\u00e0 svolte in altri Dipartimenti della Federazione di possedere i requisiti previsti per le varie Figure Operative.<\/p>\n<p>c- Non \u00e8 possibile assegnare, ad un Socio, nello stesso anno la nomina a due o pi\u00f9 Figure Operative FIAF.<\/p>\n<p>d- Non \u00e8 possibile assegnare in anni consecutivi, ad uno stesso Socio, la nomina a diverse Figure Operative. Occorre la pausa di almeno una sessione di nomine.<\/p>\n<p>Il Direttore del Dipartimento Cultura ha il compito di individuare i candidati, consultandosi se lo ritiene opportuno con i collaboratori del Dipartimento, e di proporre gli stessi per la ratifica della Nomina al Consiglio Nazionale.<\/p>\n<p>&nbsp;<\/p>\n<p>Silvano Bicocchi<br \/>\nil Vice Direttore del <strong>Dipartimento Cultura FIAF<\/strong><\/p>\n<h4><span style=\"color: #ffffff\"><strong>\u00a0.<\/strong><\/span><\/h4>\n<p><span style=\"color: #ffffff\">.<\/span><\/p>\n<h3 style=\"text-align: center\"><strong>Elenco di tutti i Nominati alle Figure Operative FIAF<\/strong><\/h3>\n<h6 style=\"text-align: center\">(Aggiornato al 2024)<\/h6>\n<p>&nbsp;<\/p>\n<h2 style=\"text-align: center\">Animatore culturale FIAF<\/h2>\n<p style=\"text-align: center\"><strong>\u00a0<\/strong><\/p>\n<ul>\n<li>Armani Barbara (Sestri Levante, (GE))<\/li>\n<li>Bini Paolo (Lucca)<\/li>\n<li>Capasso Raffaele (MO)<\/li>\n<li>Castellano Elisabetta (GE)<\/li>\n<li>Celani Teofilo (AN)<\/li>\n<li>Cirilli Roberto (Chiaravalle (AN))<\/li>\n<li>De Franchi Giovanna (Genova)<\/li>\n<li>Falchi Elena. (Cecina, (LI))<\/li>\n<li>Ferrari Andrea (Parma)<\/li>\n<li>Germani Maria Cristina (PI)<\/li>\n<li>Lasagni Stefania (Correggio (RE))<\/li>\n<li>Mangoni Paolo (Casalasco, (CR))<\/li>\n<li>Marcuz Andrea (BO)<\/li>\n<li>Mazzoli Claudia (MO)<\/li>\n<li>Mucciarini Lia (FI)<\/li>\n<li>Pelle Francesco (Albenga, (SV))<\/li>\n<li>Strappato Sauro (Osimo, (AN))<\/li>\n<li>Tavaroli Paolo (SV)<\/li>\n<\/ul>\n<h2 style=\"text-align: center\"><strong>Tutor fotografico FIAF:<\/strong><\/h2>\n<p>&nbsp;<\/p>\n<ul>\n<li>Amoruso Pasquale (FG)<\/li>\n<li>Angelini Andrea (FC)<\/li>\n<li>Armanino Roberto (GE)<\/li>\n<li>Arton Francescai (Boretto, (RE))<\/li>\n<li>Battagliola Cinzia (BS)<\/li>\n<li>Benassi Monica (Boretto, (RE))<\/li>\n<li>Bonivento Giulio (TS)<\/li>\n<li>Brondi Alessio ( PI)<\/li>\n<li>Bucco Luigi (CH)<\/li>\n<li>Cappellini Paolo (Piombino, (LI))<\/li>\n<li>Castegnero Lorenzo (BS)<\/li>\n<li>De Franchi Giovanna (Genova)<\/li>\n<li>Di Padova Giuseppe (CH)<\/li>\n<li>Di Prinzio Enrico (CH)<\/li>\n<li>Drappo Vinicio (PG)<\/li>\n<li>Fantechi Marco (FI)<\/li>\n<li>Ferrara Antonello(CT)<\/li>\n<li>Fornaro Andrea(PE)<\/li>\n<li>Gamberini Elisabetta (BO)<\/li>\n<li>Genovesi Enrico (Cecina (LI))<\/li>\n<li>Gerevini Doretta ( Castel Goffredo, (MN))<\/li>\n<li>Grossi Renza (Scandiano, (RE))<\/li>\n<li>Ioan Claudia (PG)<\/li>\n<li>La Montanara Antonio (Casalmaggiore, (CR))<\/li>\n<li>Lagrasta Roberto (PR)<\/li>\n<li>Lorenzini Giancarla (Porto Recanati, (MC))<\/li>\n<li>Maddalena Enrico (PE)<\/li>\n<li>Manniflor Federica (PR)<\/li>\n<li>Marazzini Massimo (PR)<\/li>\n<li>Marcuz Andrea (BO)<\/li>\n<li>Mariani Ambra (MN)<\/li>\n<li>Mastropasqua Tiziana (NA)<\/li>\n<li>Miressi Francesco (PN)<\/li>\n<li>Monelli Luca (S. Felice sul Panaro (MO))<\/li>\n<li>Montali Gigi (Colorno, (PR))<\/li>\n<li>Montanari Roberto (Sestri Levante, (GE))<\/li>\n<li>Monzoni Antonella (MO)<\/li>\n<li>Mucciarini Lia (FI)<\/li>\n<li>Pascutti Massimo (TO)<\/li>\n<li>Pelizzetti Monica (NO)<\/li>\n<li>Pelle Francesco (Albenga, (SV))<\/li>\n<li>Petrosino Valentino (SA)<\/li>\n<li>Pileri Roberto (TR)<\/li>\n<li>Schianchi Alma ( SP)<\/li>\n<li>Sciarra Francesca (NA)<\/li>\n<li>Senesi Emilio (MI)<\/li>\n<li>Serrato Anna (NA)<\/li>\n<li>Sinibaldi Giacomo (PE)<\/li>\n<li>Stefanoni Stefano (AR)<\/li>\n<li>Tampucci Silvia (LI)<\/li>\n<li>Tavaroli Paolo (SV)<\/li>\n<li>Telloni Roberto (Boretto, (RE))<\/li>\n<li>Tieghi Maurizio (FE)<\/li>\n<li>Turcato Walter ( MI)<\/li>\n<li>Tuveri Massimiliano (RM)<\/li>\n<\/ul>\n<p><strong>\u00a0<\/strong><\/p>\n<h2 style=\"text-align: center\"><strong>Studioso della Storia della fotografia FIAF<br \/>\n<\/strong><\/h2>\n<p>&nbsp;<\/p>\n<ul>\n<li>Luisa Bondoni (BS)<\/li>\n<\/ul>\n<p>&nbsp;<\/p>\n<h2 style=\"text-align: center\"><strong>Lettore della fotografia FIAF<\/strong><\/h2>\n<p style=\"text-align: center\"><strong>\u00a0<\/strong><\/p>\n<ul>\n<li>Angelini Andrea (FC)<\/li>\n<li>Bay Orietta (GE)<\/li>\n<li>Cavalieri Piera (GE)<\/li>\n<li>Cerami Federica (NA)<\/li>\n<li>Grossi Davide<\/li>\n<li>Di Donato Michele (CT)<\/li>\n<li>Di Maggio Fabiola (CT)<\/li>\n<li>Digito Patrizia (Mirandola, (MO))<\/li>\n<li>Fantechi Marco (FI)<\/li>\n<li>Gerbasi Vincenzo (KR)<\/li>\n<li>Grossi Renza (Scandiano, (RE))<\/li>\n<li>Ioan Claudia (PG)<\/li>\n<li>Lampredi Francesca (Piombino, (LI))<\/li>\n<li>Lasagni Stefania (Correggio (RE))<\/li>\n<li>Massimino Eletta (CT)<\/li>\n<li>Mazzoli Massimo (Senigallia, (AN))<\/li>\n<li>Pascutti Massimo (TO)<\/li>\n<li>Tampucci Silvia (LI)<\/li>\n<li>Tholozan Isabella (Sestri Levante, (GE))<\/li>\n<li>Tuveri Massimiliano (RM)<\/li>\n<\/ul>\n<h2 style=\"text-align: center\"><strong>Coordinatore artistico FIAF<\/strong><\/h2>\n<p>&nbsp;<\/p>\n<ul>\n<li>Baraldi Danilo (Carpi, (MO))<\/li>\n<li>Bardelli Massimo (Sassoferrato, (AN))<\/li>\n<li>Beghi Piero (Ghedi, (BS))<\/li>\n<li>Benassi Monica (Boretto(RE))<\/li>\n<li>Montali Gigi (Colorno, (PR))<\/li>\n<li>Montanari Roberto (Sestri Levante, (GE))<\/li>\n<li>Rossi Gianni (Mirandola (MO))<\/li>\n<li>Tampucci Silvia (LI)<\/li>\n<\/ul>\n<p>&nbsp;<\/p>\n<p>Massimo Mazzoli<br \/>\nDirettore del <strong>Dipartimento Cultura FIAF<\/strong><\/p>\n<p><strong>\u00a0<\/strong><\/p>\n<p>&nbsp;<\/p>\n\n    <div class=\"xs_social_share_widget xs_share_url after_content \t\tmain_content  wslu-style-1 wslu-share-box-shaped wslu-fill-colored wslu-none wslu-share-horizontal wslu-theme-font-no wslu-main_content\">\n\n\t\t\n        <ul>\n\t\t\t        <\/ul>\n    <\/div> \n","protected":false},"excerpt":{"rendered":"<p>. . Le Figure Operative Di Cult per la cultura fotografica &nbsp; Le Figure Operative proposte dal Dipartimento Cultura FIAF &hellip;<\/p>\n","protected":false},"author":51,"featured_media":0,"parent":0,"menu_order":0,"comment_status":"closed","ping_status":"closed","template":"","meta":{"_acf_changed":false,"footnotes":""},"class_list":["post-22299","page","type-page","status-publish","hentry"],"acf":[],"_links":{"self":[{"href":"https:\/\/fiaf.net\/agoradicult\/wp-json\/wp\/v2\/pages\/22299","targetHints":{"allow":["GET"]}}],"collection":[{"href":"https:\/\/fiaf.net\/agoradicult\/wp-json\/wp\/v2\/pages"}],"about":[{"href":"https:\/\/fiaf.net\/agoradicult\/wp-json\/wp\/v2\/types\/page"}],"author":[{"embeddable":true,"href":"https:\/\/fiaf.net\/agoradicult\/wp-json\/wp\/v2\/users\/51"}],"replies":[{"embeddable":true,"href":"https:\/\/fiaf.net\/agoradicult\/wp-json\/wp\/v2\/comments?post=22299"}],"version-history":[{"count":17,"href":"https:\/\/fiaf.net\/agoradicult\/wp-json\/wp\/v2\/pages\/22299\/revisions"}],"predecessor-version":[{"id":37323,"href":"https:\/\/fiaf.net\/agoradicult\/wp-json\/wp\/v2\/pages\/22299\/revisions\/37323"}],"wp:attachment":[{"href":"https:\/\/fiaf.net\/agoradicult\/wp-json\/wp\/v2\/media?parent=22299"}],"curies":[{"name":"wp","href":"https:\/\/api.w.org\/{rel}","templated":true}]}}