{"id":844,"date":"2021-05-27T16:12:20","date_gmt":"2021-05-27T14:12:20","guid":{"rendered":"https:\/\/fiaf.net\/ambientefuturo\/?page_id=844"},"modified":"2022-01-07T15:53:17","modified_gmt":"2022-01-07T14:53:17","slug":"con-audiovisivi","status":"publish","type":"page","link":"https:\/\/fiaf.net\/ambientefuturo\/con-audiovisivi\/","title":{"rendered":"Con Audiovisivi"},"content":{"rendered":"\r\n<p><strong>Regolamento<\/strong><\/p>\r\n<p>&nbsp;<\/p>\r\n<ol>\r\n<li><strong>Generalit\u00e0<\/strong><\/li>\r\n<\/ol>\r\n<p><br \/>Il DiAF Dipartimento Audiovisivi della FIAF intende offrire agli autori di audiovisivi la possibilit\u00e0 di integrarsi nel Progetto Collettivo Nazionale FIAF AMBIENTE CLIMA FUTURO ed ampliare le modalit\u00e0 di rappresentazione del tema.<\/p>\r\n<p>Una selezione delle opere presentate verr\u00e0 proiettata alla Mostra Nazionale che sar\u00e0 inaugurata il 18 giugno 2022 presso il Centro Italiano della Fotografia di Autore \u2013 CIFA &#8211; di Bibbiena e durer\u00e0 sino al settembre 2022.<\/p>\r\n<p>Alla selezione parteciperanno, oltre alle Opere inviate secondo questo Regolamento, anche le Opere partecipanti al 15\u00b0 Circuito Audiovisivi nella speciale categoria \u201cAmbiente Clima Futuro\u201d<\/p>\r\n<p>&nbsp;<\/p>\r\n<ol start=\"2\">\r\n<li><strong>Considerazioni tecniche<\/strong><\/li>\r\n<\/ol>\r\n<p>Gli audiovisivi partecipanti al concorso potranno essere realizzati con qualsiasi tipo di software ed inviati\u00a0OBBLIGATORIAMENTE\u00a0solo nel formato finale:<\/p>\r\n<p>File .mp4 FULLHD con compressione H.264 \u2013 1080 pixel<\/p>\r\n<p>o in alternativa\u00a0file video HD equivalente<br \/>(.MOV per utenti Mac o .WMV per utenti Win)<\/p>\r\n<p><strong>AVVERTENZA<\/strong><\/p>\r\n<p>Nei titoli di coda dell\u2019audiovisivo dovranno comparire tutti i riferimenti relativi alle immagini, alle sequenze video e alle colonne sonore (propri o di terzi) che compaiono nella\u00a0scheda DIAF.<\/p>\r\n<p>Al Dipartimento DiAF sar\u00e0 delegata l\u2019unica ed insindacabile decisione di rifiutare opere che non ottemperino ai requisiti tecnici e di Copyright.<\/p>\r\n<p>Durata massima dell\u2019audiovisivo: 8 minuti.<\/p>\r\n<p>&nbsp;<\/p>\r\n<ol start=\"3\">\r\n<li><strong>Quota di partecipazione GRATUITA<\/strong><\/li>\r\n<\/ol>\r\n<p>La partecipazione \u00e8 gratuita per i soci FIAF.<br \/>Per tutti gli autori non soci FIAF varranno le regole di partecipazione del bando ufficiale FIAF.<\/p>\r\n<p>&nbsp;<\/p>\r\n<ol start=\"4\">\r\n<li><strong>Invio delle opere<\/strong><\/li>\r\n<\/ol>\r\n<p>Ogni autore far\u00e0 pervenire mediante\u00a0invio a mezzo siti di trasferimento file di grandi dimensioni (max 2 GB) come www.wetransfer.com o similari con un file zippato contenente tutto il materiale richiesto per la partecipazione al concorso all\u2019indirizzo <a href=\"mailto:segreteria.diaf@gmail.com\" target=\"_blank\" rel=\"noopener\">segreteria.diaf@gmail.com<\/a><\/p>\r\n<ul>\r\n<li>La scheda DIAF 2021 <a href=\"https:\/\/fiaf.net\/diaf\/wp-content\/uploads\/sites\/26\/2021\/02\/SCHEDA-DIAF-2021editabile_OK.pdf\" target=\"_blank\" rel=\"noopener\">SCHEDA-DIAF-2021editabile_OK.pdf<\/a><\/li>\r\n<\/ul>\r\n<p>con firma\/e autografa\/e (sufficiente invio in file scansionato). La scheda andr\u00e0 compilata in ogni sua parte e dovr\u00e0 riportare tutti i riferimenti relativi alle immagini, alle sequenze video e alle colonne sonore (propri o di terzi). Esempio: contributi prelevati da archivi storici, dal web, da altri autori\u2026<\/p>\r\n<ul>\r\n<li>File OBBLIGATORIO: file formato video (vedi punto 2)<\/li>\r\n<li>Locandina illustrata dell\u2019opera\u00a0in formato orizzontale recante il titolo dell\u2019opera e nome dell\u2019autore in formato .jpg 20\u00d730 cm a 300 dpi<\/li>\r\n<\/ul>\r\n<p>&nbsp;<\/p>\r\n<ol start=\"5\">\r\n<li><strong>Termine invio<\/strong><\/li>\r\n<\/ol>\r\n<p>Il termine ultimo per l\u2019invio degli audiovisivi e della documentazione \u00e8 il <strong>30 aprile 2022<\/strong>. <br \/>Gli audiovisivi che verranno inviati saranno inseriti anche nel XVI Circuito Audiovisivi nella categoria speciale Ambiente Clima Futuro.<\/p>\r\n<p><strong>\u00a0<\/strong><\/p>\r\n<ol start=\"6\">\r\n<li><strong>Copyright<\/strong><\/li>\r\n<\/ol>\r\n<p>Gli autori degli audiovisivi iscritti devono possedere tutte le autorizzazioni necessarie all\u2019utilizzo di materiale (fotografico, video, audio, grafico, ecc.) eventualmente realizzato da terzi, nonch\u00e9 le liberatorie necessarie rilasciate dai soggetti ripresi o da parte di chi ne ha la tutela legale* (detti documenti devono poter essere esibiti su eventuale richiesta dell\u2019organizzazione).<br \/>In qualunque caso, i contenuti non propri dovranno essere liberi da ogni tipo di diritto detenuto da terzi: gli autori saranno totalmente responsabili del materiale presentato.<br \/>Allo scopo di non vanificare la fantasia e la creativit\u00e0 degli autori stessi, opere audiovisive composte con l\u2019impiego di montaggi preformati da social network, cio\u00e8 l\u2019intera costruzione del lavoro scaricato da YouTube, Vimeo etc etc (idea, regia, musica, parlato, montaggio\u2026), per le quali non risulti prevalente \u201cla mano\u201d dell\u2019autore, saranno escluse.<br \/>Sono consentite brevi sequenze per evidenti necessit\u00e0 di dinamica comunicativa, previa autorizzazione dell\u2019autore e, ove non possibile, con segnalazione nei titoli di coda e nella scheda DiAF 2017.<br \/>Dette liberatorie sono necessarie per i minori, le persone incapaci di intendere e di volere e per i beni storici e\/o comunali (quest\u2019ultimo documento normalmente \u00e8 rilasciato dall\u2019ufficio beni culturali del comune interessato)<\/p>\r\n<p>&nbsp;<\/p>\r\n<ol start=\"7\">\r\n<li><strong>Consenso per la proiezione<\/strong><\/li>\r\n<\/ol>\r\n<p>Con la sottoscrizione della Scheda DiAF gli autori danno il proprio consenso alla proiezione ed alla pubblicazione del catalogo digitale da parte del Dipartimento all\u2019interno del sito www.fiaf.net\/diaf e del canale YouTube FIAF DiAF.<\/p>\r\n<p>Gli autori, inoltre, accettano che il proprio lavoro sia trattenuto nell\u2019archivio DiAF per essere utilizzato dal Dipartimento per tutte le manifestazioni ufficiali indette o patrocinate dallo stesso,\u00a0nonch\u00e9 a quelle manifestazioni che promuoveranno le iniziative del Dipartimento stesso, previa comunicazione agli Autori interessati.<br \/>Per tutti i requisiti non esposti in questo Regolamento si far riferimento al\u00a0REGOLAMENTO CONCORSI AUDIOVISIVI FOTOGRAFICI\u00a0ratificato dal Consiglio Nazionale della FIAF e scaricabile dal sito <a href=\"http:\/\/www.fiaf.net\/diaf\" target=\"_blank\" rel=\"noopener\">www.fiaf.net\/diaf<\/a><\/p>\r\n<p>&nbsp;<\/p>\r\n<p>&nbsp;<\/p>\r\n\n    <div class=\"xs_social_share_widget xs_share_url after_content \t\tmain_content  wslu-style-1 wslu-share-box-shaped wslu-fill-colored wslu-none wslu-share-horizontal wslu-theme-font-no wslu-main_content\">\n\n\t\t\n        <ul>\n\t\t\t        <\/ul>\n    <\/div> \n","protected":false},"excerpt":{"rendered":"<p>Regolamento &nbsp; Generalit\u00e0 Il DiAF Dipartimento Audiovisivi della FIAF intende offrire agli autori di audiovisivi la possibilit\u00e0 di integrarsi nel Progetto Collettivo Nazionale FIAF AMBIENTE CLIMA FUTURO ed ampliare le modalit\u00e0 di rappresentazione del tema. Una selezione delle opere presentate verr\u00e0 proiettata alla Mostra Nazionale che sar\u00e0 inaugurata il 18 giugno 2022 presso il Centro Italiano della Fotografia di Autore \u2013 CIFA &#8211; di Bibbiena e durer\u00e0 sino al settembre 2022. Alla selezione parteciperanno, oltre alle Opere inviate secondo questo Regolamento, anche le Opere partecipanti al 15\u00b0 Circuito Audiovisivi nella speciale categoria \u201cAmbiente Clima Futuro\u201d &nbsp; Considerazioni tecniche Gli audiovisivi partecipanti al concorso potranno essere realizzati con qualsiasi tipo di software ed inviati\u00a0OBBLIGATORIAMENTE\u00a0solo nel formato finale: File .mp4 FULLHD con compressione H.264 \u2013 1080 pixel o in alternativa\u00a0file video HD equivalente(.MOV per utenti Mac o [&hellip;]<\/p>\n","protected":false},"author":1,"featured_media":1001,"parent":0,"menu_order":0,"comment_status":"closed","ping_status":"closed","template":"","meta":{"_acf_changed":false,"footnotes":""},"class_list":["post-844","page","type-page","status-publish","has-post-thumbnail","hentry"],"acf":[],"_links":{"self":[{"href":"https:\/\/fiaf.net\/ambientefuturo\/wp-json\/wp\/v2\/pages\/844","targetHints":{"allow":["GET"]}}],"collection":[{"href":"https:\/\/fiaf.net\/ambientefuturo\/wp-json\/wp\/v2\/pages"}],"about":[{"href":"https:\/\/fiaf.net\/ambientefuturo\/wp-json\/wp\/v2\/types\/page"}],"author":[{"embeddable":true,"href":"https:\/\/fiaf.net\/ambientefuturo\/wp-json\/wp\/v2\/users\/1"}],"replies":[{"embeddable":true,"href":"https:\/\/fiaf.net\/ambientefuturo\/wp-json\/wp\/v2\/comments?post=844"}],"version-history":[{"count":2,"href":"https:\/\/fiaf.net\/ambientefuturo\/wp-json\/wp\/v2\/pages\/844\/revisions"}],"predecessor-version":[{"id":1900,"href":"https:\/\/fiaf.net\/ambientefuturo\/wp-json\/wp\/v2\/pages\/844\/revisions\/1900"}],"wp:featuredmedia":[{"embeddable":true,"href":"https:\/\/fiaf.net\/ambientefuturo\/wp-json\/wp\/v2\/media\/1001"}],"wp:attachment":[{"href":"https:\/\/fiaf.net\/ambientefuturo\/wp-json\/wp\/v2\/media?parent=844"}],"curies":[{"name":"wp","href":"https:\/\/api.w.org\/{rel}","templated":true}]}}