{"id":10089,"date":"2024-09-14T13:27:21","date_gmt":"2024-09-14T11:27:21","guid":{"rendered":"https:\/\/fiaf.net\/diaf\/?page_id=10089"},"modified":"2024-11-04T17:24:31","modified_gmt":"2024-11-04T16:24:31","slug":"28-seminario-2024","status":"publish","type":"page","link":"https:\/\/fiaf.net\/diaf\/28-seminario-2024\/","title":{"rendered":"28\u00b0 Seminario 2024"},"content":{"rendered":"<p style=\"text-align: right\"><a href=\"https:\/\/fiaf.net\/diaf\/28-seminario-le-foto\/\">Le foto<\/a>\u00a0 \u00a0 <a href=\"https:\/\/fiaf.net\/diaf\/wp-content\/uploads\/sites\/26\/2024\/10\/Programma-Seminario-Ottobre-2024-.pdf\">Programma<\/a><\/p>\n<p><img loading=\"lazy\" decoding=\"async\" class=\"alignnone wp-image-10087 size-full\" src=\"https:\/\/fiaf.net\/diaf\/wp-content\/uploads\/sites\/26\/2024\/09\/locandina-28\u00b0Seminario-Artistico-DiAF_800.jpg\" alt=\"\" width=\"800\" height=\"533\" srcset=\"https:\/\/fiaf.net\/diaf\/wp-content\/uploads\/sites\/26\/2024\/09\/locandina-28\u00b0Seminario-Artistico-DiAF_800.jpg 800w, https:\/\/fiaf.net\/diaf\/wp-content\/uploads\/sites\/26\/2024\/09\/locandina-28\u00b0Seminario-Artistico-DiAF_800-300x200.jpg 300w, https:\/\/fiaf.net\/diaf\/wp-content\/uploads\/sites\/26\/2024\/09\/locandina-28\u00b0Seminario-Artistico-DiAF_800-768x512.jpg 768w\" sizes=\"auto, (max-width: 800px) 100vw, 800px\" \/><\/p>\n<p style=\"font-weight: 400\">Cari amici appassionati di audiovisivi, finalmente le info della 28\u00b0 edizione del Seminario DiAF.<\/p>\n<p style=\"font-weight: 400\">Stiamo lavorando per preparare un Seminario particolarmente focalizzato sul valore didattico della lettura di Audiovisivi, quindi con l\u2019intento principale di formarci e crescere in modo piacevole e interessante. Introdurremo alcuni elementi di novit\u00e0 nelle attivit\u00e0 in programma e condivideremo il piacere di rivederci in presenza come comunit\u00e0 di appassionati.<\/p>\n<p>Il Seminario Artistico sar\u00e0 a disposizione degli Autori che desiderano ricevere commenti e recensioni su proprie opere, inedite o gi\u00e0 presentate a concorsi ufficiali. Potr\u00e0 risultare particolarmente interessante visionare opere con caratteristiche innovative o non totalmente consolidate.<\/p>\n<p style=\"font-weight: 400\">Il termine di invio delle opere per le quali si desidera un commento \u00e8 tassativamente il\u00a0<strong>15 ottobre 2024<\/strong>\u00a0da inviare a\u00a0<a href=\"mailto:segreteria.diaf@gmail.com\">segreteria.diaf@gmail.com<\/a>.\u00a0Quanto prima le opere perverranno, tanto meglio se ne potr\u00e0 organizzare la visione.<\/p>\n<p style=\"font-weight: 400\">Il Seminario si svolger\u00e0 l\u2019ultimo week end di ottobre, il 25 &#8211; 26 &#8211; 27 ottobre 2024.\u00a0 Il costo di iscrizione al Seminario \u00e8 di 25,00 euro per i soci FIAF; 30,00 euro per i non soci. Usufruiremo della splendida ospitalit\u00e0 del Resort Poiano di Garda. Pi\u00f9 avanti le info relative ai costi del soggiorno.<\/p>\n<p style=\"font-weight: 400\">Vi ricordiamo che la prenotazione alberghiera dovr\u00e0 essere fatta contattando direttamente l\u2019albergo. Vi preghiamo di mettere in copia la segreteria DiAF.\u00a0Speriamo proprio che ci sarete tutti, per vivere e condividere la nostra passione per gli audiovisivi.<\/p>\n<p style=\"font-weight: 400\"><strong>CONVENZIONE POIANO 28\u00b0Seminario Artistico ottobre 25\/26\/27 ottobre 2024<\/strong><\/p>\n<ul style=\"font-weight: 400\">\n<li>dal 25 ottobre (venerd\u00ec) al 27\u00a0ottobre\u00a02024\u00a0(domenica)<\/li>\n<li>tariffa:\u00a0camera doppia Euro 154,00 a notte &#8211; camera singola Euro 92,00 a notte<strong>\u00a0<\/strong>con trattamento di pensione completa bevande incluse<\/li>\n<li>pasto extra Euro 28,00 per persona (bevande incluse)<\/li>\n<li>pagamento diretto in hotel alla partenza<\/li>\n<\/ul>\n<p style=\"font-weight: 400\">Per le prenotazioni al Resort Poiano:<br \/>\nTel. 045 7200100<br \/>\nMail:\u00a0<a href=\"mailto:info@poiano.com\">info@poiano.com<\/a><\/p>\n<p style=\"font-weight: 400\"><strong>Prenotazioni dirette\u00a0entro il 10 ottobre 2024<\/strong><\/p>\n<p style=\"font-weight: 400\">Un caro saluto<br \/>\nFabrizio Luzzo e\u00a0Paolo Cambi<\/p>\n<p style=\"font-weight: 400\">DiAF Dipartimento Audiovisivi<\/p>\n\n    <div class=\"xs_social_share_widget xs_share_url after_content \t\tmain_content  wslu-style-1 wslu-share-box-shaped wslu-fill-colored wslu-none wslu-share-horizontal wslu-theme-font-no wslu-main_content\">\n\n\t\t\n        <ul>\n\t\t\t        <\/ul>\n    <\/div> \n","protected":false},"excerpt":{"rendered":"<p>Le foto\u00a0 \u00a0 Programma Cari amici appassionati di audiovisivi, finalmente le info della 28\u00b0 edizione del Seminario DiAF. Stiamo lavorando &hellip;<\/p>\n","protected":false},"author":59,"featured_media":0,"parent":0,"menu_order":0,"comment_status":"closed","ping_status":"closed","template":"","meta":{"_acf_changed":false,"footnotes":""},"class_list":["post-10089","page","type-page","status-publish","hentry"],"acf":[],"_links":{"self":[{"href":"https:\/\/fiaf.net\/diaf\/wp-json\/wp\/v2\/pages\/10089","targetHints":{"allow":["GET"]}}],"collection":[{"href":"https:\/\/fiaf.net\/diaf\/wp-json\/wp\/v2\/pages"}],"about":[{"href":"https:\/\/fiaf.net\/diaf\/wp-json\/wp\/v2\/types\/page"}],"author":[{"embeddable":true,"href":"https:\/\/fiaf.net\/diaf\/wp-json\/wp\/v2\/users\/59"}],"replies":[{"embeddable":true,"href":"https:\/\/fiaf.net\/diaf\/wp-json\/wp\/v2\/comments?post=10089"}],"version-history":[{"count":8,"href":"https:\/\/fiaf.net\/diaf\/wp-json\/wp\/v2\/pages\/10089\/revisions"}],"predecessor-version":[{"id":10168,"href":"https:\/\/fiaf.net\/diaf\/wp-json\/wp\/v2\/pages\/10089\/revisions\/10168"}],"wp:attachment":[{"href":"https:\/\/fiaf.net\/diaf\/wp-json\/wp\/v2\/media?parent=10089"}],"curies":[{"name":"wp","href":"https:\/\/api.w.org\/{rel}","templated":true}]}}