{"id":1700,"date":"2015-11-19T11:11:29","date_gmt":"2015-11-19T10:11:29","guid":{"rendered":"https:\/\/fiaf.net\/diaf\/?page_id=1700"},"modified":"2025-12-11T12:18:19","modified_gmt":"2025-12-11T11:18:19","slug":"circuito-nazionale","status":"publish","type":"page","link":"https:\/\/fiaf.net\/diaf\/circuito-nazionale\/","title":{"rendered":"Circuito Nazionale"},"content":{"rendered":"<ul>\n<li style=\"text-align: left\"><span style=\"color: #000080\"><strong><span style=\"text-decoration: underline\">\u00a0<a style=\"color: #000080;text-decoration: underline\" href=\"https:\/\/fiaf.net\/diaf\/9-circuito-nazionale-2015\/\">9\u00b0\u00a0 Circuito Nazionale &#8211; 2015<\/a><\/span><\/strong><\/span><\/li>\n<li style=\"text-align: left\"><span style=\"text-decoration: underline;color: #000080\"><strong><a style=\"color: #000080;text-decoration: underline\" href=\"https:\/\/fiaf.net\/diaf\/10-circuito-nazionale-2016\/\">10\u00b0 Circuito Nazionale &#8211; 2016<\/a><\/strong><\/span><\/li>\n<li style=\"text-align: left\"><span style=\"text-decoration: underline\"><strong><a href=\"https:\/\/fiaf.net\/diaf\/11-circuito-audiovisivi\/\">11\u00b0 Circuito Nazionale &#8211; 2017<\/a><\/strong><\/span><\/li>\n<li style=\"text-align: left\"><span style=\"text-decoration: underline\"><strong><a href=\"https:\/\/fiaf.net\/diaf\/12-circuito-audiovisivi\/\">12\u00b0 Circuito Nazionale &#8211; 2018<\/a><\/strong><\/span><\/li>\n<li style=\"text-align: left\"><span style=\"text-decoration: underline\"><strong><a href=\"https:\/\/fiaf.net\/diaf\/13-circuito-nazionale-audiovisivi\/\">13\u00b0 Circuito Nazionale &#8211; 2019<\/a><\/strong><\/span><\/li>\n<li style=\"text-align: left\"><span style=\"text-decoration: underline\"><strong><a href=\"https:\/\/fiaf.net\/diaf\/14-circuito-nazionale-audiovisivi\/\">14\u00b0 Circuito Nazionale &#8211; 2020<\/a><\/strong><\/span><\/li>\n<li style=\"text-align: left\"><span style=\"text-decoration: underline\"><strong><a href=\"https:\/\/fiaf.net\/diaf\/15-circuito-nazionale-regolamento\/\">15\u00b0\u00a0Circuito Nazionale &#8211; 2021<\/a><\/strong><\/span><\/li>\n<li><span style=\"text-decoration: underline\"><a href=\"https:\/\/fiaf.net\/diaf\/16-circuito-2022-audiovisivi\/\"><strong>16\u00b0 Circuito Nazionale &#8211; 2022<\/strong><\/a><\/span><\/li>\n<li><span style=\"text-decoration: underline\"><a href=\"https:\/\/fiaf.net\/diaf\/17-circuito-nazionale\/\"><strong>17\u00b0 Circuito Nazionale &#8211; 2023<\/strong><\/a><\/span><\/li>\n<li><a href=\"https:\/\/fiaf.net\/diaf\/18-circuito-2024-audiovisivi-2\/\"><span style=\"text-decoration: underline\"><strong>18\u00b0 Circuito Nazionale &#8211; 2024<\/strong><\/span><\/a><\/li>\n<li><a href=\"https:\/\/fiaf.net\/diaf\/19-circuito-audiovisivi-2025\/\"><strong>19\u00b0 Circuito Nazionale &#8211; 2025<\/strong><\/a><\/li>\n<li style=\"text-align: left\"><span style=\"text-decoration: underline;color: #000080\"><strong><a style=\"color: #000080;text-decoration: underline\" href=\"https:\/\/fiaf.net\/diaf\/wp-content\/uploads\/sites\/26\/2021\/02\/Albo-doro-CIRCUITO-AV.pdf\">Albo d&#8217;Oro del CIRCUITO NAZIONALE<\/a><\/strong><\/span><\/li>\n<\/ul>\n<p style=\"text-align: justify\"><a href=\"https:\/\/fiaf.net\/diaf\/wp-content\/uploads\/sites\/26\/2015\/12\/MG_1591-Lit.jpg\"><img loading=\"lazy\" decoding=\"async\" class=\"size-medium wp-image-2160 alignleft\" src=\"https:\/\/fiaf.net\/diaf\/wp-content\/uploads\/sites\/26\/2015\/12\/MG_1591-Lit-300x200.jpg\" alt=\"_MG_1591-Lit\" width=\"300\" height=\"200\" srcset=\"https:\/\/fiaf.net\/diaf\/wp-content\/uploads\/sites\/26\/2015\/12\/MG_1591-Lit-300x200.jpg 300w, https:\/\/fiaf.net\/diaf\/wp-content\/uploads\/sites\/26\/2015\/12\/MG_1591-Lit.jpg 500w\" sizes=\"auto, (max-width: 300px) 100vw, 300px\" \/><\/a><span style=\"color: #000000\">Il <strong>Circuito Nazionale<\/strong> \u00e8 un Concorso co-organizzato da diversi Circoli fotografici con lo scopo di diffondere la cultura dell\u2019<strong>Audiovisivo Fotografico<\/strong>, una disciplina particolarmente creativa e completa.<\/span><\/p>\n<p style=\"text-align: justify\"><span style=\"color: #000000\">L\u2019Audiovisivo Fotografico \u00e8 una proiezione che unisce immagini, talvolta con inserti video, time lapse, stop motion\u2026. supportati da una colonna sonora (rumori, suoni, musiche, parlati\u2026); l\u2019immagine fotografica \u00e8 l\u2019elemento caratterizzante dell\u2019audiovisivo fotografico.<\/span><\/p>\n<p style=\"text-align: justify\"><span style=\"color: #000000\">La sinergia tra immagini e colonna sonora \u00e8 lasciata alla creativit\u00e0 degli autori ma l\u2019opera deve risultare armoniosamente integrata. L\u2019Autore esprime un\u2019idea, porta ad una riflessione, racconta una storia, illustra una canzone, ecc.; l\u2019argomento \u00e8 libero e tutti gli audiovisivi sono valutati dalle Giurie senza distinzione.<\/span><\/p>\n<p style=\"text-align: justify\"><span style=\"color: #000000\">La peculiarit\u00e0 della manifestazione \u00e8 quella di proporre le opere iscritte alla valutazione di pi\u00f9 Giurie in diverse regioni italiane; una pi\u00f9 vasta diffusione dell\u2019AV sul territorio \u00e8 quindi uno scopo primario di questo Circuito.<\/span><\/p>\n<p style=\"text-align: justify\"><span style=\"color: #000000\">Ogni tappa \u00e8 un Concorso indipendente con una propria Giuria che avr\u00e0 il compito di valutare e classificare gli audiovisivi pervenuti assegnando i premi in palio ed i punteggi validi per la Statistica AV FIAF ai primi 10 classificati solo se iscritti alla FIAF.<\/span><\/p>\n<p>&nbsp;<\/p>\n<p>&nbsp;<\/p>\n<p>&nbsp;<\/p>\n<p>&nbsp;<\/p>\n\n    <div class=\"xs_social_share_widget xs_share_url after_content \t\tmain_content  wslu-style-1 wslu-share-box-shaped wslu-fill-colored wslu-none wslu-share-horizontal wslu-theme-font-no wslu-main_content\">\n\n\t\t\n        <ul>\n\t\t\t        <\/ul>\n    <\/div> \n","protected":false},"excerpt":{"rendered":"<p>\u00a09\u00b0\u00a0 Circuito Nazionale &#8211; 2015 10\u00b0 Circuito Nazionale &#8211; 2016 11\u00b0 Circuito Nazionale &#8211; 2017 12\u00b0 Circuito Nazionale &#8211; 2018 &hellip;<\/p>\n","protected":false},"author":59,"featured_media":0,"parent":0,"menu_order":0,"comment_status":"closed","ping_status":"closed","template":"","meta":{"_acf_changed":false,"footnotes":""},"class_list":["post-1700","page","type-page","status-publish","hentry"],"acf":[],"_links":{"self":[{"href":"https:\/\/fiaf.net\/diaf\/wp-json\/wp\/v2\/pages\/1700","targetHints":{"allow":["GET"]}}],"collection":[{"href":"https:\/\/fiaf.net\/diaf\/wp-json\/wp\/v2\/pages"}],"about":[{"href":"https:\/\/fiaf.net\/diaf\/wp-json\/wp\/v2\/types\/page"}],"author":[{"embeddable":true,"href":"https:\/\/fiaf.net\/diaf\/wp-json\/wp\/v2\/users\/59"}],"replies":[{"embeddable":true,"href":"https:\/\/fiaf.net\/diaf\/wp-json\/wp\/v2\/comments?post=1700"}],"version-history":[{"count":8,"href":"https:\/\/fiaf.net\/diaf\/wp-json\/wp\/v2\/pages\/1700\/revisions"}],"predecessor-version":[{"id":10376,"href":"https:\/\/fiaf.net\/diaf\/wp-json\/wp\/v2\/pages\/1700\/revisions\/10376"}],"wp:attachment":[{"href":"https:\/\/fiaf.net\/diaf\/wp-json\/wp\/v2\/media?parent=1700"}],"curies":[{"name":"wp","href":"https:\/\/api.w.org\/{rel}","templated":true}]}}