{"id":1781,"date":"2015-11-26T07:54:58","date_gmt":"2015-11-26T06:54:58","guid":{"rendered":"https:\/\/fiaf.net\/diaf\/?page_id=1781"},"modified":"2024-07-02T12:44:37","modified_gmt":"2024-07-02T10:44:37","slug":"gruppo-di-lavoro-diaf-2","status":"publish","type":"page","link":"https:\/\/fiaf.net\/diaf\/gruppo-di-lavoro-diaf-2\/","title":{"rendered":"Gruppo di lavoro DiAF"},"content":{"rendered":"<p style=\"text-align: right\"><strong>\u00a0 \u00a0 <span style=\"text-decoration: underline\"><span style=\"color: #333399;text-decoration: underline\"><a style=\"color: #333399;text-decoration: underline\" href=\"https:\/\/fiaf.net\/diaf\/referenti-di-area\/\">Referenti di area<\/a><\/span><\/span><span style=\"color: #333399\">\u00a0 \u00a0<span style=\"text-decoration: underline\"><a style=\"color: #333399;text-decoration: underline\" href=\"https:\/\/fiaf.net\/diaf\/gruppi-regionali\/\">Gruppi Regionali<\/a><\/span><\/span><\/strong><\/p>\n<table border=\"0\" cellpadding=\"5\">\n<tbody>\n<tr>\n<td style=\"text-align: center\" valign=\"top\" width=\"425\">\n<h5><span style=\"color: #000080\"><strong>FABRIZIO LUZZO<\/strong><\/span><\/h5>\n<p><span style=\"color: #000080\">Direttore del Dipartimento DiAF<\/span><\/td>\n<td><\/td>\n<td style=\"text-align: center\" valign=\"top\" width=\"425\">\n<h5><span style=\"color: #000080\"><strong>PAOLO CAMBI<\/strong><\/span><\/h5>\n<p><span style=\"color: #000080\">Vicedirettore del Dipartimento DiAF<\/span><\/td>\n<\/tr>\n<\/tbody>\n<\/table>\n<div data-canvas-width=\"86.28012000000001\">\n<table border=\"0\" cellpadding=\"5\">\n<tbody>\n<tr>\n<td valign=\"top\">\n<h5 style=\"text-align: center\"><span style=\"color: #000080\"><strong>LAURA MOSSO<\/strong><\/span><\/h5>\n<p style=\"text-align: center\"><span style=\"color: #000080\">Segretaria del Dipartimento DiAF<\/span><\/p>\n<\/td>\n<\/tr>\n<\/tbody>\n<\/table>\n<\/div>\n<div style=\"text-align: center\" data-canvas-width=\"86.28012000000001\">\u00a0<span style=\"color: #000000\">Dal 202<\/span><span style=\"color: #000000\">4 il nuovo <\/span><strong style=\"color: #000000\">Direttore di Dipartimento \u00e8<\/strong><span style=\"color: #000000\">\u00a0<\/span><strong style=\"color: #000000\">Fabrizio Luzzo <\/strong>e <strong style=\"color: #000000\">Vicedirettore <\/strong>\u00e8<strong style=\"color: #000000\"> Paolo Cambi<\/strong>.<\/div>\n<div style=\"text-align: center\" data-canvas-width=\"86.28012000000001\">Segretaria del Dipartimento \u00e8 <strong>Laura Mosso.<\/strong><\/div>\n<div style=\"text-align: center\" data-canvas-width=\"86.28012000000001\"><span style=\"color: #000000\">Il <\/span><strong style=\"color: #000000\">Gruppo di Lavoro<\/strong><span style=\"color: #000000\"> \u00e8 in fase di aggiornamento.<\/span><\/div>\n<div data-canvas-width=\"86.28012000000001\"><\/div>\n<p style=\"text-align: justify\"><span style=\"color: #000000\"><a href=\"https:\/\/fiaf.net\/diaf\/wp-content\/uploads\/sites\/26\/2015\/11\/Gruppo-di-lavoro-DiAF-lit.jpg\"><img loading=\"lazy\" decoding=\"async\" class=\"thumbnail aligncenter wp-image-3458 \" src=\"https:\/\/fiaf.net\/diaf\/wp-content\/uploads\/sites\/26\/2015\/11\/Gruppo-di-lavoro-DiAF-lit.jpg\" alt=\"Gruppo di lavoro DiAF lit\" width=\"558\" height=\"419\" srcset=\"https:\/\/fiaf.net\/diaf\/wp-content\/uploads\/sites\/26\/2015\/11\/Gruppo-di-lavoro-DiAF-lit.jpg 600w, https:\/\/fiaf.net\/diaf\/wp-content\/uploads\/sites\/26\/2015\/11\/Gruppo-di-lavoro-DiAF-lit-300x225.jpg 300w\" sizes=\"auto, (max-width: 558px) 100vw, 558px\" \/><\/a> <\/span><\/p>\n<p style=\"text-align: justify\"><span style=\"color: #000000\">Sono stati definiti cinque <strong>Argomenti Tematici<\/strong>, sulla base degli elementi che compongono l&#8217;audiovisivo, e i componenti del gruppo, in rapporto alle loro specifiche competenze, realizzano approfondimenti pubblicati sul Notiziario. Gli Argomenti Tematici sono: <strong>Idea\/Soggetto<\/strong>, <strong>Fotografia<\/strong>, <strong>Colonna sonora<\/strong>, <strong>Drammaturgia<\/strong>, <strong>Dinamica comunicativa<\/strong>.<br \/>\n<\/span><\/p>\n<p style=\"text-align: justify\"><span style=\"color: #000000\">La collaborazione tra i vari componenti del Gruppo di Lavoro si sta consolidando in un continuo scambio di opinioni atte a raccogliere il meglio di ognuno per offrire agli autori ed ai lettori del Notiziario un prodotto culturalmente qualificato e tecnicamente approfondito.<\/span><\/p>\n<p style=\"text-align: justify\"><span style=\"color: #000000\">Al Gruppo di Lavoro presentato inizialmente si sono aggiunti altri collaboratori che potranno portare il loro contributo in aree non ancora sviluppate.<\/span><\/p>\n<p style=\"text-align: justify\"><a href=\"https:\/\/fiaf.net\/diaf\/wp-content\/uploads\/sites\/26\/2015\/11\/Castelvetro-1.jpg\"><img loading=\"lazy\" decoding=\"async\" class=\"aligncenter wp-image-1796\" src=\"https:\/\/fiaf.net\/diaf\/wp-content\/uploads\/sites\/26\/2015\/11\/Castelvetro-1.jpg\" alt=\"Castelvetro-1\" width=\"540\" height=\"304\" srcset=\"https:\/\/fiaf.net\/diaf\/wp-content\/uploads\/sites\/26\/2015\/11\/Castelvetro-1.jpg 600w, https:\/\/fiaf.net\/diaf\/wp-content\/uploads\/sites\/26\/2015\/11\/Castelvetro-1-300x169.jpg 300w, https:\/\/fiaf.net\/diaf\/wp-content\/uploads\/sites\/26\/2015\/11\/Castelvetro-1-390x220.jpg 390w\" sizes=\"auto, (max-width: 540px) 100vw, 540px\" \/><\/a><\/p>\n<p style=\"text-align: justify\"><span style=\"color: #000000\">Vengono realizzate periodiche <strong>riunioni collegiali, <\/strong>di recente presso il circolo Immaginarte di Castelvetro (Pc) per dibattere tematiche importanti e, regolarmente, si svolgono <strong>videoconferenze <\/strong>con la partecipazione di numerosi componenti del Gruppo. <\/span><\/p>\n<p style=\"text-align: justify\"><span style=\"color: #000000\">Il DiAF ritiene indispensabile coinvolgere e sviluppare sinergie con il <strong>Dipartimento Cultura<\/strong> e con il <strong>Dipartimento Didattica<\/strong> della Federazione. Gi\u00e0 dal 2014, in occasione del Seminario di Garda, Silvano Bicocchi (Direttore DAC) \u00e8 stato invitato ad effettuare specifici approfondimenti. Pi\u00f9 di recente \u00e8 iniziata una collaborazione con il DID grazie all&#8217;intervento del Vicepresidente, Saverio Langianni.<\/span><\/p>\n\n    <div class=\"xs_social_share_widget xs_share_url after_content \t\tmain_content  wslu-style-1 wslu-share-box-shaped wslu-fill-colored wslu-none wslu-share-horizontal wslu-theme-font-no wslu-main_content\">\n\n\t\t\n        <ul>\n\t\t\t        <\/ul>\n    <\/div> \n","protected":false},"excerpt":{"rendered":"<p>\u00a0 \u00a0 Referenti di area\u00a0 \u00a0Gruppi Regionali FABRIZIO LUZZO Direttore del Dipartimento DiAF PAOLO CAMBI Vicedirettore del Dipartimento DiAF LAURA &hellip;<\/p>\n","protected":false},"author":59,"featured_media":0,"parent":0,"menu_order":0,"comment_status":"closed","ping_status":"closed","template":"","meta":{"_acf_changed":false,"footnotes":""},"class_list":["post-1781","page","type-page","status-publish","hentry"],"acf":[],"_links":{"self":[{"href":"https:\/\/fiaf.net\/diaf\/wp-json\/wp\/v2\/pages\/1781","targetHints":{"allow":["GET"]}}],"collection":[{"href":"https:\/\/fiaf.net\/diaf\/wp-json\/wp\/v2\/pages"}],"about":[{"href":"https:\/\/fiaf.net\/diaf\/wp-json\/wp\/v2\/types\/page"}],"author":[{"embeddable":true,"href":"https:\/\/fiaf.net\/diaf\/wp-json\/wp\/v2\/users\/59"}],"replies":[{"embeddable":true,"href":"https:\/\/fiaf.net\/diaf\/wp-json\/wp\/v2\/comments?post=1781"}],"version-history":[{"count":8,"href":"https:\/\/fiaf.net\/diaf\/wp-json\/wp\/v2\/pages\/1781\/revisions"}],"predecessor-version":[{"id":10045,"href":"https:\/\/fiaf.net\/diaf\/wp-json\/wp\/v2\/pages\/1781\/revisions\/10045"}],"wp:attachment":[{"href":"https:\/\/fiaf.net\/diaf\/wp-json\/wp\/v2\/media?parent=1781"}],"curies":[{"name":"wp","href":"https:\/\/api.w.org\/{rel}","templated":true}]}}