{"id":1907,"date":"2015-12-05T14:50:51","date_gmt":"2015-12-05T13:50:51","guid":{"rendered":"https:\/\/fiaf.net\/diaf\/?page_id=1907"},"modified":"2015-12-05T14:50:51","modified_gmt":"2015-12-05T13:50:51","slug":"paolo-grappolini-audiovisivi","status":"publish","type":"page","link":"https:\/\/fiaf.net\/diaf\/paolo-grappolini-audiovisivi\/","title":{"rendered":"Paolo Grappolini &#8211; Audiovisivi"},"content":{"rendered":"<hr \/>\n<p style=\"text-align: right\"><strong>Audiovisivi\u00a0\u00a0\u00a0 <span style=\"text-decoration: underline\"><a href=\"https:\/\/fiaf.net\/diaf\/paolo-grappolini-riferimenti\/\">Riferimenti<\/a><\/span>\u00a0\u00a0\u00a0 <a href=\"https:\/\/fiaf.net\/diaf\/paolo-grappolini\/\"><span style=\"text-decoration: underline\">Back<\/span><\/a><\/strong><\/p>\n<p style=\"text-align: justify\"><strong><a href=\"http:\/\/youtu.be\/nAQyoIWcN64\" target=\"_blank\" rel=\"noopener\">L\u2019Arcobaleno di Myriam<\/a><\/strong><br \/>\nLe immagini sono state realizzate al Children&#8217;s Central Hospital -Department of Onco-Hematology &#8211; Tblisi Georgia, per la Fondazione Cure2Children che ha l&#8217;obiettivo di aiutare i bambini con tumori o malattie del sangue nei paesi in via di sviluppo che non hanno possibilit\u00e0 di accedere a cure adeguate e dare loro possibilit\u00e0 di guarigione&#8230; (2012)<strong><br \/>\n<\/strong><\/p>\n<p style=\"text-align: justify\"><strong><a href=\"http:\/\/youtu.be\/5OTdb-vKhlo\" target=\"_blank\" rel=\"noopener\">Dei Africani<\/a><br \/>\n<\/strong>La religione primitiva africana (animista) riconosce un Dio supremo ed assoluto che per\u00f2 non si occupa degli affari degli uomini. Sono altre divinit\u00e0 o spiriti (vodoun) che si occupano delle cose di questo mondo. Ogni essere vivente ed anche le cose della natura hanno in s\u00e8 uno spirito (il fuoco, l&#8217;acqua, un albero, una pietra, ecc.).\u00a0 Il vodoun si manifesta attraverso la possessione di un essere umano che in trance comunica la volont\u00e0 dello spirito. I sacrifici di animali ed il loro sangue sono la ricompensa e la devozione alla divinit\u00e0. (2011)<\/p>\n<p style=\"text-align: justify\"><strong><a href=\"http:\/\/youtu.be\/VCLcWCquOSM\" target=\"_blank\" rel=\"noopener\">Uncle Sam<\/a><br \/>\n<\/strong>L&#8217;America \u00e8 da sempre stata terra di frontiera per i popoli in cerca di libert\u00e0 e riscatto. Dopo gli eventi dell&#8217;undici settembre e della crisi finanziaria del 2008, sapr\u00e0 mantenere ancora la propria egemonia culturale, politica ed economica? Il mondo occidentale e l&#8217;Europa in particolare sapranno recuperare\u00a0 i valori ed uno stile di vita sostenibile? (2010)<strong><br \/>\n<\/strong><\/p>\n\n    <div class=\"xs_social_share_widget xs_share_url after_content \t\tmain_content  wslu-style-1 wslu-share-box-shaped wslu-fill-colored wslu-none wslu-share-horizontal wslu-theme-font-no wslu-main_content\">\n\n\t\t\n        <ul>\n\t\t\t        <\/ul>\n    <\/div> \n","protected":false},"excerpt":{"rendered":"<p>Audiovisivi\u00a0\u00a0\u00a0 Riferimenti\u00a0\u00a0\u00a0 Back L\u2019Arcobaleno di Myriam Le immagini sono state realizzate al Children&#8217;s Central Hospital -Department of Onco-Hematology &#8211; Tblisi &hellip;<\/p>\n","protected":false},"author":59,"featured_media":0,"parent":0,"menu_order":0,"comment_status":"closed","ping_status":"closed","template":"","meta":{"_acf_changed":false,"footnotes":""},"class_list":["post-1907","page","type-page","status-publish","hentry"],"acf":[],"_links":{"self":[{"href":"https:\/\/fiaf.net\/diaf\/wp-json\/wp\/v2\/pages\/1907","targetHints":{"allow":["GET"]}}],"collection":[{"href":"https:\/\/fiaf.net\/diaf\/wp-json\/wp\/v2\/pages"}],"about":[{"href":"https:\/\/fiaf.net\/diaf\/wp-json\/wp\/v2\/types\/page"}],"author":[{"embeddable":true,"href":"https:\/\/fiaf.net\/diaf\/wp-json\/wp\/v2\/users\/59"}],"replies":[{"embeddable":true,"href":"https:\/\/fiaf.net\/diaf\/wp-json\/wp\/v2\/comments?post=1907"}],"version-history":[{"count":0,"href":"https:\/\/fiaf.net\/diaf\/wp-json\/wp\/v2\/pages\/1907\/revisions"}],"wp:attachment":[{"href":"https:\/\/fiaf.net\/diaf\/wp-json\/wp\/v2\/media?parent=1907"}],"curies":[{"name":"wp","href":"https:\/\/api.w.org\/{rel}","templated":true}]}}