{"id":1914,"date":"2015-12-05T14:56:43","date_gmt":"2015-12-05T13:56:43","guid":{"rendered":"https:\/\/fiaf.net\/diaf\/?page_id=1914"},"modified":"2015-12-05T14:56:43","modified_gmt":"2015-12-05T13:56:43","slug":"lorenzo-de-francesco","status":"publish","type":"page","link":"https:\/\/fiaf.net\/diaf\/lorenzo-de-francesco\/","title":{"rendered":"Lorenzo De Francesco"},"content":{"rendered":"<hr \/>\n<p style=\"text-align: right\">\n<p style=\"text-align: right\"><strong><span style=\"color: #000000\">Biografia \u00a0\u00a0 <\/span><a href=\"https:\/\/fiaf.net\/diaf\/lorenzo-de-francesco-audiovisivi\/\"><span style=\"text-decoration: underline\">Audiovisivi<\/span><\/a>\u00a0\u00a0\u00a0 <span style=\"text-decoration: underline\"><a href=\"https:\/\/fiaf.net\/diaf\/lorenzo-de-francesco-riferimenti\/\">Riferimenti<\/a><\/span><\/strong><\/p>\n<p style=\"text-align: justify\"><a href=\"https:\/\/fiaf.net\/diaf\/wp-content\/uploads\/sites\/26\/2013\/05\/LorenzOK.jpg\"><img loading=\"lazy\" decoding=\"async\" class=\"size-full wp-image-784 alignleft\" src=\"https:\/\/fiaf.net\/diaf\/wp-content\/uploads\/sites\/26\/2013\/05\/LorenzOK.jpg\" alt=\"LorenzOK\" width=\"170\" height=\"170\" srcset=\"https:\/\/fiaf.net\/diaf\/wp-content\/uploads\/sites\/26\/2013\/05\/LorenzOK.jpg 170w, https:\/\/fiaf.net\/diaf\/wp-content\/uploads\/sites\/26\/2013\/05\/LorenzOK-150x150.jpg 150w\" sizes=\"auto, (max-width: 170px) 100vw, 170px\" \/><\/a>Sono nato a Milano il 26 giugno 1952 nella zona Barona-San Cristoforo sul Naviglio, ove la mia famiglia aveva dal 1929 una piccola azienda artigiana; ho lavorato dal 1978 al 2010 nel settore informatico; il mio interesse per la fotografia \u00e8 iniziato in et\u00e0 adolescenziale, attraverso la passione per l\u2019astronomia, che avevo sin dai 14 anni; avevo la necessit\u00e0 di sviluppare e stampare da me le foto prese con una macchina fotografica rudimentale attaccato al posto dell\u2019oculare del telescopio.<\/p>\n<p style=\"text-align: justify\">Per questo mi iscrissi al corso per corrispondenza della Scuola Radio Elettra di Torino col quale imparai a sviluppare e stampare in bianco e nero. Negli anni dell\u2019universit\u00e0 utilizzai questo hobby per fare servizi fotografici per matrimoni e battesimi e qualche catalogo.<\/p>\n<p style=\"text-align: justify\">Quando conobbi mia moglie, ebbi la fortuna di conoscere due amici architetti, appassionati di fotografia di architettura e di diapositive, con i quali ho viaggiato un poco in Europa negli anni 70, incominciando a costituire un piccola archivio di diapositive di \u201cviaggio\u201d, soprattutto ovviamente di architettura, che visionavo con un classico Leitz Pradovit.<\/p>\n<p style=\"text-align: justify\">Successivamente, all\u2019inizio degli anni 80, un amico mi mostr\u00f2 un sistema di proiezione in dissolvenza incrociata della Prestinox, che consentiva di realizzare con due proiettori dei semplici audiovisivi di viaggio, con una colonna sonora di corredo. La cosa mi interess\u00f2 subito e acquistai un semplice sistema della Zeiss, il Perkeo, che aveva due proiettori ed una centralina che consentiva di regolare staticamente tempo di dissolvenza e di cambio diapositiva. Restava la grossa limitazione della sincronizzazione dell\u2019audio, che venne risolto, agli inizi degli anni 90 con l\u2019acquisto di una centralina SNF di Torino, che consentiva di registrare la traccia audio e la sincro su di una compact cassette<\/p>\n<p style=\"text-align: justify\">Nel 1993 per una fortunata coincidenza venni a conoscere Pino Colombo Speroni, allora presidente del Circolo Fotografico Famiglia Legnanese, uno dei precursori in Italia della promozione della cultura dell\u2019audiovisivo fotografico , tramite l\u2019organizzazione del biennale e prestigioso Festival Internazionale Giovanni Crespi.<\/p>\n<p style=\"text-align: justify\">La frequentazione del Circolo e degli eventi organizzati mi ha dato l\u2019opportunit\u00e0 e lo stimolo di iniziare a realizzare piccoli audiovisivi a tema ed a proiettarli grazie all\u2019organizzazione del Circolo Fotografico Famiglia Legnanese presso numerosi altri circoli.<\/p>\n<p>In questo contesto \u00e8 maturata dal 1997 la mia partecipazione alle attivit\u00e0 del Dipartimento Audiovisivi Fotografici della FIAF: l\u2019allora Direttore, Boris Gradnik inizi\u00f2 ad affidarmi incarichi organizzativi all\u2019interno del dipartimento, come la collaborazione all\u2019organizzazione dei Seminari DIAF insieme ad Emilio Menin, attuale Direttore, che da allora proseguono ininterrottamente e con successo.<\/p>\n<p>Grazie al circolo Fotografico prima, ed alla FIAF poi sono riuscito anche ad avere una certa visibilit\u00e0 a livello internazionale, che si \u00e8 concretizzata nel 2008 con la nomina a Direttore del Servizio Audiovisivi della FIAP, (F\u00e8d\u00e9ration International de l\u2019Art Photographique) carica che ricopro attualmente, unitamente al ruolo di Responsabile per le relazioni con l\u2019estero del Dipartimento Audiovisivi della FIAF, nonch\u00e9 responsabile della sezione AV del Gruppo Fotografico Famiglia legnanese.<\/p>\n<p>Ad oggi ho collaborato all\u2019organizzazione dei 16 Seminari DIAF che annualmente raccolgono un centinaio di autori rispettivamente a Garda ed a Salsomaggiore terme, tenuto diversi Workshop e Seminari a tema, partecipato a Giurie internazionali di festival Audiovisivi in Gran Bretagna e Francia.<\/p>\n<p>Attualmente una delle mie maggiori occupazioni \u00e8 organizzare una collezione audiovisivi internazionali che sia nel contempo memoria storica e spunto per nuovi autori, che attualmente ha raggiunto la cifra di circa 100 lavori.<\/p>\n<p>&nbsp;<\/p>\n\n    <div class=\"xs_social_share_widget xs_share_url after_content \t\tmain_content  wslu-style-1 wslu-share-box-shaped wslu-fill-colored wslu-none wslu-share-horizontal wslu-theme-font-no wslu-main_content\">\n\n\t\t\n        <ul>\n\t\t\t        <\/ul>\n    <\/div> \n","protected":false},"excerpt":{"rendered":"<p>Biografia \u00a0\u00a0 Audiovisivi\u00a0\u00a0\u00a0 Riferimenti Sono nato a Milano il 26 giugno 1952 nella zona Barona-San Cristoforo sul Naviglio, ove la &hellip;<\/p>\n","protected":false},"author":59,"featured_media":0,"parent":0,"menu_order":0,"comment_status":"closed","ping_status":"closed","template":"","meta":{"_acf_changed":false,"footnotes":""},"class_list":["post-1914","page","type-page","status-publish","hentry"],"acf":[],"_links":{"self":[{"href":"https:\/\/fiaf.net\/diaf\/wp-json\/wp\/v2\/pages\/1914","targetHints":{"allow":["GET"]}}],"collection":[{"href":"https:\/\/fiaf.net\/diaf\/wp-json\/wp\/v2\/pages"}],"about":[{"href":"https:\/\/fiaf.net\/diaf\/wp-json\/wp\/v2\/types\/page"}],"author":[{"embeddable":true,"href":"https:\/\/fiaf.net\/diaf\/wp-json\/wp\/v2\/users\/59"}],"replies":[{"embeddable":true,"href":"https:\/\/fiaf.net\/diaf\/wp-json\/wp\/v2\/comments?post=1914"}],"version-history":[{"count":0,"href":"https:\/\/fiaf.net\/diaf\/wp-json\/wp\/v2\/pages\/1914\/revisions"}],"wp:attachment":[{"href":"https:\/\/fiaf.net\/diaf\/wp-json\/wp\/v2\/media?parent=1914"}],"curies":[{"name":"wp","href":"https:\/\/api.w.org\/{rel}","templated":true}]}}