{"id":1940,"date":"2015-12-06T10:09:58","date_gmt":"2015-12-06T09:09:58","guid":{"rendered":"https:\/\/fiaf.net\/diaf\/?page_id=1940"},"modified":"2015-12-06T10:09:58","modified_gmt":"2015-12-06T09:09:58","slug":"giorgio-alloggio-audiovisivi","status":"publish","type":"page","link":"https:\/\/fiaf.net\/diaf\/giorgio-alloggio-audiovisivi\/","title":{"rendered":"Giorgio Alloggio &#8211; Audiovisivi"},"content":{"rendered":"<hr \/>\n<p style=\"text-align: right\"><strong><span style=\"color: #000000\"><span style=\"text-decoration: underline\"><a href=\"https:\/\/fiaf.net\/diaf\/giorgio-alloggio\/\">Biografia<\/a><\/span> \u00a0 \u00a0 <\/span>Audiovisivi\u00a0\u00a0 \u00a0 <span style=\"text-decoration: underline\"><a href=\"https:\/\/fiaf.net\/diaf\/giorgio-alloggio-riferimenti\/\">Riferimenti<\/a><\/span>\u00a0\u00a0\u00a0 <span style=\"text-decoration: underline\"><a href=\"https:\/\/fiaf.net\/diaf\/giorgio-alloggio\/\">Back<\/a><\/span><\/strong><\/p>\n<table border=\"0\" cellpadding=\"5\"><!-- INIZIO RIGA DA COPIARE --><\/p>\n<tbody>\n<tr><!-- INIZIO CELLA --><\/p>\n<td valign=\"top\" width=\"425\">\n<p><em>&#8220;Un lavoro molto concettuale di difficile interpretazione, ma nonostante ci\u00f2 l\u2019autore raggiunge pienamente lo scopo che si propone spingendoci ad ascoltare il rumore di fondo del nostro quotidiano. Tutti gli elementi dell\u2019AV sono gestiti in modo adeguato anche se la dinamica comunicativa poteva forse essere pi\u00f9 efficace&#8221;.<\/em><\/td>\n<td><\/td>\n<p><!-- INIZIO CELLA --><\/p>\n<td valign=\"top\" width=\"425\"><span style=\"color: #000000\"><strong>273<br \/>\n<\/strong><\/span>La sera del 29 agosto 1952 presso la Maverick Hall a Woodstock (NY), si tenne la prima esecuzione del brano 4\u2019 33\u2019\u2019 di John Cage. Lo spartito della composizione (formata da tre movimenti della durata di: 30\u2019\u2019, 2\u201923\u2019\u2019, 1\u201940\u2019\u2019) dava istruzione all\u2019esecutore di non suonare per tutta la sua durata. Secondo l\u2019autore la composizione consisteva nei suoni dell\u2019ambiente in cui essa veniva eseguita. L\u2019autore sostenne che la composizione era stata pensata: \u201cPer qualsiasi strumento o combinazione di strumenti\u201d. Ho dato una mia personale interpretazione utilizzando come strumento virtuale 273 (tale \u00e8 la durata in secondi del brano) facciate di musicassette. Esse infatti estratte dal walkman non emettono alcun suono e sono uno strumento di riproduzione sonora ormai obsoleto. I suoni udibili sono quelli che comunemente (a volte contro la nostra volont\u00e0) accompagnano i momenti della nostra vita quotidiana: un centro commerciale, l\u2019automobile, un parco. Buon ascoltoDurata 6&#8242; 44&#8243;Anno 2015<\/td>\n<\/tr>\n<\/tbody>\n<\/table>\n<p><!-- FINE TABELLA --><\/p>\n<hr \/>\n<table border=\"0\" cellpadding=\"5\"><!-- INIZIO RIGA DA COPIARE --><\/p>\n<tbody>\n<tr><!-- INIZIO CELLA --><\/p>\n<td valign=\"top\" width=\"425\"><\/td>\n<td><\/td>\n<p><!-- INIZIO CELLA --><\/p>\n<td valign=\"top\" width=\"425\"><span style=\"color: #000000\"><strong>MdA &#8211; Malattia di Alzheimer<\/strong> <\/span><\/p>\n<p><span style=\"color: #000000\">Durata 5 min e 57 sec<strong><br \/>\n<\/strong><\/span><\/p>\n<p>Anno 2013<\/td>\n<\/tr>\n<\/tbody>\n<\/table>\n<p><!-- FINE TABELLA --><\/p>\n<hr \/>\n<p style=\"text-align: justify\"><span style=\"font-family: Verdana,Arial,Helvetica,sans-serif\"><strong>IL ROSSO<\/strong> &#8211; <em>Sul crescendo musicale le immagini, tutte rosse, si susseguono a ritmo incalzante. <\/em>&#8211; 3&#8242; 17&#8221; &#8211; 2006<em><br \/>\n<\/em><\/span><\/p>\n<p style=\"text-align: justify\"><span style=\"font-family: Verdana,Arial,Helvetica,sans-serif\"><strong>IN CITT\u00c1: SULLA STRADA<\/strong> &#8211; <em>Le strade della citt\u00e0 sono tappezzate da una quantit\u00e0 di segnaletica orizzontale multicolore; ma la osserviamo con attenzione e, soprattutto, la rispettiamo? &#8211; <\/em>3&#8242; 56&#8221; &#8211; 2009<br \/>\n<\/span><\/p>\n<p style=\"text-align: justify\"><span style=\"font-family: Verdana,Arial,Helvetica,sans-serif\"><strong>INCIPIT<\/strong> &#8211; <em>Un extraterrestre, capitato sulla Terra, scopre in un&#8217;abitazione una biblioteca. Inizia a leggere alcuni libri e, dalla lettura dell&#8217;incipit, ne immagina il contenuto. Presto si appassiona alla lettura e con le sue capacit\u00e0 superiori divora velocemente libri su libri. Sar\u00e0 interrotto dal rientro della proprietaria, ma si riprometter\u00e0 di ritornare sul nostro pianeta per riprendere la lettura &#8211; <\/em>7&#8242; 46&#8221; &#8211; 2010<br \/>\n<\/span><\/p>\n<p style=\"text-align: justify\"><span style=\"font-family: Verdana,Arial,Helvetica,sans-serif\"><strong>SOLO&#8230;<\/strong> &#8211; <em>La giornata di un uomo che vive da solo: il trascorrere del tempo tra gesti di routine, passatempo, ricordi, nell&#8217;attesa di una voce amica&#8230; <\/em>&#8211; 7&#8242; 42&#8221; &#8211; 2011<br \/>\n<\/span><\/p>\n<p style=\"text-align: justify\"><span style=\"font-family: Verdana,Arial,Helvetica,sans-serif\"><strong>ARTICOLO 1127<\/strong> &#8211; <em>La visita per l&#8217;acquisto di un appartamento, situato all&#8217;ultimo piano, si trasforma in un inaspettato viaggio fantastico &#8211; <\/em>8&#8242; 44&#8221; &#8211; 2012<a href=\"mailto:giorgio.alloggio@virgilio.it\"><br \/>\n<\/a><\/span><\/p>\n\n    <div class=\"xs_social_share_widget xs_share_url after_content \t\tmain_content  wslu-style-1 wslu-share-box-shaped wslu-fill-colored wslu-none wslu-share-horizontal wslu-theme-font-no wslu-main_content\">\n\n\t\t\n        <ul>\n\t\t\t        <\/ul>\n    <\/div> \n","protected":false},"excerpt":{"rendered":"<p>Biografia \u00a0 \u00a0 Audiovisivi\u00a0\u00a0 \u00a0 Riferimenti\u00a0\u00a0\u00a0 Back &#8220;Un lavoro molto concettuale di difficile interpretazione, ma nonostante ci\u00f2 l\u2019autore raggiunge pienamente &hellip;<\/p>\n","protected":false},"author":59,"featured_media":0,"parent":0,"menu_order":0,"comment_status":"closed","ping_status":"closed","template":"page-full.php","meta":{"_acf_changed":false,"footnotes":""},"class_list":["post-1940","page","type-page","status-publish","hentry"],"acf":[],"_links":{"self":[{"href":"https:\/\/fiaf.net\/diaf\/wp-json\/wp\/v2\/pages\/1940","targetHints":{"allow":["GET"]}}],"collection":[{"href":"https:\/\/fiaf.net\/diaf\/wp-json\/wp\/v2\/pages"}],"about":[{"href":"https:\/\/fiaf.net\/diaf\/wp-json\/wp\/v2\/types\/page"}],"author":[{"embeddable":true,"href":"https:\/\/fiaf.net\/diaf\/wp-json\/wp\/v2\/users\/59"}],"replies":[{"embeddable":true,"href":"https:\/\/fiaf.net\/diaf\/wp-json\/wp\/v2\/comments?post=1940"}],"version-history":[{"count":0,"href":"https:\/\/fiaf.net\/diaf\/wp-json\/wp\/v2\/pages\/1940\/revisions"}],"wp:attachment":[{"href":"https:\/\/fiaf.net\/diaf\/wp-json\/wp\/v2\/media?parent=1940"}],"curies":[{"name":"wp","href":"https:\/\/api.w.org\/{rel}","templated":true}]}}