{"id":1989,"date":"2015-12-06T18:41:36","date_gmt":"2015-12-06T17:41:36","guid":{"rendered":"https:\/\/fiaf.net\/diaf\/?page_id=1989"},"modified":"2015-12-06T18:41:36","modified_gmt":"2015-12-06T17:41:36","slug":"19-seminario-diaf-2015","status":"publish","type":"page","link":"https:\/\/fiaf.net\/diaf\/19-seminario-diaf-2015\/","title":{"rendered":"19\u00b0 Seminario DiAF &#8211; 2015"},"content":{"rendered":"<hr \/>\n<p style=\"text-align: right\"><strong><span style=\"text-decoration: underline\"><a href=\"https:\/\/fiaf.net\/diaf\/19-seminario-programma\/\">Iscrizione<\/a><\/span>\u00a0\u00a0\u00a0\u00a0 <span style=\"text-decoration: underline\"><a href=\"https:\/\/fiaf.net\/diaf\/19-seminario-programma-2\/\">Programma<\/a><\/span>\u00a0\u00a0\u00a0 <span style=\"text-decoration: underline\"><a href=\"https:\/\/fiaf.net\/diaf\/proiezioni\/\">Proiezioni<\/a><\/span><\/strong><\/p>\n<h3 style=\"text-align: center\">Salsomaggiore, 23\/25 ottobre 2015<\/h3>\n<p>&nbsp;<\/p>\n<p style=\"text-align: justify\"><a href=\"https:\/\/fiaf.net\/diaf\/wp-content\/uploads\/sites\/26\/2015\/10\/LogoDiaf_evento.jpg\"><img loading=\"lazy\" decoding=\"async\" class=\"size-full wp-image-1671 alignleft\" src=\"https:\/\/fiaf.net\/diaf\/wp-content\/uploads\/sites\/26\/2015\/10\/LogoDiaf_evento.jpg\" alt=\"LogoDiaf_evento\" width=\"162\" height=\"170\" \/><\/a>Carissimi,<br \/>\nper la 19\u00b0 Edizione del nostro Seminario saremo ospiti del <strong>Circolo fotografico Zoom<\/strong> <strong>di Salsomaggiore<\/strong> e come sempre conteremo sull\u2019impareggiabile collaborazione di <em><strong>Lorenzo Davighi<\/strong><\/em> e <em><strong>Ennio Parmigiani<\/strong><\/em>.<\/p>\n<p style=\"text-align: justify\">Il 18\u00b0 Seminario ha portato con s\u00e9 tante novit\u00e0 e cos\u00ec sar\u00e0 anche questo 19\u00b0, denso di appuntamenti e di spazi di discussione aperti a tutti.<br \/>\nAd eccezione delle sessioni di <em>visione dei lavori inediti<\/em> presentati ed ai <em>workshop<\/em> del sabato pomeriggio dedicati quest\u2019anno alla Didattica DiAF, tutti i tempi restanti saranno dedicati alla <em>condivisione ed al dibattito<\/em> delle attivit\u00e0 previste per stimolare vecchi e nuovi autori verso nuove progettualit\u00e0.<br \/>\nIl sabato sera, dopo la terza breve sessione di visione AV, <em>premieremo i vincitori del 9\u00b0 Circuito<\/em>.<\/p>\n<p style=\"text-align: justify\">Vi ricordiamo che la <em>prenotazione alberghiera<\/em> dovr\u00e0 essere fatta contattando direttamente l\u2019albergo ai recapiti ed alle condizioni indicate nell\u2019allegato.<br \/>\nLa quota di partecipazione \u00e8 di \u20ac 20,00 (\u20ac 25,00 per i non soci FIAF ) e potr\u00e0 essere versata direttamente all\u2019atto della registrazione in segreteria che sar\u00e0 allestita presso la Sala Lorenzini.<\/p>\n<p style=\"text-align: justify\">Vi attendo quindi numerosi augurandovi sin d\u2019ora un piacevole soggiorno.<br \/>\n<em>Cordiali saluti.<br \/>\n<\/em><br \/>\n<strong>Roberto Puato<\/strong><br \/>\nDirettore Dipartimento DiAF<br \/>\n<em>Federazione Italiana Associazioni Fotografiche<\/em><\/p>\n\n    <div class=\"xs_social_share_widget xs_share_url after_content \t\tmain_content  wslu-style-1 wslu-share-box-shaped wslu-fill-colored wslu-none wslu-share-horizontal wslu-theme-font-no wslu-main_content\">\n\n\t\t\n        <ul>\n\t\t\t        <\/ul>\n    <\/div> \n","protected":false},"excerpt":{"rendered":"<p>Iscrizione\u00a0\u00a0\u00a0\u00a0 Programma\u00a0\u00a0\u00a0 Proiezioni Salsomaggiore, 23\/25 ottobre 2015 &nbsp; Carissimi, per la 19\u00b0 Edizione del nostro Seminario saremo ospiti del Circolo &hellip;<\/p>\n","protected":false},"author":59,"featured_media":0,"parent":0,"menu_order":0,"comment_status":"closed","ping_status":"closed","template":"","meta":{"_acf_changed":false,"footnotes":""},"class_list":["post-1989","page","type-page","status-publish","hentry"],"acf":[],"_links":{"self":[{"href":"https:\/\/fiaf.net\/diaf\/wp-json\/wp\/v2\/pages\/1989","targetHints":{"allow":["GET"]}}],"collection":[{"href":"https:\/\/fiaf.net\/diaf\/wp-json\/wp\/v2\/pages"}],"about":[{"href":"https:\/\/fiaf.net\/diaf\/wp-json\/wp\/v2\/types\/page"}],"author":[{"embeddable":true,"href":"https:\/\/fiaf.net\/diaf\/wp-json\/wp\/v2\/users\/59"}],"replies":[{"embeddable":true,"href":"https:\/\/fiaf.net\/diaf\/wp-json\/wp\/v2\/comments?post=1989"}],"version-history":[{"count":0,"href":"https:\/\/fiaf.net\/diaf\/wp-json\/wp\/v2\/pages\/1989\/revisions"}],"wp:attachment":[{"href":"https:\/\/fiaf.net\/diaf\/wp-json\/wp\/v2\/media?parent=1989"}],"curies":[{"name":"wp","href":"https:\/\/api.w.org\/{rel}","templated":true}]}}