{"id":2118,"date":"2015-12-07T18:18:04","date_gmt":"2015-12-07T17:18:04","guid":{"rendered":"https:\/\/fiaf.net\/diaf\/?page_id=2118"},"modified":"2015-12-07T18:18:04","modified_gmt":"2015-12-07T17:18:04","slug":"circuito-nazionale-diaf","status":"publish","type":"page","link":"https:\/\/fiaf.net\/diaf\/circuito-nazionale-diaf\/","title":{"rendered":"Circuito Nazionale DiAF"},"content":{"rendered":"<hr \/>\n<p style=\"text-align: justify\"><a href=\"https:\/\/fiaf.net\/diaf\/wp-content\/uploads\/sites\/26\/2015\/12\/MG_1591-Lit.jpg\"><img loading=\"lazy\" decoding=\"async\" class=\"size-medium wp-image-2160 alignleft\" src=\"https:\/\/fiaf.net\/diaf\/wp-content\/uploads\/sites\/26\/2015\/12\/MG_1591-Lit-300x200.jpg\" alt=\"_MG_1591-Lit\" width=\"300\" height=\"200\" srcset=\"https:\/\/fiaf.net\/diaf\/wp-content\/uploads\/sites\/26\/2015\/12\/MG_1591-Lit-300x200.jpg 300w, https:\/\/fiaf.net\/diaf\/wp-content\/uploads\/sites\/26\/2015\/12\/MG_1591-Lit.jpg 500w\" sizes=\"auto, (max-width: 300px) 100vw, 300px\" \/><\/a><span style=\"color: #000000\">Il <strong>Circuito Nazionale<\/strong> \u00e8 un Concorso co-organizzato da diversi Circoli fotografici con lo scopo di diffondere la cultura dell\u2019<strong>Audiovisivo Fotografico<\/strong>, una disciplina particolarmente creativa e completa.<\/span><\/p>\n<p style=\"text-align: justify\"><span style=\"color: #000000\">L\u2019Audiovisivo Fotografico \u00e8 una proiezione che unisce immagini, talvolta con inserti video, time lapse, stop motion\u2026. supportati da una colonna sonora (rumori, suoni, musiche, parlati\u2026); l\u2019immagine fotografica \u00e8 l\u2019elemento caratterizzante dell\u2019audiovisivo fotografico.<\/span><\/p>\n<p style=\"text-align: justify\"><span style=\"color: #000000\">La sinergia tra immagini e colonna sonora \u00e8 lasciata alla creativit\u00e0 degli autori ma l\u2019opera deve risultare armoniosamente integrata. L\u2019Autore esprime un\u2019idea, porta ad una riflessione, racconta una storia, illustra una canzone, ecc.; l\u2019argomento \u00e8 libero e tutti gli audiovisivi sono valutati dalle Giurie senza distinzione.<\/span><\/p>\n<p style=\"text-align: justify\"><span style=\"color: #000000\">La peculiarit\u00e0 della manifestazione \u00e8 quella di proporre le opere iscritte alla valutazione di pi\u00f9 Giurie in diverse regioni italiane; una pi\u00f9 vasta diffusione dell\u2019AV sul territorio \u00e8 quindi uno scopo primario di questo Circuito.<\/span><\/p>\n<p style=\"text-align: justify\"><span style=\"color: #000000\">Ogni tappa \u00e8 un Concorso indipendente con una propria Giuria che avr\u00e0 il compito di valutare e classificare gli audiovisivi pervenuti assegnando i premi in palio ed i punteggi validi per la Statistica AV FIAF ai primi 10 classificati solo se iscritti alla FIAF.<\/span><\/p>\n<p>&nbsp;<\/p>\n<p>&nbsp;<\/p>\n<p>&nbsp;<\/p>\n<p>&nbsp;<\/p>\n\n    <div class=\"xs_social_share_widget xs_share_url after_content \t\tmain_content  wslu-style-1 wslu-share-box-shaped wslu-fill-colored wslu-none wslu-share-horizontal wslu-theme-font-no wslu-main_content\">\n\n\t\t\n        <ul>\n\t\t\t        <\/ul>\n    <\/div> \n","protected":false},"excerpt":{"rendered":"<p>Il Circuito Nazionale \u00e8 un Concorso co-organizzato da diversi Circoli fotografici con lo scopo di diffondere la cultura dell\u2019Audiovisivo Fotografico, &hellip;<\/p>\n","protected":false},"author":59,"featured_media":0,"parent":0,"menu_order":0,"comment_status":"closed","ping_status":"closed","template":"","meta":{"_acf_changed":false,"footnotes":""},"class_list":["post-2118","page","type-page","status-publish","hentry"],"acf":[],"_links":{"self":[{"href":"https:\/\/fiaf.net\/diaf\/wp-json\/wp\/v2\/pages\/2118","targetHints":{"allow":["GET"]}}],"collection":[{"href":"https:\/\/fiaf.net\/diaf\/wp-json\/wp\/v2\/pages"}],"about":[{"href":"https:\/\/fiaf.net\/diaf\/wp-json\/wp\/v2\/types\/page"}],"author":[{"embeddable":true,"href":"https:\/\/fiaf.net\/diaf\/wp-json\/wp\/v2\/users\/59"}],"replies":[{"embeddable":true,"href":"https:\/\/fiaf.net\/diaf\/wp-json\/wp\/v2\/comments?post=2118"}],"version-history":[{"count":0,"href":"https:\/\/fiaf.net\/diaf\/wp-json\/wp\/v2\/pages\/2118\/revisions"}],"wp:attachment":[{"href":"https:\/\/fiaf.net\/diaf\/wp-json\/wp\/v2\/media?parent=2118"}],"curies":[{"name":"wp","href":"https:\/\/api.w.org\/{rel}","templated":true}]}}