{"id":2140,"date":"2015-12-07T19:13:47","date_gmt":"2015-12-07T18:13:47","guid":{"rendered":"https:\/\/fiaf.net\/diaf\/?page_id=2140"},"modified":"2015-12-07T19:13:47","modified_gmt":"2015-12-07T18:13:47","slug":"9-circuito-graduatoria","status":"publish","type":"page","link":"https:\/\/fiaf.net\/diaf\/9-circuito-graduatoria\/","title":{"rendered":"9\u00b0 Circuito &#8211; Graduatoria"},"content":{"rendered":"<hr \/>\n<p style=\"text-align: right\"><span style=\"text-decoration: underline\"><strong><a href=\"https:\/\/fiaf.net\/diaf\/9-circuito-regolamento\/\">Regolamento<\/a><\/strong><\/span>\u00a0\u00a0\u00a0 <strong>Classifica finale \u00a0\u00a0 <span style=\"text-decoration: underline\"><a href=\"https:\/\/fiaf.net\/diaf\/9-circuito-audiovisivi\/\">Audiovisivi<\/a><\/span><\/strong><strong> \u00a0\u00a0<\/strong> <span style=\"text-decoration: underline\"><strong><a href=\"https:\/\/fiaf.net\/diaf\/9-circuito-nazionale-2015\/\">Back<\/a><\/strong><\/span><\/p>\n<p style=\"text-align: justify\"><span style=\"color: #000000\"><strong>Le riflessione di Roberto Puato, Direttore del Dipartimento<\/strong><\/span><\/p>\n<p style=\"text-align: justify\"><span style=\"color: #000000\">Il 9\u00b0 Circuito Nazionale \u00e8 giunto al termine e con molto piacere vi comunico che il vincitore della Classifica Generale \u00e8 <strong>Paolo Cambi del Fotoclub Colibr\u00ec di Modena<\/strong> con l\u2019audiovisivo <strong>\u201cPer sempre bambini\u201d<\/strong> vincitore in 6 tappe e per ben 4 volte classificato al secondo posto: un plebiscito. Complimenti a Paolo, complimenti al Fotoclub Colibr\u00ec e a Gianni Rossi per la sua instancabile opera di divulgazione dell\u2019arte audiovisiva. <\/span><\/p>\n<p style=\"text-align: center\"><span style=\"color: #000000\"><strong>Graduatoria dal 1\u00b0 al 20\u00b0 Classificato<\/strong><\/span><\/p>\n<p style=\"text-align: justify\"><span style=\"color: #000000\"><a style=\"color: #000000\" href=\"https:\/\/fiaf.net\/diaf\/wp-content\/uploads\/sites\/26\/2015\/12\/Graduatoria-1-20.jpg\"><img loading=\"lazy\" decoding=\"async\" class=\"wp-image-2143 size-full aligncenter\" src=\"https:\/\/fiaf.net\/diaf\/wp-content\/uploads\/sites\/26\/2015\/12\/Graduatoria-1-20.jpg\" alt=\"Graduatoria-1-20\" width=\"500\" height=\"271\" srcset=\"https:\/\/fiaf.net\/diaf\/wp-content\/uploads\/sites\/26\/2015\/12\/Graduatoria-1-20.jpg 500w, https:\/\/fiaf.net\/diaf\/wp-content\/uploads\/sites\/26\/2015\/12\/Graduatoria-1-20-300x163.jpg 300w\" sizes=\"auto, (max-width: 500px) 100vw, 500px\" \/><\/a><\/span><\/p>\n<p style=\"text-align: justify\"><span style=\"color: #000000\">Sono particolarmente soddisfatto poich\u00e9 in questo circuito ci sono stati segnali positivi importanti di idee e di contenuti e mi piace pensare che a ci\u00f2 abbia contribuito anche il nostro nuovo Notiziario. Dobbiamo essere in grado di cogliere il senso della novit\u00e0, del comunicare attraverso le immagini un proprio messaggio, un proprio pensiero, una propria idea. \u201cPer sempre bambini\u201d riassume tutto ci\u00f2. Ognuno di noi ha visto nella propria mente la maestra che insegna e l\u2019alunna che guarda fuori dalla finestra pensando al suo amato, i sogni del futuro meccanico e via di seguito\u2026. E\u2019 un mix completo e complementare di tutte le componenti dell\u2019audiovisivo. <\/span><\/p>\n<p style=\"text-align: center\"><span style=\"color: #000000\"><strong>Graduatoria dal 21\u00b0 al 45\u00b0 Classificato<\/strong><\/span><\/p>\n<p style=\"text-align: center\"><span style=\"color: #000000\"><a style=\"color: #000000\" href=\"https:\/\/fiaf.net\/diaf\/wp-content\/uploads\/sites\/26\/2015\/12\/Graduatroria-21-45.jpg\"><img loading=\"lazy\" decoding=\"async\" class=\"wp-image-2144 size-full aligncenter\" src=\"https:\/\/fiaf.net\/diaf\/wp-content\/uploads\/sites\/26\/2015\/12\/Graduatroria-21-45.jpg\" alt=\"Graduatroria-21-45\" width=\"500\" height=\"278\" srcset=\"https:\/\/fiaf.net\/diaf\/wp-content\/uploads\/sites\/26\/2015\/12\/Graduatroria-21-45.jpg 500w, https:\/\/fiaf.net\/diaf\/wp-content\/uploads\/sites\/26\/2015\/12\/Graduatroria-21-45-300x167.jpg 300w\" sizes=\"auto, (max-width: 500px) 100vw, 500px\" \/><\/a><\/span><\/p>\n<p style=\"text-align: justify\"><span style=\"color: #000000\">Molti altri lavori che hanno partecipato a questo circuito hanno saputo affrontare in modo originale temi importanti e particolari come <em>\u201cNon arrenderti\u201d di Paola Bonavita della Societ\u00e0 Fotografica Subalpina di Torino<\/em> in grado di esporre con toni delicati, ma propositivi e positivi un problema come quello della dislessia, o come <em>\u201cPrima di volare via\u201d di Renzo Broglia di Castellanza<\/em> sulla tematica dell\u2019Alzheimer dal punto di vista della malattia, ma anche della famiglia e dell\u2019amore. <\/span><\/p>\n<p style=\"text-align: justify\"><span style=\"color: #000000\">Una citazione a parte la dedico a <em>Gianluca Bufardeci del Gruppo Fotoamatori Cassolese di Cassolnovo<\/em> e a <em>Federico Palermo del Gruppo Fotografico Eikon di Torino<\/em>, autori che hanno saputo proporre oltre ai contenuti anche una altissima tecnica grafica e di montaggio. Non dimentico certamente tutti gli affezionati e consolidati autori, da <em>Claudio Tuti a Oreste e Odetta Ferretti, da Giancarlo Bartolozzi a Guido Forino, da Antonio Mangiarotti a Giacomo Cicciotti, da Gianni Rossi a Walter Turcato<\/em> nonch\u00e9 importanti nomi della fotografia italiana come <em>Pierluigi Rizzato<\/em> con la collaborazione di <em>Giorgio Cividal<\/em> che quest\u2019anno hanno partecipato con lavori di alta qualit\u00e0; vorrei citare anche gli autori che hanno voluto cimentarsi per la prima volta anche se con minor successo, ma ritengo importante sottolineare questa ventata di aria fresca che senz\u2019altro contribuir\u00e0 ad ampliare il panorama degli autori del nostro Dipartimento.<\/span><\/p>\n<p><a href=\"https:\/\/fiaf.net\/diaf\/wp-content\/uploads\/sites\/26\/2015\/12\/Graduatroria-46-72.jpg\"><img loading=\"lazy\" decoding=\"async\" class=\"wp-image-2145 size-full aligncenter\" src=\"https:\/\/fiaf.net\/diaf\/wp-content\/uploads\/sites\/26\/2015\/12\/Graduatroria-46-72.jpg\" alt=\"Graduatroria-46-72\" width=\"500\" height=\"301\" srcset=\"https:\/\/fiaf.net\/diaf\/wp-content\/uploads\/sites\/26\/2015\/12\/Graduatroria-46-72.jpg 500w, https:\/\/fiaf.net\/diaf\/wp-content\/uploads\/sites\/26\/2015\/12\/Graduatroria-46-72-300x181.jpg 300w\" sizes=\"auto, (max-width: 500px) 100vw, 500px\" \/><\/a><\/p>\n<blockquote><p>A questo <strong><a href=\"https:\/\/fiaf.net\/diaf\/wp-content\/uploads\/sites\/26\/2015\/09\/CLASS.GEN_.-9CIRCUITO_ok.pdf\" target=\"_blank\" rel=\"noopener\">LINK la CLASSIFICA FINALE<\/a><\/strong><\/p>\n<p>A questo <a href=\"https:\/\/fiaf.net\/diaf\/wp-content\/uploads\/sites\/26\/2015\/08\/PREMIAZIONI-9CIRCUITO_03-08.pdf\" target=\"_blank\" rel=\"noopener\"><strong>LINK, le date di premiazione<\/strong><\/a><\/p><\/blockquote>\n\n    <div class=\"xs_social_share_widget xs_share_url after_content \t\tmain_content  wslu-style-1 wslu-share-box-shaped wslu-fill-colored wslu-none wslu-share-horizontal wslu-theme-font-no wslu-main_content\">\n\n\t\t\n        <ul>\n\t\t\t        <\/ul>\n    <\/div> \n","protected":false},"excerpt":{"rendered":"<p>Regolamento\u00a0\u00a0\u00a0 Classifica finale \u00a0\u00a0 Audiovisivi \u00a0\u00a0 Back Le riflessione di Roberto Puato, Direttore del Dipartimento Il 9\u00b0 Circuito Nazionale \u00e8 &hellip;<\/p>\n","protected":false},"author":59,"featured_media":0,"parent":0,"menu_order":0,"comment_status":"closed","ping_status":"closed","template":"","meta":{"_acf_changed":false,"footnotes":""},"class_list":["post-2140","page","type-page","status-publish","hentry"],"acf":[],"_links":{"self":[{"href":"https:\/\/fiaf.net\/diaf\/wp-json\/wp\/v2\/pages\/2140","targetHints":{"allow":["GET"]}}],"collection":[{"href":"https:\/\/fiaf.net\/diaf\/wp-json\/wp\/v2\/pages"}],"about":[{"href":"https:\/\/fiaf.net\/diaf\/wp-json\/wp\/v2\/types\/page"}],"author":[{"embeddable":true,"href":"https:\/\/fiaf.net\/diaf\/wp-json\/wp\/v2\/users\/59"}],"replies":[{"embeddable":true,"href":"https:\/\/fiaf.net\/diaf\/wp-json\/wp\/v2\/comments?post=2140"}],"version-history":[{"count":0,"href":"https:\/\/fiaf.net\/diaf\/wp-json\/wp\/v2\/pages\/2140\/revisions"}],"wp:attachment":[{"href":"https:\/\/fiaf.net\/diaf\/wp-json\/wp\/v2\/media?parent=2140"}],"curies":[{"name":"wp","href":"https:\/\/api.w.org\/{rel}","templated":true}]}}