{"id":2700,"date":"2015-12-18T18:26:49","date_gmt":"2015-12-18T17:26:49","guid":{"rendered":"https:\/\/fiaf.net\/diaf\/?page_id=2700"},"modified":"2015-12-18T18:26:49","modified_gmt":"2015-12-18T17:26:49","slug":"ideasoggetto","status":"publish","type":"page","link":"https:\/\/fiaf.net\/diaf\/ideasoggetto\/","title":{"rendered":"Idea\/Soggetto"},"content":{"rendered":"<hr \/>\n<p style=\"text-align: right\"><strong>Vedi in basso: Articoli di approfondimento<\/strong><\/p>\n<p style=\"text-align: justify\"><a href=\"https:\/\/fiaf.net\/diaf\/wp-content\/uploads\/sites\/26\/2015\/12\/Il-PC.jpg\"><img loading=\"lazy\" decoding=\"async\" class=\"alignright wp-image-2713 size-full\" src=\"https:\/\/fiaf.net\/diaf\/wp-content\/uploads\/sites\/26\/2015\/12\/Il-PC.jpg\" alt=\"Il PC\" width=\"586\" height=\"279\" srcset=\"https:\/\/fiaf.net\/diaf\/wp-content\/uploads\/sites\/26\/2015\/12\/Il-PC.jpg 586w, https:\/\/fiaf.net\/diaf\/wp-content\/uploads\/sites\/26\/2015\/12\/Il-PC-300x143.jpg 300w\" sizes=\"auto, (max-width: 586px) 100vw, 586px\" \/><\/a><span style=\"color: #000000\">L&#8217;argomento trattato dall&#8217;Autore nella realizzazione della sua Opera costituisce il <strong>Soggetto dell&#8217;Audiovisivo<\/strong> ma a monte di questo, inevitabilmente vi \u00e8 una Idea. L&#8217;<strong>idea<\/strong> rappresenta il principale <strong>messaggio<\/strong> che viene proposto al pubblico. Tale messaggio ha gi\u00e0 di per se stesso una valenza di contenuto e di azione ben precisi, che l&#8217;Autore deve valorizzare mediante una attenta scelta di <strong>immagini<\/strong>, <strong>colonna sonora<\/strong>, <strong>ritmo<\/strong> per poter ottenere una adeguata <strong>Dinamica Comunicativa<\/strong>.<\/span><\/p>\n<p style=\"text-align: justify\"><span style=\"color: #000000\">L\u2019idea ha particolare valore in funzione delle sue caratteristiche di originalit\u00e0, novit\u00e0, creativit\u00e0. Oltre a questo, deve essere riconoscibile e ben identificabile nella realizzazione dell\u2019audiovisivo al fine di poter apprezzare la bont\u00e0 dell&#8217;impianto narrativo.<\/span><\/p>\n<hr \/>\n<p>&nbsp;<\/p>\n<h4 style=\"text-align: center\"><span style=\"text-decoration: underline;color: #000000\">ARTICOLI DI APPROFONDIMENTO<\/span><\/h4>\n<p>&nbsp;<\/p>\n<p><strong><a href=\"https:\/\/fiaf.net\/diaf\/dallidea-alla-sceneggiatura-nellaudiovisivo-fotografico\/\">DALL&#8217;IDEA ALLA SCENEGGIATURA NELL&#8217;AUDIOVISIVO FOTOGRAFICO<\/a> &#8211; di Emilio Menin (2013)<\/strong><\/p>\n<p><strong><a href=\"https:\/\/fiaf.net\/diaf\/laudiovisivo-fotografico\/\">L&#8217;AUDIOVISIVO FOTOGRAFICO<\/a><\/strong> <strong>&#8211; di Roberto Puato (2013)<\/strong><\/p>\n\n    <div class=\"xs_social_share_widget xs_share_url after_content \t\tmain_content  wslu-style-1 wslu-share-box-shaped wslu-fill-colored wslu-none wslu-share-horizontal wslu-theme-font-no wslu-main_content\">\n\n\t\t\n        <ul>\n\t\t\t        <\/ul>\n    <\/div> \n","protected":false},"excerpt":{"rendered":"<p>Vedi in basso: Articoli di approfondimento L&#8217;argomento trattato dall&#8217;Autore nella realizzazione della sua Opera costituisce il Soggetto dell&#8217;Audiovisivo ma a &hellip;<\/p>\n","protected":false},"author":59,"featured_media":0,"parent":0,"menu_order":0,"comment_status":"closed","ping_status":"closed","template":"page-full.php","meta":{"_acf_changed":false,"footnotes":""},"class_list":["post-2700","page","type-page","status-publish","hentry"],"acf":[],"_links":{"self":[{"href":"https:\/\/fiaf.net\/diaf\/wp-json\/wp\/v2\/pages\/2700","targetHints":{"allow":["GET"]}}],"collection":[{"href":"https:\/\/fiaf.net\/diaf\/wp-json\/wp\/v2\/pages"}],"about":[{"href":"https:\/\/fiaf.net\/diaf\/wp-json\/wp\/v2\/types\/page"}],"author":[{"embeddable":true,"href":"https:\/\/fiaf.net\/diaf\/wp-json\/wp\/v2\/users\/59"}],"replies":[{"embeddable":true,"href":"https:\/\/fiaf.net\/diaf\/wp-json\/wp\/v2\/comments?post=2700"}],"version-history":[{"count":0,"href":"https:\/\/fiaf.net\/diaf\/wp-json\/wp\/v2\/pages\/2700\/revisions"}],"wp:attachment":[{"href":"https:\/\/fiaf.net\/diaf\/wp-json\/wp\/v2\/media?parent=2700"}],"curies":[{"name":"wp","href":"https:\/\/api.w.org\/{rel}","templated":true}]}}