{"id":3258,"date":"2016-01-07T18:11:53","date_gmt":"2016-01-07T17:11:53","guid":{"rendered":"https:\/\/fiaf.net\/diaf\/?page_id=3258"},"modified":"2025-02-21T11:34:21","modified_gmt":"2025-02-21T10:34:21","slug":"diaf-evento","status":"publish","type":"page","link":"https:\/\/fiaf.net\/diaf\/diaf-evento\/","title":{"rendered":"DiAF Evento"},"content":{"rendered":"<hr \/>\n<p>&nbsp;<\/p>\n<p style=\"text-align: justify\"><a href=\"https:\/\/fiaf.net\/diaf\/wp-content\/uploads\/sites\/26\/2016\/01\/DIAF-EVENTI.jpg\"><img loading=\"lazy\" decoding=\"async\" class=\"alignleft wp-image-3259\" src=\"https:\/\/fiaf.net\/diaf\/wp-content\/uploads\/sites\/26\/2016\/01\/DIAF-EVENTI-272x300.jpg\" alt=\"DIAF EVENTI\" width=\"152\" height=\"167\" srcset=\"https:\/\/fiaf.net\/diaf\/wp-content\/uploads\/sites\/26\/2016\/01\/DIAF-EVENTI-272x300.jpg 272w, https:\/\/fiaf.net\/diaf\/wp-content\/uploads\/sites\/26\/2016\/01\/DIAF-EVENTI.jpg 332w\" sizes=\"auto, (max-width: 152px) 100vw, 152px\" \/><\/a><span style=\"color: #000000\">Si rende necessario istituire un <strong>Registro delle attivit\u00e0<\/strong> che si promuoveranno nel territorio a partire da gennaio 2016; tali attivit\u00e0 saranno pubblicizzate nelle locandine e nei vari canali di comunicazione con l\u2019inserimento del <strong>logo DiAF EVENTO<\/strong> che dovr\u00e0 essere richiesto <strong>gratuitamente<\/strong> al Direttore del Dipartimento dagli organizzatori dei corsi, workshop, rassegne e quant\u2019altro, e fornir\u00e0 un certificato di qualit\u00e0 e di uniformit\u00e0 alle citate <span style=\"text-decoration: underline;color: #000080\"><strong><a style=\"color: #000080;text-decoration: underline\" href=\"https:\/\/fiaf.net\/diaf\/argomenti-tematici\/\">Linee Guida DiAF<\/a><\/strong><\/span>.<\/span><\/p>\n<p>&nbsp;<\/p>\n<p style=\"text-align: justify\"><span style=\"color: #000000\">Questo registro sar\u00e0 inoltre utile al Dipartimento per essere aggiornato su tutte le attivit\u00e0, a tema audiovisivo, che si svolgeranno nelle regioni italiane anche a cura dei vari Gruppi Regionali DiAF.<\/span><\/p>\n<p style=\"text-align: justify\"><span style=\"color: #000000\"><strong><em>Il logo DiAF EVENTO sar\u00e0 concesso solo in presenza di Patrocinio FIAF per Manifestazione Riconosciuta<\/em><\/strong>.<\/span><\/p>\n<p><span style=\"font-family: Verdana,Arial,Helvetica,sans-serif\">Il logo pu\u00f2 essere utilizzato solo dopo autorizzazione del Direttore del Dipartimento<\/span><\/p>\n\n    <div class=\"xs_social_share_widget xs_share_url after_content \t\tmain_content  wslu-style-1 wslu-share-box-shaped wslu-fill-colored wslu-none wslu-share-horizontal wslu-theme-font-no wslu-main_content\">\n\n\t\t\n        <ul>\n\t\t\t        <\/ul>\n    <\/div> \n","protected":false},"excerpt":{"rendered":"<p>&nbsp; Si rende necessario istituire un Registro delle attivit\u00e0 che si promuoveranno nel territorio a partire da gennaio 2016; tali &hellip;<\/p>\n","protected":false},"author":59,"featured_media":0,"parent":0,"menu_order":0,"comment_status":"closed","ping_status":"closed","template":"","meta":{"_acf_changed":false,"footnotes":""},"class_list":["post-3258","page","type-page","status-publish","hentry"],"acf":[],"_links":{"self":[{"href":"https:\/\/fiaf.net\/diaf\/wp-json\/wp\/v2\/pages\/3258","targetHints":{"allow":["GET"]}}],"collection":[{"href":"https:\/\/fiaf.net\/diaf\/wp-json\/wp\/v2\/pages"}],"about":[{"href":"https:\/\/fiaf.net\/diaf\/wp-json\/wp\/v2\/types\/page"}],"author":[{"embeddable":true,"href":"https:\/\/fiaf.net\/diaf\/wp-json\/wp\/v2\/users\/59"}],"replies":[{"embeddable":true,"href":"https:\/\/fiaf.net\/diaf\/wp-json\/wp\/v2\/comments?post=3258"}],"version-history":[{"count":2,"href":"https:\/\/fiaf.net\/diaf\/wp-json\/wp\/v2\/pages\/3258\/revisions"}],"predecessor-version":[{"id":10225,"href":"https:\/\/fiaf.net\/diaf\/wp-json\/wp\/v2\/pages\/3258\/revisions\/10225"}],"wp:attachment":[{"href":"https:\/\/fiaf.net\/diaf\/wp-json\/wp\/v2\/media?parent=3258"}],"curies":[{"name":"wp","href":"https:\/\/api.w.org\/{rel}","templated":true}]}}