{"id":3456,"date":"2016-01-16T10:22:31","date_gmt":"2016-01-16T09:22:31","guid":{"rendered":"https:\/\/fiaf.net\/diaf\/?page_id=3456"},"modified":"2016-01-16T10:22:31","modified_gmt":"2016-01-16T09:22:31","slug":"gruppi-di-lavoro-diaf-2","status":"publish","type":"page","link":"https:\/\/fiaf.net\/diaf\/gruppi-di-lavoro-diaf-2\/","title":{"rendered":"Gruppo di Lavoro DiAF"},"content":{"rendered":"<hr \/>\n<p style=\"text-align: right\"><strong><span style=\"color: #000000\">\u00a0Gruppo di Lavoro<\/span> \u00a0\u00a0 <span style=\"text-decoration: underline\"><span style=\"color: #333399;text-decoration: underline\"><a style=\"color: #333399;text-decoration: underline\" href=\"https:\/\/fiaf.net\/diaf\/referenti-di-area\/\">Referenti di area<\/a><\/span><\/span><span style=\"color: #333399\"> \u00a0 \u00a0 <span style=\"text-decoration: underline\"><a style=\"color: #333399;text-decoration: underline\" href=\"https:\/\/fiaf.net\/diaf\/gruppi-regionali\/\">Gruppi Regionali<\/a><\/span><\/span><br \/>\n<\/strong><\/p>\n<table border=\"0\" cellpadding=\"5\">\n<tbody>\n<tr>\n<td style=\"text-align: center\" valign=\"top\" width=\"425\">\n\t\t<div class=\"box shadow  \">\n\t\t\t<div class=\"box-inner-block\">\n\t\t\t\t<span class=\"fa tie-shortcode-boxicon\"><\/span> <span style=\"color: #000000\">ROBERTO PUATO<\/span><\/p>\n<p><span style=\"color: #000000\">Direttore del Dipartimento DiAF<\/span>\n\t\t\t<\/div>\n\t\t<\/div>\n\t<\/td>\n<td><\/td>\n<td style=\"text-align: center\" valign=\"top\" width=\"425\">\n\t\t<div class=\"box shadow  \">\n\t\t\t<div class=\"box-inner-block\">\n\t\t\t\t<span class=\"fa tie-shortcode-boxicon\"><\/span> <span style=\"color: #000000\">LAURA MOSSO<\/span><\/p>\n<p><span style=\"color: #000000\">Segretaria del Dipartimento DiAF<\/span>\n\t\t\t<\/div>\n\t\t<\/div>\n\t<\/td>\n<\/tr>\n<\/tbody>\n<\/table>\n<div style=\"text-align: center\" data-canvas-width=\"86.28012000000001\"><span style=\"color: #000000\">Dal 2014 il nuovo <strong>Direttore di Dipartimento<\/strong>, <strong>Roberto Puato<\/strong>, ha creato un <strong>Gruppo di Lavoro<\/strong> che ha realizzato una revisione delle <strong>Linee Guida del DiAF<\/strong> e che attualmente organizza le iniziative del Dipartimento.<\/span><\/div>\n<p style=\"text-align: justify\"><span style=\"color: #000000\"><a href=\"https:\/\/fiaf.net\/diaf\/wp-content\/uploads\/sites\/26\/2015\/11\/Gruppo-di-lavoro-DiAF-lit.jpg\"><img loading=\"lazy\" decoding=\"async\" class=\"thumbnail aligncenter wp-image-3458\" src=\"https:\/\/fiaf.net\/diaf\/wp-content\/uploads\/sites\/26\/2015\/11\/Gruppo-di-lavoro-DiAF-lit.jpg\" alt=\"Gruppo di lavoro DiAF lit\" width=\"543\" height=\"407\" srcset=\"https:\/\/fiaf.net\/diaf\/wp-content\/uploads\/sites\/26\/2015\/11\/Gruppo-di-lavoro-DiAF-lit.jpg 600w, https:\/\/fiaf.net\/diaf\/wp-content\/uploads\/sites\/26\/2015\/11\/Gruppo-di-lavoro-DiAF-lit-300x225.jpg 300w\" sizes=\"auto, (max-width: 543px) 100vw, 543px\" \/><\/a> <\/span><\/p>\n<p style=\"text-align: justify\"><span style=\"color: #000000\">Sono stati definiti cinque <strong>Argomenti Tematici<\/strong>, sulla base degli elementi che compongono l&#8217;audiovisivo, e i componenti del gruppo, in rapporto alle loro specifiche competenze, realizzano approfondimenti pubblicati sul Notiziario. Gli Argomenti Tematici sono: <strong>Idea\/Soggetto<\/strong>, <strong>Fotografia<\/strong>, <strong>Colonna sonora<\/strong>, <strong>Drammaturgia<\/strong>, <strong>Dinamica comunicativa<\/strong>.<br \/>\n<\/span><\/p>\n<p style=\"text-align: justify\"><span style=\"color: #000000\">La collaborazione tra i vari componenti del Gruppo di Lavoro si sta consolidando in un continuo scambio di opinioni atte a raccogliere il meglio di ognuno per offrire agli autori ed ai lettori del Notiziario un prodotto culturalmente qualificato e tecnicamente approfondito.<\/span><\/p>\n<p style=\"text-align: justify\"><span style=\"color: #000000\">Al Gruppo di Lavoro presentato inizialmente si sono aggiunti altri collaboratori che potranno portare il loro contributo in aree non ancora sviluppate.<\/span><\/p>\n<p style=\"text-align: justify\"><a href=\"https:\/\/fiaf.net\/diaf\/wp-content\/uploads\/sites\/26\/2015\/11\/Castelvetro-1.jpg\"><img loading=\"lazy\" decoding=\"async\" class=\"aligncenter wp-image-1796\" src=\"https:\/\/fiaf.net\/diaf\/wp-content\/uploads\/sites\/26\/2015\/11\/Castelvetro-1.jpg\" alt=\"Castelvetro-1\" width=\"540\" height=\"304\" srcset=\"https:\/\/fiaf.net\/diaf\/wp-content\/uploads\/sites\/26\/2015\/11\/Castelvetro-1.jpg 600w, https:\/\/fiaf.net\/diaf\/wp-content\/uploads\/sites\/26\/2015\/11\/Castelvetro-1-300x169.jpg 300w, https:\/\/fiaf.net\/diaf\/wp-content\/uploads\/sites\/26\/2015\/11\/Castelvetro-1-390x220.jpg 390w\" sizes=\"auto, (max-width: 540px) 100vw, 540px\" \/><\/a><\/p>\n<p style=\"text-align: justify\"><span style=\"color: #000000\">Vengono realizzate periodiche <strong>riunioni collegiali, <\/strong>di recente presso il circolo Immaginarte di Castelvetro (Pc) per dibattere tematiche importanti e, regolarmente, si svolgono <strong>videoconferenze <\/strong>con la partecipazione di numerosi componenti del Gruppo. <\/span><\/p>\n<p style=\"text-align: justify\"><span style=\"color: #000000\">Il DiAF ritiene indispensabile coinvolgere e sviluppare sinergie con il <strong>Dipartimento Cultura<\/strong> e con il <strong>Dipartimento Didattica<\/strong> della Federazione. Gi\u00e0 dal 2014, in occasione del Seminario di Garda, Silvano Bicocchi (Direttore DAC) \u00e8 stato invitato ad effettuare specifici approfondimenti. Pi\u00f9 di recente \u00e8 iniziata una collaborazione con il DID grazie all&#8217;intervento del Vicepresidente, Saverio Langianni.<\/span><\/p>\n\n    <div class=\"xs_social_share_widget xs_share_url after_content \t\tmain_content  wslu-style-1 wslu-share-box-shaped wslu-fill-colored wslu-none wslu-share-horizontal wslu-theme-font-no wslu-main_content\">\n\n\t\t\n        <ul>\n\t\t\t        <\/ul>\n    <\/div> \n","protected":false},"excerpt":{"rendered":"<p>\u00a0Gruppo di Lavoro \u00a0\u00a0 Referenti di area \u00a0 \u00a0 Gruppi Regionali ROBERTO PUATO Direttore del Dipartimento DiAF LAURA MOSSO Segretaria &hellip;<\/p>\n","protected":false},"author":59,"featured_media":0,"parent":0,"menu_order":0,"comment_status":"closed","ping_status":"closed","template":"","meta":{"_acf_changed":false,"footnotes":""},"class_list":["post-3456","page","type-page","status-publish","hentry"],"acf":[],"_links":{"self":[{"href":"https:\/\/fiaf.net\/diaf\/wp-json\/wp\/v2\/pages\/3456","targetHints":{"allow":["GET"]}}],"collection":[{"href":"https:\/\/fiaf.net\/diaf\/wp-json\/wp\/v2\/pages"}],"about":[{"href":"https:\/\/fiaf.net\/diaf\/wp-json\/wp\/v2\/types\/page"}],"author":[{"embeddable":true,"href":"https:\/\/fiaf.net\/diaf\/wp-json\/wp\/v2\/users\/59"}],"replies":[{"embeddable":true,"href":"https:\/\/fiaf.net\/diaf\/wp-json\/wp\/v2\/comments?post=3456"}],"version-history":[{"count":0,"href":"https:\/\/fiaf.net\/diaf\/wp-json\/wp\/v2\/pages\/3456\/revisions"}],"wp:attachment":[{"href":"https:\/\/fiaf.net\/diaf\/wp-json\/wp\/v2\/media?parent=3456"}],"curies":[{"name":"wp","href":"https:\/\/api.w.org\/{rel}","templated":true}]}}