{"id":3478,"date":"2016-01-16T11:03:08","date_gmt":"2016-01-16T10:03:08","guid":{"rendered":"https:\/\/fiaf.net\/diaf\/?page_id=3478"},"modified":"2023-07-28T10:11:52","modified_gmt":"2023-07-28T08:11:52","slug":"attivita-2","status":"publish","type":"page","link":"https:\/\/fiaf.net\/diaf\/attivita-2\/","title":{"rendered":"Attivit\u00e0"},"content":{"rendered":"<p><span style=\"text-decoration: underline;color: #000080\"><strong><a style=\"color: #000080;text-decoration: underline\" href=\"https:\/\/fiaf.net\/diaf\/coppa-diaf\/\">Coppa DiAF<\/a><\/strong><\/span><\/p>\n<p><span style=\"text-decoration: underline;color: #000080\"><strong><a style=\"color: #000080;text-decoration: underline\" href=\"https:\/\/fiaf.net\/diaf\/av-lab\/\">AV LAB &#8211; Lettura e analisi di Audiovisivi<\/a><\/strong><\/span><\/p>\n<p><strong><a href=\"https:\/\/fiaf.net\/diaf\/tanti-per-tutti-audiovisivi\/\">Tanti per Tutti<\/a>\u00a0 &#8211;\u00a0\u00a0<a href=\"https:\/\/fiaf.net\/diaf\/la-famiglia-in-italia\/\">La Famiglia in Italia\u00a0<\/a> &#8211;\u00a0 <a href=\"https:\/\/fiaf.net\/diaf\/leffimero-e-leterno\/\">L&#8217;effimero e l&#8217;eterno<\/a>\u00a0 &#8211;\u00a0 <a href=\"https:\/\/fiaf.net\/diaf\/ambiente-clima-futuro\/\">Ambiente, Clima, Futuro<\/a>\u00a0 &#8211;\u00a0 <a href=\"https:\/\/fiaf.net\/diaf\/totem-e-tabu\/\">Totem e tab\u00f9<\/a><\/strong><\/p>\n<p><span style=\"font-family: Verdana,Arial,Helvetica,sans-serif;color: #000000\"><img loading=\"lazy\" decoding=\"async\" class=\"size-full wp-image-825 alignleft\" src=\"https:\/\/fiaf.net\/diaf\/wp-content\/uploads\/sites\/26\/2013\/05\/CoppaD.jpg\" alt=\"CoppaD\" width=\"170\" height=\"170\" srcset=\"https:\/\/fiaf.net\/diaf\/wp-content\/uploads\/sites\/26\/2013\/05\/CoppaD.jpg 170w, https:\/\/fiaf.net\/diaf\/wp-content\/uploads\/sites\/26\/2013\/05\/CoppaD-150x150.jpg 150w\" sizes=\"auto, (max-width: 170px) 100vw, 170px\" \/>La <span style=\"color: #000080;text-decoration: underline\"><a style=\"color: #000080;text-decoration: underline\" href=\"https:\/\/fiaf.net\/diaf\/coppa-diaf\/\"><strong>Coppa DiAF<\/strong><\/a><\/span>, concorso nazionale per audiovisivi <a style=\"color: #000000\" href=\"https:\/\/fiaf.net\/diaf\/wp-content\/uploads\/sites\/26\/2018\/07\/Albo-doro-COPPA-DIAF-aggiornato-2017.pdf\" target=\"_blank\" rel=\"noopener\">(<span style=\"color: #000080;text-decoration: underline\">vedi Albo d&#8217;Oro<\/span>)<\/a> \u00e8 il momento conclusivo del <a href=\"https:\/\/fiaf.net\/diaf\/circuito-nazionale\/\"><span style=\"color: #000080;text-decoration: underline\"><strong>Circuito Nazionale per Audiovisivi Digitali<\/strong> <\/span><\/a><a style=\"color: #000000\" href=\"https:\/\/fiaf.net\/diaf\/wp-content\/uploads\/sites\/26\/2018\/12\/Albo-doro-CIRCUITO-AV-aggiornato.pdf\" target=\"_blank\" rel=\"noopener\">(<span style=\"color: #000080;text-decoration: underline\">vedi Albo d&#8217;Oro<\/span>)<\/a>, e colloca nei <strong>Congressi Nazionali FIAF<\/strong> la propria cerimonia di premiazione e proposizione al pubblico dei lavori che si sono meglio classificati. Assieme ai vari concorsi proposti a livello nazionale con patrocinio FIAF, contribuisce a stilare la particolare classifica di merito che assegna le <strong>Onorificenze Nazionali<\/strong>.<\/span><\/p>\n<p style=\"text-align: justify\"><span style=\"color: #000000\">Il <a href=\"https:\/\/fiaf.net\/diaf\/circuito-nazionale\/\"><span style=\"color: #000080\"><span style=\"text-decoration: underline\"><strong>CIRCUITO NAZIONALE<\/strong><\/span> <\/span><\/a>\u00e8 un Concorso co-organizzato da diversi Circoli fotografici con lo scopo di diffondere la cultura dell\u2019<strong>Audiovisivo Fotografico<\/strong>, una disciplina particolarmente creativa e completa. <\/span><\/p>\n<p><span style=\"color: #000000\">La peculiarit\u00e0 della manifestazione \u00e8 quella di proporre le opere iscritte alla valutazione di pi\u00f9 Giurie in diverse regioni italiane; una pi\u00f9 vasta diffusione dell\u2019AV sul territorio \u00e8 quindi uno scopo primario di questo Circuito.<\/span><\/p>\n<p><span style=\"color: #000000\">Ogni tappa \u00e8 un Concorso indipendente con una propria Giuria che avr\u00e0 il compito di valutare e classificare gli audiovisivi pervenuti assegnando i premi in palio ed i punteggi validi per la Statistica AV FIAF ai primi 10 classificati solo se iscritti alla FIAF.<\/span><\/p>\n<p>E&#8217; nata di recente una nuova proposta a disposizione di tutti Circoli FIAF che organizzano festival, seminari, incontri tematici. E&#8217; stata denominata <span style=\"text-decoration: underline;color: #000080\"><strong><a style=\"color: #000080;text-decoration: underline\" href=\"https:\/\/fiaf.net\/diaf\/av-lab\/\">AV LAB &#8211; LETTURA E ANALISI DI AUDIOVISIVI<\/a><\/strong><\/span>.\u00a0L&#8217;autore presenta il suo audiovisivo e si confronta con due lettori alla presenza di un pubblico non partecipante. Ne scaturisce una conversazione che permette di approfondire i contenuti dell&#8217;opera, di rilevarne il valore o i passaggi pi\u00f9 deboli.<\/p>\n<p><span style=\"color: #000000\">Il <span style=\"color: #000080;text-decoration: underline\"><a style=\"color: #000080;text-decoration: underline\" href=\"https:\/\/fiaf.net\/diaf\/tanti-per-tutti-av\/\"><strong>Progetto TANTI PER TUTTI \u2013 AV<\/strong><\/a> <\/span>vuole raccontare le diverse realt\u00e0 di volontariato nelle regioni italiane mostrando le iniziative, i luoghi di incontro, le fasi progettuali e la realizzazione delle attivit\u00e0 promosse dai volontari del nostro Paese, supportati e sorretti dai pi\u00f9 diversi interessi e da differenti motivazioni, ma tutti uniti nella precisa volont\u00e0 di partecipazione e di solidariet\u00e0 che fa di una cittadinanza una collettivit\u00e0 civile. La peculiarit\u00e0 della manifestazione \u00e8 quella di integrarsi nel <strong>Progetto Collettivo Nazionale FIAF<\/strong> ed offrire la possibilit\u00e0 di ampliare le modalit\u00e0 di rappresentazione del tema.<\/span><\/p>\n<p><span style=\"color: #000000\">I lavori presentati per il <strong>Progetto DiAF <span style=\"color: #000000;text-decoration: underline\"><a style=\"color: #000000\" href=\"https:\/\/fiaf.net\/diaf\/tanti-per-tutti-av\/\">TANTI PER TUTTI \u2013 A<\/a><a style=\"color: #000000\" href=\"https:\/\/fiaf.net\/diaf\/tanti-per-tutti-av\/\">V<\/a><\/span><\/strong> verranno valutati da una speciale Commissione nominata dal Direttore del Dipartimento Audiovisivi che determiner\u00e0 la selezione dei migliori lavori.<\/span><\/p>\n<p><span style=\"color: #000000\">Gli AV selezionati verranno proiettati alla Mostra Nazionale che si inaugurer\u00e0 l\u201911 giugno 2016 presso il Centro Italiano della Fotografia d\u2019Autore di Bibbiena (CIFA).<\/span><\/p>\n<p><span style=\"color: #000000\">Inoltre tutti i lavori partecipanti andranno a formare una speciale sezione del prossimo 10\u00b0 Circuito Nazionale 2016 e saranno visti e valutati da tutte le Giurie delle tappe componenti il Circuito stesso, con relativa classifica finale e premi ai vincitori a cura del DiAF.<\/span><\/p>\n\n    <div class=\"xs_social_share_widget xs_share_url after_content \t\tmain_content  wslu-style-1 wslu-share-box-shaped wslu-fill-colored wslu-none wslu-share-horizontal wslu-theme-font-no wslu-main_content\">\n\n\t\t\n        <ul>\n\t\t\t        <\/ul>\n    <\/div> \n","protected":false},"excerpt":{"rendered":"<p>Coppa DiAF AV LAB &#8211; Lettura e analisi di Audiovisivi Tanti per Tutti\u00a0 &#8211;\u00a0\u00a0La Famiglia in Italia\u00a0 &#8211;\u00a0 L&#8217;effimero e &hellip;<\/p>\n","protected":false},"author":59,"featured_media":0,"parent":0,"menu_order":0,"comment_status":"closed","ping_status":"closed","template":"","meta":{"_acf_changed":false,"footnotes":""},"class_list":["post-3478","page","type-page","status-publish","hentry"],"acf":[],"_links":{"self":[{"href":"https:\/\/fiaf.net\/diaf\/wp-json\/wp\/v2\/pages\/3478","targetHints":{"allow":["GET"]}}],"collection":[{"href":"https:\/\/fiaf.net\/diaf\/wp-json\/wp\/v2\/pages"}],"about":[{"href":"https:\/\/fiaf.net\/diaf\/wp-json\/wp\/v2\/types\/page"}],"author":[{"embeddable":true,"href":"https:\/\/fiaf.net\/diaf\/wp-json\/wp\/v2\/users\/59"}],"replies":[{"embeddable":true,"href":"https:\/\/fiaf.net\/diaf\/wp-json\/wp\/v2\/comments?post=3478"}],"version-history":[{"count":4,"href":"https:\/\/fiaf.net\/diaf\/wp-json\/wp\/v2\/pages\/3478\/revisions"}],"predecessor-version":[{"id":9737,"href":"https:\/\/fiaf.net\/diaf\/wp-json\/wp\/v2\/pages\/3478\/revisions\/9737"}],"wp:attachment":[{"href":"https:\/\/fiaf.net\/diaf\/wp-json\/wp\/v2\/media?parent=3478"}],"curies":[{"name":"wp","href":"https:\/\/api.w.org\/{rel}","templated":true}]}}