{"id":3487,"date":"2016-01-16T11:21:58","date_gmt":"2016-01-16T10:21:58","guid":{"rendered":"https:\/\/fiaf.net\/diaf\/?page_id=3487"},"modified":"2023-09-04T19:40:33","modified_gmt":"2023-09-04T17:40:33","slug":"av-lab","status":"publish","type":"page","link":"https:\/\/fiaf.net\/diaf\/av-lab\/","title":{"rendered":"AV &#8211; Lab"},"content":{"rendered":"<p style=\"text-align: right\"><span style=\"text-decoration: underline;color: #000080\"><strong><a style=\"color: #000080;text-decoration: underline\" href=\"https:\/\/fiaf.net\/diaf\/avlab-attivita-in-programma\/\">Attivit\u00e0 AV &#8211; Lab in programma<\/a><\/strong><\/span><\/p>\n<h3 style=\"text-align: center\"><span style=\"color: #000000\">Lettura e Analisi di Audiovisivi<\/span><\/h3>\n<p style=\"text-align: justify\"><span style=\"color: #000000\"><a href=\"https:\/\/fiaf.net\/diaf\/wp-content\/uploads\/sites\/26\/2016\/01\/Colorno-ok.jpg\"><img loading=\"lazy\" decoding=\"async\" class=\"size-medium wp-image-3737 alignleft\" src=\"https:\/\/fiaf.net\/diaf\/wp-content\/uploads\/sites\/26\/2016\/01\/Colorno-ok-300x227.jpg\" alt=\"Colorno ok\" width=\"300\" height=\"227\" srcset=\"https:\/\/fiaf.net\/diaf\/wp-content\/uploads\/sites\/26\/2016\/01\/Colorno-ok-300x227.jpg 300w, https:\/\/fiaf.net\/diaf\/wp-content\/uploads\/sites\/26\/2016\/01\/Colorno-ok-768x580.jpg 768w, https:\/\/fiaf.net\/diaf\/wp-content\/uploads\/sites\/26\/2016\/01\/Colorno-ok.jpg 841w\" sizes=\"auto, (max-width: 300px) 100vw, 300px\" \/><\/a>Molti autori di Audiovisivi, anche i pi\u00f9 esperti, prima di proporre la nuova opera in una serata pubblica, sentono la necessit\u00e0 di un confronto che permetta di far emergere passaggi critici, imperfezioni tecniche, difficolt\u00e0 di comunicazione.<\/span><\/p>\n<p style=\"text-align: justify\"><span style=\"color: #000000\">L&#8217;ambiente familiare o quello degli amici spesso non riescono a dare un sufficiente contributo. Si trova tanto sostegno ma scarseggia la competenza.<\/span><\/p>\n<p style=\"text-align: justify\"><span style=\"color: #000000\">Il <strong>Circolo Fotografico<\/strong> potrebbe dare risposte adeguate ma l&#8217;occhio dei soci tante volte \u00e8 pi\u00f9 attento alla qualit\u00e0 delle immagini e trascura altre componenti essenziali dell&#8217;AV, la colonna sonora, la regia, la drammaturgia.<\/span><\/p>\n<p style=\"text-align: justify\"><span style=\"color: #000000\">Il <strong>Seminario Nazionale<\/strong> \u00e8 l&#8217;occasione pi\u00f9 idonea per sottoporre la propria opera ad un pubblico in gran parte esperto. Le analisi sono accurate e lo scambio di opinioni \u00e8 vivace ma questo evento si ripete una volta all&#8217;anno e gli AV in programma sono in numero necessariamente limitato.<\/span><\/p>\n<p style=\"text-align: justify\"><span style=\"color: #000000\"><a href=\"https:\/\/fiaf.net\/diaf\/wp-content\/uploads\/sites\/26\/2016\/01\/Gianni-e-Ivano-2.jpg\"><img loading=\"lazy\" decoding=\"async\" class=\"size-medium wp-image-3734 alignright\" src=\"https:\/\/fiaf.net\/diaf\/wp-content\/uploads\/sites\/26\/2016\/01\/Gianni-e-Ivano-2-300x206.jpg\" alt=\"Gianni-e-Ivano-2\" width=\"300\" height=\"206\" srcset=\"https:\/\/fiaf.net\/diaf\/wp-content\/uploads\/sites\/26\/2016\/01\/Gianni-e-Ivano-2-300x206.jpg 300w, https:\/\/fiaf.net\/diaf\/wp-content\/uploads\/sites\/26\/2016\/01\/Gianni-e-Ivano-2-220x150.jpg 220w, https:\/\/fiaf.net\/diaf\/wp-content\/uploads\/sites\/26\/2016\/01\/Gianni-e-Ivano-2.jpg 450w\" sizes=\"auto, (max-width: 300px) 100vw, 300px\" \/><\/a>Per\u00f2, da quando con la posta elettronica si possono trasferire file voluminosi in tempi ragionevoli e con la compiacenza di autori esperti disponibili, si \u00e8 creato un via vai di opere che solcano il web alla ricerca di analisi e delle conseguenti opinioni. Percorsi impensabili fino a qualche anno fa.<\/span><\/p>\n<p style=\"text-align: justify\"><span style=\"color: #000000\">Queste riflessioni sono oggetto di dibattito tra gli organizzatori del DiAF e hanno portato il nostro vulcanico Gianni Rossi a maturare un progetto molto interessante, che ha trovato terreno fertile in Gigi Montali di Colorno, organizzatore di uno dei festival fotografici pi\u00f9 importanti d\u2019Italia sempre aperto alle novit\u00e0 e alle sperimentazioni.<\/span><\/p>\n<p style=\"text-align: justify\"><span style=\"color: #000000\">La <strong>Reggia di Colorno<\/strong> e la <strong>6\u00b0 edizione del ColornoPhotoLife <\/strong>sono quindi sembrati lo scenario ideale per realizzare la prima esperienza di lettura di audiovisivi chiamata per l\u2019occasione <strong>VISIONI A CONFRONTO AV<\/strong>.<\/span><\/p>\n<p style=\"text-align: justify\"><span style=\"color: #000000\"><a href=\"https:\/\/fiaf.net\/diaf\/wp-content\/uploads\/sites\/26\/2016\/01\/Colorno-Photo-Life.jpg\"><img loading=\"lazy\" decoding=\"async\" class=\"size-medium wp-image-3731 alignleft\" src=\"https:\/\/fiaf.net\/diaf\/wp-content\/uploads\/sites\/26\/2016\/01\/Colorno-Photo-Life-300x225.jpg\" alt=\"Colorno-Photo-Life\" width=\"300\" height=\"225\" srcset=\"https:\/\/fiaf.net\/diaf\/wp-content\/uploads\/sites\/26\/2016\/01\/Colorno-Photo-Life-300x225.jpg 300w, https:\/\/fiaf.net\/diaf\/wp-content\/uploads\/sites\/26\/2016\/01\/Colorno-Photo-Life.jpg 450w\" sizes=\"auto, (max-width: 300px) 100vw, 300px\" \/><\/a>Il Regolamento, elaborato da Gianni Rossi in maniera semplice ma efficace, richiamava alla logica della lettura del Portfolio Fotografico: l&#8217;autore presenta il suo audiovisivo e si confronta con due lettori alla presenza di un pubblico non partecipante. In questa occasione i lettori che si sono prestati a questo primo laboratorio sono stati Ivano Bolondi e lo stesso Gianni Rossi per anni sostenitori del GAD (Gruppo Amatori Diapositive) di Reggio Emilia, notoriamente dedicato in modo pressoch\u00e9 esclusivo agli Audiovisivi.<\/span><\/p>\n<p style=\"text-align: justify\"><span style=\"color: #000000\">L\u2019intento era di escludere qualsiasi atteggiamento &#8220;didattico&#8221; per dare all&#8217;incontro il sapore di una conversazione tra amici di diversa esperienza, finalizzata ad una crescita reciproca.<\/span><\/p>\n<p style=\"text-align: justify\"><span style=\"color: #000000\">Qui di seguito una sintesi del regolamento proposto, specificando le motivazioni, strettamente tecniche di ogni aspetto individuato.<\/span><\/p>\n<ul style=\"text-align: justify\">\n<li><span style=\"color: #000000\">ammessi 8 AV, scelti in ordine di iscrizione: <em>il tempo a disposizione era dalle 9,30 alle 12,45 per cui abbiamo calcolato circa 20 minuti per ogni opera<\/em><\/span><\/li>\n<li><span style=\"color: #000000\">6&#8242; minuti come massima durata consentita: <em>per dare spazio ad una adeguata conversazione<\/em><\/span><\/li>\n<li><span style=\"color: #000000\">tema libero<\/span><\/li>\n<li><span style=\"color: #000000\">esclusivamente in formato Windows Media Video o MP4: <em>questi files, a differenza degli *.exe consentono un rapido e preciso scorrimento dell\u2019opera facilitando l\u2019analisi tecnica<\/em><\/span><\/li>\n<li><span style=\"color: #000000\">risoluzione di uscita di 1920 pixel (lato orizzontale); ammesso qualsiasi formato (4:3 \u2013 3:2 \u2013 16:9 \u2013 2:1 ecc.)<\/span><\/li>\n<li><span style=\"color: #000000\">AV non precedenti al 2014 e non vincitori di concorsi nazionali o internazionali<\/span><\/li>\n<li><span style=\"color: #000000\">inviati mediante wetransfer 10 gg prima della manifestazione per una prevalutazione da parte dei commentatori<\/span><\/li>\n<li><span style=\"color: #000000\">proiezione pubblica: <em>la conversazione acquisisce un significato didattico anche per chi non \u00e8 autore<\/em><\/span><\/li>\n<li><span style=\"color: #000000\">non consentiti gli interventi degli spettatori: <em>per garantire la tempistica prevista ed evitare dibattiti<\/em><\/span><\/li>\n<\/ul>\n<p style=\"text-align: justify\"><span style=\"color: #000000\">E\u2019 stata una esperienza molto gratificante per gli autori, per il pubblico e ovviamente anche per i lettori; i commenti raccolti sono stati fortemente positivi.<\/span><\/p>\n<p style=\"text-align: justify\"><span style=\"color: #000000\">L\u2019impressione che questo esperimento sia stato molto importante \u00e8 riportata da alcuni esponenti del Gruppo di Lavoro DiAF presenti all\u2019evento, perci\u00f2 ci siamo trovati tutti d&#8217;accordo ad inserire iniziative analoghe nei futuri programmi DiAF.<\/span><\/p>\n<p style=\"text-align: justify\"><span style=\"color: #000000\">Ed ecco che, durante una chat telefonica del Gruppo di Lavoro DiAF, raccogliendo il suggerimento di Gabriella Gandino, \u00e8 nato l\u2019AV LAB, la cui denominazione <em>\u201c\u2026.potesse richi<\/em><em>a<\/em><em>mare l&#8217;idea dell&#8217;apprendimento paritario, attraverso l&#8217;esperienza e il confronto, come in un laboratorio&#8221;<\/em>. <\/span><\/p>\n<p style=\"text-align: justify\"><span style=\"color: #000000\"><strong>Lab<\/strong> come <strong>Laboratorio<\/strong> quindi. E come sottotitolo <strong>Lettura e analisi di Audiovisivi<\/strong>.<\/span><\/p>\n<p style=\"text-align: justify\"><span style=\"color: #000000\">L\u2019AV LAB sar\u00e0 quindi una delle principali novit\u00e0 e attivit\u00e0 del DiAF nel 2016 che proporr\u00e0 la lettura degli Audiovisivi all\u2019interno di alcune manifestazioni del circuito Portfolio Italia quali quelle di Sestri Levante, di Savignano sul Rubicone e Bibbiena al 68* Congresso FIAF di Merano, della 33\u00b0 Edizione di Ottobre Fotografia a Torino nonch\u00e9 alla 7\u00b0 Edizione del Colorno Photo Life.<\/span><\/p>\n<p>&nbsp;<\/p>\n\n    <div class=\"xs_social_share_widget xs_share_url after_content \t\tmain_content  wslu-style-1 wslu-share-box-shaped wslu-fill-colored wslu-none wslu-share-horizontal wslu-theme-font-no wslu-main_content\">\n\n\t\t\n        <ul>\n\t\t\t        <\/ul>\n    <\/div> \n","protected":false},"excerpt":{"rendered":"<p>Attivit\u00e0 AV &#8211; Lab in programma Lettura e Analisi di Audiovisivi Molti autori di Audiovisivi, anche i pi\u00f9 esperti, prima &hellip;<\/p>\n","protected":false},"author":59,"featured_media":0,"parent":0,"menu_order":0,"comment_status":"closed","ping_status":"closed","template":"","meta":{"_acf_changed":false,"footnotes":""},"class_list":["post-3487","page","type-page","status-publish","hentry"],"acf":[],"_links":{"self":[{"href":"https:\/\/fiaf.net\/diaf\/wp-json\/wp\/v2\/pages\/3487","targetHints":{"allow":["GET"]}}],"collection":[{"href":"https:\/\/fiaf.net\/diaf\/wp-json\/wp\/v2\/pages"}],"about":[{"href":"https:\/\/fiaf.net\/diaf\/wp-json\/wp\/v2\/types\/page"}],"author":[{"embeddable":true,"href":"https:\/\/fiaf.net\/diaf\/wp-json\/wp\/v2\/users\/59"}],"replies":[{"embeddable":true,"href":"https:\/\/fiaf.net\/diaf\/wp-json\/wp\/v2\/comments?post=3487"}],"version-history":[{"count":4,"href":"https:\/\/fiaf.net\/diaf\/wp-json\/wp\/v2\/pages\/3487\/revisions"}],"predecessor-version":[{"id":9796,"href":"https:\/\/fiaf.net\/diaf\/wp-json\/wp\/v2\/pages\/3487\/revisions\/9796"}],"wp:attachment":[{"href":"https:\/\/fiaf.net\/diaf\/wp-json\/wp\/v2\/media?parent=3487"}],"curies":[{"name":"wp","href":"https:\/\/api.w.org\/{rel}","templated":true}]}}