{"id":4030,"date":"2016-02-16T11:08:00","date_gmt":"2016-02-16T10:08:00","guid":{"rendered":"https:\/\/fiaf.net\/diaf\/?page_id=4030"},"modified":"2016-02-16T11:08:00","modified_gmt":"2016-02-16T10:08:00","slug":"10-circuito-nazionale-2016","status":"publish","type":"page","link":"https:\/\/fiaf.net\/diaf\/10-circuito-nazionale-2016\/","title":{"rendered":"10\u00b0 Circuito Nazionale &#8211; 2016"},"content":{"rendered":"<hr \/>\n<p style=\"text-align: right\"><span style=\"color: #000080\"><span style=\"text-decoration: underline\"><strong><a style=\"color: #000080;text-decoration: underline\" href=\"https:\/\/fiaf.net\/diaf\/10-circuito-regolamento\/\">Regolamento<\/a><\/strong><\/span>\u00a0\u00a0\u00a0<\/span> <strong><span style=\"color: #000080\"><span style=\"text-decoration: underline\"><a style=\"color: #000080;text-decoration: underline\" href=\"https:\/\/fiaf.net\/diaf\/10-circuito-nazionale-2016-2\/\">Classifica finale<\/a><\/span>\u00a0<\/span>\u00a0\u00a0 <span style=\"text-decoration: underline;color: #000080\"><a style=\"color: #000080;text-decoration: underline\" href=\"https:\/\/fiaf.net\/diaf\/10-circuito-audiovisivi\/\">Audiovisivi<\/a><\/span><\/strong><\/p>\n<p style=\"text-align: justify\"><span style=\"color: #000000\"><img loading=\"lazy\" decoding=\"async\" class=\"alignleft wp-image-4032 size-medium\" src=\"https:\/\/fiaf.net\/diaf\/wp-content\/uploads\/sites\/26\/2016\/02\/pagina-fotoit2016_v1-218x300.jpg\" alt=\"pagina fotoit2016_v1\" width=\"218\" height=\"300\" srcset=\"https:\/\/fiaf.net\/diaf\/wp-content\/uploads\/sites\/26\/2016\/02\/pagina-fotoit2016_v1-218x300.jpg 218w, https:\/\/fiaf.net\/diaf\/wp-content\/uploads\/sites\/26\/2016\/02\/pagina-fotoit2016_v1-743x1024.jpg 743w, https:\/\/fiaf.net\/diaf\/wp-content\/uploads\/sites\/26\/2016\/02\/pagina-fotoit2016_v1-768x1058.jpg 768w, https:\/\/fiaf.net\/diaf\/wp-content\/uploads\/sites\/26\/2016\/02\/pagina-fotoit2016_v1-1115x1536.jpg 1115w, https:\/\/fiaf.net\/diaf\/wp-content\/uploads\/sites\/26\/2016\/02\/pagina-fotoit2016_v1-1486x2048.jpg 1486w, https:\/\/fiaf.net\/diaf\/wp-content\/uploads\/sites\/26\/2016\/02\/pagina-fotoit2016_v1-scaled.jpg 1858w\" sizes=\"auto, (max-width: 218px) 100vw, 218px\" \/>Il <strong>10\u00b0 Circuito Nazionale<\/strong> \u00e8 coordinato dal DiAF Dipartimento Audiovisivi FIAF e si articola in <strong>14 \u201ctappe\u201c<\/strong>, da Giugno a Novembre 2016, ciascuna organizzata dai Circoli Fotografici aderenti con lo scopo di diffondere la cultura dell\u2019audiovisivo fotografico, disciplina particolarmente creativa e completa.<\/span><\/p>\n<p style=\"text-align: justify\"><span style=\"color: #000000\">La peculiarit\u00e0 della manifestazione \u00e8 quella di proporre le opere iscritte alla valutazione di pi\u00f9 Giurie in diverse regioni italiane; una pi\u00f9 vasta diffusione dell\u2019AV sul territorio \u00e8 quindi uno scopo primario di questo Circuito.<\/span><\/p>\n<p style=\"text-align: justify\"><span style=\"color: #000000\">Ogni tappa \u00e8 un Concorso indipendente con una propria Giuria che avr\u00e0 il compito di valutare e classificare gli audiovisivi pervenuti assegnando i premi in palio ed i punteggi\u00a0 validi per la Statistica AV FIAF ai primi 10 classificati solo se iscritti alla FIAF.<\/span><\/p>\n<p><span style=\"color: #000000\"><strong>Queste le \u201ctappe\u201d della manifestazione:<\/strong><\/span><\/p>\n<p><span style=\"color: #000000\">1. Gruppo Fotografico EIKON AV BFI &#8211; Torino TO<\/span><br \/>\n<span style=\"color: #000000\">2. Circolo Fotografico Famiglia Legnanese BFI &#8211; Legnano MI<\/span><br \/>\n<span style=\"color: #000000\">3. Circolo Fotografico Desiano SMF BFI &#8211; Desio MB<\/span><br \/>\n<span style=\"color: #000000\">4. Circolo Fotografico il Palazzaccio &#8211; San Giovanni in Persiceto BO<\/span><br \/>\n<span style=\"color: #000000\">5. Circolo Cinefotografico Gruppo 98 &#8211; Caorso PC<\/span><br \/>\n<span style=\"color: #000000\">6. Gruppo Fotografico Lo Scatto BFI &#8211; Garda VR<\/span><br \/>\n<span style=\"color: #000000\">7. Circolo Fotografico Zoom AV BFI &#8211; Salsomaggiore PR<\/span><br \/>\n<span style=\"color: #000000\">8. Fotoamatori \u201cFrancesco Mochi\u201d BFI &#8211; Montevarchi AR<\/span><br \/>\n<span style=\"color: #000000\">9. Gruppo Fotoamatori Sestesi BFI &#8211; Sesto San Giovanni MI<\/span><br \/>\n<span style=\"color: #000000\">10. Aternum Fotoamatori Abruzzesi BFI SMF &#8211; Pescara PE<\/span><br \/>\n<span style=\"color: #000000\">11. ADF Amici della Fotografia &#8211; Pove del Grappa VI<\/span><br \/>\n<span style=\"color: #000000\">12. Foto Cine Club Foggia BFI &#8211; Foggia FG<\/span><br \/>\n<span style=\"color: #000000\">13. C.F. San Donato \u201cF. Ventura\u201d BFI &#8211; San Donato Milanese MI<\/span><br \/>\n<span style=\"color: #000000\">14. Cortona Photo Academy &#8211; Cortona AR<\/span><\/p>\n<p><span style=\"color: #000000\">Il Concorso riprende la formula ormai collaudata degli scorsi anni, con l\u2019introduzione di alcune nuove e importanti indicazioni, <strong>(nuova scheda di identificazione AV, nuove \u201cmacro aree\u201d di categoria\/classificazione, Immagini sonorizzate)<\/strong> dettate dalla necessit\u00e0 di migliorarne lo svolgimento.<\/span><\/p>\n<p><span style=\"color: #333399\"><a style=\"color: #333399\" href=\"https:\/\/fiaf.net\/diaf\/wp-content\/uploads\/sites\/26\/2016\/07\/DATE-GIURIE-E-GIUDICI-10\u00b0CIRCUITO.pdf\">A \u00a0questo link i nomi dei giurati e le date di giuria di ciascuna tappa, in\u00a0formato *.pdf<\/a><\/span><\/p>\n<p><a href=\"https:\/\/fiaf.net\/diaf\/10-circuito-nazionale-2016-2\/\">A questo LINK la CLASSIFICA FINALE del Circuito<\/a><\/p>\n\n\t\t<div class=\"box info  \">\n\t\t\t<div class=\"box-inner-block\">\n\t\t\t\t<span class=\"fa tie-shortcode-boxicon\"><\/span> <span style=\"color: #333399\"><strong>Le premiazioni del 10\u00b0 Circuito saranno<\/strong>:<\/span><\/p>\n<ul>\n<li><span style=\"color: #333399\">a <span style=\"color: #0000ff\"><strong>Bibbiena (Arezzo)<\/strong><\/span>, il <span style=\"color: #0000ff\"><strong>17 settembre 2016<\/strong><\/span> per i primi dieci classificati<\/span><\/li>\n<li><span style=\"color: #333399\"><span style=\"color: #0000ff\">a<strong> Garda (Verona)<\/strong><\/span>, il <span style=\"color: #0000ff\"><strong>29 ottobre 2016<\/strong><\/span> al 20\u00b0Seminario per i premi speciali assegnati alle opere che hanno ricevuto il maggior numero di segnalazioni da parte di tutte le giurie del 10\u00b0 Circuito (fattori di valutazione, categorie, ecc.)<\/span><\/li>\n<\/ul>\n\n\t\t\t<\/div>\n\t\t<\/div>\n\t\n<p><span style=\"color: #333399\"><a style=\"color: #333399\" href=\"https:\/\/fiaf.net\/diaf\/wp-content\/uploads\/sites\/26\/2016\/08\/PREMIAZIONI-10\u00b0CIRCUITO.pdf\">A questo LINK, le date di premiazione delle singole tappe<\/a><\/span><\/p>\n<p>&nbsp;<\/p>\n\n    <div class=\"xs_social_share_widget xs_share_url after_content \t\tmain_content  wslu-style-1 wslu-share-box-shaped wslu-fill-colored wslu-none wslu-share-horizontal wslu-theme-font-no wslu-main_content\">\n\n\t\t\n        <ul>\n\t\t\t        <\/ul>\n    <\/div> \n","protected":false},"excerpt":{"rendered":"<p>Regolamento\u00a0\u00a0\u00a0 Classifica finale\u00a0\u00a0\u00a0 Audiovisivi Il 10\u00b0 Circuito Nazionale \u00e8 coordinato dal DiAF Dipartimento Audiovisivi FIAF e si articola in 14 &hellip;<\/p>\n","protected":false},"author":59,"featured_media":0,"parent":0,"menu_order":0,"comment_status":"closed","ping_status":"closed","template":"","meta":{"_acf_changed":false,"footnotes":""},"class_list":["post-4030","page","type-page","status-publish","hentry"],"acf":[],"_links":{"self":[{"href":"https:\/\/fiaf.net\/diaf\/wp-json\/wp\/v2\/pages\/4030","targetHints":{"allow":["GET"]}}],"collection":[{"href":"https:\/\/fiaf.net\/diaf\/wp-json\/wp\/v2\/pages"}],"about":[{"href":"https:\/\/fiaf.net\/diaf\/wp-json\/wp\/v2\/types\/page"}],"author":[{"embeddable":true,"href":"https:\/\/fiaf.net\/diaf\/wp-json\/wp\/v2\/users\/59"}],"replies":[{"embeddable":true,"href":"https:\/\/fiaf.net\/diaf\/wp-json\/wp\/v2\/comments?post=4030"}],"version-history":[{"count":0,"href":"https:\/\/fiaf.net\/diaf\/wp-json\/wp\/v2\/pages\/4030\/revisions"}],"wp:attachment":[{"href":"https:\/\/fiaf.net\/diaf\/wp-json\/wp\/v2\/media?parent=4030"}],"curies":[{"name":"wp","href":"https:\/\/api.w.org\/{rel}","templated":true}]}}