{"id":4435,"date":"2016-03-26T17:16:03","date_gmt":"2016-03-26T16:16:03","guid":{"rendered":"https:\/\/fiaf.net\/diaf\/?page_id=4435"},"modified":"2016-03-26T17:16:03","modified_gmt":"2016-03-26T16:16:03","slug":"walter-turcato-biografia","status":"publish","type":"page","link":"https:\/\/fiaf.net\/diaf\/walter-turcato-biografia\/","title":{"rendered":"Walter Turcato &#8211; Biografia"},"content":{"rendered":"<hr \/>\n<p style=\"text-align: right\"><span style=\"color: #000080\"><a style=\"color: #000080\" href=\"https:\/\/fiaf.net\/diaf\/walter-turcato-offerta-formativa\/\"><span style=\"text-decoration: underline\"><b>Offerta<\/b> <strong>formativa<\/strong><\/span><\/a><\/span><b>\u00a0 \u00a0 \u00a0 \u00a0\u00a0<\/b><a href=\"https:\/\/fiaf.net\/diaf\/walter-turcato-contatti\/\"><span style=\"text-decoration: underline;color: #000080\"><b>Contatti\u00a0<\/b><\/span><\/a><b> \u00a0 \u00a0 \u00a0 \u00a0 \u00a0\u00a0<\/b><span style=\"text-decoration: underline;color: #000080\"><a style=\"color: #000080;text-decoration: underline\" href=\"https:\/\/fiaf.net\/diaf\/docenti\/\"><b>Back<\/b><\/a><\/span><\/p>\n<p><span style=\"color: #000000\"><a href=\"https:\/\/fiaf.net\/diaf\/wp-content\/uploads\/sites\/26\/2016\/03\/Walter-Turcato-45624_172x172-172x172-1.jpg\"><img loading=\"lazy\" decoding=\"async\" class=\"size-full wp-image-4268 alignleft\" src=\"https:\/\/fiaf.net\/diaf\/wp-content\/uploads\/sites\/26\/2016\/03\/Walter-Turcato-45624_172x172-172x172-1.jpg\" alt=\"Walter-Turcato-45624_172x172-172x172\" width=\"172\" height=\"172\" srcset=\"https:\/\/fiaf.net\/diaf\/wp-content\/uploads\/sites\/26\/2016\/03\/Walter-Turcato-45624_172x172-172x172-1.jpg 172w, https:\/\/fiaf.net\/diaf\/wp-content\/uploads\/sites\/26\/2016\/03\/Walter-Turcato-45624_172x172-172x172-1-150x150.jpg 150w\" sizes=\"auto, (max-width: 172px) 100vw, 172px\" \/><\/a><\/span><\/p>\n<p class=\"\">Nasce e risiede a Rho (Mi), fotografa dal 1976 esprimendosi attivamente a livello fotoamatoriale e professionale, con una fotografia personale, ottenuta sia con una ricerca rigorosa in fase di ripresa, sia con successivi interventi di post produzione e montaggio narrativo, favoriti anche dalle competenze sviluppate in campo grafico.<br class=\"\" \/>In seguito ai numerosi premi ottenuti in Concorsi Fotografici Nazionali e Internazionali, la\u00a0<strong class=\"\">FIAF<\/strong>\u00a0(<em class=\"\">Federazione Italiana Associazioni Fotografiche<\/em>) che lo vede presente in 28 edizioni del suo\u00a0<strong class=\"\"><a class=\"\" href=\"http:\/\/www.turcatowalter.it\/blog\/portfolio-items\/lannuario-fiaf\/\" target=\"_blank\" rel=\"noopener\">Annuario<\/a><\/strong>\u00a0(al 2017) e nella Classifica \u201cTop 100\u201d (2008-2015), gli ha attribuito i seguenti riconoscimenti:<\/p>\n<p class=\"\">\u2013 1986: A.F.I. \u2013 Artista Fotografo Italiano;<br class=\"\" \/>\u2013 2004: B.F.I. \u2013 Benemerito della Fotografia Italiana;<br class=\"\" \/>\u2013 2009: AV\/AFI \u2013 Artista Fotografo Italiano autore di Audiovisivi Fotografici;<br class=\"\" \/>\u2013 2011: AV\/IFI \u2013 Insigne Fotografo Italiano autore di Audiovisivi Fotografici.<\/p>\n<p class=\"\">La\u00a0<strong class=\"\">FIAP<\/strong>\u00a0(<em class=\"\">F\u00e9d\u00e9ration Internationale de l\u2019Art Photographique<\/em>) gli ha conferito le onorificenze:<br class=\"\" \/>\u2013 2007: AFIAP \u2013 Artiste FIAP;<br class=\"\" \/>\u2013 2011: EFIAP \u2013 Excellence FIAP, per meriti fotografici conseguiti in campo internazionale.<\/p>\n<p class=\"\">Ha realizzato diverse pubblicazioni editoriali e \u2013 a testimonianza del suo interesse iconografico aperto a 360\u00b0 \u2013 ha pubblicato immagini su monografie dedicate al paesaggio, alla foto creativa e digitale, al nudo e all\u2019arte oltre che su riviste di settore, su portali internet e su social media.<\/p>\n<p class=\"\">Il suo Studio professionale si trova a Rho (Mi), ed \u00e8 strutturato come Ditta Individuale dal 1988. Ha impostato la sua attivit\u00e0 con carattere artigianale, curandone quindi ogni aspetto e privilegiandone la qualit\u00e0, con particolare attenzione all\u2019innovazione e aggiornamento. \u00c8 associato\u00a0<strong class=\"\">AFIP<\/strong>\u00a0(<em class=\"\">Associazione Fotografi Professionisti<\/em>).<\/p>\n<p class=\"\">Dal 1989 \u00e8 attivo anche in ambito di volontariato, nel Gruppo Fotografico San Paolo di Rho (MI), del quale \u00e8 stato presidente dal 1989 al 2016 in un ruolo privilegiato che gli ha consentito di organizzare e partecipare a mostre ed eventi collettivi e personali, tenendo corsi e workshop di settore in un proficuo scambio esperienziale di condivisione.<\/p>\n<p class=\"\">Nominato\u00a0<strong class=\"\">Docente FIAF<\/strong>\u00a0nel 2015, e\u00a0<strong class=\"\">Tutor Fotografico FIAF<\/strong>\u00a0nel 2017, \u00e8 attivo nel\u00a0<em class=\"\"><strong class=\"\">DiCult \u2013\u00a0<\/strong><\/em>Dipartimento Cultura; nel\u00a0<em class=\"\"><strong class=\"\">DiAF \u2013\u00a0<\/strong><\/em>\u00a0Dipartimento Audiovisivi e nel\u00a0<em class=\"\"><strong class=\"\">DiD \u2013<\/strong><\/em>\u00a0Dipartimento Didattica.<\/p>\n<p class=\"\">Dal 2017\u00a0sta dedicando particolare attenzione e ricerca alla produzione di\u00a0<strong class=\"\">fotografia artistica<\/strong>, nello sviluppo di uno stile\u00a0e una tecnica che possano meglio trasmettere il proprio pensiero\/sentimento (<a class=\"\" href=\"http:\/\/www.turcatowalter.it\/photocellule\/\" target=\"_blank\" rel=\"noopener\">Photocellule<\/a>),\u00a0anche attraverso un diverso approccio spaziale dell\u2019opera.<\/p>\n<p class=\"ox-2021b9238d-p1\"><span class=\"ox-2021b9238d-s1\"><b class=\"\">Offerta didattico\/formativa<\/b>:<\/span><\/p>\n<ul class=\"ox-2021b9238d-ul1\">\n<li class=\"ox-2021b9238d-li2\"><b class=\"\"><\/b><span class=\"ox-2021b9238d-s1\"><b class=\"\">lettura fotografie singole;<\/b><\/span><\/li>\n<li class=\"ox-2021b9238d-li2\"><b class=\"\"><\/b><span class=\"ox-2021b9238d-s1\"><b class=\"\">lettura portfolio fotografici<\/b>\u00a0<i class=\"\">(in\u00a0modalit\u00e0 tradizionale o Face-to-Face);<\/i><\/span><\/li>\n<li class=\"ox-2021b9238d-li2\"><b class=\"\"><\/b><span class=\"ox-2021b9238d-s1\"><b class=\"\">lettura audiovisivi<\/b>;<\/span><\/li>\n<li class=\"ox-2021b9238d-li2\"><b class=\"\"><\/b><span class=\"ox-2021b9238d-s1\"><b class=\"\">conversazioni \u2013 workshop e seminari tematici<\/b>\u00a0dedicati alla fotografia e\/o agli audiovisivi;<\/span><\/li>\n<li class=\"ox-2021b9238d-li2\"><b class=\"\"><\/b><span class=\"ox-2021b9238d-s1\"><b class=\"\">corsi base e avanzati di fotografia<\/b>\u00a0e\u00a0<b class=\"\">programmazione audiovisiva<\/b>;<\/span><\/li>\n<li class=\"ox-2021b9238d-li2\"><b class=\"\"><\/b><span class=\"ox-2021b9238d-s1\"><b class=\"\">fotografia con smartphone<\/b>\u00a0<i class=\"\">(iPhone \u2013 Hipstamatic:<\/i>\u00a0<i class=\"\">in connessione visiva permanente!);<\/i><\/span><b class=\"\"><\/b><\/li>\n<li class=\"ox-2021b9238d-li2\"><b class=\"\"><\/b><span class=\"ox-2021b9238d-s1\"><span class=\"ox-2021b9238d-s1\"><span class=\"ox-2021b9238d-s1\"><span class=\"ox-2021b9238d-s1\"><b class=\"\">la grafica<\/b>\u00a0<i class=\"\">(possibile supporto ad una corretta comunicazione fotografica).<\/i><\/span><\/span><\/span><\/span><\/li>\n<\/ul>\n<p class=\"\"><i class=\"\">Gli interventi sono supportati da presentazioni multimediali elaborate con Keynote (Mac OS X) \u2013 ed eventualmente anche da stampe fotografiche \u2013 necessario quindi predisporre un buon impianto audio-video attivo. Computer personale del relatore.<\/i><\/p>\n<p><strong>Web:<\/strong>\u2028 <a href=\"http:\/\/www.turcatowalter.it\/\" target=\"_blank\" rel=\"noopener\">www.turcatowalter.it<\/a><\/p>\n<p><strong>Contatti:<\/strong><strong>\u2028<\/strong><a href=\"mailto:info@turcatowalter.it\">info@turcatowalter.it<\/a><\/p>\n<p><a href=\"http:\/\/www.facebook.com\/walter.turcato\" target=\"_blank\" rel=\"noopener\">walter.turcato<\/a><\/p>\n\n    <div class=\"xs_social_share_widget xs_share_url after_content \t\tmain_content  wslu-style-1 wslu-share-box-shaped wslu-fill-colored wslu-none wslu-share-horizontal wslu-theme-font-no wslu-main_content\">\n\n\t\t\n        <ul>\n\t\t\t        <\/ul>\n    <\/div> \n","protected":false},"excerpt":{"rendered":"<p>Offerta formativa\u00a0 \u00a0 \u00a0 \u00a0\u00a0Contatti\u00a0 \u00a0 \u00a0 \u00a0 \u00a0 \u00a0\u00a0Back Nasce e risiede a Rho (Mi), fotografa dal 1976 esprimendosi &hellip;<\/p>\n","protected":false},"author":59,"featured_media":0,"parent":0,"menu_order":0,"comment_status":"closed","ping_status":"closed","template":"","meta":{"_acf_changed":false,"footnotes":""},"class_list":["post-4435","page","type-page","status-publish","hentry"],"acf":[],"_links":{"self":[{"href":"https:\/\/fiaf.net\/diaf\/wp-json\/wp\/v2\/pages\/4435","targetHints":{"allow":["GET"]}}],"collection":[{"href":"https:\/\/fiaf.net\/diaf\/wp-json\/wp\/v2\/pages"}],"about":[{"href":"https:\/\/fiaf.net\/diaf\/wp-json\/wp\/v2\/types\/page"}],"author":[{"embeddable":true,"href":"https:\/\/fiaf.net\/diaf\/wp-json\/wp\/v2\/users\/59"}],"replies":[{"embeddable":true,"href":"https:\/\/fiaf.net\/diaf\/wp-json\/wp\/v2\/comments?post=4435"}],"version-history":[{"count":0,"href":"https:\/\/fiaf.net\/diaf\/wp-json\/wp\/v2\/pages\/4435\/revisions"}],"wp:attachment":[{"href":"https:\/\/fiaf.net\/diaf\/wp-json\/wp\/v2\/media?parent=4435"}],"curies":[{"name":"wp","href":"https:\/\/api.w.org\/{rel}","templated":true}]}}