{"id":5005,"date":"2016-07-28T19:31:11","date_gmt":"2016-07-28T17:31:11","guid":{"rendered":"https:\/\/fiaf.net\/diaf\/?page_id=5005"},"modified":"2016-07-28T19:31:11","modified_gmt":"2016-07-28T17:31:11","slug":"20-seminario-diaf-2016","status":"publish","type":"page","link":"https:\/\/fiaf.net\/diaf\/20-seminario-diaf-2016\/","title":{"rendered":"20\u00b0 Seminario DiAF &#8211; 2016"},"content":{"rendered":"<hr \/>\n<p style=\"text-align: right\"><span style=\"color: #0000ff\"><strong><span style=\"text-decoration: underline\"><a style=\"color: #0000ff;text-decoration: underline\" href=\"https:\/\/fiaf.net\/diaf\/20-seminario-diaf-iscrizione\/\">Iscrizione<\/a><\/span>\u00a0\u00a0\u00a0\u00a0 <span style=\"text-decoration: underline\"><a style=\"color: #0000ff;text-decoration: underline\" href=\"https:\/\/fiaf.net\/diaf\/wp-content\/uploads\/sites\/26\/2016\/10\/Programma-Generale-20\u00b0-seminario-DiAF.pdf\">Programma<\/a><\/span>\u00a0 \u00a0\u00a0<span style=\"text-decoration: underline\"><a style=\"color: #0000ff;text-decoration: underline\" href=\"https:\/\/fiaf.net\/diaf\/wp-content\/uploads\/sites\/26\/2016\/10\/Programma-Proiezioni-20\u00b0-seminario-DiAF1.pdf\">Proiezioni<\/a><\/span>\u00a0 \u00a0 \u00a0<span style=\"text-decoration: underline\"><a style=\"color: #0000ff;text-decoration: underline\" href=\"https:\/\/fiaf.net\/diaf\/20-seminario-le-foto\/\">Le foto<\/a><\/span><\/strong><\/span><\/p>\n<h3 style=\"text-align: center\">Resort Poiano &#8211; Garda (VR)<\/h3>\n<h4 style=\"text-align: center\"><strong>\u00a028 &#8211; 30 Ottobre 2016<\/strong><\/h4>\n<p><a href=\"https:\/\/fiaf.net\/diaf\/wp-content\/uploads\/sites\/26\/2016\/07\/Logo_20seminario.jpg\"><img loading=\"lazy\" decoding=\"async\" class=\"wp-image-5006 alignleft\" src=\"https:\/\/fiaf.net\/diaf\/wp-content\/uploads\/sites\/26\/2016\/07\/Logo_20seminario-268x300.jpg\" alt=\"Logo_20seminario\" width=\"163\" height=\"183\" srcset=\"https:\/\/fiaf.net\/diaf\/wp-content\/uploads\/sites\/26\/2016\/07\/Logo_20seminario-268x300.jpg 268w, https:\/\/fiaf.net\/diaf\/wp-content\/uploads\/sites\/26\/2016\/07\/Logo_20seminario-914x1024.jpg 914w, https:\/\/fiaf.net\/diaf\/wp-content\/uploads\/sites\/26\/2016\/07\/Logo_20seminario-768x860.jpg 768w, https:\/\/fiaf.net\/diaf\/wp-content\/uploads\/sites\/26\/2016\/07\/Logo_20seminario-1371x1536.jpg 1371w, https:\/\/fiaf.net\/diaf\/wp-content\/uploads\/sites\/26\/2016\/07\/Logo_20seminario-1828x2048.jpg 1828w, https:\/\/fiaf.net\/diaf\/wp-content\/uploads\/sites\/26\/2016\/07\/Logo_20seminario.jpg 1997w\" sizes=\"auto, (max-width: 163px) 100vw, 163px\" \/><\/a><\/p>\n<p style=\"text-align: justify\">\u00a0<span style=\"color: #000000\">Carissimi,<\/span><br \/>\n<span style=\"color: #000000\">il nostro Seminario taglia il traguardo della ventesima edizione.<\/span><br \/>\n<span style=\"color: #000000\">Come da tradizione saremo ospiti del <strong>Circolo fotografico LO SCATTO di Garda<\/strong> e come sempre conteremo sull\u2019impareggiabile collaborazione tecnica di Ivano Maffezzoli.<\/span><br \/>\n<span style=\"color: #000000\">Vogliamo celebrare questo 20\u00b0 Seminario percorrendo, in una sorta di veloce revival, la storia del Dipartimento e del Seminario stesso alternando, durante le sessioni di proiezioni, audiovisivi di ultima generazione ad altri che hanno fatto la storia del DiAF.<\/span><br \/>\n<span style=\"color: #000000\">Come al solito il Seminario porter\u00e0 con s\u00e9 tante novit\u00e0 e sar\u00e0 denso di appuntamenti e di spazi di discussione aperti a tutti. Approfondiremo tematiche importanti come quella delle colonne sonore libere da diritto d\u2019autore ( <strong>Creative Commons<\/strong> ), ascolteremo con interesse la <strong>seconda parte della ricerca<\/strong> fatta dai prof. Gabriella Gandino e Massimo Santinello delle Facolt\u00e0 di Psicologia di Torino e Padova ed avremo la possibilit\u00e0 in tutti i tempi restanti di dibattere delle future attivit\u00e0 per un Dipartimento sempre pi\u00f9 vicino ai propri autori.<\/span><br \/>\n<span style=\"color: #000000\">Ovviamente nel programma definitivo del Seminario verranno inserite le <strong>premiazioni dei Premi Speciali del 10\u00b0 Circuito<\/strong> e dei<strong> vincitori della tappa di Garda<\/strong>.<\/span><\/p>\n<p style=\"text-align: justify\"><span style=\"color: #000000\">Vi ricordo che la prenotazione alberghiera dovr\u00e0 essere fatta contattando direttamente l\u2019albergo ai recapiti ed alle condizioni indicate nell\u2019allegato.<\/span><br \/>\n<span style=\"color: #000000\">La quota di partecipazione \u00e8 di \u20ac 20,00 ( 25 per i non soci FIAF ) e potr\u00e0 essere versata direttamente all\u2019atto della registrazione in segreteria che sar\u00e0 allestita presso la Sala Plenaria.<\/span><br \/>\n<span style=\"color: #000000\">Vi attendo quindi numerosi augurandovi sin d\u2019ora un piacevole soggiorno.<\/span><\/p>\n<p style=\"text-align: justify\"><span style=\"color: #000000\">Un caro saluto.<\/span><br \/>\n<span style=\"color: #000000\"><strong>Roberto Puato<\/strong><\/span><br \/>\n<span style=\"color: #000000\">Direttore Dipartimento DIAF<\/span><br \/>\n<span style=\"color: #000000\">Federazione Italiana Associazioni Fotografiche<\/span><\/p>\n<p style=\"text-align: justify\">\n\n    <div class=\"xs_social_share_widget xs_share_url after_content \t\tmain_content  wslu-style-1 wslu-share-box-shaped wslu-fill-colored wslu-none wslu-share-horizontal wslu-theme-font-no wslu-main_content\">\n\n\t\t\n        <ul>\n\t\t\t        <\/ul>\n    <\/div> \n","protected":false},"excerpt":{"rendered":"<p>Iscrizione\u00a0\u00a0\u00a0\u00a0 Programma\u00a0 \u00a0\u00a0Proiezioni\u00a0 \u00a0 \u00a0Le foto Resort Poiano &#8211; Garda (VR) \u00a028 &#8211; 30 Ottobre 2016 \u00a0Carissimi, il nostro Seminario &hellip;<\/p>\n","protected":false},"author":59,"featured_media":0,"parent":0,"menu_order":0,"comment_status":"closed","ping_status":"closed","template":"","meta":{"_acf_changed":false,"footnotes":""},"class_list":["post-5005","page","type-page","status-publish","hentry"],"acf":[],"_links":{"self":[{"href":"https:\/\/fiaf.net\/diaf\/wp-json\/wp\/v2\/pages\/5005","targetHints":{"allow":["GET"]}}],"collection":[{"href":"https:\/\/fiaf.net\/diaf\/wp-json\/wp\/v2\/pages"}],"about":[{"href":"https:\/\/fiaf.net\/diaf\/wp-json\/wp\/v2\/types\/page"}],"author":[{"embeddable":true,"href":"https:\/\/fiaf.net\/diaf\/wp-json\/wp\/v2\/users\/59"}],"replies":[{"embeddable":true,"href":"https:\/\/fiaf.net\/diaf\/wp-json\/wp\/v2\/comments?post=5005"}],"version-history":[{"count":0,"href":"https:\/\/fiaf.net\/diaf\/wp-json\/wp\/v2\/pages\/5005\/revisions"}],"wp:attachment":[{"href":"https:\/\/fiaf.net\/diaf\/wp-json\/wp\/v2\/media?parent=5005"}],"curies":[{"name":"wp","href":"https:\/\/api.w.org\/{rel}","templated":true}]}}