{"id":5178,"date":"2016-09-20T16:50:55","date_gmt":"2016-09-20T14:50:55","guid":{"rendered":"https:\/\/fiaf.net\/diaf\/?page_id=5178"},"modified":"2016-09-20T16:50:55","modified_gmt":"2016-09-20T14:50:55","slug":"20-seminario-diaf-iscrizione","status":"publish","type":"page","link":"https:\/\/fiaf.net\/diaf\/20-seminario-diaf-iscrizione\/","title":{"rendered":"20\u00b0 Seminario DiAF &#8211; Iscrizione"},"content":{"rendered":"<div style=\"text-align: center\" data-canvas-width=\"23.27466666666667\">\n<hr \/>\n<p style=\"text-align: right\" data-canvas-width=\"40.081066666666665\"><span style=\"text-decoration: underline;color: #000080\"><strong><a style=\"color: #000080;text-decoration: underline\" href=\"https:\/\/fiaf.net\/diaf\/wp-content\/uploads\/sites\/26\/2016\/10\/Programma-Generale-20\u00b0-seminario-DiAF.pdf\">Programma<\/a><\/strong><\/span><strong>\u00a0\u00a0\u00a0 <\/strong><span style=\"text-decoration: underline;color: #000080\"><strong><a style=\"color: #000080;text-decoration: underline\" href=\"https:\/\/fiaf.net\/diaf\/wp-content\/uploads\/sites\/26\/2016\/10\/Programma-Proiezioni-20\u00b0-seminario-DiAF1.pdf\">Proiezioni<\/a><\/strong><\/span><\/p>\n<h3 data-canvas-width=\"40.081066666666665\"><span style=\"color: #000000\"><strong>Garda (VR) 28 &#8211; 29 &#8211; 30 Ottobre\u00a02016<\/strong><\/span><\/h3>\n<\/div>\n<h4 style=\"text-align: center\" data-canvas-width=\"81.20746666666668\"><span style=\"color: #000000\"><strong>Sala\u00a0Plenaria &#8211; Hotel Poiano Resort<\/strong><\/span><\/h4>\n<hr \/>\n<p style=\"text-align: center\"><strong><span style=\"color: #000000\">Ogni iscritto al Seminario potr\u00e0 presentare un solo audiovisivo digitale inedito cio\u00e8 mai presentato in concorsi e circuito DiAF oppure opere gi\u00e0 presentate a concorsi che non abbiano ricevuto recensioni dalle Giurie.<\/span><\/strong><\/p>\n<p style=\"text-align: center\"><span style=\"color: #000000\"><strong>Durata massima 8 minuti<\/strong><\/span><\/p>\n<p style=\"text-align: center\"><span style=\"color: #000000\"><strong>Saranno programmate 3 sessioni di proiezione<\/strong><\/span><br \/>\n<span style=\"color: #000000\"><strong> venerd\u00ec 28 sera e sabato 29 mattina e sera<\/strong><\/span><br \/>\n<span style=\"color: #ff0000\"> Termine ultimo per la presentazione degli lavori sar\u00e0 il <strong>15 Ottobre 2016<\/strong>.<\/span><br \/>\n<span style=\"color: #ff0000\"> Si raccomanda di rispettare le date di consegna previste.<\/span><\/p>\n<hr \/>\n<p style=\"text-align: justify\"><span style=\"color: #000000\">\n\t\t<div class=\"box shadow  \">\n\t\t\t<div class=\"box-inner-block\">\n\t\t\t\t<span class=\"fa tie-shortcode-boxicon\"><\/span> Nel caso in cui si rendesse necessario limitare il numero dei lavori da proiettare far\u00e0 fede la data di ricevimento. Non saranno ammessi alla proiezione lavori presentati in assenza dell\u2019Autore. <\/span><\/p>\n<p style=\"text-align: justify\"><span style=\"color: #000000\">E\u2019 tassativo compilare in tutte le sue parti la scheda DiAF di identificazione AV dell\u2019audiovisivo, scaricabile dal sito <span style=\"color: #000080\"><a style=\"color: #000080\" href=\"https:\/\/fiaf.net\/diaf\/modulistica\/\">www.fiaf.net\/diaf\/modulistica<\/a><\/span>. <\/span><\/p>\n<p style=\"text-align: justify\"><span style=\"color: #000000\">Le opere\u00a0da proiettare, unitamente alla scheda identificativa, dovranno essere inviate o a mezzo posta presso la Segreteria FIAF corso San Martino 8 &#8211; 10122 &#8211; Torino o a mezzo internet (via wetransfer, dropbox o similari) all\u2019indirizzo <a href=\"mailto:segreteria.diaf@gmail.com\">segreteria.diaf@gmail.com<\/a> <\/span><\/p>\n<p style=\"text-align: justify\"><span style=\"color: #000000\"><strong>Le opere potranno poi essere inviate alla prossima 11\u00b0 edizione del Circuito.<\/strong>\n\t\t\t<\/div>\n\t\t<\/div>\n\t <\/span><\/p>\n<p style=\"text-align: left\"><span style=\"color: #000000\">\n\t\t<div class=\"box info  \">\n\t\t\t<div class=\"box-inner-block\">\n\t\t\t\t<span class=\"fa tie-shortcode-boxicon\"><\/span> Per informazioni relative al Seminario rivolgersi a: <\/span><\/p>\n<p style=\"text-align: left\"><span style=\"color: #000000\">Laura Mosso \u2013 cell. 339.7766035 \u2013 <a href=\"mailto:l.mosso@fastwebnet.it\">l.mosso@fastwebnet.it<\/a> <\/span><\/p>\n<p style=\"text-align: left\"><span style=\"color: #000000\">Roberto Puato \u2013 Cell. 333.4655513 &#8211; 335.6115680 &#8211; <a href=\"mailto:roberto.puato@fiaf.net\">roberto.puato@fiaf.net<\/a>\n\t\t\t<\/div>\n\t\t<\/div>\n\t <\/span><\/p>\n<p style=\"text-align: left\">\n\t\t<div class=\"box info  \">\n\t\t\t<div class=\"box-inner-block\">\n\t\t\t\t<span class=\"fa tie-shortcode-boxicon\"><\/span> <strong>Per informazioni relative al soggiorno presso l&#8217;Hotel Poiano\u00a0<\/strong><span style=\"color: #000000\">rivolgersi a: Reception Hotel \u2013 Tel. 045 7200100 \u2013<\/span> <a href=\"mailto:conference@poiano.com\">conference@poiano.com<\/a><\/p>\n<p style=\"text-align: left\"><strong>NOTA BENE:<\/strong> <strong>La prenotazione alberghiera dovr\u00e0 essere fatta direttamente all\u2019Albergo.<\/strong><\/p>\n<p style=\"text-align: left\"><strong>Allegato:<\/strong> <a href=\"https:\/\/fiaf.net\/diaf\/wp-content\/uploads\/sites\/26\/2016\/09\/Allegato-Offerta-Poiano-26-08-2016-1.pdf\"><span style=\"color: #333399\">Lettera di convenzione Hotel Poiano\u00a0con i prezzi del soggiorno<\/span>.<\/a>\n\t\t\t<\/div>\n\t\t<\/div>\n\t\n<p><strong>Scarica il:\u00a0 <span style=\"text-decoration: underline;color: #000080\"><a style=\"color: #000080;text-decoration: underline\" href=\"https:\/\/fiaf.net\/diaf\/wp-content\/uploads\/sites\/26\/2016\/09\/Regolamento-20\u00b0-seminario-DiAF.pdf\">Regolamento 20\u00b0 Seminario<\/a><\/span><\/strong><br \/>\n<strong>Scarica il:<\/strong>\u00a0<span style=\"text-decoration: underline;color: #000080\"><strong><a style=\"color: #000080;text-decoration: underline\" href=\"https:\/\/fiaf.net\/diaf\/wp-content\/uploads\/2016\/10\/Programma-Generale-20%C2%B0-seminario-DiAF.pdf\">Programma 20\u00b0 Seminario<\/a><\/strong><\/span><br \/>\n<strong><a href=\"https:\/\/fiaf.net\/diaf\/wp-content\/uploads\/sites\/26\/2015\/09\/Offerta-Hotel.pdf\" target=\"_blank\" rel=\"noopener\"><em><br \/>\n<\/em><\/a><\/strong><\/p>\n\n    <div class=\"xs_social_share_widget xs_share_url after_content \t\tmain_content  wslu-style-1 wslu-share-box-shaped wslu-fill-colored wslu-none wslu-share-horizontal wslu-theme-font-no wslu-main_content\">\n\n\t\t\n        <ul>\n\t\t\t        <\/ul>\n    <\/div> \n","protected":false},"excerpt":{"rendered":"<p>Programma\u00a0\u00a0\u00a0 Proiezioni Garda (VR) 28 &#8211; 29 &#8211; 30 Ottobre\u00a02016 Sala\u00a0Plenaria &#8211; Hotel Poiano Resort Ogni iscritto al Seminario potr\u00e0 &hellip;<\/p>\n","protected":false},"author":59,"featured_media":0,"parent":0,"menu_order":0,"comment_status":"closed","ping_status":"closed","template":"","meta":{"_acf_changed":false,"footnotes":""},"class_list":["post-5178","page","type-page","status-publish","hentry"],"acf":[],"_links":{"self":[{"href":"https:\/\/fiaf.net\/diaf\/wp-json\/wp\/v2\/pages\/5178","targetHints":{"allow":["GET"]}}],"collection":[{"href":"https:\/\/fiaf.net\/diaf\/wp-json\/wp\/v2\/pages"}],"about":[{"href":"https:\/\/fiaf.net\/diaf\/wp-json\/wp\/v2\/types\/page"}],"author":[{"embeddable":true,"href":"https:\/\/fiaf.net\/diaf\/wp-json\/wp\/v2\/users\/59"}],"replies":[{"embeddable":true,"href":"https:\/\/fiaf.net\/diaf\/wp-json\/wp\/v2\/comments?post=5178"}],"version-history":[{"count":0,"href":"https:\/\/fiaf.net\/diaf\/wp-json\/wp\/v2\/pages\/5178\/revisions"}],"wp:attachment":[{"href":"https:\/\/fiaf.net\/diaf\/wp-json\/wp\/v2\/media?parent=5178"}],"curies":[{"name":"wp","href":"https:\/\/api.w.org\/{rel}","templated":true}]}}