{"id":5203,"date":"2016-09-25T17:52:14","date_gmt":"2016-09-25T15:52:14","guid":{"rendered":"https:\/\/fiaf.net\/diaf\/?page_id=5203"},"modified":"2016-09-25T17:52:14","modified_gmt":"2016-09-25T15:52:14","slug":"17-fotoconfronti-bibbiena-2016","status":"publish","type":"page","link":"https:\/\/fiaf.net\/diaf\/17-fotoconfronti-bibbiena-2016\/","title":{"rendered":"17\u00b0 Fotoconfronti &#8211; Bibbiena 2016"},"content":{"rendered":"<hr \/>\n<p>&nbsp;<\/p>\n\n\t\t<div class=\"box shadow  \">\n\t\t\t<div class=\"box-inner-block\">\n\t\t\t\t<span class=\"fa tie-shortcode-boxicon\"><\/span> LE PAROLE DEL DIRETTORE DiAF<\/p>\n<p><a href=\"https:\/\/fiaf.net\/diaf\/wp-content\/uploads\/sites\/26\/2016\/09\/IMG_3038-ok.jpg\"><img loading=\"lazy\" decoding=\"async\" class=\"wp-image-5205 alignleft\" src=\"https:\/\/fiaf.net\/diaf\/wp-content\/uploads\/sites\/26\/2016\/09\/IMG_3038-ok-300x200.jpg\" alt=\"img_3038-ok\" width=\"150\" height=\"100\" srcset=\"https:\/\/fiaf.net\/diaf\/wp-content\/uploads\/sites\/26\/2016\/09\/IMG_3038-ok-300x200.jpg 300w, https:\/\/fiaf.net\/diaf\/wp-content\/uploads\/sites\/26\/2016\/09\/IMG_3038-ok-1024x683.jpg 1024w, https:\/\/fiaf.net\/diaf\/wp-content\/uploads\/sites\/26\/2016\/09\/IMG_3038-ok-768x512.jpg 768w, https:\/\/fiaf.net\/diaf\/wp-content\/uploads\/sites\/26\/2016\/09\/IMG_3038-ok-1536x1024.jpg 1536w, https:\/\/fiaf.net\/diaf\/wp-content\/uploads\/sites\/26\/2016\/09\/IMG_3038-ok-2048x1366.jpg 2048w\" sizes=\"auto, (max-width: 150px) 100vw, 150px\" \/><\/a><span style=\"color: #000000\">Nella splendida cornice del Teatro Dovizi di Bibbiena si \u00e8 celebrato sabato 17 settembre 2016 il Decennale del Circuito Nazionale Audiovisivi.<\/span><\/p>\n<p><span style=\"color: #000000\">L\u2019inserimento di questa celebrazione all\u2019interno del programma della manifestazione \u201cFotoConfronti\u201d e della \u201c5\u00b0 Biennale dei Giovani Fotografi Italiani\u201d ha consentito al nostro Dipartimento di poter usufruire di una platea numerosa ed interessata fatta di tanti fotoamatori che partecipavano alla tappa di Bibbiena del Circuito Portfolio Italia e dei giovani artisti che hanno esposto le loro opere nelle numerose mostre; ne \u00e8 scaturita una giornata memorabile per la celebrazione stessa e per la soddisfazione degli autori premiati presenti.<\/span><\/p>\n<p><span style=\"color: #000000\">In futuro il nostro Dipartimento dovr\u00e0 farsi conoscere ed apprezzare sempre di pi\u00f9 nel mondo FIAF cogliendo tali occasioni di visibilit\u00e0 e di crescita, coinvolgendo in particolare nelle proprie iniziative l\u2019enorme potenziale dei giovani, dalle realt\u00e0 scolastiche di base fino agli allievi delle Accademie di Belle Arti come quelli che abbiamo conosciuto proprio a Bibbiena.<\/span><\/p>\n\n\t\t\t<\/div>\n\t\t<\/div>\n\t\n<p style=\"text-align: center\">Premiazione di Paolo Cambi, vincitore del 10\u00b0 Circuito Nazionale 2016<\/p>\n<p><a href=\"https:\/\/fiaf.net\/diaf\/wp-content\/uploads\/sites\/26\/2016\/09\/IMG_3068-ok-ok.jpg\"><img loading=\"lazy\" decoding=\"async\" class=\"size-medium wp-image-5210 aligncenter\" src=\"https:\/\/fiaf.net\/diaf\/wp-content\/uploads\/sites\/26\/2016\/09\/IMG_3068-ok-ok-300x227.jpg\" alt=\"img_3068-ok-ok\" width=\"300\" height=\"227\" srcset=\"https:\/\/fiaf.net\/diaf\/wp-content\/uploads\/sites\/26\/2016\/09\/IMG_3068-ok-ok-300x227.jpg 300w, https:\/\/fiaf.net\/diaf\/wp-content\/uploads\/sites\/26\/2016\/09\/IMG_3068-ok-ok-1024x773.jpg 1024w, https:\/\/fiaf.net\/diaf\/wp-content\/uploads\/sites\/26\/2016\/09\/IMG_3068-ok-ok-768x580.jpg 768w, https:\/\/fiaf.net\/diaf\/wp-content\/uploads\/sites\/26\/2016\/09\/IMG_3068-ok-ok-1536x1160.jpg 1536w, https:\/\/fiaf.net\/diaf\/wp-content\/uploads\/sites\/26\/2016\/09\/IMG_3068-ok-ok.jpg 1920w\" sizes=\"auto, (max-width: 300px) 100vw, 300px\" \/><\/a><\/p>\n<p><a href=\"https:\/\/fiaf.net\/diaf\/wp-content\/uploads\/sites\/26\/2016\/09\/IMG_3069-OK-ok.jpg\"><img loading=\"lazy\" decoding=\"async\" class=\"aligncenter size-medium wp-image-5211\" src=\"https:\/\/fiaf.net\/diaf\/wp-content\/uploads\/sites\/26\/2016\/09\/IMG_3069-OK-ok-300x213.jpg\" alt=\"img_3069-ok-ok\" width=\"300\" height=\"213\" srcset=\"https:\/\/fiaf.net\/diaf\/wp-content\/uploads\/sites\/26\/2016\/09\/IMG_3069-OK-ok-300x213.jpg 300w, https:\/\/fiaf.net\/diaf\/wp-content\/uploads\/sites\/26\/2016\/09\/IMG_3069-OK-ok-1024x726.jpg 1024w, https:\/\/fiaf.net\/diaf\/wp-content\/uploads\/sites\/26\/2016\/09\/IMG_3069-OK-ok-768x544.jpg 768w, https:\/\/fiaf.net\/diaf\/wp-content\/uploads\/sites\/26\/2016\/09\/IMG_3069-OK-ok-1536x1089.jpg 1536w, https:\/\/fiaf.net\/diaf\/wp-content\/uploads\/sites\/26\/2016\/09\/IMG_3069-OK-ok.jpg 1920w\" sizes=\"auto, (max-width: 300px) 100vw, 300px\" \/><\/a><\/p>\n<p style=\"text-align: center\">L&#8217;intervento del Presidente FIAF Roberto Rossi<\/p>\n<p style=\"text-align: center\"><a href=\"https:\/\/fiaf.net\/diaf\/wp-content\/uploads\/sites\/26\/2016\/09\/IMG_3049-ok-ok.jpg\"><img loading=\"lazy\" decoding=\"async\" class=\"aligncenter size-medium wp-image-5208\" src=\"https:\/\/fiaf.net\/diaf\/wp-content\/uploads\/sites\/26\/2016\/09\/IMG_3049-ok-ok-300x200.jpg\" alt=\"img_3049-ok-ok\" width=\"300\" height=\"200\" srcset=\"https:\/\/fiaf.net\/diaf\/wp-content\/uploads\/sites\/26\/2016\/09\/IMG_3049-ok-ok-300x200.jpg 300w, https:\/\/fiaf.net\/diaf\/wp-content\/uploads\/sites\/26\/2016\/09\/IMG_3049-ok-ok-1024x683.jpg 1024w, https:\/\/fiaf.net\/diaf\/wp-content\/uploads\/sites\/26\/2016\/09\/IMG_3049-ok-ok-768x512.jpg 768w, https:\/\/fiaf.net\/diaf\/wp-content\/uploads\/sites\/26\/2016\/09\/IMG_3049-ok-ok-1536x1024.jpg 1536w, https:\/\/fiaf.net\/diaf\/wp-content\/uploads\/sites\/26\/2016\/09\/IMG_3049-ok-ok.jpg 1920w\" sizes=\"auto, (max-width: 300px) 100vw, 300px\" \/><\/a><\/p>\n<p>&nbsp;<\/p>\n<p style=\"text-align: center\"><a href=\"https:\/\/fiaf.net\/diaf\/wp-content\/uploads\/sites\/26\/2016\/09\/IMG_3074-ok-ok.jpg\"><img loading=\"lazy\" decoding=\"async\" class=\"aligncenter wp-image-5212\" src=\"https:\/\/fiaf.net\/diaf\/wp-content\/uploads\/sites\/26\/2016\/09\/IMG_3074-ok-ok-1024x683.jpg\" alt=\"img_3074-ok-ok\" width=\"480\" height=\"320\" srcset=\"https:\/\/fiaf.net\/diaf\/wp-content\/uploads\/sites\/26\/2016\/09\/IMG_3074-ok-ok-1024x683.jpg 1024w, https:\/\/fiaf.net\/diaf\/wp-content\/uploads\/sites\/26\/2016\/09\/IMG_3074-ok-ok-300x200.jpg 300w, https:\/\/fiaf.net\/diaf\/wp-content\/uploads\/sites\/26\/2016\/09\/IMG_3074-ok-ok-768x512.jpg 768w, https:\/\/fiaf.net\/diaf\/wp-content\/uploads\/sites\/26\/2016\/09\/IMG_3074-ok-ok-1536x1024.jpg 1536w, https:\/\/fiaf.net\/diaf\/wp-content\/uploads\/sites\/26\/2016\/09\/IMG_3074-ok-ok.jpg 1920w\" sizes=\"auto, (max-width: 480px) 100vw, 480px\" \/><\/a><\/p>\n<p>&nbsp;<\/p>\n<p style=\"text-align: center\">Intervento di Fulvio Merlak<\/p>\n<p style=\"text-align: center\"><a href=\"https:\/\/fiaf.net\/diaf\/wp-content\/uploads\/sites\/26\/2016\/09\/IMG_3062-ok-ok.jpg\"><img loading=\"lazy\" decoding=\"async\" class=\"aligncenter size-medium wp-image-5209\" src=\"https:\/\/fiaf.net\/diaf\/wp-content\/uploads\/sites\/26\/2016\/09\/IMG_3062-ok-ok-300x224.jpg\" alt=\"img_3062-ok-ok\" width=\"300\" height=\"224\" srcset=\"https:\/\/fiaf.net\/diaf\/wp-content\/uploads\/sites\/26\/2016\/09\/IMG_3062-ok-ok-300x224.jpg 300w, https:\/\/fiaf.net\/diaf\/wp-content\/uploads\/sites\/26\/2016\/09\/IMG_3062-ok-ok-1024x766.jpg 1024w, https:\/\/fiaf.net\/diaf\/wp-content\/uploads\/sites\/26\/2016\/09\/IMG_3062-ok-ok-768x574.jpg 768w, https:\/\/fiaf.net\/diaf\/wp-content\/uploads\/sites\/26\/2016\/09\/IMG_3062-ok-ok-1536x1149.jpg 1536w, https:\/\/fiaf.net\/diaf\/wp-content\/uploads\/sites\/26\/2016\/09\/IMG_3062-ok-ok.jpg 1920w\" sizes=\"auto, (max-width: 300px) 100vw, 300px\" \/><\/a><\/p>\n<p style=\"text-align: center\">Momenti\u00a0della lettura di Audiovisivi &#8211; AV Lab<\/p>\n<p style=\"text-align: center\"><a href=\"https:\/\/fiaf.net\/diaf\/wp-content\/uploads\/sites\/26\/2016\/09\/IMG_3045-ok-ok.jpg\"><img loading=\"lazy\" decoding=\"async\" class=\"aligncenter size-medium wp-image-5207\" src=\"https:\/\/fiaf.net\/diaf\/wp-content\/uploads\/sites\/26\/2016\/09\/IMG_3045-ok-ok-300x200.jpg\" alt=\"img_3045-ok-ok\" width=\"300\" height=\"200\" srcset=\"https:\/\/fiaf.net\/diaf\/wp-content\/uploads\/sites\/26\/2016\/09\/IMG_3045-ok-ok-300x200.jpg 300w, https:\/\/fiaf.net\/diaf\/wp-content\/uploads\/sites\/26\/2016\/09\/IMG_3045-ok-ok-1024x683.jpg 1024w, https:\/\/fiaf.net\/diaf\/wp-content\/uploads\/sites\/26\/2016\/09\/IMG_3045-ok-ok-768x512.jpg 768w, https:\/\/fiaf.net\/diaf\/wp-content\/uploads\/sites\/26\/2016\/09\/IMG_3045-ok-ok-1536x1024.jpg 1536w, https:\/\/fiaf.net\/diaf\/wp-content\/uploads\/sites\/26\/2016\/09\/IMG_3045-ok-ok.jpg 1920w\" sizes=\"auto, (max-width: 300px) 100vw, 300px\" \/><\/a><\/p>\n<p style=\"text-align: center\">\n<p style=\"text-align: center\"><a href=\"https:\/\/fiaf.net\/diaf\/wp-content\/uploads\/sites\/26\/2016\/09\/7R4A6195.jpg\"><img loading=\"lazy\" decoding=\"async\" class=\"aligncenter size-medium wp-image-5274\" src=\"https:\/\/fiaf.net\/diaf\/wp-content\/uploads\/sites\/26\/2016\/09\/7R4A6195-300x200.jpg\" alt=\"7r4a6195\" width=\"300\" height=\"200\" srcset=\"https:\/\/fiaf.net\/diaf\/wp-content\/uploads\/sites\/26\/2016\/09\/7R4A6195-300x200.jpg 300w, https:\/\/fiaf.net\/diaf\/wp-content\/uploads\/sites\/26\/2016\/09\/7R4A6195-768x512.jpg 768w, https:\/\/fiaf.net\/diaf\/wp-content\/uploads\/sites\/26\/2016\/09\/7R4A6195.jpg 1024w\" sizes=\"auto, (max-width: 300px) 100vw, 300px\" \/><\/a><\/p>\n<p style=\"text-align: center\">\n<p style=\"text-align: center\"><a href=\"https:\/\/fiaf.net\/diaf\/wp-content\/uploads\/sites\/26\/2016\/09\/7R4A6203.jpg\"><img loading=\"lazy\" decoding=\"async\" class=\"aligncenter size-medium wp-image-5260\" src=\"https:\/\/fiaf.net\/diaf\/wp-content\/uploads\/sites\/26\/2016\/09\/7R4A6203-300x200.jpg\" alt=\"7r4a6203\" width=\"300\" height=\"200\" srcset=\"https:\/\/fiaf.net\/diaf\/wp-content\/uploads\/sites\/26\/2016\/09\/7R4A6203-300x200.jpg 300w, https:\/\/fiaf.net\/diaf\/wp-content\/uploads\/sites\/26\/2016\/09\/7R4A6203-768x512.jpg 768w, https:\/\/fiaf.net\/diaf\/wp-content\/uploads\/sites\/26\/2016\/09\/7R4A6203.jpg 1024w\" sizes=\"auto, (max-width: 300px) 100vw, 300px\" \/><\/a><\/p>\n<p style=\"text-align: center\">\n<p style=\"text-align: center\"><a href=\"https:\/\/fiaf.net\/diaf\/wp-content\/uploads\/sites\/26\/2016\/09\/7R4A6202.jpg\"><img loading=\"lazy\" decoding=\"async\" class=\"aligncenter size-medium wp-image-5259\" src=\"https:\/\/fiaf.net\/diaf\/wp-content\/uploads\/sites\/26\/2016\/09\/7R4A6202-300x200.jpg\" alt=\"7r4a6202\" width=\"300\" height=\"200\" srcset=\"https:\/\/fiaf.net\/diaf\/wp-content\/uploads\/sites\/26\/2016\/09\/7R4A6202-300x200.jpg 300w, https:\/\/fiaf.net\/diaf\/wp-content\/uploads\/sites\/26\/2016\/09\/7R4A6202-768x512.jpg 768w, https:\/\/fiaf.net\/diaf\/wp-content\/uploads\/sites\/26\/2016\/09\/7R4A6202.jpg 1024w\" sizes=\"auto, (max-width: 300px) 100vw, 300px\" \/><\/a><\/p>\n<p style=\"text-align: center\">\n<p style=\"text-align: center\"><a href=\"https:\/\/fiaf.net\/diaf\/wp-content\/uploads\/sites\/26\/2016\/09\/7R4A6200.jpg\"><img loading=\"lazy\" decoding=\"async\" class=\"aligncenter size-medium wp-image-5275\" src=\"https:\/\/fiaf.net\/diaf\/wp-content\/uploads\/sites\/26\/2016\/09\/7R4A6200-300x206.jpg\" alt=\"7r4a6200\" width=\"300\" height=\"206\" srcset=\"https:\/\/fiaf.net\/diaf\/wp-content\/uploads\/sites\/26\/2016\/09\/7R4A6200-300x206.jpg 300w, https:\/\/fiaf.net\/diaf\/wp-content\/uploads\/sites\/26\/2016\/09\/7R4A6200-768x527.jpg 768w, https:\/\/fiaf.net\/diaf\/wp-content\/uploads\/sites\/26\/2016\/09\/7R4A6200-220x150.jpg 220w, https:\/\/fiaf.net\/diaf\/wp-content\/uploads\/sites\/26\/2016\/09\/7R4A6200.jpg 1024w\" sizes=\"auto, (max-width: 300px) 100vw, 300px\" \/><\/a><\/p>\n<p style=\"text-align: center\">\n<p style=\"text-align: center\"><a href=\"https:\/\/fiaf.net\/diaf\/wp-content\/uploads\/sites\/26\/2016\/09\/7R4A6267-ok.jpg\"><img loading=\"lazy\" decoding=\"async\" class=\"aligncenter size-medium wp-image-5270\" src=\"https:\/\/fiaf.net\/diaf\/wp-content\/uploads\/sites\/26\/2016\/09\/7R4A6267-ok-300x197.jpg\" alt=\"7r4a6267-ok\" width=\"300\" height=\"197\" srcset=\"https:\/\/fiaf.net\/diaf\/wp-content\/uploads\/sites\/26\/2016\/09\/7R4A6267-ok-300x197.jpg 300w, https:\/\/fiaf.net\/diaf\/wp-content\/uploads\/sites\/26\/2016\/09\/7R4A6267-ok.jpg 624w\" sizes=\"auto, (max-width: 300px) 100vw, 300px\" \/><\/a><\/p>\n<p style=\"text-align: center\">\n<p style=\"text-align: center\"><a href=\"https:\/\/fiaf.net\/diaf\/wp-content\/uploads\/sites\/26\/2016\/09\/7R4A6224.jpg\"><img loading=\"lazy\" decoding=\"async\" class=\"aligncenter size-medium wp-image-5264\" src=\"https:\/\/fiaf.net\/diaf\/wp-content\/uploads\/sites\/26\/2016\/09\/7R4A6224-300x200.jpg\" alt=\"7r4a6224\" width=\"300\" height=\"200\" srcset=\"https:\/\/fiaf.net\/diaf\/wp-content\/uploads\/sites\/26\/2016\/09\/7R4A6224-300x200.jpg 300w, https:\/\/fiaf.net\/diaf\/wp-content\/uploads\/sites\/26\/2016\/09\/7R4A6224-768x512.jpg 768w, https:\/\/fiaf.net\/diaf\/wp-content\/uploads\/sites\/26\/2016\/09\/7R4A6224.jpg 1024w\" sizes=\"auto, (max-width: 300px) 100vw, 300px\" \/><\/a><\/p>\n<p style=\"text-align: center\">\n<p style=\"text-align: center\"><a href=\"https:\/\/fiaf.net\/diaf\/wp-content\/uploads\/sites\/26\/2016\/09\/7R4A6221.jpg\"><img loading=\"lazy\" decoding=\"async\" class=\"aligncenter size-medium wp-image-5263\" src=\"https:\/\/fiaf.net\/diaf\/wp-content\/uploads\/sites\/26\/2016\/09\/7R4A6221-300x206.jpg\" alt=\"7r4a6221\" width=\"300\" height=\"206\" srcset=\"https:\/\/fiaf.net\/diaf\/wp-content\/uploads\/sites\/26\/2016\/09\/7R4A6221-300x206.jpg 300w, https:\/\/fiaf.net\/diaf\/wp-content\/uploads\/sites\/26\/2016\/09\/7R4A6221-768x528.jpg 768w, https:\/\/fiaf.net\/diaf\/wp-content\/uploads\/sites\/26\/2016\/09\/7R4A6221-220x150.jpg 220w, https:\/\/fiaf.net\/diaf\/wp-content\/uploads\/sites\/26\/2016\/09\/7R4A6221.jpg 1024w\" sizes=\"auto, (max-width: 300px) 100vw, 300px\" \/><\/a><\/p>\n<p style=\"text-align: center\">\n<p style=\"text-align: center\"><a href=\"https:\/\/fiaf.net\/diaf\/wp-content\/uploads\/sites\/26\/2016\/09\/7R4A6257.jpg\"><img loading=\"lazy\" decoding=\"async\" class=\"aligncenter size-medium wp-image-5268\" src=\"https:\/\/fiaf.net\/diaf\/wp-content\/uploads\/sites\/26\/2016\/09\/7R4A6257-300x200.jpg\" alt=\"7r4a6257\" width=\"300\" height=\"200\" srcset=\"https:\/\/fiaf.net\/diaf\/wp-content\/uploads\/sites\/26\/2016\/09\/7R4A6257-300x200.jpg 300w, https:\/\/fiaf.net\/diaf\/wp-content\/uploads\/sites\/26\/2016\/09\/7R4A6257-768x512.jpg 768w, https:\/\/fiaf.net\/diaf\/wp-content\/uploads\/sites\/26\/2016\/09\/7R4A6257.jpg 1024w\" sizes=\"auto, (max-width: 300px) 100vw, 300px\" \/><\/a><\/p>\n<p style=\"text-align: center\">\n<p style=\"text-align: center\"><a href=\"https:\/\/fiaf.net\/diaf\/wp-content\/uploads\/sites\/26\/2016\/09\/7R4A6232.jpg\"><img loading=\"lazy\" decoding=\"async\" class=\"aligncenter size-medium wp-image-5265\" src=\"https:\/\/fiaf.net\/diaf\/wp-content\/uploads\/sites\/26\/2016\/09\/7R4A6232-300x200.jpg\" alt=\"7r4a6232\" width=\"300\" height=\"200\" srcset=\"https:\/\/fiaf.net\/diaf\/wp-content\/uploads\/sites\/26\/2016\/09\/7R4A6232-300x200.jpg 300w, https:\/\/fiaf.net\/diaf\/wp-content\/uploads\/sites\/26\/2016\/09\/7R4A6232-768x512.jpg 768w, https:\/\/fiaf.net\/diaf\/wp-content\/uploads\/sites\/26\/2016\/09\/7R4A6232.jpg 1024w\" sizes=\"auto, (max-width: 300px) 100vw, 300px\" \/><\/a><\/p>\n<p style=\"text-align: center\">\n<p style=\"text-align: center\"><a href=\"https:\/\/fiaf.net\/diaf\/wp-content\/uploads\/sites\/26\/2016\/09\/7R4A6246.jpg\"><img loading=\"lazy\" decoding=\"async\" class=\"aligncenter size-medium wp-image-5267\" src=\"https:\/\/fiaf.net\/diaf\/wp-content\/uploads\/sites\/26\/2016\/09\/7R4A6246-300x200.jpg\" alt=\"7r4a6246\" width=\"300\" height=\"200\" srcset=\"https:\/\/fiaf.net\/diaf\/wp-content\/uploads\/sites\/26\/2016\/09\/7R4A6246-300x200.jpg 300w, https:\/\/fiaf.net\/diaf\/wp-content\/uploads\/sites\/26\/2016\/09\/7R4A6246-768x512.jpg 768w, https:\/\/fiaf.net\/diaf\/wp-content\/uploads\/sites\/26\/2016\/09\/7R4A6246.jpg 1024w\" sizes=\"auto, (max-width: 300px) 100vw, 300px\" \/><\/a><\/p>\n<p style=\"text-align: center\">\n<p style=\"text-align: center\"><a href=\"https:\/\/fiaf.net\/diaf\/wp-content\/uploads\/sites\/26\/2016\/09\/7R4A6243.jpg\"><img loading=\"lazy\" decoding=\"async\" class=\"aligncenter size-medium wp-image-5266\" src=\"https:\/\/fiaf.net\/diaf\/wp-content\/uploads\/sites\/26\/2016\/09\/7R4A6243-300x200.jpg\" alt=\"7r4a6243\" width=\"300\" height=\"200\" srcset=\"https:\/\/fiaf.net\/diaf\/wp-content\/uploads\/sites\/26\/2016\/09\/7R4A6243-300x200.jpg 300w, https:\/\/fiaf.net\/diaf\/wp-content\/uploads\/sites\/26\/2016\/09\/7R4A6243-768x512.jpg 768w, https:\/\/fiaf.net\/diaf\/wp-content\/uploads\/sites\/26\/2016\/09\/7R4A6243.jpg 1024w\" sizes=\"auto, (max-width: 300px) 100vw, 300px\" \/><\/a><\/p>\n<p style=\"text-align: center\">\n<p style=\"text-align: center\"><a href=\"https:\/\/fiaf.net\/diaf\/wp-content\/uploads\/sites\/26\/2016\/09\/7R4A6257.jpg\"><img loading=\"lazy\" decoding=\"async\" class=\"aligncenter size-medium wp-image-5268\" src=\"https:\/\/fiaf.net\/diaf\/wp-content\/uploads\/sites\/26\/2016\/09\/7R4A6257-300x200.jpg\" alt=\"7r4a6257\" width=\"300\" height=\"200\" srcset=\"https:\/\/fiaf.net\/diaf\/wp-content\/uploads\/sites\/26\/2016\/09\/7R4A6257-300x200.jpg 300w, https:\/\/fiaf.net\/diaf\/wp-content\/uploads\/sites\/26\/2016\/09\/7R4A6257-768x512.jpg 768w, https:\/\/fiaf.net\/diaf\/wp-content\/uploads\/sites\/26\/2016\/09\/7R4A6257.jpg 1024w\" sizes=\"auto, (max-width: 300px) 100vw, 300px\" \/><\/a><\/p>\n<p style=\"text-align: center\">\n<p style=\"text-align: center\"><a href=\"https:\/\/fiaf.net\/diaf\/wp-content\/uploads\/sites\/26\/2016\/09\/7R4A6263.jpg\"><img loading=\"lazy\" decoding=\"async\" class=\"aligncenter size-medium wp-image-5269\" src=\"https:\/\/fiaf.net\/diaf\/wp-content\/uploads\/sites\/26\/2016\/09\/7R4A6263-300x200.jpg\" alt=\"7r4a6263\" width=\"300\" height=\"200\" srcset=\"https:\/\/fiaf.net\/diaf\/wp-content\/uploads\/sites\/26\/2016\/09\/7R4A6263-300x200.jpg 300w, https:\/\/fiaf.net\/diaf\/wp-content\/uploads\/sites\/26\/2016\/09\/7R4A6263-768x512.jpg 768w, https:\/\/fiaf.net\/diaf\/wp-content\/uploads\/sites\/26\/2016\/09\/7R4A6263.jpg 1024w\" sizes=\"auto, (max-width: 300px) 100vw, 300px\" \/><\/a><\/p>\n<p style=\"text-align: center\">\n<p style=\"text-align: center\"><a href=\"https:\/\/fiaf.net\/diaf\/wp-content\/uploads\/sites\/26\/2016\/09\/7R4A6217-ok.jpg\"><img loading=\"lazy\" decoding=\"async\" class=\"aligncenter size-medium wp-image-5261\" src=\"https:\/\/fiaf.net\/diaf\/wp-content\/uploads\/sites\/26\/2016\/09\/7R4A6217-ok-300x200.jpg\" alt=\"7r4a6217-ok\" width=\"300\" height=\"200\" srcset=\"https:\/\/fiaf.net\/diaf\/wp-content\/uploads\/sites\/26\/2016\/09\/7R4A6217-ok-300x200.jpg 300w, https:\/\/fiaf.net\/diaf\/wp-content\/uploads\/sites\/26\/2016\/09\/7R4A6217-ok-768x512.jpg 768w, https:\/\/fiaf.net\/diaf\/wp-content\/uploads\/sites\/26\/2016\/09\/7R4A6217-ok.jpg 1024w\" sizes=\"auto, (max-width: 300px) 100vw, 300px\" \/><\/a><\/p>\n<p style=\"text-align: center\">\n<p style=\"text-align: center\"><a href=\"https:\/\/fiaf.net\/diaf\/wp-content\/uploads\/sites\/26\/2016\/09\/7R4A6286.jpg\"><img loading=\"lazy\" decoding=\"async\" class=\"aligncenter size-medium wp-image-5273\" src=\"https:\/\/fiaf.net\/diaf\/wp-content\/uploads\/sites\/26\/2016\/09\/7R4A6286-300x200.jpg\" alt=\"7r4a6286\" width=\"300\" height=\"200\" srcset=\"https:\/\/fiaf.net\/diaf\/wp-content\/uploads\/sites\/26\/2016\/09\/7R4A6286-300x200.jpg 300w, https:\/\/fiaf.net\/diaf\/wp-content\/uploads\/sites\/26\/2016\/09\/7R4A6286-768x512.jpg 768w, https:\/\/fiaf.net\/diaf\/wp-content\/uploads\/sites\/26\/2016\/09\/7R4A6286.jpg 1024w\" sizes=\"auto, (max-width: 300px) 100vw, 300px\" \/><\/a><\/p>\n\n    <div class=\"xs_social_share_widget xs_share_url after_content \t\tmain_content  wslu-style-1 wslu-share-box-shaped wslu-fill-colored wslu-none wslu-share-horizontal wslu-theme-font-no wslu-main_content\">\n\n\t\t\n        <ul>\n\t\t\t        <\/ul>\n    <\/div> \n","protected":false},"excerpt":{"rendered":"<p>&nbsp; LE PAROLE DEL DIRETTORE DiAF Nella splendida cornice del Teatro Dovizi di Bibbiena si \u00e8 celebrato sabato 17 settembre &hellip;<\/p>\n","protected":false},"author":59,"featured_media":0,"parent":0,"menu_order":0,"comment_status":"closed","ping_status":"closed","template":"","meta":{"_acf_changed":false,"footnotes":""},"class_list":["post-5203","page","type-page","status-publish","hentry"],"acf":[],"_links":{"self":[{"href":"https:\/\/fiaf.net\/diaf\/wp-json\/wp\/v2\/pages\/5203","targetHints":{"allow":["GET"]}}],"collection":[{"href":"https:\/\/fiaf.net\/diaf\/wp-json\/wp\/v2\/pages"}],"about":[{"href":"https:\/\/fiaf.net\/diaf\/wp-json\/wp\/v2\/types\/page"}],"author":[{"embeddable":true,"href":"https:\/\/fiaf.net\/diaf\/wp-json\/wp\/v2\/users\/59"}],"replies":[{"embeddable":true,"href":"https:\/\/fiaf.net\/diaf\/wp-json\/wp\/v2\/comments?post=5203"}],"version-history":[{"count":0,"href":"https:\/\/fiaf.net\/diaf\/wp-json\/wp\/v2\/pages\/5203\/revisions"}],"wp:attachment":[{"href":"https:\/\/fiaf.net\/diaf\/wp-json\/wp\/v2\/media?parent=5203"}],"curies":[{"name":"wp","href":"https:\/\/api.w.org\/{rel}","templated":true}]}}