{"id":5672,"date":"2016-12-09T10:53:00","date_gmt":"2016-12-09T09:53:00","guid":{"rendered":"https:\/\/fiaf.net\/diaf\/?page_id=5672"},"modified":"2016-12-09T10:53:00","modified_gmt":"2016-12-09T09:53:00","slug":"ivano-bolondi-audiovisivi","status":"publish","type":"page","link":"https:\/\/fiaf.net\/diaf\/ivano-bolondi-audiovisivi\/","title":{"rendered":"Ivano Bolondi &#8211; Audiovisivi"},"content":{"rendered":"<hr \/>\n<p style=\"text-align: right\"><strong><span style=\"text-decoration: underline\"><span style=\"color: #000080\"><a style=\"color: #000080;text-decoration: underline\" href=\"https:\/\/fiaf.net\/diaf\/ivano-bolondi\/\">Biografia<\/a><\/span><\/span>\u00a0 \u00a0 \u00a0 Audiovisivi\u00a0\u00a0\u00a0 <span style=\"text-decoration: underline\"><span style=\"color: #000080\"><a style=\"color: #000080;text-decoration: underline\" href=\"https:\/\/fiaf.net\/diaf\/ivano-bolondi-riferimenti\/\">Riferimenti<\/a><\/span><\/span><\/strong><\/p>\n<table border=\"0\" cellpadding=\"5\">\n<tbody>\n<tr>\n<td valign=\"top\" width=\"425\"><\/td>\n<td><\/td>\n<td valign=\"top\" width=\"425\">\n<h4>\u00a0<span style=\"color: #000000\"><strong>COME IN UNA FAVOLA &#8230;<\/strong><\/span><\/h4>\n<p>La BIRMANIA\u00a0nella sua semplicit\u00e0 e nelle sue contraddizioni attraverso le immagini creative e poetiche di Ivano Bolondi.<\/p>\n<p>&#8220;Prevarremo perch\u00e8 la nostra causa \u00e8 giusta, perch\u00e8 la nostra causa \u00e8 fondata&#8230; La Storia \u00e8 dalla nostra parte, il Tempo \u00e8 dalla nostra parte. AUNG SAN SUU KYI premio Nobel per la pace<\/p>\n<p>&nbsp;<\/td>\n<\/tr>\n<\/tbody>\n<\/table>\n<p>&nbsp;<\/p>\n<table border=\"0\" cellpadding=\"5\">\n<tbody>\n<tr>\n<td valign=\"top\" width=\"425\"><\/td>\n<td><\/td>\n<td valign=\"top\" width=\"425\">\n<h4><strong>TRACCE NEL NULLA<\/strong><\/h4>\n<p>Anatole France dice:<br \/>\n\u201cIl Nulla \u00e8 un infinito che ci avvolge: veniamo di l\u00e0, e l\u00e0 torneremo.\u00a0Il Nulla \u00e8 un\u2019assurdit\u00e0 e una certezza.\u00a0Non si pu\u00f2 concepire, eppure \u00e8.\u201d<\/p>\n<p>Questo nulla \u00e8 rappresentato dal deserto, che nella sua purezza, nella sua\u00a0immensit\u00e0 e nella sua apparente immutabilit\u00e0 \u00e8 anche il simbolo dell\u2019infinito e\u00a0dell\u2019eterno.<br \/>\nPer questo i Tuareg, ancora oggi, insegnano che il deserto fu dato da Dio agli\u00a0uomini affinch\u00e9 vi ritrovassero la loro anima.<\/p>\n<p>Immagini scattate in Libia<\/td>\n<\/tr>\n<\/tbody>\n<\/table>\n<p>&nbsp;<\/p>\n<table border=\"0\" cellpadding=\"5\">\n<tbody>\n<tr>\n<td valign=\"top\" width=\"425\"><\/td>\n<td><\/td>\n<td valign=\"top\" width=\"425\">\n<h4><span style=\"color: #000000\"><strong>ATMOSFERE SOSPESE<\/strong><\/span><\/h4>\n<p>Uno sguardo libero da condizionamenti e confini che non guarda soltanto la realt\u00e0 per coglierne le forme, ma ne analizza i riflessi percepibili e metaforici, dati dalla sovrapposizione fra realt\u00e0 e sua immagine.<\/p>\n<p>Immagini di Ivano Bolondi<\/p>\n<p>Musica di Jon Hassel<\/p>\n<p>Ideazione e montaggio di Claudio Tuti<\/p>\n<p>2\u00b0 classificato al 8\u00b0 Circuito Nazionale Audiovisivi \u00a02014<\/td>\n<\/tr>\n<\/tbody>\n<\/table>\n<p>&nbsp;<\/p>\n\n    <div class=\"xs_social_share_widget xs_share_url after_content \t\tmain_content  wslu-style-1 wslu-share-box-shaped wslu-fill-colored wslu-none wslu-share-horizontal wslu-theme-font-no wslu-main_content\">\n\n\t\t\n        <ul>\n\t\t\t        <\/ul>\n    <\/div> \n","protected":false},"excerpt":{"rendered":"<p>Biografia\u00a0 \u00a0 \u00a0 Audiovisivi\u00a0\u00a0\u00a0 Riferimenti \u00a0COME IN UNA FAVOLA &#8230; La BIRMANIA\u00a0nella sua semplicit\u00e0 e nelle sue contraddizioni attraverso le &hellip;<\/p>\n","protected":false},"author":59,"featured_media":0,"parent":0,"menu_order":0,"comment_status":"closed","ping_status":"closed","template":"page-full.php","meta":{"_acf_changed":false,"footnotes":""},"class_list":["post-5672","page","type-page","status-publish","hentry"],"acf":[],"_links":{"self":[{"href":"https:\/\/fiaf.net\/diaf\/wp-json\/wp\/v2\/pages\/5672","targetHints":{"allow":["GET"]}}],"collection":[{"href":"https:\/\/fiaf.net\/diaf\/wp-json\/wp\/v2\/pages"}],"about":[{"href":"https:\/\/fiaf.net\/diaf\/wp-json\/wp\/v2\/types\/page"}],"author":[{"embeddable":true,"href":"https:\/\/fiaf.net\/diaf\/wp-json\/wp\/v2\/users\/59"}],"replies":[{"embeddable":true,"href":"https:\/\/fiaf.net\/diaf\/wp-json\/wp\/v2\/comments?post=5672"}],"version-history":[{"count":0,"href":"https:\/\/fiaf.net\/diaf\/wp-json\/wp\/v2\/pages\/5672\/revisions"}],"wp:attachment":[{"href":"https:\/\/fiaf.net\/diaf\/wp-json\/wp\/v2\/media?parent=5672"}],"curies":[{"name":"wp","href":"https:\/\/api.w.org\/{rel}","templated":true}]}}