{"id":5833,"date":"2017-02-01T12:26:22","date_gmt":"2017-02-01T11:26:22","guid":{"rendered":"https:\/\/fiaf.net\/diaf\/?page_id=5833"},"modified":"2017-02-01T12:26:22","modified_gmt":"2017-02-01T11:26:22","slug":"seminario-regionale-diaf-lombardia","status":"publish","type":"page","link":"https:\/\/fiaf.net\/diaf\/seminario-regionale-diaf-lombardia\/","title":{"rendered":"Seminario Regionale DiAF &#8211; Lombardia"},"content":{"rendered":"<hr \/>\n<p><a href=\"https:\/\/fiaf.net\/diaf\/wp-content\/uploads\/sites\/26\/2017\/02\/Locandina-seminario-GAL-2017.jpg\"><img loading=\"lazy\" decoding=\"async\" class=\"alignleft wp-image-5830 \" src=\"https:\/\/fiaf.net\/diaf\/wp-content\/uploads\/sites\/26\/2017\/02\/Locandina-seminario-GAL-2017-207x300.jpg\" alt=\"Locandina seminario GAL 2017\" width=\"373\" height=\"541\" srcset=\"https:\/\/fiaf.net\/diaf\/wp-content\/uploads\/sites\/26\/2017\/02\/Locandina-seminario-GAL-2017-207x300.jpg 207w, https:\/\/fiaf.net\/diaf\/wp-content\/uploads\/sites\/26\/2017\/02\/Locandina-seminario-GAL-2017.jpg 598w\" sizes=\"auto, (max-width: 373px) 100vw, 373px\" \/><\/a><span style=\"color: #000000\">Obiettivo del seminario regionale \u00e8 offrire, a livello locale, un ambito di confronto e approfondimento sulle opere realizzate da autori regionali, dando tutto lo spazio che non sarebbe possibile dare nei seminari nazionali.\u00a0Quindi:\u00a0<\/span><br \/>\n<span style=\"color: #000000\">&#8211; autori alle prime armi che vogliono recepire commenti sulle loro opere e non se la sentono di mostrarle in ambito nazionale<\/span><br \/>\n<span style=\"color: #000000\">&#8211; audiovisivi che trattano specificit\u00e0 locali<\/span><br \/>\n<span style=\"color: #000000\">&#8211; raccolta e condivisione di idee per sviluppare progetti specifici in ambito regionale (concorsi etc)<\/span><br \/>\n<span style=\"color: #000000\">&#8211; condivisione di iniziative in ambito regionale<\/span><br \/>\n<span style=\"color: #000000\">&#8211; interventi di eccellenze teorico\/pratiche professionali presenti nel nostro territorio<\/span><\/p>\n<div class=\"text_exposed_show\">\n<p><span style=\"color: #000000\">Questo vuole sottolineare che i vari seminari non sono in competizione tra loro ma indirizzano ambiti specifici di approfondimento in un ventaglio di offerte didattiche che come DiAF vogliamo il pi\u00f9 ampio e aderente alle esigenze dei nostri autori\/organizzatori. <\/span><\/p>\n<p><span style=\"color: #000000\">Pertanto il programma provvisorio del seminario regionale del 19 marzo a Sesto sar\u00e0:<\/span><br \/>\n<span style=\"color: #000000\">h 9:30 ricezione<\/span><br \/>\n<span style=\"color: #000000\">h.10 saluto autorit\u00e0 presenti<\/span><br \/>\n<span style=\"color: #000000\">h 10:15 -11:30 lettura audiovisivi<\/span><br \/>\n<span style=\"color: #000000\">h 11:30- 12.30 intervento tecnico esterno<\/span><br \/>\n<span style=\"color: #000000\">h 12:30 14 &#8211; pranzo<\/span><br \/>\n<span style=\"color: #000000\">h 14:30 lettura audiovisivi <\/span><br \/>\n<span style=\"color: #000000\">h 16: intervento teorico lettura av<\/span><br \/>\n<span style=\"color: #000000\">h 17:30 conclusione<\/span><\/p>\n<p><span style=\"color: #000000\">La partecipazione sar\u00e0 gratuita ma l&#8217;iscrizione \u00e8 necessaria, si pu\u00f2 fare rispondendo a questa email con\u00a0 nome\/cognome\/titolo lavoro\/durata . Si pu\u00f2 partecipare anche senza presentare un&#8217;opera<\/span><\/p>\n<p><span style=\"color: #000000\">Il seminario sar\u00e0 effettuato solo con almeno 15 iscritti; termine iscrizioni 10 marzo<\/span><\/p>\n<\/div>\n<p><span style=\"color: #000000\">Per chi porta un&#8217;opera e&#8217; gradita la compilazione della scheda diaf<\/span> <a class=\"moz-txt-link-freetext\" href=\"https:\/\/fiaf.net\/diaf\/wp-content\/uploads\/sites\/26\/2016\/02\/SCHEDA-DIAF-2016_s.pdf\">https:\/\/fiaf.net\/diaf\/wp-content\/uploads\/sites\/26\/2016\/02\/SCHEDA-DIAF-2016_s.pdf<\/a><\/p>\n\n    <div class=\"xs_social_share_widget xs_share_url after_content \t\tmain_content  wslu-style-1 wslu-share-box-shaped wslu-fill-colored wslu-none wslu-share-horizontal wslu-theme-font-no wslu-main_content\">\n\n\t\t\n        <ul>\n\t\t\t        <\/ul>\n    <\/div> \n","protected":false},"excerpt":{"rendered":"<p>Obiettivo del seminario regionale \u00e8 offrire, a livello locale, un ambito di confronto e approfondimento sulle opere realizzate da autori &hellip;<\/p>\n","protected":false},"author":59,"featured_media":0,"parent":0,"menu_order":0,"comment_status":"closed","ping_status":"closed","template":"page-full.php","meta":{"_acf_changed":false,"footnotes":""},"class_list":["post-5833","page","type-page","status-publish","hentry"],"acf":[],"_links":{"self":[{"href":"https:\/\/fiaf.net\/diaf\/wp-json\/wp\/v2\/pages\/5833","targetHints":{"allow":["GET"]}}],"collection":[{"href":"https:\/\/fiaf.net\/diaf\/wp-json\/wp\/v2\/pages"}],"about":[{"href":"https:\/\/fiaf.net\/diaf\/wp-json\/wp\/v2\/types\/page"}],"author":[{"embeddable":true,"href":"https:\/\/fiaf.net\/diaf\/wp-json\/wp\/v2\/users\/59"}],"replies":[{"embeddable":true,"href":"https:\/\/fiaf.net\/diaf\/wp-json\/wp\/v2\/comments?post=5833"}],"version-history":[{"count":0,"href":"https:\/\/fiaf.net\/diaf\/wp-json\/wp\/v2\/pages\/5833\/revisions"}],"wp:attachment":[{"href":"https:\/\/fiaf.net\/diaf\/wp-json\/wp\/v2\/media?parent=5833"}],"curies":[{"name":"wp","href":"https:\/\/api.w.org\/{rel}","templated":true}]}}