{"id":6216,"date":"2017-06-29T20:02:34","date_gmt":"2017-06-29T18:02:34","guid":{"rendered":"https:\/\/fiaf.net\/diaf\/?page_id=6216"},"modified":"2017-06-29T20:02:34","modified_gmt":"2017-06-29T18:02:34","slug":"21-seminario-diaf-2017","status":"publish","type":"page","link":"https:\/\/fiaf.net\/diaf\/21-seminario-diaf-2017\/","title":{"rendered":"21\u00b0 Seminario DiAF &#8211; 2017"},"content":{"rendered":"<hr \/>\n<p style=\"text-align: right\"><span style=\"color: #0000ff\"><strong><span style=\"color: #000080\"><a style=\"color: #000080\" href=\"https:\/\/fiaf.net\/diaf\/21-seminario-diaf-2017-iscrizione\/\"><span style=\"text-decoration: underline\">Iscrizione<\/span>\u00a0<\/a>\u00a0\u00a0\u00a0 <span style=\"text-decoration: underline\"><a style=\"color: #000080;text-decoration: underline\" href=\"https:\/\/fiaf.net\/diaf\/wp-content\/uploads\/sites\/26\/2017\/08\/Programma-Generale-21\u00b0-seminario-DiAF.pdf\">Programma<\/a><\/span>\u00a0 \u00a0\u00a0<\/span><span style=\"color: #000000\"><a href=\"https:\/\/fiaf.net\/diaf\/wp-content\/uploads\/sites\/26\/2017\/06\/Programma-DEFINITIVO_3-Proiezioni-21\u00b0-seminario-DiAF-LETTORI.pdf\"><span style=\"text-decoration: underline\">Proiezioni<\/span>\u00a0<\/a> \u00a0 \u00a0<\/span><span style=\"text-decoration: underline;color: #000000\"><a href=\"https:\/\/fiaf.net\/diaf\/21-seminario-le-foto\/\">Le foto<\/a><\/span><\/strong><\/span><\/p>\n<h3 style=\"text-align: center\">\u00a027 &#8211; 29 OTTOBRE 2017<\/h3>\n<h2 style=\"text-align: center\">GARDA &#8211; HOTEL POIANO<\/h2>\n<p style=\"text-align: center\"><a href=\"https:\/\/fiaf.net\/diaf\/wp-content\/uploads\/sites\/26\/2017\/06\/Locandina-21-seminario-DiAF.jpg\"><img loading=\"lazy\" decoding=\"async\" class=\"wp-image-6217 alignleft\" src=\"https:\/\/fiaf.net\/diaf\/wp-content\/uploads\/sites\/26\/2017\/06\/Locandina-21-seminario-DiAF.jpg\" alt=\"Locandina 21 seminario DiAF\" width=\"296\" height=\"322\" srcset=\"https:\/\/fiaf.net\/diaf\/wp-content\/uploads\/sites\/26\/2017\/06\/Locandina-21-seminario-DiAF.jpg 885w, https:\/\/fiaf.net\/diaf\/wp-content\/uploads\/sites\/26\/2017\/06\/Locandina-21-seminario-DiAF-277x300.jpg 277w, https:\/\/fiaf.net\/diaf\/wp-content\/uploads\/sites\/26\/2017\/06\/Locandina-21-seminario-DiAF-768x833.jpg 768w\" sizes=\"auto, (max-width: 296px) 100vw, 296px\" \/><\/a><\/p>\n<p><span style=\"color: #000000\">Carissimi,<\/span><br \/>\n<span style=\"color: #000000\">Il nostro Seminario arriva alla Sua ventunesima edizione.<\/span><br \/>\n<span style=\"color: #000000\">Come da tradizione saremo ospiti del Circolo fotografico LO SCATTO di Garda e come sempre conteremo sull\u2019impareggiabile collaborazione tecnica di Ivano Maffezzoli.<\/span><br \/>\n<span style=\"color: #000000\">Questo 21\u00b0 Seminario, oltre alle tradizionali proiezioni delle opere di tutti gli autori che vorranno mettersi in discussione con i commenti dei lettori e con il dibattito in sala, sar\u00e0 il primo Seminario \u201cartistico\u201d, in quanto gli aspetti prettamente tecnici saranno trattati al Seminario DiAF primaverile che si svolger\u00e0 a Salsomaggiore agli inizi di marzo del 2018.<\/span><br \/>\n<span style=\"color: #000000\">Come al solito il Seminario porter\u00e0 con s\u00e9 tante novit\u00e0 e sar\u00e0 denso di appuntamenti e di spazi di discussione aperti a tutti. Fruiremo dell\u2019ormai tradizionale contributo di Gabriella Gandino, ed avremo anche la partecipazione di nuovi esperti in grado di portare nuovi punti di vista. Il 21\u00b0 Seminario sar\u00e0 inoltre occasione per lanciare nuove iniziative riguardo la produzione artistica di audiovisivi ed avremo inoltre spazio per dibattere, analizzare i problemi e trovare soluzioni, aggiornamenti e novit\u00e0 al Circuito Nazionale.<\/span><br \/>\n<span style=\"color: #000000\">Nel programma definitivo del Seminario verranno inserite le premiazioni dell\u201911\u00b0 Circuito Nazionale e dei Premi Speciali nonch\u00e8 dei vincitori della tappa di Garda.<\/span><br \/>\n<span style=\"color: #000000\">Vi ricordo che la prenotazione alberghiera dovr\u00e0 essere fatta contattando direttamente l\u2019albergo ai recapiti ed alle condizioni indicate qui di seguito.<\/span><br \/>\n<span style=\"color: #000000\">La quota di partecipazione \u00e8 di \u20ac 20,00 (\u20ac 25,00 per i non soci FIAF) e potr\u00e0 essere versata direttamente all\u2019atto della registrazione in segreteria che sar\u00e0 allestita presso la Sala Plenaria.<\/span><br \/>\n<span style=\"color: #000000\">Vi attendo quindi numerosi augurandovi sin d\u2019ora un piacevole soggiorno.<\/span><br \/>\n<span style=\"color: #000000\">Un caro saluto.<\/span><br \/>\n<span style=\"color: #000000\">Roberto Puato<\/span><br \/>\n<span style=\"color: #000000\">Direttore Dipartimento DIAF<\/span><br \/>\n<span style=\"color: #000000\">Federazione Italiana Associazioni Fotografiche<\/span><\/p>\n\n    <div class=\"xs_social_share_widget xs_share_url after_content \t\tmain_content  wslu-style-1 wslu-share-box-shaped wslu-fill-colored wslu-none wslu-share-horizontal wslu-theme-font-no wslu-main_content\">\n\n\t\t\n        <ul>\n\t\t\t        <\/ul>\n    <\/div> \n","protected":false},"excerpt":{"rendered":"<p>Iscrizione\u00a0\u00a0\u00a0\u00a0 Programma\u00a0 \u00a0\u00a0Proiezioni\u00a0 \u00a0 \u00a0Le foto \u00a027 &#8211; 29 OTTOBRE 2017 GARDA &#8211; HOTEL POIANO Carissimi, Il nostro Seminario arriva &hellip;<\/p>\n","protected":false},"author":59,"featured_media":0,"parent":0,"menu_order":0,"comment_status":"closed","ping_status":"closed","template":"","meta":{"_acf_changed":false,"footnotes":""},"class_list":["post-6216","page","type-page","status-publish","hentry"],"acf":[],"_links":{"self":[{"href":"https:\/\/fiaf.net\/diaf\/wp-json\/wp\/v2\/pages\/6216","targetHints":{"allow":["GET"]}}],"collection":[{"href":"https:\/\/fiaf.net\/diaf\/wp-json\/wp\/v2\/pages"}],"about":[{"href":"https:\/\/fiaf.net\/diaf\/wp-json\/wp\/v2\/types\/page"}],"author":[{"embeddable":true,"href":"https:\/\/fiaf.net\/diaf\/wp-json\/wp\/v2\/users\/59"}],"replies":[{"embeddable":true,"href":"https:\/\/fiaf.net\/diaf\/wp-json\/wp\/v2\/comments?post=6216"}],"version-history":[{"count":0,"href":"https:\/\/fiaf.net\/diaf\/wp-json\/wp\/v2\/pages\/6216\/revisions"}],"wp:attachment":[{"href":"https:\/\/fiaf.net\/diaf\/wp-json\/wp\/v2\/media?parent=6216"}],"curies":[{"name":"wp","href":"https:\/\/api.w.org\/{rel}","templated":true}]}}