{"id":6233,"date":"2017-07-08T18:34:23","date_gmt":"2017-07-08T16:34:23","guid":{"rendered":"https:\/\/fiaf.net\/diaf\/?page_id=6233"},"modified":"2021-11-28T00:31:38","modified_gmt":"2021-11-27T23:31:38","slug":"la-famiglia-in-italia","status":"publish","type":"page","link":"https:\/\/fiaf.net\/diaf\/la-famiglia-in-italia\/","title":{"rendered":"La Famiglia in Italia"},"content":{"rendered":"<p style=\"text-align: right\"><a href=\"https:\/\/fiaf.net\/diaf\/wp-content\/uploads\/sites\/26\/2017\/07\/Regolamento-AUTORI-AV-La-Famiglia-in-Italia1.pdf\">R<\/a><a href=\"https:\/\/fiaf.net\/diaf\/wp-content\/uploads\/sites\/26\/2017\/07\/Regolamento-AUTORI-AV-La-Famiglia-in-Italia1.pdf\">egolamento in PDF<\/a>\u00a0 \u00a0 \u00a0 \u00a0\u00a0\u00a0<a href=\"https:\/\/fiaf.net\/diaf\/wp-content\/uploads\/sites\/26\/2017\/07\/modulo-discrizione.pdf\">Modulo di iscrizione<\/a> \u00a0 \u00a0 \u00a0 \u00a0<a href=\"https:\/\/fiaf.net\/lafamigliainitalia\/\">Il Progetto Nazionale FIAF <\/a>\u00a0 \u00a0 \u00a0 Audiovisivi presentati<\/p>\n<p style=\"text-align: center\"><img loading=\"lazy\" decoding=\"async\" class=\"aligncenter wp-image-6251 \" src=\"https:\/\/fiaf.net\/diaf\/wp-content\/uploads\/sites\/26\/2017\/07\/La-Famiglia-Italiana-logo-concorso-new-21.jpg\" alt=\"La Famiglia Italiana logo concorso new 2\" width=\"615\" height=\"237\" srcset=\"https:\/\/fiaf.net\/diaf\/wp-content\/uploads\/sites\/26\/2017\/07\/La-Famiglia-Italiana-logo-concorso-new-21.jpg 873w, https:\/\/fiaf.net\/diaf\/wp-content\/uploads\/sites\/26\/2017\/07\/La-Famiglia-Italiana-logo-concorso-new-21-300x116.jpg 300w, https:\/\/fiaf.net\/diaf\/wp-content\/uploads\/sites\/26\/2017\/07\/La-Famiglia-Italiana-logo-concorso-new-21-768x296.jpg 768w\" sizes=\"auto, (max-width: 615px) 100vw, 615px\" \/><\/p>\n<p style=\"text-align: justify\">\n\t\t<div class=\"box shadow  \">\n\t\t\t<div class=\"box-inner-block\">\n\t\t\t\t<span class=\"fa tie-shortcode-boxicon\"><\/span><span style=\"color: #000000\">Il DiAF Dipartimento Audiovisivi della FIAF intende offrire agli autori di audiovisivi la possibilit\u00e0 di integrarsi nel Progetto Collettivo Nazionale FIAF ed ampliare le modalit\u00e0 di rappresentazione del tema\u00a0<strong>LA FAMIGLIA IN\u00a0 ITALIA<\/strong>.<\/span><\/p>\n<p style=\"text-align: justify\"><span style=\"color: #000000\">Le opere presentate verranno proiettate alla <strong>Mostra Nazionale<\/strong> che si svolger\u00e0 presso il Centro Italiano della Fotografia di Autore CIFA di Bibbiena nel\u00a02018.\u00a0L\u2019inaugurazione della mostra finale presso il CIFA di Bibbiena sar\u00e0 l\u2019occasione per festeggiare nel 2018 il 70\u00b0 compleanno della nostra Associazione.\u00a0<\/span><\/p>\n<p style=\"text-align: justify\"><span style=\"color: #000000\">Tutte le opere partecipanti formeranno una <strong>sezione speciale del 12\u00b0 Circuito Nazionale AV 2018<\/strong> e saranno valutati da tutte le Giurie del Circuito Stesso.\u00a0L\u2019audiovisivo che avr\u00e0 il maggior numero di segnalazioni sar\u00e0 premiato, insieme alle opere vincitrici della Classifica Finale del Circuito Nazionale,\u00a0 al 22\u00b0 Seminario Annuale DiAF di Garda nell&#8217;autunno 2018.<\/span>\n\t\t\t<\/div>\n\t\t<\/div>\n\t\n<p style=\"text-align: center\"><span style=\"text-decoration: underline;color: #000000\"><strong>IL PROGETTO<\/strong><\/span><\/p>\n<p style=\"text-align: left\">\n\t\t<div class=\"box shadow  \">\n\t\t\t<div class=\"box-inner-block\">\n\t\t\t\t<span class=\"fa tie-shortcode-boxicon\"><\/span><span style=\"color: #ff0000\">L\u2019opera fotografica che proponiamo intende rappresentare la famiglia italiana in tutte le sue declinazioni. L\u2019autore pu\u00f2 affrontare il tema partendo dalla propria esperienza personale, con uno sguardo intimo verso la realt\u00e0 della propria condizione affettiva e dei propri legami, ma pu\u00f2 (e deve) aprirsi a raccontare le famiglie che gli vivono accanto, cercando quei modelli che restano nella continuit\u00e0 della tradizione come quelli che, invece, ne realizzano il cambiamento.<\/span><\/p>\n<p style=\"text-align: justify\"><span style=\"color: #ff0000\">Vogliamo incoraggiare alla ricerca della pluralit\u00e0: non si tratta di realizzare uno studio statistico nel quale ha pi\u00f9 rilievo chi si trova dalla parte della maggioranza. Si tratta di rappresentare le molteplici caratteristiche del vivere insieme, l\u2019universo complesso e la costellazione affettiva che lega le persone in quella cellula di reciproca assistenza che sta alla base della vita sociale.<\/span><\/p>\n<p style=\"text-align: justify\"><span style=\"color: #ff0000\">Possibili declinazioni riguardano la nascita della coppia, le modalit\u00e0 di convivenza, il rapporto con l\u2019esterno e gli equilibri interni, i figli o la loro mancanza, il rapporto tra fratelli, i rapporti con i genitori e con gli anziani, le risorse condivise (la casa, i mezzi di spostamento, etc..), gli spazi privati della famiglia e del singolo, le affinit\u00e0, i vincoli. Si possono studiare i rapporti tra padre\/madre e figli, il ruolo dei nonni e degli zii. Una serie di tematiche relativamente nuove sono quelle che riguardano l\u2019omosessualit\u00e0 e la riproduzione assistita, la discriminazione, il ricorso alle terapie di sostegno. Ovviamente non dimentichiamo le famiglie allargate, quelle monogenitoriali, le famiglie cosiddette \u201cmiste\u201d, le comunit\u00e0, le case famiglia e tutto quanto la sensibilit\u00e0 e la ricerca degli autori fotografici possa portare a scoprire nei mille universi dei nuclei famigliari contemporanei.<\/span>\n\t\t\t<\/div>\n\t\t<\/div>\n\t\n<p style=\"text-align: center\"><span style=\"text-decoration: underline\"><strong><span style=\"color: #000000;text-decoration: underline\">Requisiti tecnici<\/span><\/strong><\/span><\/p>\n<p style=\"text-align: justify\">\n\t\t<div class=\"box info  \">\n\t\t\t<div class=\"box-inner-block\">\n\t\t\t\t<span class=\"fa tie-shortcode-boxicon\"><\/span> <span style=\"color: #000000\">Gli audiovisivi partecipanti al concorso potranno essere realizzati con qualsiasi tipo di software ed inviati OBBLIGATORIAMENTE solo nel formato finale:\u00a0File .mp4 FULLHD con compressione H.264 \u2013 1080 pixel\u00a0o in alternativa file video HD equivalente\u00a0(.MOV \u00a0per utenti Mac o .WMV per utenti Win).\u00a0<\/span><strong><span style=\"color: #000000\">Durata massima dell\u2019audiovisivo: 8 minuti. <\/span><\/strong><\/p>\n<p style=\"text-align: justify\"><span style=\"color: #000000\">AVVERTENZA: Nei titoli di coda dell\u2019audiovisivo dovranno comparire tutti i riferimenti relativi alle immagini, alle sequenze video e alle colonne sonore (propri o di terzi) che compaiono nella scheda DIAF.\u00a0<\/span><span style=\"color: #000000\">Al Dipartimento DiAF sar\u00e0 delegata l\u2019unica ed insindacabile decisione di rifiutare opere che non ottemperino ai requisiti tecnici e di Copyright.<\/span>\n\t\t\t<\/div>\n\t\t<\/div>\n\t\n<p style=\"text-align: center\"><span style=\"text-decoration: underline;color: #000000\"><strong>Termine d&#8217;iscrizione e quota di partecipazione.<\/strong><\/span><\/p>\n<p style=\"text-align: center\">\n\t\t<div class=\"box info  \">\n\t\t\t<div class=\"box-inner-block\">\n\t\t\t\t<span class=\"fa tie-shortcode-boxicon\"><\/span>\n<ul style=\"text-align: center\">\n<li style=\"text-align: justify\"><strong><strong>Il termine ultimo per l\u2019iscrizione al Progetto Collettivo Nazionale FIAF \u00e8 il 30\u00a0Ottobre 2017 &#8211;\u00a0<\/strong><\/strong><a href=\"https:\/\/fiaf.net\/diaf\/wp-content\/uploads\/sites\/26\/2017\/07\/modulo-discrizione.pdf\"><strong><em>(https:\/\/fiaf.net\/lafamigliainitalia\/wp-content\/uploads\/2017\/06\/modulo.pdf)<\/em><\/strong><\/a><\/li>\n<li style=\"text-align: justify\"><strong>Il termine ultimo per l\u2019invio degli audiovisivi e della documentazione \u00e8 il 30\u00a0Dicembre 2017<\/strong><\/li>\n<li style=\"text-align: justify\"><strong>La partecipazione \u00e8 gratuita per i soci FIAF. Per tutti gli autori non soci FIAF varranno le regole di partecipazione del bando ufficiale FIAF.<\/strong> \n\t\t\t<\/div>\n\t\t<\/div>\n\t<\/li>\n<\/ul>\n<p style=\"text-align: center\"><span style=\"text-decoration: underline\"><span style=\"color: #000000;text-decoration: underline\"><strong>Invio delle opere<\/strong><\/span><\/span><\/p>\n<p style=\"text-align: justify\">\n\t\t<div class=\"box info  \">\n\t\t\t<div class=\"box-inner-block\">\n\t\t\t\t<span class=\"fa tie-shortcode-boxicon\"><\/span> <span style=\"color: #000000\">Ogni autore far\u00e0 pervenire a: FIAF &#8211; Segreteria Federazione Italiana Associazioni Fotografiche LA FAMIGLIA IN ITALIA &#8211; AV Corso San Martino, 8 10122 TORINO un CD\/DVD contenente: <\/span><\/p>\n<ol style=\"text-align: center\">\n<li style=\"text-align: left\"><span style=\"color: #000000\">La scheda DIAF &#8211; La Famiglia in Italia AV<\/span> <a href=\"https:\/\/fiaf.net\/diaf\/wp-content\/uploads\/sites\/26\/2017\/07\/SCHEDA-DIAF-LAFAMIGLIAINITALIA-2017.pdf\">https:\/\/fiaf.net\/diaf\/wp-content\/uploads\/sites\/26\/2017\/07\/SCHEDA-DIAF-LAFAMIGLIAINITALIA-2017.pdf<\/a>\u00a0<span style=\"color: #000000\">con firma\/e autografa\/e (sufficiente invio in file scansionato). La scheda andr\u00e0 compilata in ogni sua parte e dovr\u00e0 riportare tutti i riferimenti relativi alle immagini, alle sequenze video e alle colonne sonore (propri o di terzi). Esempio: contributi prelevati da archivi storici, dal web, da altri autori.<\/span><\/li>\n<li style=\"text-align: justify\"><span style=\"color: #000000\">File OBBLIGATORIO: file formato video. In alternativa alle spedizioni postali si invitano gli autori a effettuare invii a mezzo siti di trasferimento file di grandi dimensioni (max 2 GB) come<\/span> <a href=\"http:\/\/www.wetransfer.com\" target=\"_blank\" rel=\"noopener\">www.wetransfer.com<\/a> <span style=\"color: #000000\">o similari con un file zippato contenente tutto il materiale richiesto per la partecipazione al concorso all\u2019indirizzo<\/span> <a href=\"mailto:segreteria.diaf@gmail.com\">segreteria.diaf@gmail.com<\/a>.<\/li>\n<li style=\"text-align: justify\"><span style=\"color: #000000\">Locandina illustrata dell\u2019opera in formato orizzontale recante il titolo dell\u2019opera e nome dell\u2019autore in formato .jpg 20&#215;30 cm a 300 dpi<\/span> \n\t\t\t<\/div>\n\t\t<\/div>\n\t<\/li>\n<\/ol>\n<p style=\"text-align: center\"><span style=\"text-decoration: underline\"><span style=\"color: #000000;text-decoration: underline\"><strong>Copyright<\/strong><\/span><\/span><\/p>\n<p style=\"text-align: justify\"><span style=\"color: #000000\">Gli autori degli audiovisivi iscritti devono possedere tutte le autorizzazioni necessarie all\u2019utilizzo di materiale (fotografico, video, audio, grafico, ecc.) eventualmente realizzato da terzi, nonch\u00e9 le liberatorie necessarie rilasciate dai soggetti ripresi o da parte di chi ne ha la tutela legale* (detti documenti devono poter essere esibiti su eventuale richiesta dell\u2019organizzazione).\u00a0<\/span><span style=\"color: #000000\">In qualunque caso, i contenuti non propri dovranno essere liberi da ogni tipo di diritto detenuto da terzi: gli autori saranno totalmente responsabili del materiale presentato.<\/span><\/p>\n<p style=\"text-align: justify\"><strong><span style=\"color: #ff0000\">Allo scopo di non vanificare la fantasia e la creativit\u00e0 degli autori stessi, opere audiovisive composte con l\u2019impiego di montaggi preformati da social network, cio\u00e8 l&#8217;intera costruzione del lavoro scaricato da YouTube, Vimeo etc etc ( idea, regia, musica, parlato, montaggio\u2026), per le quali non risulti prevalente \u201cla mano\u201d dell\u2019autore, saranno escluse.\u00a0Sono consentite brevi sequenze per evidenti necessit\u00e0 di dinamica comunicativa, previa autorizzazione dell\u2019autore e, ove non possibile, con segnalazione nei titoli di coda e nella scheda DiAF 2017.<\/span><\/strong><\/p>\n<p style=\"text-align: center\">* dette liberatorie sono necessarie per i minori, le persone incapaci di intendere e di volere e per i beni storici e\/o comunali (quest\u2019ultimo documento normalmente \u00e8 rilasciato dal ufficio beni culturali del comune interessato).<\/p>\n<p style=\"text-align: center\"><span style=\"text-decoration: underline\"><span style=\"color: #000000;text-decoration: underline\"><strong>Consenso per la proiezione<\/strong><\/span><\/span><\/p>\n<p style=\"text-align: justify\"><span style=\"color: #000000\"><strong>Con la sottoscrizione della Scheda DiAF gli autori danno il proprio consenso alla proiezione ed alla pubblicazione del catalogo digitale da parte del Dipartimento\u00a0 all\u2019interno del sito www.fiaf.net\/diaf\u00a0 e del canale YouTube DiAF FIAF.\u00a0<\/strong>Gli autori, inoltre, accettano che il proprio lavoro sia trattenuto nell\u2019archivio DiAF per essere utilizzato dal Dipartimento per <strong>tutte<\/strong> le manifestazioni ufficiali indette o patrocinate dallo stesso, <strong>nonch\u00e9 a quelle manifestazioni che promuoveranno le iniziative del Dipartimento stesso,<\/strong> previa comunicazione agli Autori interessati.<\/span><\/p>\n<p style=\"text-align: justify\"><span style=\"color: #000000\">Per tutti i requisiti non esposti in questo Regolamento si far riferimento al <strong>REGOLAMENTO CONCORSI AUDIOVISIVI FOTOGRAFICI<\/strong> ratificato dal Consiglio Nazionale della FIAF e scaricabile dal sito www.fiaf.net\/diaf<\/span><\/p>\n<p><em>Roberto Puato &#8211;\u00a0<\/em><em>Direttore DiAF (Federazione Italiana Associazioni Fotografiche)<\/em><\/p>\n\n    <div class=\"xs_social_share_widget xs_share_url after_content \t\tmain_content  wslu-style-1 wslu-share-box-shaped wslu-fill-colored wslu-none wslu-share-horizontal wslu-theme-font-no wslu-main_content\">\n\n\t\t\n        <ul>\n\t\t\t        <\/ul>\n    <\/div> \n","protected":false},"excerpt":{"rendered":"<p>Regolamento in PDF\u00a0 \u00a0 \u00a0 \u00a0\u00a0\u00a0Modulo di iscrizione \u00a0 \u00a0 \u00a0 \u00a0Il Progetto Nazionale FIAF \u00a0 \u00a0 \u00a0 Audiovisivi presentati &hellip;<\/p>\n","protected":false},"author":59,"featured_media":0,"parent":0,"menu_order":0,"comment_status":"closed","ping_status":"closed","template":"","meta":{"_acf_changed":false,"footnotes":""},"class_list":["post-6233","page","type-page","status-publish","hentry"],"acf":[],"_links":{"self":[{"href":"https:\/\/fiaf.net\/diaf\/wp-json\/wp\/v2\/pages\/6233","targetHints":{"allow":["GET"]}}],"collection":[{"href":"https:\/\/fiaf.net\/diaf\/wp-json\/wp\/v2\/pages"}],"about":[{"href":"https:\/\/fiaf.net\/diaf\/wp-json\/wp\/v2\/types\/page"}],"author":[{"embeddable":true,"href":"https:\/\/fiaf.net\/diaf\/wp-json\/wp\/v2\/users\/59"}],"replies":[{"embeddable":true,"href":"https:\/\/fiaf.net\/diaf\/wp-json\/wp\/v2\/comments?post=6233"}],"version-history":[{"count":3,"href":"https:\/\/fiaf.net\/diaf\/wp-json\/wp\/v2\/pages\/6233\/revisions"}],"predecessor-version":[{"id":9132,"href":"https:\/\/fiaf.net\/diaf\/wp-json\/wp\/v2\/pages\/6233\/revisions\/9132"}],"wp:attachment":[{"href":"https:\/\/fiaf.net\/diaf\/wp-json\/wp\/v2\/media?parent=6233"}],"curies":[{"name":"wp","href":"https:\/\/api.w.org\/{rel}","templated":true}]}}