{"id":7013,"date":"2018-07-31T12:29:34","date_gmt":"2018-07-31T10:29:34","guid":{"rendered":"https:\/\/fiaf.net\/diaf\/?page_id=7013"},"modified":"2021-11-26T17:22:42","modified_gmt":"2021-11-26T16:22:42","slug":"paolo-cambi-biografia-e-contatti","status":"publish","type":"page","link":"https:\/\/fiaf.net\/diaf\/paolo-cambi-biografia-e-contatti\/","title":{"rendered":"Paolo Cambi"},"content":{"rendered":"<p style=\"text-align: right\"><a href=\"https:\/\/fiaf.net\/diaf\/wp-content\/uploads\/sites\/26\/2018\/07\/PAOLO-CAMBI-Offerta-Didattica.pdf\">Offerta formativa\u00a0<\/a> \u00a0 \u00a0 \u00a0 \u00a0 <a href=\"https:\/\/fiaf.net\/diaf\/collaboratori\/\">Back<\/a><\/p>\n<p><strong><a href=\"https:\/\/fiaf.net\/diaf\/wp-content\/uploads\/sites\/26\/2018\/07\/PAOLO-CAMBI-Fototessera-170x170-1.jpg\"><img loading=\"lazy\" decoding=\"async\" class=\"size-full wp-image-6980 alignleft\" src=\"https:\/\/fiaf.net\/diaf\/wp-content\/uploads\/sites\/26\/2018\/07\/PAOLO-CAMBI-Fototessera-170x170-1.jpg\" alt=\"PAOLO CAMBI Fototessera 170x170\" width=\"170\" height=\"170\" srcset=\"https:\/\/fiaf.net\/diaf\/wp-content\/uploads\/sites\/26\/2018\/07\/PAOLO-CAMBI-Fototessera-170x170-1.jpg 170w, https:\/\/fiaf.net\/diaf\/wp-content\/uploads\/sites\/26\/2018\/07\/PAOLO-CAMBI-Fototessera-170x170-1-150x150.jpg 150w\" sizes=\"auto, (max-width: 170px) 100vw, 170px\" \/><\/a>Curriculum Fotografico<\/strong><\/p>\n<p>Dopo diverse esperienze nel campo dell\u2019arte visuale (pittura e computer art), l\u2019ingresso nel Fotoclub Colibr\u00ec BFI di Modena lo porta ad una frequentazione pi\u00f9 consapevole e continuativa delle modalit\u00e0 espressive della fotografia, particolarmente indirizzata alla realizzazione di audiovisivi fotografici. \u00a0In quest\u2019 ambito, ha la possibilit\u00e0 di sperimentare come questa disciplina artistica sia un mezzo potente\u00a0 per diffondere idee, suscitare emozioni, creare spazi di comunicazione tra le persone.<\/p>\n<p>Fa parte del Consiglio Direttivo del Fotoclub Colibr\u00ec, per il quale collabora alle docenze del corso annuale di fotografia sul tema \u201cLa Fotografia come comunicazione\u201d. Ha partecipato, come autore dei testi, alla realizzazione del libro \u201cLa bellezza sotto casa\u201d, omaggio al fotografo Franco Bertolani.<\/p>\n<p><strong>Formazione<\/strong><\/p>\n<p>Ha frequentato corsi e workshop tenuti da :<\/p>\n<p>Ivano Bolondi (Still life, Interni)<br \/>\nRiccardo Improta (Landscape e Fine art)<br \/>\nMilko Marchetti (Naturalistica e sviluppo digitale)<br \/>\nRoberto Roda (Progetto, sceneggiatura, ritratto ambientato e su set)<br \/>\nGianni Rossi (Audiovisivi e sviluppo digitale)<\/p>\n<p>Ha incontrato e conosciuto numerosi altri fotografi di levatura nazionale ed internazionale.\u00a0E\u2019 iscritto alla Federazione Italiana Associazioni Fotografiche, e partecipa regolarmente a convegni e seminari organizzati dal Dipartimento per gli Audiovisivi Fotografici.<\/p>\n<p><strong>Riconoscimenti<\/strong><\/p>\n<p>Per diversi anni eletto \u201cAutore dell\u2019Anno\u201d presso il Fotoclub Colibr\u00ec.\u00a0Ha partecipato come autore alla manifestazione internazionale \u201cDia Sotto le Stelle\u201d.\u00a0Ha riscosso numerosi riconoscimenti nei principali concorsi di audiovisivi italiani. Nel 2015\u00a0 e nel 2016 \u00e8 vincitore assoluto del Circuito Nazionale Audiovisivi Fotografici DIAF.\u00a0E\u2019 vincitore di due Coppe Challenge Diaf.<\/p>\n<p><strong>CONTATTI:<\/strong><\/p>\n<ul>\n<li><a href=\"mailto:paolo_cambi@fastwebnet.it\">paolo_cambi@fastwebnet.it<\/a><\/li>\n<li>+39 370 326 3914<\/li>\n<li>Modena<\/li>\n<\/ul>\n\n    <div class=\"xs_social_share_widget xs_share_url after_content \t\tmain_content  wslu-style-1 wslu-share-box-shaped wslu-fill-colored wslu-none wslu-share-horizontal wslu-theme-font-no wslu-main_content\">\n\n\t\t\n        <ul>\n\t\t\t        <\/ul>\n    <\/div> \n","protected":false},"excerpt":{"rendered":"<p>Offerta formativa\u00a0 \u00a0 \u00a0 \u00a0 \u00a0 Back Curriculum Fotografico Dopo diverse esperienze nel campo dell\u2019arte visuale (pittura e computer art), &hellip;<\/p>\n","protected":false},"author":59,"featured_media":0,"parent":0,"menu_order":0,"comment_status":"closed","ping_status":"closed","template":"","meta":{"_acf_changed":false,"footnotes":""},"class_list":["post-7013","page","type-page","status-publish","hentry"],"acf":[],"_links":{"self":[{"href":"https:\/\/fiaf.net\/diaf\/wp-json\/wp\/v2\/pages\/7013","targetHints":{"allow":["GET"]}}],"collection":[{"href":"https:\/\/fiaf.net\/diaf\/wp-json\/wp\/v2\/pages"}],"about":[{"href":"https:\/\/fiaf.net\/diaf\/wp-json\/wp\/v2\/types\/page"}],"author":[{"embeddable":true,"href":"https:\/\/fiaf.net\/diaf\/wp-json\/wp\/v2\/users\/59"}],"replies":[{"embeddable":true,"href":"https:\/\/fiaf.net\/diaf\/wp-json\/wp\/v2\/comments?post=7013"}],"version-history":[{"count":2,"href":"https:\/\/fiaf.net\/diaf\/wp-json\/wp\/v2\/pages\/7013\/revisions"}],"predecessor-version":[{"id":8818,"href":"https:\/\/fiaf.net\/diaf\/wp-json\/wp\/v2\/pages\/7013\/revisions\/8818"}],"wp:attachment":[{"href":"https:\/\/fiaf.net\/diaf\/wp-json\/wp\/v2\/media?parent=7013"}],"curies":[{"name":"wp","href":"https:\/\/api.w.org\/{rel}","templated":true}]}}