{"id":7170,"date":"2018-09-21T08:15:49","date_gmt":"2018-09-21T06:15:49","guid":{"rendered":"https:\/\/fiaf.net\/diaf\/?page_id=7170"},"modified":"2018-09-21T08:15:49","modified_gmt":"2018-09-21T06:15:49","slug":"22-seminario-diaf-2018","status":"publish","type":"page","link":"https:\/\/fiaf.net\/diaf\/22-seminario-diaf-2018\/","title":{"rendered":"22\u00b0 Seminario DiAF 2018"},"content":{"rendered":"<hr \/>\n<p style=\"text-align: right\"><span style=\"color: #0000ff\"><strong><span style=\"color: #000080\"><span style=\"text-decoration: underline\"><a href=\"https:\/\/fiaf.net\/diaf\/22-seminario-diaf-iscrizione\/\">Iscrizione<\/a><\/span>\u00a0\u00a0\u00a0\u00a0\u00a0<span style=\"text-decoration: underline\"><a href=\"https:\/\/fiaf.net\/diaf\/wp-content\/uploads\/sites\/26\/2018\/09\/Bozza-Programma-22-\u00a6-seminario-DiAF_-provvisorio-OK.pdf\">Programma<\/a><\/span>\u00a0 \u00a0\u00a0<\/span><span style=\"color: #000000\"><span style=\"text-decoration: underline\"><a href=\"https:\/\/fiaf.net\/diaf\/wp-content\/uploads\/sites\/26\/2018\/10\/Programma-Definitivo-Proiezioni-22\u00b0-seminario-DiAF.pdf\">Proiezioni<\/a><\/span>\u00a0 \u00a0\u00a0<\/span><span style=\"text-decoration: underline;color: #000000\"><a href=\"https:\/\/fiaf.net\/diaf\/22-seminario-le-foto\/\">Le foto<\/a><\/span><\/strong><\/span><\/p>\n<h3 style=\"text-align: center\">\u00a026 &#8211; 27 &#8211; 29 OTTOBRE 2018<\/h3>\n<h2 style=\"text-align: center\">GARDA &#8211; HOTEL POIANO<\/h2>\n<p style=\"text-align: left\"><img loading=\"lazy\" decoding=\"async\" class=\"size-medium wp-image-7172 alignleft\" src=\"https:\/\/fiaf.net\/diaf\/wp-content\/uploads\/sites\/26\/2018\/09\/Locandina-22-\u00a6Seminario-DiAF-224x300.jpg\" alt=\"Locandina 22-\u00a6Seminario DiAF\" width=\"224\" height=\"300\" srcset=\"https:\/\/fiaf.net\/diaf\/wp-content\/uploads\/sites\/26\/2018\/09\/Locandina-22-\u00a6Seminario-DiAF-224x300.jpg 224w, https:\/\/fiaf.net\/diaf\/wp-content\/uploads\/sites\/26\/2018\/09\/Locandina-22-\u00a6Seminario-DiAF.jpg 718w\" sizes=\"auto, (max-width: 224px) 100vw, 224px\" \/><span style=\"color: #000000\">Carissimi,<\/span><br \/>\n<span style=\"color: #000000\"> Il nostro Seminario arriva alla Sua ventiduesima edizione.<\/span><br \/>\n<span style=\"color: #000000\"> Come da tradizione saremo ospiti del Resort Poiano e del Circolo fotografico LO SCATTO di Garda e come sempre conteremo sull\u2019impareggiabile collaborazione tecnica di Ivano Maffezzoli.<\/span><br \/>\n<span style=\"color: #000000\"> Il Seminario porter\u00e0 con s\u00e9 tante novit\u00e0 e sar\u00e0 denso di appuntamenti e di spazi di discussione aperti a tutti. Fruiremo dell\u2019ormai tradizionale contributo di Gabriella Gandino, ed avremo anche la partecipazione di nuovi amici dei Gruppi Regionali che si sono costituiti nel corso di questo ultimo anno..<\/span><br \/>\n<span style=\"color: #000000\"> Date le modifiche apportate quest\u2019anno al 12\u00b0 Circuito, questo 22\u00b0 Seminario Artistico \u00e8 a disposizione di tutti gli autori partecipanti che non abbiamo ricevuto recensioni sulla propria opera presentata allo stesso Circuito; ovviamente avranno spazio anche gli autori che vorranno ricevere commenti su opere inedite.<\/span><br \/>\n<span style=\"color: #000000\"> Dedicheremo uno spazio specifico a tutti coloro che avranno dato seguito alle indicazioni del 2\u00b0 Seminario Tecnico di Salsomaggiore del marzo scorso riguardo la produzione artistica di audiovisivi sperimentali.<\/span><br \/>\n<span style=\"color: #000000\"> Nel programma del Seminario verranno inserite le premiazioni della Classifica Generale del 12\u00b0 Circuito Nazionale e dei Premi Speciali nonch\u00e8 dei vincitori delle tappe di Garda e di Cortona. Come poi da tradizione, a conclusione del Seminario, avremo uno spazio per ragionare insieme sulle attivit\u00e0 attuali e future del nostro Dipartimento.<\/span><br \/>\n<span style=\"color: #000000\"> Vi ricordo che la prenotazione alberghiera dovr\u00e0 essere fatta contattando direttamente l\u2019albergo ai recapiti ed alle condizioni indicate qui di seguito.<\/span><br \/>\n<span style=\"color: #000000\"> La quota di partecipazione al Seminario \u00e8 di \u20ac 20,00 (\u20ac 25,00 per i non soci FIAF ) e potr\u00e0 essere versata direttamente all\u2019atto della registrazione in segreteria che sar\u00e0 allestita presso la Sala di proiezione..<\/span><br \/>\n<span style=\"color: #000000\"> Vi attendo quindi numerosi augurandovi sin d\u2019ora un piacevole soggiorno.<\/span><br \/>\n<span style=\"color: #000000\"> Un caro saluto.<\/span><br \/>\n<span style=\"color: #000000\"> Roberto Puato<\/span><br \/>\n<span style=\"color: #000000\"> Direttore Dipartimento DIAF<\/span><br \/>\n<span style=\"color: #000000\"> Federazione Italiana Associazioni Fotografiche<\/span><\/p>\n\n    <div class=\"xs_social_share_widget xs_share_url after_content \t\tmain_content  wslu-style-1 wslu-share-box-shaped wslu-fill-colored wslu-none wslu-share-horizontal wslu-theme-font-no wslu-main_content\">\n\n\t\t\n        <ul>\n\t\t\t        <\/ul>\n    <\/div> \n","protected":false},"excerpt":{"rendered":"<p>Iscrizione\u00a0\u00a0\u00a0\u00a0\u00a0Programma\u00a0 \u00a0\u00a0Proiezioni\u00a0 \u00a0\u00a0Le foto \u00a026 &#8211; 27 &#8211; 29 OTTOBRE 2018 GARDA &#8211; HOTEL POIANO Carissimi, Il nostro Seminario arriva &hellip;<\/p>\n","protected":false},"author":59,"featured_media":0,"parent":0,"menu_order":0,"comment_status":"closed","ping_status":"closed","template":"","meta":{"_acf_changed":false,"footnotes":""},"class_list":["post-7170","page","type-page","status-publish","hentry"],"acf":[],"_links":{"self":[{"href":"https:\/\/fiaf.net\/diaf\/wp-json\/wp\/v2\/pages\/7170","targetHints":{"allow":["GET"]}}],"collection":[{"href":"https:\/\/fiaf.net\/diaf\/wp-json\/wp\/v2\/pages"}],"about":[{"href":"https:\/\/fiaf.net\/diaf\/wp-json\/wp\/v2\/types\/page"}],"author":[{"embeddable":true,"href":"https:\/\/fiaf.net\/diaf\/wp-json\/wp\/v2\/users\/59"}],"replies":[{"embeddable":true,"href":"https:\/\/fiaf.net\/diaf\/wp-json\/wp\/v2\/comments?post=7170"}],"version-history":[{"count":0,"href":"https:\/\/fiaf.net\/diaf\/wp-json\/wp\/v2\/pages\/7170\/revisions"}],"wp:attachment":[{"href":"https:\/\/fiaf.net\/diaf\/wp-json\/wp\/v2\/media?parent=7170"}],"curies":[{"name":"wp","href":"https:\/\/api.w.org\/{rel}","templated":true}]}}