{"id":7329,"date":"2019-01-18T12:55:41","date_gmt":"2019-01-18T11:55:41","guid":{"rendered":"https:\/\/fiaf.net\/diaf\/?page_id=7329"},"modified":"2021-11-28T00:20:18","modified_gmt":"2021-11-27T23:20:18","slug":"leffimero-e-leterno","status":"publish","type":"page","link":"https:\/\/fiaf.net\/diaf\/leffimero-e-leterno\/","title":{"rendered":"L&#8217;Effimero e l&#8217;Eterno"},"content":{"rendered":"<p><img loading=\"lazy\" decoding=\"async\" class=\"size-medium wp-image-7330 alignleft\" src=\"https:\/\/fiaf.net\/diaf\/wp-content\/uploads\/sites\/26\/2019\/01\/Foto-300x200.jpg\" alt=\"Foto\" width=\"400\" height=\"266\" srcset=\"https:\/\/fiaf.net\/diaf\/wp-content\/uploads\/sites\/26\/2019\/01\/Foto-300x200.jpg 300w, https:\/\/fiaf.net\/diaf\/wp-content\/uploads\/sites\/26\/2019\/01\/Foto.jpg 576w\" sizes=\"auto, (max-width: 400px) 100vw, 400px\" \/>Dopo le positive esperienze delle produzioni audiovisive legate ai progetti collettivi nazionali FIAF <strong>Tanti per Tutti<\/strong> e della <strong>Famiglia in Italia<\/strong> il Dipartimento Audiovisivi propone, nel 2019, a tutti gli autori di audiovisivi, una nuova entusiasmante sfida. Nell\u2019ambito della integrazione e dell\u2019aggiornamento dei linguaggi artistici e fotografici, in accordo con il Direttore del Dipartimento Cultura, Silvano Bicocchi si \u00e8 deciso di aprire un \u201cLaboratorio Audiovisivo\u201d sul tema prescelto da DiCult FIAF per il 2019 \u201c <strong>L&#8217;EFFIMERO E L&#8217;ETERNO<\/strong>\u201d.<\/p>\n<p>L\u2019invito \u00e8 quindi rivolto a tutti voi, autori di audiovisivi, veterani ed esordienti, ai Gruppi Regionali Audiovisivi, ai Laboratori DiCult gi\u00e0 attivi sul tema: lo scopo \u00e8 provare a cimentarsi in un tema impegnativo ma estremamente creativo aggiungendo al messaggio fotografico il valore aggiunto della colonna sonora, del montaggio e della regia.<\/p>\n<p>In occasione del 23\u00b0 Seminario DiAF del 25, 26 e 27 ottobre 2019 a Garda verr\u00e0 dedicata una sessione speciale a questo tema con la visione e l\u2019analisi delle migliori opere presentate.<\/p>\n<p>Ovviamente le attivit\u00e0 dei Gruppi Audiovisivi Regionali dovranno tenere presente questa opportunit\u00e0 dando la propria disponibilit\u00e0 ad essere di supporto, all\u2019occorrenza, ai Laboratori DiCult gi\u00e0 attivi che richiedessero il nostro intervento per offrire la collaborazione necessaria alla realizzazione di questo progetto.<\/p>\n<p>Il sottoscritto e tutto il Dipartimento Audiovisivi rimane a disposizione per approfondimenti e domande specifiche sul tema.<\/p>\n<p>Un caro saluto<\/p>\n<p>Roberto Puato<\/p>\n<p>&nbsp;<\/p>\n\n    <div class=\"xs_social_share_widget xs_share_url after_content \t\tmain_content  wslu-style-1 wslu-share-box-shaped wslu-fill-colored wslu-none wslu-share-horizontal wslu-theme-font-no wslu-main_content\">\n\n\t\t\n        <ul>\n\t\t\t        <\/ul>\n    <\/div> \n","protected":false},"excerpt":{"rendered":"<p>Dopo le positive esperienze delle produzioni audiovisive legate ai progetti collettivi nazionali FIAF Tanti per Tutti e della Famiglia in &hellip;<\/p>\n","protected":false},"author":59,"featured_media":0,"parent":0,"menu_order":0,"comment_status":"closed","ping_status":"closed","template":"","meta":{"_acf_changed":false,"footnotes":""},"class_list":["post-7329","page","type-page","status-publish","hentry"],"acf":[],"_links":{"self":[{"href":"https:\/\/fiaf.net\/diaf\/wp-json\/wp\/v2\/pages\/7329","targetHints":{"allow":["GET"]}}],"collection":[{"href":"https:\/\/fiaf.net\/diaf\/wp-json\/wp\/v2\/pages"}],"about":[{"href":"https:\/\/fiaf.net\/diaf\/wp-json\/wp\/v2\/types\/page"}],"author":[{"embeddable":true,"href":"https:\/\/fiaf.net\/diaf\/wp-json\/wp\/v2\/users\/59"}],"replies":[{"embeddable":true,"href":"https:\/\/fiaf.net\/diaf\/wp-json\/wp\/v2\/comments?post=7329"}],"version-history":[{"count":3,"href":"https:\/\/fiaf.net\/diaf\/wp-json\/wp\/v2\/pages\/7329\/revisions"}],"predecessor-version":[{"id":8910,"href":"https:\/\/fiaf.net\/diaf\/wp-json\/wp\/v2\/pages\/7329\/revisions\/8910"}],"wp:attachment":[{"href":"https:\/\/fiaf.net\/diaf\/wp-json\/wp\/v2\/media?parent=7329"}],"curies":[{"name":"wp","href":"https:\/\/api.w.org\/{rel}","templated":true}]}}