{"id":7446,"date":"2019-02-19T21:39:58","date_gmt":"2019-02-19T20:39:58","guid":{"rendered":"https:\/\/fiaf.net\/diaf\/?page_id=7446"},"modified":"2019-02-19T21:39:58","modified_gmt":"2019-02-19T20:39:58","slug":"manuale-dellav-fotografico","status":"publish","type":"page","link":"https:\/\/fiaf.net\/diaf\/manuale-dellav-fotografico\/","title":{"rendered":"Manuale dell&#8217;AV fotografico"},"content":{"rendered":"<hr \/>\n<h4 style=\"text-align: center\">Un\u2019idea, una storia, un progetto<\/h4>\n<p><span style=\"color: #000000\">Il Dipartimento DiAF mette a disposizione di tutti coloro che hanno desiderio di cimentarsi con la produzione di un\u2019opera, il\u00a0<strong>1\u00b0 Manuale dell\u2019audiovisivo\u00a0<\/strong>che propone\u00a0le\u00a0linee guida per la costruzione di un audiovisivo fotografico attraverso le sue componenti essenziali. Tratta di creativit\u00e0, di idee, naturalmente di fotografia e poi di colonne sonore, di montaggio, di regia, componenti\u00a0fondamentali per la\u00a0trasmissione del messaggio che l\u2019autore vuole trasferire e che generano la \u201cdinamica comunicativa\u201d ovvero la capacit\u00e0 dell\u2019autore stesso di emozionare\u00a0lo\u00a0spettatore.\u00a0Per chi vorr\u00e0 acquistarne una copia preghiamo di contattare la mail <a href=\"mailto:segreteria.diaf@gmail.com\">segreteria.diaf@gmail.com<\/a><\/span><\/p>\n<p style=\"text-align: center\"><a href=\"https:\/\/fiaf.net\/diaf\/wp-content\/uploads\/sites\/26\/2019\/03\/Manuale-AV-copertina-400.jpg\"><img loading=\"lazy\" decoding=\"async\" class=\"thumbnail aligncenter wp-image-7468 size-medium\" src=\"https:\/\/fiaf.net\/diaf\/wp-content\/uploads\/sites\/26\/2019\/03\/Manuale-AV-copertina-400-225x300.jpg\" alt=\"Manuale AV copertina 400\" width=\"225\" height=\"300\" srcset=\"https:\/\/fiaf.net\/diaf\/wp-content\/uploads\/sites\/26\/2019\/03\/Manuale-AV-copertina-400-225x300.jpg 225w, https:\/\/fiaf.net\/diaf\/wp-content\/uploads\/sites\/26\/2019\/03\/Manuale-AV-copertina-400.jpg 400w\" sizes=\"auto, (max-width: 225px) 100vw, 225px\" \/><\/a><\/p>\n<p style=\"text-align: left\">\n\t\t<div class=\"box info  \">\n\t\t\t<div class=\"box-inner-block\">\n\t\t\t\t<span class=\"fa tie-shortcode-boxicon\"><\/span> <span style=\"color: #000000\">Questa \u00e8 una pagina di consultazione e contiene i collegamenti con il materiale audiovisivo citato nei vari capitoli del manuale. Attraverso questi link potrete prendere visione degli esempi che gli autori hanno ritenuto di proporre per una migliore comprensione dei testi.<\/span>\n\t\t\t<\/div>\n\t\t<\/div>\n\t\n<p style=\"text-align: center\"><strong>Capitolo\u00a03 &#8211;\u00a0La Fotografia, non solo una fotografia di A. Scatolini<\/strong><\/p>\n<ol>\n<li style=\"text-align: left\">Prof. Luis Cozolino:\u00a0<a href=\"https:\/\/en.wikipedia.org\/wiki\/Louis_Cozolino\" target=\"_blank\" rel=\"noopener\">https:\/\/en.wikipedia.org\/wiki\/Louis_Cozolino<\/a><\/li>\n<li style=\"text-align: left\"><a href=\"https:\/\/phototherapy-centre.com\/italian\/\" target=\"_blank\" rel=\"noopener\">https:\/\/phototherapy-centre.com\/italian\/<\/a><\/li>\n<\/ol>\n<hr \/>\n<p style=\"text-align: center\"><strong>Capitolo 4 &#8211;\u00a0La Fotografia di W. Turcato<\/strong><\/p>\n<ol>\n<li style=\"text-align: left\">Spot kit kat:\u00a0<a href=\"https:\/\/vimeo.com\/150736956\" target=\"_blank\" rel=\"noopener\">https:\/\/vimeo.com\/150736956<\/a><\/li>\n<li style=\"text-align: left\">Sito Diego Bardone:\u00a0<a href=\"http:\/\/www.diegobardonephotographer.com\/\" target=\"_blank\" rel=\"noopener\">http:\/\/www.diegobardonephotographer.com\/<\/a><\/li>\n<li style=\"text-align: left\">Film L\u2019ospite d\u2019inverno:\u00a0<a href=\"https:\/\/www.youtube.com\/watch?v=3a-jOoABGR8\" target=\"_blank\" rel=\"noopener\">https:\/\/www.youtube.com\/watch?v=3a-jOoABGR8<\/a><\/li>\n<li style=\"text-align: left\">Equilibri interrotti:\u00a0<a href=\"https:\/\/youtu.be\/t2rXtpSsqOE\" target=\"_blank\" rel=\"noopener\">https:\/\/youtu.be\/t2rXtpSsqOE<\/a><\/li>\n<\/ol>\n<hr \/>\n<p style=\"text-align: center\"><strong>Capitolo 5 &#8211;\u00a0La colonna sonora di A. Chionna<\/strong><\/p>\n<ol>\n<li style=\"text-align: left\">C. Chaplin, \u201cLuci della citt\u00e0\u201d:\u00a0<a href=\"http:\/\/www.dailymotion.com\/video\/x2skge_charlie-chaplin-boxing-from-city-li_fun\" target=\"_blank\" rel=\"noopener\">http:\/\/www.dailymotion.com\/video\/x2skge_charlie-chaplin-boxing-from-city-li_fun<\/a><\/li>\n<li style=\"text-align: left\">A. Ponchielli, \u201cDanza delle ore\u201d:\u00a0<a href=\"http:\/\/youtu.be\/jxWX52iwdYU\" target=\"_blank\" rel=\"noopener\">http:\/\/youtu.be\/jxWX52iwdYU<\/a><\/li>\n<li style=\"text-align: left\">Schindler List:\u00a0<a href=\"https:\/\/www.youtube.com\/watch?v=YqVRcFQagtI\" target=\"_blank\" rel=\"noopener\">https:\/\/www.youtube.com\/watch?v=YqVRcFQagtI<\/a><\/li>\n<li style=\"text-align: left\">Nino Rota:\u00a0<a href=\"https:\/\/www.youtube.com\/watch?v=X-jdl9hcCeg\" target=\"_blank\" rel=\"noopener\">https:\/\/www.youtube.com\/watch?v=X-jdl9hcCeg<\/a><\/li>\n<li style=\"text-align: left\">L. v. Beethoven, Sinf.\u00a0 \u201cPastorale\u201d:\u00a0<a href=\"https:\/\/www.youtube.com\/watch?v=H0_yQQN54Gg\" target=\"_blank\" rel=\"noopener\">https:\/\/www.youtube.com\/watch?v=H0_yQQN54Gg<\/a><\/li>\n<li style=\"text-align: left\">Caikovskij Sinfonia 6:\u00a0<a href=\"https:\/\/www.youtube.com\/watch?v=BVkWCHgOxw8\" target=\"_blank\" rel=\"noopener\">https:\/\/www.youtube.com\/watch?v=BVkWCHgOxw8<\/a><\/li>\n<li style=\"text-align: left\">T. Monk e C. Williams:\u00a0<a href=\"https:\/\/www.youtube.com\/watch?v=lUxQLU_eqfU\" target=\"_blank\" rel=\"noopener\">https:\/\/www.youtube.com\/watch?v=lUxQLU_eqfU<\/a><\/li>\n<li style=\"text-align: left\">La Monferrina, canto popolare:\u00a0<a href=\"https:\/\/www.youtube.com\/watch?v=0FD0j8dhxOw\" target=\"_blank\" rel=\"noopener\">https:\/\/www.youtube.com\/watch?v=0FD0j8dhxOw<\/a><\/li>\n<li style=\"text-align: left\">Wagner \u201cTristano e Isotta\u201d:\u00a0<a href=\"https:\/\/www.youtube.com\/watch?v=fktwPGCR7Yw\" target=\"_blank\" rel=\"noopener\">https:\/\/www.youtube.com\/watch?v=fktwPGCR7Yw<\/a><\/li>\n<li style=\"text-align: left\">Gershwin, \u201cPorgy and Bess\u201d:\u00a0<a href=\"https:\/\/www.youtube.com\/watch?v=O7-Qa92Rzbk\" target=\"_blank\" rel=\"noopener\">https:\/\/www.youtube.com\/watch?v=O7-Qa92Rzbk<\/a><\/li>\n<li style=\"text-align: left\">Goldsmith La mummia:\u00a0<a href=\"https:\/\/www.youtube.com\/watch?v=YKOyD0V6wKY\" target=\"_blank\" rel=\"noopener\">https:\/\/www.youtube.com\/watch?v=YKOyD0V6wKY<\/a><\/li>\n<li style=\"text-align: left\">Ferruccio Marruffi:\u00a0<a href=\"https:\/\/www.youtube.com\/watch?v=0zBa0ia1GGA\" target=\"_blank\" rel=\"noopener\">https:\/\/www.youtube.com\/watch?v=0zBa0ia1GGA<\/a><\/li>\n<li style=\"text-align: left\">Sliding doors:\u00a0<a href=\"https:\/\/www.youtube.com\/watch?v=gQiYbqx2Fvs\" target=\"_blank\" rel=\"noopener\">https:\/\/www.youtube.com\/watch?v=gQiYbqx2Fvs<\/a><\/li>\n<li style=\"text-align: left\">Senza confini:\u00a0<a href=\"https:\/\/youtu.be\/7g12t_CARUs\" target=\"_blank\" rel=\"noopener\">https:\/\/youtu.be\/7g12t_CARUs<\/a><\/li>\n<li style=\"text-align: left\">\u00a01\u00a0Destini paralleli seq. 1:\u00a0<a href=\"https:\/\/youtu.be\/ULzozEbhvYg\" target=\"_blank\" rel=\"noopener\">https:\/\/youtu.be\/ULzozEbhvYg<\/a>\u00a02- Destini paralleli seq. 2:\u00a0<a href=\"https:\/\/youtu.be\/mjHSeXn8VxI\" target=\"_blank\" rel=\"noopener\">https:\/\/youtu.be\/mjHSeXn8VxI\u00a0<\/a>\u00a03-\u00a0Destini paralleli seq. 3:\u00a0<a href=\"https:\/\/youtu.be\/HRRVblQwitM\" target=\"_blank\" rel=\"noopener\">https:\/\/youtu.be\/HRRVblQwitM<\/a> 4-\u00a0Destini paralleli seq. 4:\u00a0<a href=\"https:\/\/youtu.be\/hrTfDlzlUcs\" target=\"_blank\" rel=\"noopener\">https:\/\/youtu.be\/hrTfDlzlUcs<\/a>\u00a05-\u00a0Destini paralleli seq. 5:\u00a0<a href=\"https:\/\/youtu.be\/A46FgJZeov0\" target=\"_blank\" rel=\"noopener\">https:\/\/youtu.be\/A46FgJZeov0<\/a> 6-\u00a0Destini paralleli seq. 6:\u00a0<a href=\"https:\/\/youtu.be\/HxdbRTTVTNI\" target=\"_blank\" rel=\"noopener\">https:\/\/youtu.be\/HxdbRTTVTNI<\/a> 7-\u00a0Destini paralleli seq. 7:\u00a0<a href=\"https:\/\/youtu.be\/xLYNMgXCoD4\" target=\"_blank\" rel=\"noopener\">https:\/\/youtu.be\/xLYNMgXCoD4<\/a><\/li>\n<li style=\"text-align: left\">Spot Adidas:\u00a0<a href=\"https:\/\/youtu.be\/DCfT7GEM2fY\" target=\"_blank\" rel=\"noopener\">https:\/\/youtu.be\/DCfT7GEM2fY<\/a><\/li>\n<li style=\"text-align: left\">Elisa Doolittle (My fair Lady):\u00a0<a href=\"https:\/\/youtu.be\/6kPe6sMQc0o\" target=\"_blank\" rel=\"noopener\">https:\/\/youtu.be\/6kPe6sMQc0o<\/a><\/li>\n<li style=\"text-align: left\">Film Concerto:\u00a0<a href=\"https:\/\/youtu.be\/zP1upjqs9Ys\" target=\"_blank\" rel=\"noopener\">https:\/\/youtu.be\/zP1upjqs9Ys<\/a><\/li>\n<li style=\"text-align: left\">Il cavaliere oscuro:\u00a0<a href=\"https:\/\/www.youtube.com\/watch?v=2J7kJmL8mOk\" target=\"_blank\" rel=\"noopener\">https:\/\/www.youtube.com\/watch?v=2J7kJmL8mOk<\/a><\/li>\n<li style=\"text-align: left\">Il cavaliere oscuro:\u00a0<a href=\"https:\/\/www.youtube.com\/watch?v=Zs2Z_ZJ_iVw\" target=\"_blank\" rel=\"noopener\">https:\/\/www.youtube.com\/watch?v=Zs2Z_ZJ_iVw<\/a><\/li>\n<li style=\"text-align: left\">Quella strada chiamata \u2026.:\u00a0<a href=\"https:\/\/www.youtube.com\/watch?v=xuuQl019Mzk\" target=\"_blank\" rel=\"noopener\">https:\/\/www.youtube.com\/watch?v=xuuQl019Mzk<\/a><\/li>\n<li style=\"text-align: left\">L&#8217;uccello dalle piume \u00a0\u2026:\u00a0<a href=\"https:\/\/www.youtube.com\/watch?v=4FZUhZZIEQk\" target=\"_blank\" rel=\"noopener\">https:\/\/www.youtube.com\/watch?v=4FZUhZZIEQk<\/a><\/li>\n<\/ol>\n<hr \/>\n<p style=\"text-align: center\"><strong>Capitolo\u00a06 &#8211;\u00a0Registriamo un commento audio in casa? di F. Luzzo<\/strong><\/p>\n<ol>\n<li style=\"text-align: left\">Open Source: <a href=\"http:\/\/auda-cityteam.org\" target=\"_blank\" rel=\"noopener\">http:\/\/auda-cityteam.org<\/a><\/li>\n<\/ol>\n<hr \/>\n<p style=\"text-align: center\"><strong>Capitolo 7 &#8211; La drammaturgia<\/strong> <strong>di G. Cicciotti e G. Rossi<\/strong><\/p>\n<ol>\n<li style=\"text-align: left\">Gaber, Monologo:\u00a0<a href=\"https:\/\/www.youtube.com\/watch?v=emoFu3iejiQ\" target=\"_blank\" rel=\"noopener\">https:\/\/www.youtube.com\/watch?v=emoFu3iejiQ<\/a><\/li>\n<li style=\"text-align: left\">Spot \u201cCambia le tue parole\u201d:<a href=\"https:\/\/www.youtube.com\/watch?v=zom83oaknd8\" target=\"_blank\" rel=\"noopener\">\u00a0https:\/\/www.youtube.com\/watch?v=zom83oaknd8<\/a><\/li>\n<\/ol>\n<hr \/>\n<p style=\"text-align: center\"><strong>Capitolo 9 &#8211; Regia e montaggio di\u00a0G. Mazzanti<\/strong><\/p>\n<ol>\n<li>\u201cSole nero\u201d (trailer) di Daniele Atzeni:\u00a0<a href=\"https:\/\/www.youtube.com\/watch?v=bh07OOO8LnA\" target=\"_blank\" rel=\"noopener\">https:\/\/www.youtube.com\/watch?v=bh07OOO8LnA<\/a><\/li>\n<li>\u201clluminazioni\u201d di Claudio Tuti:\u00a0<a href=\"https:\/\/vimeo.com\/126779741\" target=\"_blank\" rel=\"noopener\">https:\/\/vimeo.com\/126779741<\/a><\/li>\n<li>&#8220;All\u2019Omarino ignoto&#8221; di Luciano Bovina:\u00a0<a href=\"https:\/\/www.youtube.com\/watch?v=WfQ2Epqmi-8\" target=\"_blank\" rel=\"noopener\">https:\/\/www.youtube.com\/watch?v=WfQ2Epqmi-8<\/a><\/li>\n<li>\u201cIl Favoloso Mondo di Am\u00e9lie\u201d di Jean-Pierre Jeunet:\u00a0<a href=\"https:\/\/www.youtube.com\/watch?v=3X08Z9ZK26I\" target=\"_blank\" rel=\"noopener\">https:\/\/www.youtube.com\/watch?v=3X08Z9ZK26I<\/a><\/li>\n<li>\u201cRocco Schiavone\u201d (trailer) stagione 1:\u00a0<a href=\"https:\/\/www.youtube.com\/watch?v=tgIHKOtFzF0\" target=\"_blank\" rel=\"noopener\">https:\/\/www.youtube.com\/watch?v=tgIHKOtFzF0<\/a><\/li>\n<li>Buccia di Banana:\u00a0<a href=\"https:\/\/www.youtube.com\/watch?v=mt8vAUl6MeI\" target=\"_blank\" rel=\"noopener\">https:\/\/www.youtube.com\/watch?v=mt8vAUl6MeI<\/a><\/li>\n<li>\u201cStand-by, sotto sfratto\u201d di Enrico Genovesi:\u00a0<a href=\"http:\/\/www.enricogenovesi.it\/StandBy.html\" target=\"_blank\" rel=\"noopener\">http:\/\/www.enricogenovesi.it\/StandBy.html<\/a><\/li>\n<li>\u201cBreak into Break\u201d di Alex Liverani:<a href=\"http:\/\/www.inquadra.org\/it\/progetti\/alex-liverani-break-into-break\/\" target=\"_blank\" rel=\"noopener\">\u00a0http:\/\/www.inquadra.org\/it\/progetti\/alex-liverani-break-into-break\/<\/a><\/li>\n<li>\u201cShoe box\u201d di Alex Carvalho:\u00a0<a href=\"https:\/\/vimeo.com\/3822582\" target=\"_blank\" rel=\"noopener\">https:\/\/vimeo.com\/3822582<\/a><\/li>\n<li>\u201cLAMERICA\u201d di Giuliano Mazzanti:\u00a0<a href=\"https:\/\/www.youtube.com\/watch?v=Qzybobb783M\" target=\"_blank\" rel=\"noopener\">https:\/\/www.youtube.com\/watch?v=Qzybobb783M<\/a><\/li>\n<li>\u201cKing Kong\u201d (film 1933):\u00a0<a href=\"https:\/\/www.youtube.com\/watch?v=uYWSOzFMZjg\" target=\"_blank\" rel=\"noopener\">https:\/\/www.youtube.com\/watch?v=uYWSOzFMZjg<\/a><\/li>\n<li>\u201cPaper Memories\u201d di Teo Putzu:\u00a0<a href=\"https:\/\/vimeo.com\/13831362\" target=\"_blank\" rel=\"noopener\">https:\/\/vimeo.com\/13831362<\/a><\/li>\n<li>\u201cHer Morning Elegance\u201d di Oren Lavie:\u00a0<a href=\"https:\/\/www.youtube.com\/watch?v=2_HXUhShhmY\" target=\"_blank\" rel=\"noopener\">https:\/\/www.youtube.com\/watch?v=2_HXUhShhmY<\/a><\/li>\n<li>\u201cHer Morning Elegance\u201d\u00a0 Behind The Scenes:\u00a0<a href=\"https:\/\/www.youtube.com\/watch?v=JKptYcQuKxc\" target=\"_blank\" rel=\"noopener\">https:\/\/www.youtube.com\/watch?v=JKptYcQuKxc<\/a><\/li>\n<li>\u201cTra le Nebbie di Castelluccio\u201d di M. Mazzetti:\u00a0<a href=\"https:\/\/vimeo.com\/65040506\" target=\"_blank\" rel=\"noopener\">https:\/\/vimeo.com\/65040506<\/a><\/li>\n<li>\u201cMetroZ\u201d di Lucio Zogno:\u00a0<a href=\"https:\/\/www.youtube.com\/watch?v=tv-jflz_ncM\" target=\"_blank\" rel=\"noopener\">https:\/\/www.youtube.com\/watch?v=tv-jflz_ncM<\/a><\/li>\n<li>Our Story In 2 Minutes:\u00a0<a href=\"https:\/\/www.youtube.com\/watch?v=MrqqD_Tsy4Q\" target=\"_blank\" rel=\"noopener\">https:\/\/www.youtube.com\/watch?v=MrqqD_Tsy4Q<\/a><\/li>\n<li>Gopro in Slow Motion:\u00a0<a href=\"https:\/\/www.youtube.com\/watch?v=10SKJyS7AFw\" target=\"_blank\" rel=\"noopener\">https:\/\/www.youtube.com\/watch?v=10SKJyS7AFw<\/a><\/li>\n<\/ol>\n<hr \/>\n<p style=\"text-align: center\"><strong>Capitolo 11 &#8211; L&#8217;audiovisivo\u00a0estetico-creativo di G. Rossi<\/strong><\/p>\n<ol>\n<li style=\"text-align: left\">visual acuity testing:\u00a0<a href=\"http:\/\/www.perkinselearning.org\/videos\/webcast\/visual-acuity-testing-part-1-history-preferential-looking-and-early-testing\" target=\"_blank\" rel=\"noopener\">http:\/\/www.perkinselearning.org\/videos\/webcast\/visual-acuity-testing-part-1-history-preferential-looking-and-early-testing<\/a><\/li>\n<\/ol>\n<hr \/>\n<p style=\"text-align: center\"><strong>Capitolo 13 &#8211; AV Logos di L. De Francesco<\/strong><\/p>\n<ol>\n<li style=\"text-align: left\">Una preghiera per la vita, una preghiera per la morte:<a href=\"https:\/\/www.youtube.com\/watch?v=nXAslqfQ91U\" target=\"_blank\" rel=\"noopener\">\u00a0https:\/\/www.youtube.com\/watch?v=nXAslqfQ91U<\/a><\/li>\n<li style=\"text-align: left\">Reflections:\u00a0<a href=\"https:\/\/www.youtube.com\/watch?v=ggfnpYwBReY\" target=\"_blank\" rel=\"noopener\">https:\/\/www.youtube.com\/watch?v=ggfnpYwBReY<\/a><\/li>\n<li style=\"text-align: left\">Et les cris et les pleurs soudain se sont tus:\u00a0<a href=\"https:\/\/www.youtube.com\/watch?v=YMnOsg10mEg\" target=\"_blank\" rel=\"noopener\">https:\/\/www.youtube.com\/watch?v=YMnOsg10mEg<\/a><\/li>\n<li style=\"text-align: left\">METRO Z:\u00a0<a href=\"https:\/\/vimeo.com\/96580172\" target=\"_blank\" rel=\"noopener\">https:\/\/vimeo.com\/96580172<\/a><\/li>\n<li style=\"text-align: left\">Nenets:\u00a0<a href=\"https:\/\/www.youtube.com\/watch?v=7vz6k1ezJ\" target=\"_blank\" rel=\"noopener\">https:\/\/www.youtube.com\/watch?v=7vz6k1ezJ<\/a><\/li>\n<li style=\"text-align: left\">Il vento del paradiso:\u00a0<a href=\"https:\/\/vimeo.com\/42545481\" target=\"_blank\" rel=\"noopener\">https:\/\/vimeo.com\/42545481<\/a><\/li>\n<li style=\"text-align: left\">Monografia su Bolondi:\u00a0<a href=\"https:\/\/www.youtube.com\/watch?v=DFoVUzvgB_E\" target=\"_blank\" rel=\"noopener\">https:\/\/www.youtube.com\/watch?v=DFoVUzvgB_E<\/a><\/li>\n<li style=\"text-align: left\">X-Mas Failure:\u00a0<a href=\"https:\/\/vimeo.com\/70865568\" target=\"_blank\" rel=\"noopener\">https:\/\/vimeo.com\/70865568<\/a><\/li>\n<li style=\"text-align: left\">La dimora del vento:\u00a0<a href=\"https:\/\/www.youtube.com\/watch?v=vk0WVjaGPJ4\" target=\"_blank\" rel=\"noopener\">https:\/\/www.youtube.com\/watch?v=vk0WVjaGPJ4<\/a><\/li>\n<li style=\"text-align: left\">Dedicato:<a href=\"https:\/\/www.youtube.com\/watch?v=0QrilHaqdis\" target=\"_blank\" rel=\"noopener\">\u00a0https:\/\/www.youtube.com\/watch?v=0QrilHaqdis<\/a><\/li>\n<li style=\"text-align: left\">Per sempre bambini:\u00a0<a href=\"https:\/\/www.youtube.com\/watch?v=GvLQhEF7ZtM\" target=\"_blank\" rel=\"noopener\">https:\/\/www.youtube.com\/watch?v=GvLQhEF7ZtM<\/a><\/li>\n<li style=\"text-align: left\">Atmosfere Sospese:\u00a0<a href=\"https:\/\/www.youtube.com\/watch?v=UdujFT6vuxg\" target=\"_blank\" rel=\"noopener\">https:\/\/www.youtube.com\/watch?v=UdujFT6vuxg<\/a><\/li>\n<li style=\"text-align: left\">L\u2019animo Inquieto:\u00a0<a href=\"https:\/\/www.youtube.com\/watch?v=XYJedDyIhNU\" target=\"_blank\" rel=\"noopener\">https:\/\/www.youtube.com\/watch?v=XYJedDyIhNU<\/a><\/li>\n<li style=\"text-align: left\">Yuri Sirri Nakvas Hyper time lapse:\u00a0<a href=\"https:\/\/www.youtube.com\/watch?v=myzzfwB-9Cc\" target=\"_blank\" rel=\"noopener\">https:\/\/www.youtube.com\/watch?v=myzzfwB-9Cc<\/a><\/li>\n<li style=\"text-align: left\">Hkikomori reloaded:\u00a0<a href=\"https:\/\/www.youtube.com\/watch?v=XPYOCdP5yH8&amp;t=0s&amp;list=PLhgN4F4om46I5Zp2VJ2KWiB7tjdKXNeUM&amp;index=16\" target=\"_blank\" rel=\"noopener\">https:\/\/www.youtube.com\/watch?v=XPYOCdP5yH8&amp;t=0s&amp;list=PLhgN4F4om46I5Zp2VJ2KWiB7tjdKXNeUM&amp;index=16<\/a><\/li>\n<li style=\"text-align: left\">Non avrete il mio odio:\u00a0<a href=\"https:\/\/www.youtube.com\/watch?v=XfEhBiUkmGI\" target=\"_blank\" rel=\"noopener\">https:\/\/www.youtube.com\/watch?v=XfEhBiUkmGI<\/a><\/li>\n<li style=\"text-align: left\">Mauro Galligani, Trailer:\u00a0<a href=\"https:\/\/www.youtube.com\/watch?v=kDl1lpIb7KI\" target=\"_blank\" rel=\"noopener\">https:\/\/www.youtube.com\/watch?v=kDl1lpIb7KI<\/a><\/li>\n<\/ol>\n<p>&nbsp;<\/p>\n<hr \/>\n<p><span style=\"color: #000000\">La realizzazione di questo volume \u00e8 il frutto del lavoro e della condivisione di competenze di un Gruppo di persone che nel 2014 hanno deciso di collaborare alla realizzazione di un progetto di sviluppo e di aggiornamento del Dipartimento Audiovisivi. Un progetto ambizioso, di cui oggi siamo orgogliosi, che ha saputo trovare linfa e forza proprio dalla disponibilit\u00e0 dagli stessi componenti, molto spesso autori anch\u2019essi di audiovisivi, ma anche di amici professionisti che hanno voluto mettere a servizio le proprie conoscenze per far comprendere che produrre un audiovisivo non \u00e8 soltanto mettere una base musicale ad una proiezione di immagini, ma pu\u00f2 diventare modo di espressione e di comunicazione di veri e propri progetti creativi, diventare cio\u00e8 una proposta culturale.<\/span><\/p>\n\n    <div class=\"xs_social_share_widget xs_share_url after_content \t\tmain_content  wslu-style-1 wslu-share-box-shaped wslu-fill-colored wslu-none wslu-share-horizontal wslu-theme-font-no wslu-main_content\">\n\n\t\t\n        <ul>\n\t\t\t        <\/ul>\n    <\/div> \n","protected":false},"excerpt":{"rendered":"<p>Un\u2019idea, una storia, un progetto Il Dipartimento DiAF mette a disposizione di tutti coloro che hanno desiderio di cimentarsi con &hellip;<\/p>\n","protected":false},"author":59,"featured_media":0,"parent":0,"menu_order":0,"comment_status":"closed","ping_status":"closed","template":"","meta":{"_acf_changed":false,"footnotes":""},"class_list":["post-7446","page","type-page","status-publish","hentry"],"acf":[],"_links":{"self":[{"href":"https:\/\/fiaf.net\/diaf\/wp-json\/wp\/v2\/pages\/7446","targetHints":{"allow":["GET"]}}],"collection":[{"href":"https:\/\/fiaf.net\/diaf\/wp-json\/wp\/v2\/pages"}],"about":[{"href":"https:\/\/fiaf.net\/diaf\/wp-json\/wp\/v2\/types\/page"}],"author":[{"embeddable":true,"href":"https:\/\/fiaf.net\/diaf\/wp-json\/wp\/v2\/users\/59"}],"replies":[{"embeddable":true,"href":"https:\/\/fiaf.net\/diaf\/wp-json\/wp\/v2\/comments?post=7446"}],"version-history":[{"count":0,"href":"https:\/\/fiaf.net\/diaf\/wp-json\/wp\/v2\/pages\/7446\/revisions"}],"wp:attachment":[{"href":"https:\/\/fiaf.net\/diaf\/wp-json\/wp\/v2\/media?parent=7446"}],"curies":[{"name":"wp","href":"https:\/\/api.w.org\/{rel}","templated":true}]}}