{"id":151,"date":"2023-05-02T11:10:51","date_gmt":"2023-05-02T09:10:51","guid":{"rendered":"https:\/\/fiaf.net\/censimento-fotografico\/?page_id=151"},"modified":"2023-05-02T11:10:51","modified_gmt":"2023-05-02T09:10:51","slug":"il-progetto","status":"publish","type":"page","link":"https:\/\/fiaf.net\/obiettivo-italia\/il-progetto\/","title":{"rendered":"Il Progetto"},"content":{"rendered":"<p>La <strong>FIAF<\/strong> \u00ad- <em>Federazione Italiana Associazioni Fotografiche<\/em> &#8211; , in collaborazione con <strong>ISTAT<\/strong> &#8211; <em>Istituto Nazionale di Statistica<\/em> &#8211; in occasione del suo 75\u00b0 anno di attivit\u00e0 presenta il nuovo progetto fotografico collettivo nazionale<strong> <em>OBIETTIVO ITALIA &#8211; CENSIMENTO FOTOGRAFICO<\/em>. <\/strong><\/p>\n<p>Grazie al supporto dei Circoli fotografici affiliati FIAF che hanno aderito all\u2019iniziativa e all\u2019attenzione della Cattedra di Antropologia Culturale e Sociale dell\u2019Universit\u00e0 di Perugia, il <strong>6 e 7 maggio 2023<\/strong> in tutta la Penisola sono allestiti oltre 200 set fotografici per un affresco corale ampio della popolazione nazionale mediante migliaia, pi\u00f9 realisticamente decine di migliaia, di ritratti fotografici.<\/p>\n<p>In tre quarti di secolo, dal 1948 anno della sua fondazione, la FIAF ha fatto la storia della fotografia amatoriale italiana, sostenendola e promuovendola su tutto il territorio nazionale e mostrandosi sempre pronta a monitorare e ad interpretare i vari processi culturali attraversati nelle diverse fasi storiche.<\/p>\n<p>Un secolo dopo August Sander che negli Anni \u201920 del Novecento, fu l\u2019iniziatore di un genere dal forte risvolto sociologico e cio\u00e8 la rappresentazione fotografica di tipo seriale di un elevato numero di soggetti dai ruoli diversificati all\u2019interno della societ\u00e0, il progetto <strong><em>OBIETTIVO ITALIA<\/em><\/strong> si colloca dunque, consapevolmente, nel solco di un genere consolidato e autorevole, con l\u2019intento di realizzare un ampio censimento fotografico di rilevanza anche per discipline quali l\u2019Antropologia Culturale e Sociale, la Sociologia, la Demografia, la Statistica.<\/p>\n<p>Negli oltre 200 set allestiti nelle piazze e nei luoghi pubblici in tutta Italia, ogni individuo sar\u00e0 fotografato secondo uno schema iterato con metodo e rigore: inquadratura frontale, profondit\u00e0 di campo ridotta e ambientazione essenziale, affinch\u00e9, in assenza di altre distrazioni visive, ciascun soggetto possa essere collocato con precisione nel tessuto sociale, diventando un tassello del mosaico finale.<\/p>\n<p>L\u2019ampio corpus di immagini che saranno raccolte, intatti, fornir\u00e0 un ritratto dell\u2019odierna societ\u00e0 italiana e della sua composizione, con preziosi risvolti culturali, sociali e di costume.<\/p>\n<p>I ritratti raccolti per il progetto OBIETTIVO ITALIA &#8211; CENSIMENTO FOTOGRAFICO saranno esposti a Torino, con inaugurazione l\u20198 dicembre.<\/p>\n<p>&nbsp;<\/p>\n\n    <div class=\"xs_social_share_widget xs_share_url after_content \t\tmain_content  wslu-style-1 wslu-share-box-shaped wslu-fill-colored wslu-none wslu-share-horizontal wslu-theme-font-no wslu-main_content\">\n\n\t\t\n        <ul>\n\t\t\t        <\/ul>\n    <\/div> \n","protected":false},"excerpt":{"rendered":"<p>La FIAF \u00ad- Federazione Italiana Associazioni Fotografiche &#8211; , in collaborazione con ISTAT &#8211; Istituto Nazionale di Statistica &#8211; in &hellip;<\/p>\n","protected":false},"author":64,"featured_media":0,"parent":0,"menu_order":0,"comment_status":"closed","ping_status":"closed","template":"","meta":{"_acf_changed":false,"footnotes":""},"class_list":["post-151","page","type-page","status-publish","hentry"],"acf":[],"_links":{"self":[{"href":"https:\/\/fiaf.net\/obiettivo-italia\/wp-json\/wp\/v2\/pages\/151","targetHints":{"allow":["GET"]}}],"collection":[{"href":"https:\/\/fiaf.net\/obiettivo-italia\/wp-json\/wp\/v2\/pages"}],"about":[{"href":"https:\/\/fiaf.net\/obiettivo-italia\/wp-json\/wp\/v2\/types\/page"}],"author":[{"embeddable":true,"href":"https:\/\/fiaf.net\/obiettivo-italia\/wp-json\/wp\/v2\/users\/64"}],"replies":[{"embeddable":true,"href":"https:\/\/fiaf.net\/obiettivo-italia\/wp-json\/wp\/v2\/comments?post=151"}],"version-history":[{"count":2,"href":"https:\/\/fiaf.net\/obiettivo-italia\/wp-json\/wp\/v2\/pages\/151\/revisions"}],"predecessor-version":[{"id":153,"href":"https:\/\/fiaf.net\/obiettivo-italia\/wp-json\/wp\/v2\/pages\/151\/revisions\/153"}],"wp:attachment":[{"href":"https:\/\/fiaf.net\/obiettivo-italia\/wp-json\/wp\/v2\/media?parent=151"}],"curies":[{"name":"wp","href":"https:\/\/api.w.org\/{rel}","templated":true}]}}