{"id":168,"date":"2023-05-02T11:29:22","date_gmt":"2023-05-02T09:29:22","guid":{"rendered":"https:\/\/fiaf.net\/censimento-fotografico\/?page_id=168"},"modified":"2023-05-02T14:00:25","modified_gmt":"2023-05-02T12:00:25","slug":"precedenti-illustri","status":"publish","type":"page","link":"https:\/\/fiaf.net\/obiettivo-italia\/precedenti-illustri\/","title":{"rendered":"Nella Storia"},"content":{"rendered":"<p><strong>PRECEDENTI ILLUSTRI<\/strong><br \/>\nLa catalogazione della popolazione mediante la ritrattistica come spaccato della societ\u00e0 contemporanea ha precedenti illustri, nella Storia della Fotografia. Si pensi a <strong>Edward Sheriff Curtis<\/strong> e alla sua immensa rappresentazione dei nativi americani in via di sparizione alla svolta tra Ottocento e Novecento: la sua epica impresa fotografica, finanziata tra gli altri da John Morgan e Theodore Rosevelt, culmin\u00f2 in un\u2019opera editoriale in venti volumi dal titolo <em>The North American Indian<\/em>, sintesi delle 50.000 fotografie, prevalentemente di ritratto, e 4.000 pagine di testo originari.<\/p>\n<p>Negli Anni \u201920 del Novecento, <strong>August Sander<\/strong> diventa l\u2019iniziatore nonch\u00e9 la figura di riferimento di un genere dal forte risvolto sociologico: la rappresentazione fotografica di tipo seriale di un elevato numero di soggetti dai ruoli diversificati all\u2019interno della societ\u00e0. Con la sua opera monumentale <em>Uomini del Ventesimo Secolo<\/em>, improntata alla pi\u00f9 stretta coerenza sotto il profilo formale e di contenuto, il grande fotografo tedesco esplora, attraverso la fotografi a di ritratto, tutte le sfaccettature e stratificazioni della societ\u00e0 del suo tempo, rivelandone l\u2019articolazione in archetipi. Ogni fotografi a, portatrice di informazioni preziose, si traduce con chiarezza in un tassello del mosaico finale, e costituisce un\u2019affermazione inequivocabile relativa a classe sociale di appartenenza e professione\/mestiere del soggetto. Ogni individuo \u00e8 fotografato secondo uno schema iterato con metodo e rigore: inquadratura frontale, profondit\u00e0 di campo ridotta, ambientazione essenziale. Il risultato \u00e8 che, in assenza di altre distrazioni visive, l\u2019abbigliamento, la postura, gli strumenti del mestiere, collocano ciascun soggetto con precisione nel tessuto sociale. Al contempo, viene offerto un campione rappresentativo e attendibile di una categoria che si raccorda alle altre per formare un tutto.<br \/>\nIn tempi pi\u00f9 recenti, alla fine degli Anni \u201970, <strong>Richard Avedon<\/strong> intraprende un viaggio di cinque anni attraverso l\u2019America occidentale, terra storicamente e culturalmente di frontiera in cui Avedon, indiscusso maestro del ritratto in bianco e nero, ricerca e fotografa un\u2019umanit\u00e0 oscura, umile e poco visibile, affaticata da un\u2019esistenza di lavoro. Nel suo libro In <em>The American West <\/em>\u00e8 raccolto il frutto di questa impresa: l\u2019attraversamento di 17 stati dell\u2019Unione americana, 189 citt\u00e0 visitate, i volti di 752 soggetti.<\/p>\n<p>Un secolo dopo August Sander, la <strong>FIAF<\/strong> si colloca dunque, consapevolmente, nel solco di un genere consolidato e autorevole, con l\u2019intento di realizzare un progetto fotografi co di rilevanza anche per discipline quali l\u2019Antropologia Culturale e Sociale, la Sociologia, la Demografi a, la Statistica.<\/p>\n\n    <div class=\"xs_social_share_widget xs_share_url after_content \t\tmain_content  wslu-style-1 wslu-share-box-shaped wslu-fill-colored wslu-none wslu-share-horizontal wslu-theme-font-no wslu-main_content\">\n\n\t\t\n        <ul>\n\t\t\t        <\/ul>\n    <\/div> \n","protected":false},"excerpt":{"rendered":"<p>PRECEDENTI ILLUSTRI La catalogazione della popolazione mediante la ritrattistica come spaccato della societ\u00e0 contemporanea ha precedenti illustri, nella Storia della &hellip;<\/p>\n","protected":false},"author":64,"featured_media":0,"parent":0,"menu_order":0,"comment_status":"closed","ping_status":"closed","template":"","meta":{"_acf_changed":false,"footnotes":""},"class_list":["post-168","page","type-page","status-publish","hentry"],"acf":[],"_links":{"self":[{"href":"https:\/\/fiaf.net\/obiettivo-italia\/wp-json\/wp\/v2\/pages\/168","targetHints":{"allow":["GET"]}}],"collection":[{"href":"https:\/\/fiaf.net\/obiettivo-italia\/wp-json\/wp\/v2\/pages"}],"about":[{"href":"https:\/\/fiaf.net\/obiettivo-italia\/wp-json\/wp\/v2\/types\/page"}],"author":[{"embeddable":true,"href":"https:\/\/fiaf.net\/obiettivo-italia\/wp-json\/wp\/v2\/users\/64"}],"replies":[{"embeddable":true,"href":"https:\/\/fiaf.net\/obiettivo-italia\/wp-json\/wp\/v2\/comments?post=168"}],"version-history":[{"count":3,"href":"https:\/\/fiaf.net\/obiettivo-italia\/wp-json\/wp\/v2\/pages\/168\/revisions"}],"predecessor-version":[{"id":213,"href":"https:\/\/fiaf.net\/obiettivo-italia\/wp-json\/wp\/v2\/pages\/168\/revisions\/213"}],"wp:attachment":[{"href":"https:\/\/fiaf.net\/obiettivo-italia\/wp-json\/wp\/v2\/media?parent=168"}],"curies":[{"name":"wp","href":"https:\/\/api.w.org\/{rel}","templated":true}]}}