{"id":4941,"date":"2024-05-07T14:21:26","date_gmt":"2024-05-07T12:21:26","guid":{"rendered":"https:\/\/fiaf.net\/portfolioitalia\/?page_id=4941"},"modified":"2024-05-12T11:57:27","modified_gmt":"2024-05-12T09:57:27","slug":"presentazione-2024","status":"publish","type":"page","link":"https:\/\/fiaf.net\/portfolioitalia\/12-fotoarte-in-portfolio\/presentazione-2024\/","title":{"rendered":"Presentazione 2024"},"content":{"rendered":"<h3 style=\"text-align: center\"><strong>\u201cPortfolio Italia 2024 &#8211; Gran Premio Fowa\u201d<br \/>\n<\/strong><strong>Circuito di Incontri di lettura portfolio<\/strong><\/h3>\n<p>\u201c<strong>Portfolio Italia\u201d<\/strong> \u00e8 l\u2019unico Circuito italiano caratterizzato da dieci Festival fotografici specializzati in incontri di lettura portfolio. Quella del 2024 sar\u00e0 la sua 21<sup>a<\/sup> edizione. Avviato dalla Federazione Italiana Associazioni Fotografiche nel 2004, il Circuito, nell\u2019arco dei suoi primi vent\u2019anni di esistenza, pu\u00f2 vantare l\u2019adesione di ben 184 edizioni dei pi\u00f9 importanti Festival fotografici italiani. Sui tavoli di lettura delle 184 Rassegne, i lettori hanno avuto modo di esaminare, di commentare e di contribuire alla crescita di quasi 16.000 portfolio.<\/p>\n<p>Lo svolgimento del Circuito consiste nell\u2019organizzazione di dieci Tappe, programmate fra maggio e ottobre, diffuse lungo tutto il territorio nazionale, con l\u2019obiettivo d\u2019individuare i portfolio fotografici pi\u00f9 apprezzati del nostro Paese. La composizione delle squadre di lettori \u00e8 curata dai Circoli organizzatori che assicurano agli autori dei portfolio la presenza di esperti accreditati, sia nominati dalla FIAF, sia professionisti del settore, con lo scopo di offrire un notevole contributo al miglioramento delle opere e alla loro corretta valutazione.<\/p>\n<p>Ogni anno i Festival si svolgono in un clima di grande fervore ed entusiasmo, con un pubblico numerosissimo e appassionato, stimabile in molte migliaia di presenze. L\u2019edizione del 2023 ha offerto un consuntivo di 512 autori partecipanti (di cui 181 donne e 331 uomini) con 643 portfolio, e di 1.392 letture effettuate da parte di 62 lettori diversi (di cui 35 professionisti) per un totale di 93 presenze ai tavoli. I 512 autori provenivano da 18 Regioni italiane, confermando la capillarit\u00e0 del gradimento del Circuito sul territorio nazionale.<\/p>\n<p>Il calendario della XXI edizione di \u201cPortfolio Italia prevede le seguenti 10 Tappe:<\/p>\n<ul>\n<li><strong>24\u00b0 Spazio Portfolio \u2013 17\/05 e 18\/05 ad Alba CN<\/strong><\/li>\n<li><strong>15\u00b0 Portfolio dello Strega \u2013 01\/06 e 02\/06 a Sassoferrato AN<\/strong><\/li>\n<li><strong>25\u00b0 FotoConfronti \u2013 15\/06 e 16\/06 a Bibbiena AR<\/strong><\/li>\n<li><strong>15\u00b0 Portfolio in Rocca \u2013 29\/06 e 30\/06 a San Felice sul Panaro MO<\/strong><\/li>\n<li><strong>21\u00b0 FotoArte in Portfolio \u2013 24\/08 e 25\/08 a Martina Franca TA<\/strong><\/li>\n<li><strong>17\u00b0 Portfolio Jonico \u2013 07\/09 e 08\/09 a Corigliano-Rossano CS<\/strong><\/li>\n<li><strong>33\u00b0 Premio Portfolio Colonna \u2013 14\/09 e 15\/09 a Savignano FC<\/strong><\/li>\n<li><strong>14\u00b0 Premio Maria Luigia \u2013 28\/09 e 29\/09 a Colorno PR<\/strong><\/li>\n<li><strong>15\u00b0 Premio Portfolio Lodi \u2013 05\/10 e 06\/10 a Lodi<\/strong><\/li>\n<li><strong>9\u00b0 Portfolio sul Po \u2013 12\/10 e 13\/10 a Torino<\/strong><\/li>\n<\/ul>\n<p>&nbsp;<\/p>\n<p>Nel corso del Circuito saranno selezionati i venti lavori finalisti che poi verranno esposti in una mostra nazionale presso il <strong>CIFA<\/strong>, Centro Italiano per la Fotografia d\u2019Autore, a Bibbiena (AR). La mostra sar\u00e0 inaugurata <strong>sabato 30 novembre 2024.<\/strong> Gli Autori dei portfolio premiati saranno inoltre invitati a partecipare al Gal\u00e0 di chiusura della manifestazione che si terr\u00e0 lo stesso giorno. Nel corso della cerimonia saranno resi noti i tre portfolio finalisti e, successivamente, sar\u00e0 proclamato il vincitore dell\u2019edizione 2024.<\/p>\n<p>I tre fotografi finalisti riceveranno, quale riconoscimento per il loro impegno e per il loro talento, i ricchi Premi messi in palio dal noto sponsor \u201cFowa\u201d. Il portfolio vincitore sar\u00e0 poi esposto nell\u2019ambito di tutte le manifestazioni aderenti all\u2019edizione 2025 del Circuito. Gli altri due portfolio potranno invece essere esposti nelle Gallerie FIAF sparse lungo il territorio nazionale. Infine, tutti i portfolio premiati durante il Circuito saranno pubblicati sulla rivista \u201cFotoit\u201d, organo ufficiale della FIAF, nonch\u00e9 sulla rivista \u201c<strong>Riflessioni<\/strong>\u201d.<\/p>\n\n    <div class=\"xs_social_share_widget xs_share_url after_content \t\tmain_content  wslu-style-1 wslu-share-box-shaped wslu-fill-colored wslu-none wslu-share-horizontal wslu-theme-font-no wslu-main_content\">\n\n\t\t\n        <ul>\n\t\t\t        <\/ul>\n    <\/div> \n","protected":false},"excerpt":{"rendered":"<p>\u201cPortfolio Italia 2024 &#8211; Gran Premio Fowa\u201d Circuito di Incontri di lettura portfolio \u201cPortfolio Italia\u201d \u00e8 l\u2019unico Circuito italiano caratterizzato &hellip;<\/p>\n","protected":false},"author":64,"featured_media":0,"parent":201,"menu_order":0,"comment_status":"open","ping_status":"open","template":"","meta":{"_acf_changed":false,"footnotes":""},"class_list":["post-4941","page","type-page","status-publish","hentry"],"acf":[],"_links":{"self":[{"href":"https:\/\/fiaf.net\/portfolioitalia\/wp-json\/wp\/v2\/pages\/4941","targetHints":{"allow":["GET"]}}],"collection":[{"href":"https:\/\/fiaf.net\/portfolioitalia\/wp-json\/wp\/v2\/pages"}],"about":[{"href":"https:\/\/fiaf.net\/portfolioitalia\/wp-json\/wp\/v2\/types\/page"}],"author":[{"embeddable":true,"href":"https:\/\/fiaf.net\/portfolioitalia\/wp-json\/wp\/v2\/users\/64"}],"replies":[{"embeddable":true,"href":"https:\/\/fiaf.net\/portfolioitalia\/wp-json\/wp\/v2\/comments?post=4941"}],"version-history":[{"count":3,"href":"https:\/\/fiaf.net\/portfolioitalia\/wp-json\/wp\/v2\/pages\/4941\/revisions"}],"predecessor-version":[{"id":4955,"href":"https:\/\/fiaf.net\/portfolioitalia\/wp-json\/wp\/v2\/pages\/4941\/revisions\/4955"}],"up":[{"embeddable":true,"href":"https:\/\/fiaf.net\/portfolioitalia\/wp-json\/wp\/v2\/pages\/201"}],"wp:attachment":[{"href":"https:\/\/fiaf.net\/portfolioitalia\/wp-json\/wp\/v2\/media?parent=4941"}],"curies":[{"name":"wp","href":"https:\/\/api.w.org\/{rel}","templated":true}]}}