{"id":310,"date":"2019-03-28T19:52:36","date_gmt":"2019-03-28T18:52:36","guid":{"rendered":"https:\/\/fiaf.net\/social\/?page_id=310"},"modified":"2019-03-28T19:52:36","modified_gmt":"2019-03-28T18:52:36","slug":"the_fiafers_meet","status":"publish","type":"page","link":"https:\/\/fiaf.net\/social\/fiafers\/the_fiafers_meet\/","title":{"rendered":"The Fiafers Meet"},"content":{"rendered":"<p><strong>\u00a0 \u00a0NUOVE FUNZIONI &amp; FRUIZIONI<\/strong><\/p>\n<p style=\"text-align: center\"><a href=\"https:\/\/fiaf.net\/social\/wp-content\/uploads\/sites\/25\/2021\/03\/locandina-lab-portfolio-v.jpg\"><img loading=\"lazy\" decoding=\"async\" class=\"alignnone wp-image-926\" src=\"https:\/\/fiaf.net\/social\/wp-content\/uploads\/sites\/25\/2021\/03\/locandina-lab-portfolio-v-221x300.jpg\" alt=\"\" width=\"253\" height=\"344\" srcset=\"https:\/\/fiaf.net\/social\/wp-content\/uploads\/sites\/25\/2021\/03\/locandina-lab-portfolio-v-221x300.jpg 221w, https:\/\/fiaf.net\/social\/wp-content\/uploads\/sites\/25\/2021\/03\/locandina-lab-portfolio-v-756x1024.jpg 756w, https:\/\/fiaf.net\/social\/wp-content\/uploads\/sites\/25\/2021\/03\/locandina-lab-portfolio-v-768x1040.jpg 768w, https:\/\/fiaf.net\/social\/wp-content\/uploads\/sites\/25\/2021\/03\/locandina-lab-portfolio-v-1134x1536.jpg 1134w, https:\/\/fiaf.net\/social\/wp-content\/uploads\/sites\/25\/2021\/03\/locandina-lab-portfolio-v-1512x2048.jpg 1512w, https:\/\/fiaf.net\/social\/wp-content\/uploads\/sites\/25\/2021\/03\/locandina-lab-portfolio-v.jpg 1851w\" sizes=\"auto, (max-width: 253px) 100vw, 253px\" \/><\/a><\/p>\n<p>&nbsp;<\/p>\n<p><strong>The Fiafers Meet on line,\u00a0<\/strong>manifestazione di lettura portfolio online che si avvale dell\u2019organizzazione di\u00a0<strong>Magazzino 120\u00a0<\/strong>e\u00a0<strong>Collettivo 42<\/strong>,\u00a0\u00e8 una delle quattro tappe del \u00a0<strong>\u201c1\u00b0 Laboratorio Portfolio online\u201d.<\/strong><\/p>\n<p>Oltre al Premio per il Migliore Portfolio, che sar\u00e0 esposto al <strong>CIFA<\/strong> di Bibbiena in occasione della mostra di Portfolio Italia, \u00e8 istituito un <strong>Premio Speciale<\/strong> per la <strong>Migliore Serie di Street<\/strong> <strong>Photography<\/strong>.<\/p>\n<p>&nbsp;<\/p>\n<p>&nbsp;<\/p>\n<p style=\"text-align: center\"><a href=\"https:\/\/fiaf.net\/social\/wp-content\/uploads\/sites\/25\/2021\/03\/THE-FIAFERS-MEET-def.jpg\"><img loading=\"lazy\" decoding=\"async\" class=\"alignnone wp-image-915\" src=\"https:\/\/fiaf.net\/social\/wp-content\/uploads\/sites\/25\/2021\/03\/THE-FIAFERS-MEET-def-300x300.jpg\" alt=\"\" width=\"447\" height=\"447\" srcset=\"https:\/\/fiaf.net\/social\/wp-content\/uploads\/sites\/25\/2021\/03\/THE-FIAFERS-MEET-def-300x300.jpg 300w, https:\/\/fiaf.net\/social\/wp-content\/uploads\/sites\/25\/2021\/03\/THE-FIAFERS-MEET-def-1024x1024.jpg 1024w, https:\/\/fiaf.net\/social\/wp-content\/uploads\/sites\/25\/2021\/03\/THE-FIAFERS-MEET-def-150x150.jpg 150w, https:\/\/fiaf.net\/social\/wp-content\/uploads\/sites\/25\/2021\/03\/THE-FIAFERS-MEET-def-768x768.jpg 768w, https:\/\/fiaf.net\/social\/wp-content\/uploads\/sites\/25\/2021\/03\/THE-FIAFERS-MEET-def-1536x1536.jpg 1536w, https:\/\/fiaf.net\/social\/wp-content\/uploads\/sites\/25\/2021\/03\/THE-FIAFERS-MEET-def-2048x2048.jpg 2048w\" sizes=\"auto, (max-width: 447px) 100vw, 447px\" \/><\/a><\/p>\n<p>&nbsp;<\/p>\n<ul>\n<li style=\"text-align: left\"><strong>Sar\u00e0 possibile iscriversi da luned\u00ec 8 marzo alle 00,00 di luned\u00ec 22 marzo\u00a0<\/strong><\/li>\n<li><strong>Ogni partecipante potr\u00e0 prenotare un massimo di due letture (ognuna con un Lettore differente) e potr\u00e0 presentare un solo lavoro per sessione di lettura.<\/strong><\/li>\n<li><strong>Ogni lettura avr\u00e0 la durata di 20 minuti.<\/strong><\/li>\n<li><strong>Info:<\/strong>\u00a0<a href=\"mailto:magazzino120@libero.it\" target=\"_blank\" rel=\"noopener\"><strong>magazzino120@libero.it<\/strong><\/a><\/li>\n<\/ul>\n<h2 class=\"wsite-content-title\"><\/h2>\n<p>&nbsp;<\/p>\n<p style=\"text-align: center\"><em>Cliccare sulla scheda per ingrandire<\/em><\/p>\n<p style=\"text-align: center\"><a href=\"https:\/\/fiaf.net\/social\/wp-content\/uploads\/sites\/25\/2021\/03\/scheda-lettori-c.jpg\" target=\"_blank\" rel=\"noopener\"><img loading=\"lazy\" decoding=\"async\" class=\"alignnone wp-image-1034\" src=\"https:\/\/fiaf.net\/social\/wp-content\/uploads\/sites\/25\/2021\/03\/scheda-lettori-c-300x113.jpg\" alt=\"\" width=\"438\" height=\"165\" srcset=\"https:\/\/fiaf.net\/social\/wp-content\/uploads\/sites\/25\/2021\/03\/scheda-lettori-c-300x113.jpg 300w, https:\/\/fiaf.net\/social\/wp-content\/uploads\/sites\/25\/2021\/03\/scheda-lettori-c-1024x385.jpg 1024w, https:\/\/fiaf.net\/social\/wp-content\/uploads\/sites\/25\/2021\/03\/scheda-lettori-c-768x289.jpg 768w, https:\/\/fiaf.net\/social\/wp-content\/uploads\/sites\/25\/2021\/03\/scheda-lettori-c-1536x578.jpg 1536w, https:\/\/fiaf.net\/social\/wp-content\/uploads\/sites\/25\/2021\/03\/scheda-lettori-c-2048x771.jpg 2048w\" sizes=\"auto, (max-width: 438px) 100vw, 438px\" \/><\/a><\/p>\n<p><a href=\"https:\/\/fiaf.net\/social\/wp-content\/uploads\/sites\/25\/2021\/03\/scheda-iscrizione-fiafers-meet-online.docx\" target=\"_blank\" rel=\"noopener\"><img loading=\"lazy\" decoding=\"async\" class=\"alignnone wp-image-357\" src=\"https:\/\/fiaf.net\/social\/wp-content\/uploads\/sites\/25\/2019\/04\/download.png\" alt=\"\" width=\"13\" height=\"13\" srcset=\"https:\/\/fiaf.net\/social\/wp-content\/uploads\/sites\/25\/2019\/04\/download.png 225w, https:\/\/fiaf.net\/social\/wp-content\/uploads\/sites\/25\/2019\/04\/download-150x150.png 150w\" sizes=\"auto, (max-width: 13px) 100vw, 13px\" \/>\u00a0Iscrizione Tappa Portfolio per Soci FIAF<\/a><\/p>\n<p><a href=\"https:\/\/fiaf.net\/social\/wp-content\/uploads\/sites\/25\/2019\/04\/download.png\"><img loading=\"lazy\" decoding=\"async\" class=\"alignnone wp-image-357\" src=\"https:\/\/fiaf.net\/social\/wp-content\/uploads\/sites\/25\/2019\/04\/download.png\" alt=\"\" width=\"13\" height=\"13\" srcset=\"https:\/\/fiaf.net\/social\/wp-content\/uploads\/sites\/25\/2019\/04\/download.png 225w, https:\/\/fiaf.net\/social\/wp-content\/uploads\/sites\/25\/2019\/04\/download-150x150.png 150w\" sizes=\"auto, (max-width: 13px) 100vw, 13px\" \/>\u00a0<\/a><a href=\"https:\/\/fiaf.net\/regioni\/nazionale\/iscrizione-tappa-portfolio\/\" target=\"_blank\" rel=\"noopener\">Iscrizione Tappa Portfolio per non Soci FIAF<\/a><\/p>\n<p><a href=\"https:\/\/fiaf.net\/social\/wp-content\/uploads\/sites\/25\/2019\/04\/download.png\"><img loading=\"lazy\" decoding=\"async\" class=\"alignnone wp-image-357\" src=\"https:\/\/fiaf.net\/social\/wp-content\/uploads\/sites\/25\/2019\/04\/download.png\" alt=\"\" width=\"13\" height=\"13\" srcset=\"https:\/\/fiaf.net\/social\/wp-content\/uploads\/sites\/25\/2019\/04\/download.png 225w, https:\/\/fiaf.net\/social\/wp-content\/uploads\/sites\/25\/2019\/04\/download-150x150.png 150w\" sizes=\"auto, (max-width: 13px) 100vw, 13px\" \/><\/a><a href=\"https:\/\/fiaf.net\/social\/fiafers\/portfolio_online\/\" target=\"_blank\" rel=\"noopener\">\u00a0Regolamento\u00a0<\/a><\/p>\n<p>&nbsp;<\/p>\n<p style=\"text-align: center\"><strong>\n\t\t<div class=\"box shadow  \">\n\t\t\t<div class=\"box-inner-block\">\n\t\t\t\t<span class=\"fa tie-shortcode-boxicon\"><\/span> <\/strong><\/p>\n<p style=\"text-align: center\"><strong>PROGRAMMA THE FIAFERS MEET ON LINE<\/strong><\/p>\n<p style=\"text-align: center\"><strong>NUOVE FUNZIONI &amp; FRUIZIONI<\/strong><\/p>\n<p style=\"text-align: center\"><strong>26\/27\/28 marzo 2021<\/strong><\/p>\n<p>&nbsp;<\/p>\n<p>&nbsp;<\/p>\n<p><strong>VENERDI 26 MARZO<\/strong><\/p>\n<p>ore 21,00<\/p>\n<p>IN MODALIT\u00c0 REMOTO su piattaforma GoToMeeting: <a href=\"https:\/\/global.gotomeeting.com\/join\/935854549\" target=\"_blank\" rel=\"noopener\">link<\/a><\/p>\n<p>Inaugurazione The Fiafers Meet On Line<\/p>\n<p>A seguire<\/p>\n<p>\u201cChi ha paura dell\u2019Homo Instagrams?\u201d talk di Attilio Lauria<\/p>\n<p>&nbsp;<\/p>\n<p>&nbsp;<\/p>\n<p><strong>SABATO 27 MARZO<\/strong><\/p>\n<p>Ore 9,30<br \/>\nLETTURE PORTFOLIO IN MODALIT\u00c0 REMOTO su piattaforma GoToMeeting.<\/p>\n<p>Orari: 9,30\/9,50\/10,10\/10,30\/11,10\/11,30\/11,50\/12,10<\/p>\n<p>&nbsp;<\/p>\n<p>Ore 15,00<br \/>\nLETTURE PORTFOLIO IN MODALIT\u00c0 REMOTO su piattaforma GoToMeeting.<\/p>\n<p>Orari: 15,00\/15,20\/15,40\/16,00\/16,20<\/p>\n<p>&nbsp;<\/p>\n<p><strong>Per accedere alle stanze di lettura cliccare sul nome del lettore:<\/strong><\/p>\n<p>&nbsp;<\/p>\n<p><strong><a href=\"http:\/\/www.gotomeet.me\/leonardofaggiani94ecce\/susanna-bertoni\" target=\"_blank\" rel=\"noopener\">SUSANNA BERTONI<\/a>, <\/strong>Lettore PortfolioItalia, Redattore Web Dip. Social, Direttore Dip. Comunicazione;<\/p>\n<p><strong><a href=\"http:\/\/www.gotomeet.me\/vittoriofaggiani6\/antonio-desideri\" target=\"_blank\" rel=\"noopener\">ANTONIO DESIDERI<\/a>,<\/strong> Lettore Dip. Cultura, Redattore Web Dip. Social;<\/p>\n<p><strong><a href=\"http:\/\/www.gotomeet.me\/michele98\" target=\"_blank\" rel=\"noopener\">ATTILIO LAURIA<\/a>, <\/strong>Lettore PortfolioItalia, Docente Dip. Didattica FIAF, Direttore Fiafers, Direttore Dip. Social, Vice Presidente FIAF;<\/p>\n<p><strong><a href=\"http:\/\/www.gotomeet.me\/carlopanza57\" target=\"_blank\" rel=\"noopener\">MASSIMO MAZZOLI<\/a>,<\/strong> Lettore PortfolioItalia, Docente Dip. Didattica FIAF, Direttore Laboratorio Portfolio On Line;<\/p>\n<p><strong><a href=\"https:\/\/www.gotomeet.me\/sezfotocrdc\" target=\"_blank\" rel=\"noopener\">VITTORIO SCHENI<\/a>,<\/strong> Lettore PortfolioItalia, Docente Dip. Didattica FIAF, Ricercatore Iconografico Dip. Social;<\/p>\n<p><strong><a href=\"http:\/\/www.gotomeet.me\/gfotosmail\" target=\"_blank\" rel=\"noopener\">UMBERTO VERDOLIVA<\/a>,<\/strong> Redattore Web Dip. Social, Collaboratore Fotoit, finalista Miami Street Photography Festival 2014 e 2016, finalista Streetfoto San Francisco awards 2016, finalista 2013 e 2019 \u201cCrediamo ai tuoi occhi&#8221;, finalista Sony World International Photography 2009, 3\u00b0 posto MIFA Moscow International Foto Awards 2015, e molto altro.<\/p>\n<p><strong><a href=\"http:\/\/www.gotomeet.me\/paolaburla\" target=\"_blank\" rel=\"noopener\">STEFANO MIRABELLA<\/a>,<\/strong> Docente presso\u00a0Officine Fotografiche Roma, gi\u00e0 Leica Ambassador e docente della\u00a0Leica Akademie, finalista Miami Street Photography Festival 2013 e 2014, giudice del Miami Street Photography Festival 2015, uno dei 5 Leica Talent 2015, finalista Siena International Photography Awards 2015, e molto altro;<\/p>\n<p>&nbsp;<\/p>\n<p>&nbsp;<\/p>\n<p><strong>DOMENICA 28 MARZO<\/strong><\/p>\n<p>Ore 10,30<br \/>\nIN MODALIT\u00c0 REMOTO su piattaforma GoToMeeting: <a href=\"https:\/\/global.gotomeeting.com\/join\/937895885\" target=\"_blank\" rel=\"noopener\">link<\/a><\/p>\n<p>Comunicazione dei vincitori<\/p>\n<p>A seguire<\/p>\n<p>&#8220;DIScutibilmente &#8211; lo spazio del confronto&#8221;<\/p>\n<p>Stefano Mirabella legge e commenta una selezione dei lavori di street presentati.<\/p>\n\n\t\t\t<\/div>\n\t\t<\/div>\n\t\n<p><a href=\"https:\/\/fiaf.net\/social\/wp-content\/uploads\/sites\/25\/2021\/03\/PROGRAMMA-THE-FIAFERS-MEET-ON-LINE.pdf\" target=\"_blank\" rel=\"noopener\"><img loading=\"lazy\" decoding=\"async\" class=\"alignnone wp-image-933\" src=\"https:\/\/fiaf.net\/social\/wp-content\/uploads\/sites\/25\/2021\/03\/pdf-300x173.png\" alt=\"\" width=\"49\" height=\"28\" srcset=\"https:\/\/fiaf.net\/social\/wp-content\/uploads\/sites\/25\/2021\/03\/pdf-300x173.png 300w, https:\/\/fiaf.net\/social\/wp-content\/uploads\/sites\/25\/2021\/03\/pdf-390x220.png 390w, https:\/\/fiaf.net\/social\/wp-content\/uploads\/sites\/25\/2021\/03\/pdf.png 520w\" sizes=\"auto, (max-width: 49px) 100vw, 49px\" \/><\/a><\/p>\n<p>&nbsp;<\/p>\n<p>&nbsp;<\/p>\n<p>&nbsp;<\/p>\n\n    <div class=\"xs_social_share_widget xs_share_url after_content \t\tmain_content  wslu-style-1 wslu-share-box-shaped wslu-fill-colored wslu-none wslu-share-horizontal wslu-theme-font-no wslu-main_content\">\n\n\t\t\n        <ul>\n\t\t\t        <\/ul>\n    <\/div> \n","protected":false},"excerpt":{"rendered":"<p>\u00a0 \u00a0NUOVE FUNZIONI &amp; FRUIZIONI &nbsp; The Fiafers Meet on line,\u00a0manifestazione di lettura portfolio online che si avvale dell\u2019organizzazione di\u00a0Magazzino &hellip;<\/p>\n","protected":false},"author":64,"featured_media":0,"parent":12,"menu_order":0,"comment_status":"closed","ping_status":"closed","template":"","meta":{"_acf_changed":false,"footnotes":""},"class_list":["post-310","page","type-page","status-publish","hentry"],"acf":[],"_links":{"self":[{"href":"https:\/\/fiaf.net\/social\/wp-json\/wp\/v2\/pages\/310","targetHints":{"allow":["GET"]}}],"collection":[{"href":"https:\/\/fiaf.net\/social\/wp-json\/wp\/v2\/pages"}],"about":[{"href":"https:\/\/fiaf.net\/social\/wp-json\/wp\/v2\/types\/page"}],"author":[{"embeddable":true,"href":"https:\/\/fiaf.net\/social\/wp-json\/wp\/v2\/users\/64"}],"replies":[{"embeddable":true,"href":"https:\/\/fiaf.net\/social\/wp-json\/wp\/v2\/comments?post=310"}],"version-history":[{"count":0,"href":"https:\/\/fiaf.net\/social\/wp-json\/wp\/v2\/pages\/310\/revisions"}],"up":[{"embeddable":true,"href":"https:\/\/fiaf.net\/social\/wp-json\/wp\/v2\/pages\/12"}],"wp:attachment":[{"href":"https:\/\/fiaf.net\/social\/wp-json\/wp\/v2\/media?parent=310"}],"curies":[{"name":"wp","href":"https:\/\/api.w.org\/{rel}","templated":true}]}}