{"id":35,"date":"2021-11-22T09:00:17","date_gmt":"2021-11-22T08:00:17","guid":{"rendered":"https:\/\/fiaf.net\/social\/?page_id=35"},"modified":"2026-02-24T15:13:13","modified_gmt":"2026-02-24T14:13:13","slug":"presentazione","status":"publish","type":"page","link":"https:\/\/fiaf.net\/social\/presentazione\/","title":{"rendered":"Presentazione"},"content":{"rendered":"<p class=\"p1\"><span class=\"s1\">Il Dipartimento Social (DiS) risponde all\u2019esigenza di un\u2019i<strong>nterazione diretta della Federazione con i propri soci, e con la pi\u00f9 ampia comunit\u00e0 fotografica.<\/strong><\/span><\/p>\n<p class=\"p1\"><span class=\"s1\">In tale ottica, i <strong>profili social assolvono ad una serie di funzioni<\/strong>:<\/span><\/p>\n<ul>\n<li class=\"li1\"><span class=\"s1\">comunicare l\u2019identit\u00e0 e i valori della Federazione;<\/span><\/li>\n<li class=\"li1\"><span class=\"s1\">raggiungere pi\u00f9 rapidamente i propri soci, con i quali stabilire un contatto immediato e continuo;<\/span><\/li>\n<li class=\"li1\"><span class=\"s1\">favorire dinamiche di collaborazione fra realt\u00e0 territorialmente distanti valorizzandone le interazioni;<\/span><\/li>\n<li class=\"li1\"><span class=\"s1\">avvicinare alla Federazione nuovi utenti\/praticanti;<\/span><\/li>\n<li class=\"li1\"><span class=\"s1\">individuare nuove forme aggregative;<\/span><\/li>\n<li class=\"li1\"><span class=\"s1\">aprirsi a collaborazioni con altre realt\u00e0 culturali.<\/span><\/li>\n<li>divulgazione fotografica<\/li>\n<li>vetrina sui mutamenti in corso e possibili scenari futuri della fotografia, con uno sguardo critico alla storia della fotografia anche attraverso rubriche specifiche<\/li>\n<li>lavorare su il territorio per il territorio atrraverso la Commnunity FIAFers<\/li>\n<\/ul>\n<p class=\"p1\"><span class=\"s1\">Realizzando l\u2019integrazione di un modello di comunicazione \u201cverso\u201d i soci, con quello \u201ccon\u201d i soci, i contenuti proposti dal Dipartimento integrano le informazioni che la Federazione rende disponibili attraverso i canali tradizionali di comunicazione, operando in sinergia con gli altri dipartimenti dell\u2019Area Comunicazione.<\/span><\/p>\n<p class=\"p1\"><span class=\"s1\">I profili social sono altres\u00ec il canale attraverso il quale il Dipartimento propone <strong>nuove forme di fruizione della fotografia<\/strong>, promuovendo la r<strong>iflessione sui linguaggi della fotografia contemporanea<\/strong>, affiancandosi agli altri dipartimenti dell&#8217;Area Cultura. Con uno sguardo proiettato ai\u00a0<\/span>veloci mutamenti in ambito social e all\u2019evoluzione del linguaggio fotografico, aperto sempre pi\u00f9 ad ibridazioni e contaminazioni.<\/p>\n<p>La gestione del Dipartimento \u00e8 affidata ad un team di collaboratori dalle attitudini e competenze complementari, che vanno a creare ciascuno con il proprio sentire un gruppo eterogeneo, che nel loro esercizio quotidiano si configurano come altrettanti percorsi formativi. Lista dei collaboratori, la trovate sempre aggiornata sul sito del DiS.<\/p>\n<p>LAVORO SVOLTO NEL 2022<br \/>\nLa Community FIAFers che ha compiuto 5 anni questi giorni \u00e8 ancora cresciuta (raggiungendo 282.000 foto postate) per noi grande soddisfazione, ed \u00e8 ancora in ampliamento, con nuovi account regionali nati (vedi #fiafers_umbria #fiafersabruzzomolise) ed altri in arrivo. Una grande rete da cui \u00e8 sempre pi\u00f9 difficile scegliere le due foto per SF FIAFers per FOTOIT, tra quelle repostate su FIAFers nazionale e sui regionali o vincitrici di contest.\u00a0Sulla pagina web del DiS, invece, ci siamo attivati proponendo fotografia autoriale italiana (e non solo) contattando direttamente gli autori per l\u2019utilizzo delle immagini. Che ci permetter\u00e0 a breve, di realizzare una zine dedicata.\u00a0Lo stesso spazio web \u00e8 stato ed \u00e8 utilizzato per avvicinare all\u2019attivit\u00e0 del DiS stesso, alle invasioni digitali, ai contest regionali e nazionali della Community, tra i quali ha spiccato #fiafersforfuture che, affiancatosi al progetto nazionale, ha indagato e risaltato la visione del futuro dei giovani, in mostra al CIFA a Bibbiena. La pagina facebook assumer\u00e0 sempre pi\u00f9 una \u00a0propria fisionomia, legata al DiS, nell&#8217;Area Cultura, continuando a dare risalto ai nuovi linguaggi footgrafici, attraverso Rubriche specifiche (La parola al fotografo\/ La storia e il Contemporaneo)<\/p>\n<p style=\"font-weight: 400\">Sono arrivate conferme da:<\/p>\n<ul>\n<li>\u201cFIAFers Meet Viterbo\u201d, secondo anno del \u201cLaboratorio Portfolio on line\u201d, (la terza edizione 2023 vedr\u00e0 di nuovo il nostro contributo)<\/li>\n<li>dalla partnership con Wikimedia Italia, il concorso dedicato ai monumenti conclusosi a dicembre che ha visto i nostri giurati (scelti e formati) impegnati nella selezione e nell&#8217;assegnazione del Premio FIAF e nella Giuria finale la direttrice\u00a0del DiS direttamente coinvolta insieme ad esponenti del mondo Wikimedia e l\u2019architetto Stefano Boeri. Una collaborazione sempre pi\u00f9 stretta con Wikimedia Italia, tanto da passare ai talk tenuti online su fotografia urban e fotografia aerea del 2020 e 2021 all\u2019intensa due giorni di workshop \u201cFotografare la Citt\u00e0\u201d tenutasi a Terni, la scorsa estate.<\/li>\n<li>Un po\u2019 di emozione a maggio per il ritorno in presenza con le letture ad \u201cOfficine fotografiche\u201d a Roma all\u2019\u201cItalian Street Photo Festival\u201d, dopo le serate on line offerte dal DiS e dai singoli collaboratori ai circoli nell\u2019ambito di \u201cConversazioni sulla Fotografia\u201d. Un legame tra DiS e la fotografia di street, molto seguita sui nostri canali social e tra la pi\u00f9 praticata, che \u00e8 continuato anche con l\u2019invito rivolto allla nostra direttrice a tenere una talk nell\u2019ambito della prima edizione dei PSPI, svoltosi a settembre a Pisa. E che ci vedr\u00e0 anche quest\u2019anno coinvolti come DiS nell\u2019offerta formativa con un\u2019indagine proprio sulla street photography (visioni uniche in Russia, Cina, Grecia, Spagna e Italia).<br \/>\nFermo restando le disponibilit\u00e0 date dai collaboratori ad approfondimenti su tematiche diverse, tutte riconducibili all\u2019attivit\u00e0 svolta dal DiS di divulgazione fotografica. Impegnati ad innovare le modalit\u00e0 con cui coinvolgere soci e non soci alle tante attivit\u00e0 FIAF attraverso i canali social, abbiamo seguito l\u2019inaugurazione del Progetto nazionale e, prima ancora, il Congresso a Palermo (invasione digitale) dove sono state conferite nuove nomine di \u201cResponsabile di Community\u201d, a mettere l\u2019accento sulla cura delle relazioni in un luogo che diventa sempre pi\u00f9 spazio di confronto, di incontro, di crescita.<\/li>\n<\/ul>\n<p class=\"p1\"><span class=\"s1\">Com\u2019\u00e8 nella natura delle reti social, il Dipartimento \u00e8 aperto al contributo di tutti gli utenti, che potranno proporre la propria collaborazione contattando la mail \u00a0dipartimentosocial@fiaf.net, debora.valentini@fiaf.net\u00a0<\/span><\/p>\n<p>&nbsp;<\/p>\n<p><strong>Collaborano:<br \/>\n<\/strong>Carlo Braschi<br \/>\nIda Di Pasquale<br \/>\nLucia Laura Esposto<br \/>\nMauro Liggi<br \/>\nPaola Malcotti<br \/>\nMario Mencacci Bandini<br \/>\nLiliana Ranalletta<br \/>\nGiovanni Ruggiero<br \/>\nDebora Valentini<br \/>\nIrene Vitrano<br \/>\nCarmelo De Paola (detto Carmine)<br \/>\nVittorio Scheni<br \/>\nSusanna Bertoni<\/p>\n\n\t\t<div class=\"box shadow  \">\n\t\t\t<div class=\"box-inner-block\">\n\t\t\t\t<span class=\"fa tie-shortcode-boxicon\"><\/span>\n\t\t\t<\/div>\n\t\t<\/div>\n\tHanno contribuito al DiS:<\/p>\n<p>Attilio Lauria, Massimo Agus, Massimo Bardelli, Marina Battista, Chiara Beltramino, Leonello Bertolucci, Susanna Bertoni, Paolo Borghi, Valentina Crivellari, Antonio Desideri, Maria Di Maio, Francesca Donatelli, Selenia Esposito, Salvatore Fabozzi, Cristian Gelpi, Maria Cristina Germani, Pino Mangione, Elisa Mariotti, Monica Mazzolini, Katia Morichetti, Mariafrancesca Pantano, Massimo Pascutti, Biagio Salerno, Gianpiero Scafuri, Umberto Verdoliva, Giulia Vitrano, Cristiano Zingale, Caterina Zito,<\/p>\n<p>&nbsp;<\/p>\n<p><a href=\"https:\/\/fiaf.net\/social\/wp-content\/uploads\/sites\/25\/2019\/04\/fotoit-feb17-dis.jpg\"><img loading=\"lazy\" decoding=\"async\" class=\"wp-image-333 aligncenter\" src=\"https:\/\/fiaf.net\/social\/wp-content\/uploads\/sites\/25\/2019\/04\/fotoit-feb17-dis-233x300.jpg\" alt=\"\" width=\"273\" height=\"352\" srcset=\"https:\/\/fiaf.net\/social\/wp-content\/uploads\/sites\/25\/2019\/04\/fotoit-feb17-dis-233x300.jpg 233w, https:\/\/fiaf.net\/social\/wp-content\/uploads\/sites\/25\/2019\/04\/fotoit-feb17-dis-794x1024.jpg 794w, https:\/\/fiaf.net\/social\/wp-content\/uploads\/sites\/25\/2019\/04\/fotoit-feb17-dis-768x991.jpg 768w, https:\/\/fiaf.net\/social\/wp-content\/uploads\/sites\/25\/2019\/04\/fotoit-feb17-dis-1191x1536.jpg 1191w, https:\/\/fiaf.net\/social\/wp-content\/uploads\/sites\/25\/2019\/04\/fotoit-feb17-dis.jpg 1193w\" sizes=\"auto, (max-width: 273px) 100vw, 273px\" \/><\/a><\/p>\n\n    <div class=\"xs_social_share_widget xs_share_url after_content \t\tmain_content  wslu-style-1 wslu-share-box-shaped wslu-fill-colored wslu-none wslu-share-horizontal wslu-theme-font-no wslu-main_content\">\n\n\t\t\n        <ul>\n\t\t\t        <\/ul>\n    <\/div> \n","protected":false},"excerpt":{"rendered":"<p>Il Dipartimento Social (DiS) risponde all\u2019esigenza di un\u2019interazione diretta della Federazione con i propri soci, e con la pi\u00f9 ampia &hellip;<\/p>\n","protected":false},"author":62,"featured_media":0,"parent":0,"menu_order":0,"comment_status":"closed","ping_status":"closed","template":"","meta":{"_acf_changed":false,"footnotes":""},"class_list":["post-35","page","type-page","status-publish","hentry"],"acf":[],"_links":{"self":[{"href":"https:\/\/fiaf.net\/social\/wp-json\/wp\/v2\/pages\/35","targetHints":{"allow":["GET"]}}],"collection":[{"href":"https:\/\/fiaf.net\/social\/wp-json\/wp\/v2\/pages"}],"about":[{"href":"https:\/\/fiaf.net\/social\/wp-json\/wp\/v2\/types\/page"}],"author":[{"embeddable":true,"href":"https:\/\/fiaf.net\/social\/wp-json\/wp\/v2\/users\/62"}],"replies":[{"embeddable":true,"href":"https:\/\/fiaf.net\/social\/wp-json\/wp\/v2\/comments?post=35"}],"version-history":[{"count":22,"href":"https:\/\/fiaf.net\/social\/wp-json\/wp\/v2\/pages\/35\/revisions"}],"predecessor-version":[{"id":5014,"href":"https:\/\/fiaf.net\/social\/wp-json\/wp\/v2\/pages\/35\/revisions\/5014"}],"wp:attachment":[{"href":"https:\/\/fiaf.net\/social\/wp-json\/wp\/v2\/media?parent=35"}],"curies":[{"name":"wp","href":"https:\/\/api.w.org\/{rel}","templated":true}]}}