{"id":8,"date":"2018-09-06T16:23:28","date_gmt":"2018-09-06T14:23:28","guid":{"rendered":"https:\/\/fiaf.net\/social\/?page_id=8"},"modified":"2018-09-06T16:23:28","modified_gmt":"2018-09-06T14:23:28","slug":"collettivi","status":"publish","type":"page","link":"https:\/\/fiaf.net\/social\/collettivi\/","title":{"rendered":"Collettivi"},"content":{"rendered":"<p class=\"p1\"><span class=\"s1\">In una realt\u00e0 in continuo mutamento come il fotografico contemporaneo \u00e8 necessario cogliere le opportunit\u00e0 associative che si presentano in forme nuove quali i Collettivi, il cui elemento aggregativo \u00e8 la scelta per affinit\u00e0, piuttosto che per territorialit\u00e0, abbinata alla possibilit\u00e0 di lavorare tematicamente per progetti specifici.<\/span><\/p>\n<p class=\"p1\"><span class=\"s1\">REGOLAMENTO COLLETTIVI<\/span><\/p>\n<p class=\"p1\"><span class=\"s1\">Statutariamente, i Collettivi sono assimilati ai Gruppi, gi\u00e0 previsti dall\u2019art. 4 dello Statuto FIAF (art. 4 \u2013 Sono: Soci effettivi le Associazioni Fotografiche, i Gruppi o sezioni di essi, aventi come scopo statutariamente previsto la pratica, la promozione e\/o la diffusione della fotografia e della cultura fotografica, e le Istituzioni pubbliche e private che &#8211; per loro Statuto od atto costitutivo &#8211; perseguono anche finalit\u00e0 od oggetto sociale analoghi a quelli perseguiti dalla FIAF e che abbiano chiesto al Consiglio Nazionale, ed ottenuto, l&#8217;iscrizione alla FIAF.).<\/span><\/p>\n<p class=\"p1\"><span class=\"s1\">Pertanto, la quota d\u2019iscrizione per i Collettivi \u00e8 equiparata a quella dei Circoli.<\/span><\/p>\n<p class=\"p1\"><span class=\"s1\">Ai fini dei rapporti con la Federazione, e delle prerogative riservate da statuto e regolamenti FIAF, viene considerato presidente del Collettivo il portavoce\/coordinatore\/rappresentante del gruppo, o comunque questi venga definito. <\/span><\/p>\n<p class=\"p1\"><span class=\"s1\">Il riferimento dei Collettivi \u00e8 nazionale e non territoriale.<\/span><\/p>\n<p class=\"p1\"><span class=\"s1\">Nel caso di Collettivo senza sede, riferimento della segreteria\/invio editoria \u00e8 il domicilio del rappresentante.<\/span><\/p>\n<p class=\"p1\"><span class=\"s1\">In virt\u00f9 dell\u2019iscrizione alla FIAF, e unitamente alle altre prerogative statutarie, i Collettivi hanno diritto a: <\/span><\/p>\n<ul>\n<li class=\"li1\"><span class=\"s1\">inserimento nel Circuito espositivo delle Gallerie FIAF, secondo le modalit\u00e0 previste dal regolamento vigente;<\/span><\/li>\n<li class=\"li1\"><span class=\"s1\">servizi culturali \u2013 curatele, consulenze per mostre e allestimenti, tutoraggio, ecc. \u2013 il cui costo \u00e8 assimilato al tariffario relativo ai Riconoscimenti.<\/span><\/li>\n<\/ul>\n<p class=\"p1\"><span class=\"s1\">I collettivi possono inoltre avere accesso ai servizi editoriali della Federazione, e beneficiare della scontistica CIFA relativa a stampa foto, realizzazione passepartout, banner, e tutto quanto necessario all\u2019allestimento di mostre.<\/span><\/p>\n<p class=\"p1\"><a href=\"https:\/\/fiaf.net\/social\/forum-collettivi\/\"><span class=\"s1\">FORUM COLLETTIVI<\/span><\/a><\/p>\n<p>&nbsp;<\/p>\n<p>&nbsp;<\/p>\n\n    <div class=\"xs_social_share_widget xs_share_url after_content \t\tmain_content  wslu-style-1 wslu-share-box-shaped wslu-fill-colored wslu-none wslu-share-horizontal wslu-theme-font-no wslu-main_content\">\n\n\t\t\n        <ul>\n\t\t\t        <\/ul>\n    <\/div> \n","protected":false},"excerpt":{"rendered":"<p>In una realt\u00e0 in continuo mutamento come il fotografico contemporaneo \u00e8 necessario cogliere le opportunit\u00e0 associative che si presentano in &hellip;<\/p>\n","protected":false},"author":62,"featured_media":0,"parent":0,"menu_order":0,"comment_status":"closed","ping_status":"closed","template":"","meta":{"_acf_changed":false,"footnotes":""},"class_list":["post-8","page","type-page","status-publish","hentry"],"acf":[],"_links":{"self":[{"href":"https:\/\/fiaf.net\/social\/wp-json\/wp\/v2\/pages\/8","targetHints":{"allow":["GET"]}}],"collection":[{"href":"https:\/\/fiaf.net\/social\/wp-json\/wp\/v2\/pages"}],"about":[{"href":"https:\/\/fiaf.net\/social\/wp-json\/wp\/v2\/types\/page"}],"author":[{"embeddable":true,"href":"https:\/\/fiaf.net\/social\/wp-json\/wp\/v2\/users\/62"}],"replies":[{"embeddable":true,"href":"https:\/\/fiaf.net\/social\/wp-json\/wp\/v2\/comments?post=8"}],"version-history":[{"count":0,"href":"https:\/\/fiaf.net\/social\/wp-json\/wp\/v2\/pages\/8\/revisions"}],"wp:attachment":[{"href":"https:\/\/fiaf.net\/social\/wp-json\/wp\/v2\/media?parent=8"}],"curies":[{"name":"wp","href":"https:\/\/api.w.org\/{rel}","templated":true}]}}