{"id":804,"date":"2021-02-03T19:25:45","date_gmt":"2021-02-03T18:25:45","guid":{"rendered":"https:\/\/fiaf.net\/social\/?page_id=804"},"modified":"2021-02-03T19:25:45","modified_gmt":"2021-02-03T18:25:45","slug":"pubblicazioni","status":"publish","type":"page","link":"https:\/\/fiaf.net\/social\/pubblicazioni\/","title":{"rendered":"Pubblicazioni"},"content":{"rendered":"<p>&nbsp;<\/p>\n\n\t\t<div class=\"box shadow  \">\n\t\t\t<div class=\"box-inner-block\">\n\t\t\t\t<span class=\"fa tie-shortcode-boxicon\"><\/span> <strong>LUIGI GHIRRI<\/strong> &#8211; L&#8217;omino sul ciglio del burrone<\/p>\n<p>a cura di Antonio Desideri<\/p>\n<p><a href=\"https:\/\/fiaf.net\/social\/wp-content\/uploads\/sites\/25\/2021\/02\/luigi-ghirri.jpg\"><img loading=\"lazy\" decoding=\"async\" class=\"alignnone wp-image-827\" src=\"https:\/\/fiaf.net\/social\/wp-content\/uploads\/sites\/25\/2021\/02\/luigi-ghirri-215x300.jpg\" alt=\"\" width=\"289\" height=\"403\" srcset=\"https:\/\/fiaf.net\/social\/wp-content\/uploads\/sites\/25\/2021\/02\/luigi-ghirri-215x300.jpg 215w, https:\/\/fiaf.net\/social\/wp-content\/uploads\/sites\/25\/2021\/02\/luigi-ghirri.jpg 602w\" sizes=\"auto, (max-width: 289px) 100vw, 289px\" \/><\/a><\/p>\n<p>Luigi Ghirri \u00e8 stato uno dei principali fotografi italiani. La sua formazione culturale, influenzata dagli artisti concettuali modenesi e dalla temperie pi\u00f9 generale degli anni \u201960, si \u00e8 nutrita di filosofia e letteratura, poesia e musica. Si \u00e8 sempre mosso con particolare attenzione al contesto: vero e proprio animatore culturale, ha organizzato mostre, creato relazioni tra artisti di varie discipline, tenuto seminari e fondato una casa editrice. Questo enorme impegno \u00e8 sfociato in una profonda riflessione teorica che ha lasciato scritti, lezioni, testimonianze; un materiale cos\u00ec ricco che non ha eguali, tra i fotografi del nostro Paese.<\/p>\n\n\t\t\t<\/div>\n\t\t<\/div>\n\t\n<p>&nbsp;<\/p>\n\n\t\t<div class=\"box shadow  \">\n\t\t\t<div class=\"box-inner-block\">\n\t\t\t\t<span class=\"fa tie-shortcode-boxicon\"><\/span> <strong>I LIBRI DI LEONELLO BERTOLUCCI<\/strong><\/p>\n<p><a href=\"https:\/\/fiaf.net\/social\/wp-content\/uploads\/sites\/25\/2021\/02\/leonello-bertolucci.jpg\"><img loading=\"lazy\" decoding=\"async\" class=\"alignnone wp-image-842\" src=\"https:\/\/fiaf.net\/social\/wp-content\/uploads\/sites\/25\/2021\/02\/leonello-bertolucci-300x263.jpg\" alt=\"\" width=\"490\" height=\"430\" srcset=\"https:\/\/fiaf.net\/social\/wp-content\/uploads\/sites\/25\/2021\/02\/leonello-bertolucci-300x263.jpg 300w, https:\/\/fiaf.net\/social\/wp-content\/uploads\/sites\/25\/2021\/02\/leonello-bertolucci-1024x898.jpg 1024w, https:\/\/fiaf.net\/social\/wp-content\/uploads\/sites\/25\/2021\/02\/leonello-bertolucci-768x673.jpg 768w, https:\/\/fiaf.net\/social\/wp-content\/uploads\/sites\/25\/2021\/02\/leonello-bertolucci.jpg 1232w\" sizes=\"auto, (max-width: 490px) 100vw, 490px\" \/><\/a><\/p>\n<p><a href=\"http:\/\/www.leonellobertolucci.it\/?page_id=780\" target=\"_blank\" rel=\"noopener\">www.leonellobertolucci.it\/?page_id=780<\/a><\/p>\n\n\t\t\t<\/div>\n\t\t<\/div>\n\t\n<p>&nbsp;<\/p>\n\n\t\t<div class=\"box shadow  \">\n\t\t\t<div class=\"box-inner-block\">\n\t\t\t\t<span class=\"fa tie-shortcode-boxicon\"><\/span>\u00a0<strong>LA VIA DELLA BELLEZZA<\/strong><\/p>\n<p>di Umberto Verdoliva<\/p>\n<p><a href=\"https:\/\/fiaf.net\/social\/wp-content\/uploads\/sites\/25\/2021\/02\/la-via-della-bellezza.jpg\"><img loading=\"lazy\" decoding=\"async\" class=\"alignnone wp-image-817\" src=\"https:\/\/fiaf.net\/social\/wp-content\/uploads\/sites\/25\/2021\/02\/la-via-della-bellezza-300x200.jpg\" alt=\"\" width=\"492\" height=\"328\" srcset=\"https:\/\/fiaf.net\/social\/wp-content\/uploads\/sites\/25\/2021\/02\/la-via-della-bellezza-300x200.jpg 300w, https:\/\/fiaf.net\/social\/wp-content\/uploads\/sites\/25\/2021\/02\/la-via-della-bellezza-1024x683.jpg 1024w, https:\/\/fiaf.net\/social\/wp-content\/uploads\/sites\/25\/2021\/02\/la-via-della-bellezza-768x512.jpg 768w, https:\/\/fiaf.net\/social\/wp-content\/uploads\/sites\/25\/2021\/02\/la-via-della-bellezza-1536x1024.jpg 1536w, https:\/\/fiaf.net\/social\/wp-content\/uploads\/sites\/25\/2021\/02\/la-via-della-bellezza.jpg 1980w\" sizes=\"auto, (max-width: 492px) 100vw, 492px\" \/><\/a><\/p>\n<p>La via della bellezza \u00e8 una questione di sguardi, \u00e8 il potere degli occhi che tentano di vedere fuori il riflesso di ci\u00f2 che \u00e8 dentro per spiegarlo a s\u00e9 stessi, forse la bellezza come celebrazione della vita dove un pensiero unico e costante sottrae attimi al divenire rendendoli inattaccabili e resistenti al tempo stesso che li ha generati.<\/p>\n<p><a href=\"https:\/\/www.umbertoverdoliva.com\/\" target=\"_blank\" rel=\"noopener\">www.umbertoverdoliva.com\/<\/a><\/p>\n\n\t\t\t<\/div>\n\t\t<\/div>\n\t\n<p>&nbsp;<\/p>\n\n\t\t<div class=\"box shadow  \">\n\t\t\t<div class=\"box-inner-block\">\n\t\t\t\t<span class=\"fa tie-shortcode-boxicon\"><\/span>\u00a0<strong>AN ORDINARY DAY<\/strong><\/p>\n<p>di Umberto Verdoliva<\/p>\n<p><a href=\"https:\/\/fiaf.net\/social\/wp-content\/uploads\/sites\/25\/2021\/02\/an-ordinary-day.jpg\"><img loading=\"lazy\" decoding=\"async\" class=\"alignnone size-medium wp-image-820\" src=\"https:\/\/fiaf.net\/social\/wp-content\/uploads\/sites\/25\/2021\/02\/an-ordinary-day-291x300.jpg\" alt=\"\" width=\"291\" height=\"300\" srcset=\"https:\/\/fiaf.net\/social\/wp-content\/uploads\/sites\/25\/2021\/02\/an-ordinary-day-291x300.jpg 291w, https:\/\/fiaf.net\/social\/wp-content\/uploads\/sites\/25\/2021\/02\/an-ordinary-day-992x1024.jpg 992w, https:\/\/fiaf.net\/social\/wp-content\/uploads\/sites\/25\/2021\/02\/an-ordinary-day-768x793.jpg 768w, https:\/\/fiaf.net\/social\/wp-content\/uploads\/sites\/25\/2021\/02\/an-ordinary-day.jpg 1034w\" sizes=\"auto, (max-width: 291px) 100vw, 291px\" \/><\/a><\/p>\n<p>Il primo libro fotografico di Umberto Verdoliva promosso dal gruppo Mignon.<\/p>\n<p><a href=\"https:\/\/www.mignon.it\/home\/an-ordinary-day\/\" target=\"_blank\" rel=\"noopener\">www.mignon.it\/home\/an-ordinary-day\/<\/a><\/p>\n<p><a href=\"https:\/\/www.umbertoverdoliva.com\/\" target=\"_blank\" rel=\"noopener\">www.umbertoverdoliva.com\/<\/a><\/p>\n\n\t\t\t<\/div>\n\t\t<\/div>\n\t\n<p>&nbsp;<\/p>\n\n\t\t<div class=\"box shadow  \">\n\t\t\t<div class=\"box-inner-block\">\n\t\t\t\t<span class=\"fa tie-shortcode-boxicon\"><\/span>\u00a0<strong>JAZZY SOULS<\/strong><\/p>\n<p>di Carlo Braschi<\/p>\n<p><a href=\"https:\/\/fiaf.net\/social\/wp-content\/uploads\/sites\/25\/2021\/02\/jazzy_souls.jpg\"><img loading=\"lazy\" decoding=\"async\" class=\"alignnone size-medium wp-image-829\" src=\"https:\/\/fiaf.net\/social\/wp-content\/uploads\/sites\/25\/2021\/02\/jazzy_souls-300x279.jpg\" alt=\"\" width=\"300\" height=\"279\" srcset=\"https:\/\/fiaf.net\/social\/wp-content\/uploads\/sites\/25\/2021\/02\/jazzy_souls-300x279.jpg 300w, https:\/\/fiaf.net\/social\/wp-content\/uploads\/sites\/25\/2021\/02\/jazzy_souls-768x715.jpg 768w, https:\/\/fiaf.net\/social\/wp-content\/uploads\/sites\/25\/2021\/02\/jazzy_souls.jpg 953w\" sizes=\"auto, (max-width: 300px) 100vw, 300px\" \/><\/a><\/p>\n<p>In questo libro fotografico Carlo Braschi cristallizza alcuni passaggi del Valdarno Jazz Festival, manifestazione giunta nel 2017 alla sua trentesima edizione. Volti noti e meno noti del jazz Italiano e internazionale vi compaiono ritratti in immagini di particolare intensit\u00e0 e lucentezza.<\/p>\n\n\t\t\t<\/div>\n\t\t<\/div>\n\t\n<p>&nbsp;<\/p>\n\n\t\t<div class=\"box shadow  \">\n\t\t\t<div class=\"box-inner-block\">\n\t\t\t\t<span class=\"fa tie-shortcode-boxicon\"><\/span>\u00a0<strong>TREZZO E\/E\u2019 POESIA<\/strong> &#8211; Un giro fotografico nella poesia di Trezzo sull\u2019Adda<\/p>\n<p>di Mario Mencacci<\/p>\n<p><a href=\"https:\/\/fiaf.net\/social\/wp-content\/uploads\/sites\/25\/2021\/02\/Trezzo-Poesia.jpg\"><img loading=\"lazy\" decoding=\"async\" class=\"alignnone size-medium wp-image-813\" src=\"https:\/\/fiaf.net\/social\/wp-content\/uploads\/sites\/25\/2021\/02\/Trezzo-Poesia-300x300.jpg\" alt=\"\" width=\"300\" height=\"300\" srcset=\"https:\/\/fiaf.net\/social\/wp-content\/uploads\/sites\/25\/2021\/02\/Trezzo-Poesia-300x300.jpg 300w, https:\/\/fiaf.net\/social\/wp-content\/uploads\/sites\/25\/2021\/02\/Trezzo-Poesia-1024x1024.jpg 1024w, https:\/\/fiaf.net\/social\/wp-content\/uploads\/sites\/25\/2021\/02\/Trezzo-Poesia-150x150.jpg 150w, https:\/\/fiaf.net\/social\/wp-content\/uploads\/sites\/25\/2021\/02\/Trezzo-Poesia-768x768.jpg 768w, https:\/\/fiaf.net\/social\/wp-content\/uploads\/sites\/25\/2021\/02\/Trezzo-Poesia-1536x1536.jpg 1536w, https:\/\/fiaf.net\/social\/wp-content\/uploads\/sites\/25\/2021\/02\/Trezzo-Poesia-2048x2048.jpg 2048w\" sizes=\"auto, (max-width: 300px) 100vw, 300px\" \/><\/a><\/p>\n<p>Una serie di immagini riprese a Trezzo sull\u2019Adda (Mi) come illustrazioni di una serie di poesie scritte, in altri periodi e in altri luoghi, dal padre dell\u2019autore.<\/p>\n<p>&nbsp;<\/p>\n<p><strong>CASA MIA<\/strong> &#8211; Un giro per Pontedera fra immagini e racconti<\/p>\n<p>di Mario Mencacci<\/p>\n<p><a href=\"https:\/\/fiaf.net\/social\/wp-content\/uploads\/sites\/25\/2021\/02\/Casa-mia.jpg\"><img loading=\"lazy\" decoding=\"async\" class=\"alignnone size-medium wp-image-812\" src=\"https:\/\/fiaf.net\/social\/wp-content\/uploads\/sites\/25\/2021\/02\/Casa-mia-300x300.jpg\" alt=\"\" width=\"300\" height=\"300\" srcset=\"https:\/\/fiaf.net\/social\/wp-content\/uploads\/sites\/25\/2021\/02\/Casa-mia-300x300.jpg 300w, https:\/\/fiaf.net\/social\/wp-content\/uploads\/sites\/25\/2021\/02\/Casa-mia-1024x1024.jpg 1024w, https:\/\/fiaf.net\/social\/wp-content\/uploads\/sites\/25\/2021\/02\/Casa-mia-150x150.jpg 150w, https:\/\/fiaf.net\/social\/wp-content\/uploads\/sites\/25\/2021\/02\/Casa-mia-768x768.jpg 768w, https:\/\/fiaf.net\/social\/wp-content\/uploads\/sites\/25\/2021\/02\/Casa-mia-1536x1536.jpg 1536w, https:\/\/fiaf.net\/social\/wp-content\/uploads\/sites\/25\/2021\/02\/Casa-mia-2048x2048.jpg 2048w\" sizes=\"auto, (max-width: 300px) 100vw, 300px\" \/><\/a><\/p>\n<p>La citt\u00e0 dell\u2019autore, Pontedera, vista in maniera personale, come nemmeno i pontederesi sono abituati a vederla, sia attraverso immagini che racconti.<\/p>\n\n\t\t\t<\/div>\n\t\t<\/div>\n\t\n<p>&nbsp;<\/p>\n\n\t\t<div class=\"box shadow  \">\n\t\t\t<div class=\"box-inner-block\">\n\t\t\t\t<span class=\"fa tie-shortcode-boxicon\"><\/span> STATALE 18<\/p>\n<p>a cura di Attilio Lauria<\/p>\n<p><a href=\"https:\/\/fiaf.net\/social\/wp-content\/uploads\/sites\/25\/2021\/02\/cover-ss18.jpg\"><img loading=\"lazy\" decoding=\"async\" class=\"alignnone size-medium wp-image-853\" src=\"https:\/\/fiaf.net\/social\/wp-content\/uploads\/sites\/25\/2021\/02\/cover-ss18-300x298.jpg\" alt=\"\" width=\"300\" height=\"298\" srcset=\"https:\/\/fiaf.net\/social\/wp-content\/uploads\/sites\/25\/2021\/02\/cover-ss18-300x298.jpg 300w, https:\/\/fiaf.net\/social\/wp-content\/uploads\/sites\/25\/2021\/02\/cover-ss18-1024x1018.jpg 1024w, https:\/\/fiaf.net\/social\/wp-content\/uploads\/sites\/25\/2021\/02\/cover-ss18-150x150.jpg 150w, https:\/\/fiaf.net\/social\/wp-content\/uploads\/sites\/25\/2021\/02\/cover-ss18-768x764.jpg 768w, https:\/\/fiaf.net\/social\/wp-content\/uploads\/sites\/25\/2021\/02\/cover-ss18.jpg 1378w\" sizes=\"auto, (max-width: 300px) 100vw, 300px\" \/><\/a><\/p>\n<p>La \u201cStatale 18\u201d \u00e8 una strada che attraversa tre regioni in quasi 600 chilometri, la prima\u00a0Salerno-Reggio Calabria della storia. Un percorso che secondo la definizione dell\u2019antropologo\u00a0Mauro Francesco Minervino, autore di un\u2019omonima etnofiction, non \u00e8 pi\u00f9\u00a0solo una strada, ma una vera e propria citt\u00e0, un \u201cnastro urbano\u201d, una sorta di periferia\u00a0tentacolare con i suoi tanti annessi e connessi cementizi, stradali e commerciali. Ed \u00e8 da\u00a0questa traccia, che inscrive \u201cStatale18\u201d al fertile laboratorio linguistico sul tema dell\u2019identit\u00e0,\u00a0che i 17 Autori chiamati a raccolta sono partiti per una ricognizione documentaria\u00a0che potesse offrire, al tempo stesso, un contributo all\u2019interrogarsi della fotografia su\u00a0se stessa.<\/p>\n<p><a href=\"http:\/\/www.centrofotografia.org\/mostre\/galleria\/26\/292\" target=\"_blank\" rel=\"noopener\">www.centrofotografia.org\/mostre\/galleria\/26\/292<\/a><\/p>\n\n\t\t\t<\/div>\n\t\t<\/div>\n\t\n<p>&nbsp;<\/p>\n\n\t\t<div class=\"box shadow  \">\n\t\t\t<div class=\"box-inner-block\">\n\t\t\t\t<span class=\"fa tie-shortcode-boxicon\"><\/span>\u00a0<strong>The I.PHONEOGRAPHY BOOK<\/strong><\/p>\n<p>a cura di Attilio Lauria<\/p>\n<p><a href=\"https:\/\/fiaf.net\/social\/wp-content\/uploads\/sites\/25\/2021\/02\/iphonebook.jpg\"><img loading=\"lazy\" decoding=\"async\" class=\"alignnone size-medium wp-image-808\" src=\"https:\/\/fiaf.net\/social\/wp-content\/uploads\/sites\/25\/2021\/02\/iphonebook-300x287.jpg\" alt=\"\" width=\"300\" height=\"287\" srcset=\"https:\/\/fiaf.net\/social\/wp-content\/uploads\/sites\/25\/2021\/02\/iphonebook-300x287.jpg 300w, https:\/\/fiaf.net\/social\/wp-content\/uploads\/sites\/25\/2021\/02\/iphonebook-768x736.jpg 768w, https:\/\/fiaf.net\/social\/wp-content\/uploads\/sites\/25\/2021\/02\/iphonebook.jpg 926w\" sizes=\"auto, (max-width: 300px) 100vw, 300px\" \/><\/a><\/p>\n<p>Catalogo del primo contest internazionale di iPhone photography curato da Attilio Lauria, con contributi di Denis Curti, Mauro F. Minervino, Giuseppe Pappalardo che affrontano per la prima volta l\u2019iphoneografia da un punto di vista teorico.<\/p>\n<p><a href=\"http:\/\/www.blurb.com\/b\/2010832-the-i-phoneography-book\" target=\"_blank\" rel=\"noopener\">www.blurb.com\/b\/2010832-the-i-phoneography-book<\/a><\/p>\n\n\t\t\t<\/div>\n\t\t<\/div>\n\t\n<p>&nbsp;<\/p>\n<p>&nbsp;<\/p>\n<p>&nbsp;<\/p>\n\n    <div class=\"xs_social_share_widget xs_share_url after_content \t\tmain_content  wslu-style-1 wslu-share-box-shaped wslu-fill-colored wslu-none wslu-share-horizontal wslu-theme-font-no wslu-main_content\">\n\n\t\t\n        <ul>\n\t\t\t        <\/ul>\n    <\/div> \n","protected":false},"excerpt":{"rendered":"<p>&nbsp; LUIGI GHIRRI &#8211; L&#8217;omino sul ciglio del burrone a cura di Antonio Desideri Luigi Ghirri \u00e8 stato uno dei &hellip;<\/p>\n","protected":false},"author":64,"featured_media":0,"parent":0,"menu_order":0,"comment_status":"closed","ping_status":"closed","template":"","meta":{"_acf_changed":false,"footnotes":""},"class_list":["post-804","page","type-page","status-publish","hentry"],"acf":[],"_links":{"self":[{"href":"https:\/\/fiaf.net\/social\/wp-json\/wp\/v2\/pages\/804","targetHints":{"allow":["GET"]}}],"collection":[{"href":"https:\/\/fiaf.net\/social\/wp-json\/wp\/v2\/pages"}],"about":[{"href":"https:\/\/fiaf.net\/social\/wp-json\/wp\/v2\/types\/page"}],"author":[{"embeddable":true,"href":"https:\/\/fiaf.net\/social\/wp-json\/wp\/v2\/users\/64"}],"replies":[{"embeddable":true,"href":"https:\/\/fiaf.net\/social\/wp-json\/wp\/v2\/comments?post=804"}],"version-history":[{"count":0,"href":"https:\/\/fiaf.net\/social\/wp-json\/wp\/v2\/pages\/804\/revisions"}],"wp:attachment":[{"href":"https:\/\/fiaf.net\/social\/wp-json\/wp\/v2\/media?parent=804"}],"curies":[{"name":"wp","href":"https:\/\/api.w.org\/{rel}","templated":true}]}}