{"id":11587,"date":"2021-02-04T18:11:42","date_gmt":"2021-02-04T17:11:42","guid":{"rendered":"https:\/\/fiaf.net\/regioni\/veneto\/?page_id=11587"},"modified":"2021-02-04T18:11:42","modified_gmt":"2021-02-04T17:11:42","slug":"pd-padova","status":"publish","type":"page","link":"https:\/\/fiaf.net\/veneto\/circoli\/pd-padova\/","title":{"rendered":"PD Padova"},"content":{"rendered":"<div style=\"width: 40%;float: right;margin-left: 3rem\"><span style=\"color: #0000ff\">PD &#8211; PADOVA<br \/>\n(183) &#8211; FOTOCLUB PADOVA &#8211; BFI<br \/>\nAnno fondazione: 1962 &#8211; Soci iscritti FIAF: 3<br \/>\nPresso:<br \/>\nVECCHIATO PAOLA<br \/>\nVIA XX SETTEMBRE 24<br \/>\n35122 PADOVA PD<br \/>\nRitrovo: C\/O EX CHIESETTA DELLA MADONNA DELLA MERCEDE &#8211; VIA GUIDO RENI 200 35100 PADOVA PD<br \/>\nRiunione: MERCOLEDI&#8217; ore: 21:00<br \/>\nRecapiti:<br \/>\ntelefono: 3356222156<br \/>\nsito web: roberto.cestaro@perkinelmeo.com<br \/>\nemail: fotoclub.padova1962@gmail.com<br \/>\nCariche:<br \/>\nPresidente: VECCHIATO PAOLA,<br \/>\nVice presidente: PULZE FRANCO,<br \/>\nSegretario: ZANETTI CRISTINA <\/span><\/div>\n<p><img loading=\"lazy\" decoding=\"async\" class=\"size-medium wp-image-11588 alignleft\" src=\"https:\/\/fiaf.net\/veneto\/wp-content\/uploads\/sites\/7\/2021\/02\/fotoclub-Padova-marchio-205x300.png\" alt=\"fotoclub Padova marchio\" width=\"205\" height=\"300\" srcset=\"https:\/\/fiaf.net\/veneto\/wp-content\/uploads\/sites\/7\/2021\/02\/fotoclub-Padova-marchio-205x300.png 205w, https:\/\/fiaf.net\/veneto\/wp-content\/uploads\/sites\/7\/2021\/02\/fotoclub-Padova-marchio.png 602w\" sizes=\"auto, (max-width: 205px) 100vw, 205px\" \/> Il FOTOCLUB PADOVA \u00e8 stato fondato nel 1962 da alcuni fotoamatori della citt\u00e0.<br \/>\nIn breve tempo il Fotoclub, che \u00e8 anche affiliato alla FIAF (Federazione Italiana Associazioni Fotografiche), divenne un appassionato punto d&#8217;incontro di molti soci. Inizi\u00f2 cos\u00ec una fervida attivit\u00e0 a Padova, rivolta non solo alla divulgazione della fotografia, come realt\u00e0 non solo ludica ma soprattutto culturale, ma anche allo scambio creativo tra soci con altri circoli vicini italiani ed esteri.<br \/>\nFu sull&#8217;onda di questo fervore che nel 1967 fu data vita alla prima (della seconda serie) Mostra Nazionale di Fotografia &#8220;Premio Citt\u00e0 di Padova&#8221;, che sarebbe poi seguita per altre venti edizioni con la partecipazione dei pi\u00f9 bei nomi della fotografia italiana. L&#8217;attivit\u00e0 del Fotoclub Padova, inoltre, acquistava risalto dal fatto di aver saputo dar vita a svariate mostre sociali e di essere stato prescelto a rappresentare la citt\u00e0 di Padova in occasione dei gemellaggi con Freiburg (Germania) e Nancy (Francia).<br \/>\nFu il Fotoclub Padova ad organizzare, proprio in Padova nel 1975, una delle pi\u00f9 prestigiose manifestazioni internazionali di fotografia: il Congresso Straordinario del Giubileo (25\u00b0) della FIAP, (F\u00e8d\u00e8ration Internationale de l&#8217;Art Photographique, riconosciuta dall&#8217;UNESCO), che port\u00f2 in citt\u00e0 centinaia di fotoamatori di tutto il mondo.<br \/>\nDal 1976, con l&#8217;importante contributo dell&#8217;Amministrazione locale, al Concorso &#8220;Citt\u00e0 di Padova&#8221; si affiancarono successivamente mostre fotografiche come Robert Capa ed Henry Cartier Bresson, oltre alle mostre di fotografi polacchi, russi, austriaci, francesi, jugoslavi, belgi, danesi, cinesi ed argentini. Fu un periodo di forte impulso durante il quale il Fotoclub Padova apr\u00ec, grazie alla sua attivit\u00e0 nuovi orizzonti verso paesi e fotoamatori di tutto il mondo.<br \/>\nLe specifiche attivit\u00e0 del Club si sono intensificate negli anni e grazie ad una pi\u00f9 stretta collaborazione con l&#8217;Assessorato alla Cultura del Comune di Padova ed anche con l&#8217;Universit\u00e0 di Padova, L&#8217;Ente Provinciale per il Turismo, L&#8217;Universit\u00e0 Popolare, la Fiera di Padova nonch\u00e9 con altre associazioni, Enti ed Istituzioni del territorio e al Centro Nazionale di Fotografia. Molte sono state le mostre organizzate e la partecipazione ad eventi di fotografia.<br \/>\nNel 2012 \u00e8 uscito il libro \u201cPadova \u2013 dell\u2019Arte&#8230; l\u2019Anima\u201d per festeggiare i primi 50 anni di vita del Club con foto dei soci.<br \/>\nDopo molti anni il Fotoclub Padova rimane oggi una significativa presenza nel campo fotografico nella citt\u00e0 di Padova collaborando anche in occasione di manifestazioni sportive e di spettacoli (Corri per Padova, Maratona di Sant\u2019Antonio, Padova Jazz, Novembre Patavino, ecc.) dove i propri soci garantiscono, in forma totalmente gratuita, la copertura dell\u2019evento dal punto di vista fotografico.<br \/>\nNella sede attuale in Via G. Reni 200, nell\u2019ex-Oratorio della Mercede, i soci si incontrano almeno una volta alla settimana sia per workshop sia per la lettura critica delle foto, mentre ogni mercoled\u00ec la sede viene aperta al pubblico per la presentazione di opere di fotografi esterni, appositamente invitati, e per incontri e conferenze.<\/p>\n<hr \/>\n<div id='gallery-1' class='gallery galleryid-11587 gallery-columns-3 gallery-size-medium'><figure class='gallery-item'>\n\t\t\t<div class='gallery-icon landscape'>\n\t\t\t\t<a href='https:\/\/fiaf.net\/veneto\/circoli\/pd-padova\/fotoclub-padova-image004\/'><img loading=\"lazy\" decoding=\"async\" width=\"300\" height=\"200\" src=\"https:\/\/fiaf.net\/veneto\/wp-content\/uploads\/sites\/7\/2021\/02\/Fotoclub-Padova-image004-300x200.jpg\" class=\"attachment-medium size-medium\" alt=\"\" srcset=\"https:\/\/fiaf.net\/veneto\/wp-content\/uploads\/sites\/7\/2021\/02\/Fotoclub-Padova-image004-300x200.jpg 300w, https:\/\/fiaf.net\/veneto\/wp-content\/uploads\/sites\/7\/2021\/02\/Fotoclub-Padova-image004.jpg 562w\" sizes=\"auto, (max-width: 300px) 100vw, 300px\" \/><\/a>\n\t\t\t<\/div><\/figure><figure class='gallery-item'>\n\t\t\t<div class='gallery-icon landscape'>\n\t\t\t\t<a href='https:\/\/fiaf.net\/veneto\/circoli\/pd-padova\/fotoclub-padova-image003\/'><img loading=\"lazy\" decoding=\"async\" width=\"300\" height=\"225\" src=\"https:\/\/fiaf.net\/veneto\/wp-content\/uploads\/sites\/7\/2021\/02\/Fotoclub-Padova-image003-300x225.jpg\" class=\"attachment-medium size-medium\" alt=\"\" srcset=\"https:\/\/fiaf.net\/veneto\/wp-content\/uploads\/sites\/7\/2021\/02\/Fotoclub-Padova-image003-300x225.jpg 300w, https:\/\/fiaf.net\/veneto\/wp-content\/uploads\/sites\/7\/2021\/02\/Fotoclub-Padova-image003.jpg 410w\" sizes=\"auto, (max-width: 300px) 100vw, 300px\" \/><\/a>\n\t\t\t<\/div><\/figure><figure class='gallery-item'>\n\t\t\t<div class='gallery-icon landscape'>\n\t\t\t\t<a href='https:\/\/fiaf.net\/veneto\/circoli\/pd-padova\/fotoclub-padova-image002\/'><img loading=\"lazy\" decoding=\"async\" width=\"300\" height=\"300\" src=\"https:\/\/fiaf.net\/veneto\/wp-content\/uploads\/sites\/7\/2021\/02\/Fotoclub-Padova-image002-300x300.jpg\" class=\"attachment-medium size-medium\" alt=\"\" srcset=\"https:\/\/fiaf.net\/veneto\/wp-content\/uploads\/sites\/7\/2021\/02\/Fotoclub-Padova-image002-300x300.jpg 300w, https:\/\/fiaf.net\/veneto\/wp-content\/uploads\/sites\/7\/2021\/02\/Fotoclub-Padova-image002-150x150.jpg 150w, https:\/\/fiaf.net\/veneto\/wp-content\/uploads\/sites\/7\/2021\/02\/Fotoclub-Padova-image002.jpg 410w\" sizes=\"auto, (max-width: 300px) 100vw, 300px\" \/><\/a>\n\t\t\t<\/div><\/figure><figure class='gallery-item'>\n\t\t\t<div class='gallery-icon landscape'>\n\t\t\t\t<a href='https:\/\/fiaf.net\/veneto\/circoli\/pd-padova\/fotoclub-padova-image001\/'><img loading=\"lazy\" decoding=\"async\" width=\"300\" height=\"199\" src=\"https:\/\/fiaf.net\/veneto\/wp-content\/uploads\/sites\/7\/2021\/02\/Fotoclub-Padova-image001-300x199.jpg\" class=\"attachment-medium size-medium\" alt=\"\" srcset=\"https:\/\/fiaf.net\/veneto\/wp-content\/uploads\/sites\/7\/2021\/02\/Fotoclub-Padova-image001-300x199.jpg 300w, https:\/\/fiaf.net\/veneto\/wp-content\/uploads\/sites\/7\/2021\/02\/Fotoclub-Padova-image001.jpg 406w\" sizes=\"auto, (max-width: 300px) 100vw, 300px\" \/><\/a>\n\t\t\t<\/div><\/figure>\n\t\t<\/div>\n\n\n    <div class=\"xs_social_share_widget xs_share_url after_content \t\tmain_content  wslu-style-1 wslu-share-box-shaped wslu-fill-colored wslu-none wslu-share-horizontal wslu-theme-font-no wslu-main_content\">\n\n\t\t\n        <ul>\n\t\t\t        <\/ul>\n    <\/div> \n","protected":false},"excerpt":{"rendered":"<p>PD &#8211; PADOVA (183) &#8211; FOTOCLUB PADOVA &#8211; BFI Anno fondazione: 1962 &#8211; Soci iscritti FIAF: 3 Presso: VECCHIATO PAOLA &hellip;<\/p>\n","protected":false},"author":3,"featured_media":0,"parent":162,"menu_order":0,"comment_status":"closed","ping_status":"closed","template":"","meta":{"_acf_changed":false,"footnotes":""},"class_list":["post-11587","page","type-page","status-publish","hentry"],"acf":[],"_links":{"self":[{"href":"https:\/\/fiaf.net\/veneto\/wp-json\/wp\/v2\/pages\/11587","targetHints":{"allow":["GET"]}}],"collection":[{"href":"https:\/\/fiaf.net\/veneto\/wp-json\/wp\/v2\/pages"}],"about":[{"href":"https:\/\/fiaf.net\/veneto\/wp-json\/wp\/v2\/types\/page"}],"author":[{"embeddable":true,"href":"https:\/\/fiaf.net\/veneto\/wp-json\/wp\/v2\/users\/3"}],"replies":[{"embeddable":true,"href":"https:\/\/fiaf.net\/veneto\/wp-json\/wp\/v2\/comments?post=11587"}],"version-history":[{"count":0,"href":"https:\/\/fiaf.net\/veneto\/wp-json\/wp\/v2\/pages\/11587\/revisions"}],"up":[{"embeddable":true,"href":"https:\/\/fiaf.net\/veneto\/wp-json\/wp\/v2\/pages\/162"}],"wp:attachment":[{"href":"https:\/\/fiaf.net\/veneto\/wp-json\/wp\/v2\/media?parent=11587"}],"curies":[{"name":"wp","href":"https:\/\/api.w.org\/{rel}","templated":true}]}}