{"id":11724,"date":"2021-02-21T15:40:05","date_gmt":"2021-02-21T14:40:05","guid":{"rendered":"https:\/\/fiaf.net\/regioni\/veneto\/?page_id=11724"},"modified":"2021-02-21T15:40:05","modified_gmt":"2021-02-21T14:40:05","slug":"vr-lo-scatto","status":"publish","type":"page","link":"https:\/\/fiaf.net\/veneto\/circoli\/vr-lo-scatto\/","title":{"rendered":"VR Lo Scatto"},"content":{"rendered":"<p><img loading=\"lazy\" decoding=\"async\" class=\"aligncenter wp-image-11725 size-large\" src=\"https:\/\/fiaf.net\/veneto\/wp-content\/uploads\/sites\/7\/2021\/02\/marchio-gf-lo-scatto-1024x166.jpg\" alt=\"marchio gf lo scatto\" width=\"1024\" height=\"166\" srcset=\"https:\/\/fiaf.net\/veneto\/wp-content\/uploads\/sites\/7\/2021\/02\/marchio-gf-lo-scatto-1024x166.jpg 1024w, https:\/\/fiaf.net\/veneto\/wp-content\/uploads\/sites\/7\/2021\/02\/marchio-gf-lo-scatto-300x49.jpg 300w, https:\/\/fiaf.net\/veneto\/wp-content\/uploads\/sites\/7\/2021\/02\/marchio-gf-lo-scatto-768x124.jpg 768w, https:\/\/fiaf.net\/veneto\/wp-content\/uploads\/sites\/7\/2021\/02\/marchio-gf-lo-scatto-1536x249.jpg 1536w, https:\/\/fiaf.net\/veneto\/wp-content\/uploads\/sites\/7\/2021\/02\/marchio-gf-lo-scatto.jpg 1957w\" sizes=\"auto, (max-width: 1024px) 100vw, 1024px\" \/><\/p>\n<div style=\"width: 40%;float: right;margin-left: 3rem\"><span style=\"color: #0000ff\">VR &#8211; GARDA<br \/>\n(1973) &#8211; GRUPPO FOTOGRAFICO LO SCATTO &#8211; BFI<br \/>\nAnno fondazione: 1998 &#8211; Soci iscritti FIAF: 20<br \/>\nPresso:<br \/>\nFELISI MASSIMO<br \/>\nPIAZZA DONATORI DI SANGUE<br \/>\n37016 GARDA VR<br \/>\nRitrovo: PIAZZA DONATORI DI SANGUE 37016 GARDA VR<br \/>\nRiunione: VENERDI&#8217; ore: 21:00<br \/>\nRecapiti:<br \/>\ntelefono: 3485925960<br \/>\nsito web:<br \/>\nemail: gf.loscatto@gmail.com<br \/>\nCariche:<br \/>\nPresidente: FELISI MASSIMO,<br \/>\nVice presidente: BARUFFALDI NICOLA,<br \/>\nSegretario: MAFFEZZOLI IVANO <\/span><\/div>\n<p>LE FOTOGRAFIE SI FANNO CON GLI OCCHI<br \/>\nI primi vent&#8217;anni del Gruppo Fotografico Lo Scatto BFI di Garda &#8211; di Fulvio Merlak<br \/>\nGarda, con il suo pittoresco centro storico, \u00e8 situata in una splendida insenatura tra il colle della Rocca e la Punta San Vigilio, sulla costa veronese del lago; lago a cui la cittadina ha dato il nome nel dodicesimo secolo, dopo la scomparsa di Benaco, l&#8217;antica &#8220;villa\u201d distrutta da un terremoto di proporzioni immani. Orbene, il toponimo Garda non \u00e8 nient&#8217;altro che l&#8217;evoluzione della voce longobarda &#8220;warda\u201d, ovvero guardia, postazione difensiva di osservazione e di vedetta militare. Da &#8220;warda\u201d deriva poi il verbo dialettale \u201cvard\u00e0r\u201d, ossia guardare, mirare, osservare. \u201cGarda &#8211; warda &#8211; varda &#8211; guarda\u201d e il cerchio \u00e8 chiuso; il nesso fra la citt\u00e0 di Garda e la passione per la fotografia potrebbe stare proprio nel vincolo inscindibile che c&#8217;\u00e8 tra la visione e l&#8217;evento fotografico, tra l&#8217;atto percettivo e l&#8217;azione, tra lo sguardo e lo scatto. Nel 2015, in un&#8217;intervista rilasciata a Frank Horvat, il grande fotografo ceco Josef Koudelka afferm\u00f2: \u201cPer me la cosa pi\u00f9 bella \u00e8 svegliarmi, uscire e andare in giro a guardare. Guardare tutto. Senza che nessuno stia l\u00ec a dirmi: devi guardare questo o quello. lo guardo tutto e cerco di trovare ci\u00f2 che mi interessa, perch\u00e9, all&#8217;inizio, non so cosa potr\u00e0 interessarmi\u201d. Le fotografie si fanno con gli occhi (con la mente e il cuore, come diceva Henri CartierBresson), ed \u00e8 proprio questo il messaggio che il Gruppo Fotografico &#8220;Lo Scatto\u201d di Garda cerca di trasmettere da vent&#8217;anni a questa parte, dal 1998, anno della sua fondazione. Bisogna<br \/>\nassolutamente imparare a guardare. Nato da un&#8217;idea del giornalista pubblicista Angelo Peretti, il Circolo ha al suo attivo l&#8217;organizzazione d&#8217;innumerevoli, rinomate manifestazioni, tutte immancabilmente targate Federazione Italiana Associazioni Fotografiche. E basterebbe menzionare la realizzazione di due esemplari edizioni del \u201cCongresso Nazionale FIAF\u201d (il 55\u00b0 nel 2003 e il 64\u00b0 nel 2012) per capire la portata degli eventi concertati e concretati dal Gruppo. Tuttavia, nel percorso dello Scatto non ci sono \u201csolo\u201d i Congressi. Fin dal 1998 Garda ha ospitato, prima ad anni alterni e poi dal 2016 ogni anno, il \u201cSeminario Nazionale DiAF\u201d: dodici edizioni di quello che tuttora risulta essere l&#8217;appuntamento pi\u00f9 importante e pi\u00f9 atteso per gli appassionati di audiovisivi in Italia. Dopodich\u00e9, &#8220;L&#8217;Estate Fotografica&#8221; di Torri del Benaco, il prestigioso &#8220;Garda Photo&#8221; coordinato dal Direttore Artistico Ivano Bolondi e, ancora, quattro edizioni del \u201cDiaporama Super Circuit&#8221; (Festival Internazionale del Diaporama Digitale), dodici edizioni del \u201cCircuito Nazionale Audiovisivi Fotografici Digitali DiAF&#8221;, sei edizioni (a partire dal 2013) del \u201cConcorso Internazionale Audiovisivi Citt\u00e0 di Garda\u201d, sei edizioni (dal 2011) del \u201cGran Premio Citt\u00e0 di Garda\u201d (Incontro di lettura di portfolio), numerosi Corsi di fotografia tenuti nelle Scuole Elementari di Garda e di Torri del Benaco, e workshop condotti da grandi Personaggi della Fotografia<br \/>\nnazionale. Per ultima, ma certamente non meno importante, la creazione, nel 2013, della splendida \u201cGalleria FIAF\u201d presso il Palazzo Pincini Carlotti di Garda, vero fiore all&#8217;occhiello per l&#8217;attivit\u00e0 del Gruppo Fotografico \u201cLo Scatto\u201d. E a questo gi\u00e0 notevole profilo bisogna ancora aggiungere che, per Statuto, tutti i Soci del Gruppo devono essere iscritti alla FIAF. Due sono i Presidenti che si sono avvicendati nella conduzione dello Scatto: dal 1998 al 2003 Adolfo Vallazza, e dal 2004 a oggi Massimo Felisi. Ma il vero &#8220;factotum\u201d del Circolo \u00e8 sempre stato l&#8217;infaticabile Ivano Maffezzoli, uno straordinario organizzatore, sempre disponibile e altruista. A lui si devono le molteplici iniziative del Club, iniziative sempre orientate verso una crescita qualitativa, sia fotografica sia umana, perch\u00e9, come asseriva Nadar, &#8220;Nella fotografia esistono, come in tutte le cose, delle persone che sanno vedere e altre che non sanno nemmeno guardare&#8221;.<\/p>\n<hr \/>\n<div id='gallery-1' class='gallery galleryid-11724 gallery-columns-3 gallery-size-medium'><figure class='gallery-item'>\n\t\t\t<div class='gallery-icon landscape'>\n\t\t\t\t<a href='https:\/\/fiaf.net\/veneto\/circoli\/vr-lo-scatto\/vr-gf-lo-scatto-galleria-3\/'><img loading=\"lazy\" decoding=\"async\" width=\"300\" height=\"72\" src=\"https:\/\/fiaf.net\/veneto\/wp-content\/uploads\/sites\/7\/2021\/02\/VR-GF-Lo-SCATTO-Galleria-2-300x72.jpg\" class=\"attachment-medium size-medium\" alt=\"\" srcset=\"https:\/\/fiaf.net\/veneto\/wp-content\/uploads\/sites\/7\/2021\/02\/VR-GF-Lo-SCATTO-Galleria-2-300x72.jpg 300w, https:\/\/fiaf.net\/veneto\/wp-content\/uploads\/sites\/7\/2021\/02\/VR-GF-Lo-SCATTO-Galleria-2-1024x244.jpg 1024w, https:\/\/fiaf.net\/veneto\/wp-content\/uploads\/sites\/7\/2021\/02\/VR-GF-Lo-SCATTO-Galleria-2-768x183.jpg 768w, https:\/\/fiaf.net\/veneto\/wp-content\/uploads\/sites\/7\/2021\/02\/VR-GF-Lo-SCATTO-Galleria-2-1536x367.jpg 1536w, https:\/\/fiaf.net\/veneto\/wp-content\/uploads\/sites\/7\/2021\/02\/VR-GF-Lo-SCATTO-Galleria-2-2048x489.jpg 2048w\" sizes=\"auto, (max-width: 300px) 100vw, 300px\" \/><\/a>\n\t\t\t<\/div><\/figure>\n\t\t<\/div>\n\n\n    <div class=\"xs_social_share_widget xs_share_url after_content \t\tmain_content  wslu-style-1 wslu-share-box-shaped wslu-fill-colored wslu-none wslu-share-horizontal wslu-theme-font-no wslu-main_content\">\n\n\t\t\n        <ul>\n\t\t\t        <\/ul>\n    <\/div> \n","protected":false},"excerpt":{"rendered":"<p>VR &#8211; GARDA (1973) &#8211; GRUPPO FOTOGRAFICO LO SCATTO &#8211; BFI Anno fondazione: 1998 &#8211; Soci iscritti FIAF: 20 Presso: &hellip;<\/p>\n","protected":false},"author":3,"featured_media":0,"parent":162,"menu_order":0,"comment_status":"closed","ping_status":"closed","template":"","meta":{"_acf_changed":false,"footnotes":""},"class_list":["post-11724","page","type-page","status-publish","hentry"],"acf":[],"_links":{"self":[{"href":"https:\/\/fiaf.net\/veneto\/wp-json\/wp\/v2\/pages\/11724","targetHints":{"allow":["GET"]}}],"collection":[{"href":"https:\/\/fiaf.net\/veneto\/wp-json\/wp\/v2\/pages"}],"about":[{"href":"https:\/\/fiaf.net\/veneto\/wp-json\/wp\/v2\/types\/page"}],"author":[{"embeddable":true,"href":"https:\/\/fiaf.net\/veneto\/wp-json\/wp\/v2\/users\/3"}],"replies":[{"embeddable":true,"href":"https:\/\/fiaf.net\/veneto\/wp-json\/wp\/v2\/comments?post=11724"}],"version-history":[{"count":0,"href":"https:\/\/fiaf.net\/veneto\/wp-json\/wp\/v2\/pages\/11724\/revisions"}],"up":[{"embeddable":true,"href":"https:\/\/fiaf.net\/veneto\/wp-json\/wp\/v2\/pages\/162"}],"wp:attachment":[{"href":"https:\/\/fiaf.net\/veneto\/wp-json\/wp\/v2\/media?parent=11724"}],"curies":[{"name":"wp","href":"https:\/\/api.w.org\/{rel}","templated":true}]}}