{"id":11824,"date":"2021-03-10T22:36:46","date_gmt":"2021-03-10T21:36:46","guid":{"rendered":"https:\/\/fiaf.net\/regioni\/veneto\/?page_id=11824"},"modified":"2022-10-13T19:25:01","modified_gmt":"2022-10-13T17:25:01","slug":"archivi","status":"publish","type":"page","link":"https:\/\/fiaf.net\/veneto\/archivi\/","title":{"rendered":"Archivi | PAC"},"content":{"rendered":"<p>Lo scorso 10 mar 2021 si \u00e8 svolta una prima riunione online per il Progetto Archivi Circoli.\u00a0Oltre agli annunci \/ articoli che man mano saranno pubblicati\u00a0in questo sito, in questa pagina riuniremo in un\u00a0indice le risorse che vengono messe a disposizione per il PAC. In questa riunione si \u00e8 presentato il sito\u00a0<a href=\"http:\/\/www.censimento.fotografia.italia.it\" target=\"_blank\" rel=\"noopener\">http:\/\/www.censimento.fotografia.italia.it<\/a>, si \u00e8 deciso di ripresentare il Questionario e di puntare alla formazione di tre figure di coordinamento a livello regionale. L&#8217;archiviatore, il catalogatore, e il cercatore di tesori. E prima di parlare di come catalogarli, con fogli excel o software di marca A B o C, ci sar\u00e0 un percorso formativo per capire cosa sono,\u00a0e come spendere le energie per catalogare quella parte che vale la pena far uscire dal magazzino, dal deposito\u00a0e trasformarle in un archivio. Anche questa conoscenza sar\u00e0 indispensabile per sapere come conservare il materiale e anche come conservare il\u00a0digitale, perch\u00e9 anche per il digitale c&#8217;\u00e8 una corretta e sostenibile conservazione da imparare. Il tempo \u00e8 contro di noi, ed \u00e8 poco, occorre saperlo sfruttare\u00a0al meglio.<\/p>\n<p>In data 11 nov 2021 si \u00e8 svolto un successivo webinar con lo scopo di mostrare come nella realt\u00e0 \u00e8 organizzato e opera un importante Archivio, il Centro Studi e Archivio della Comunicazione dell&#8217;Universit\u00e0 di Parma.<\/p>\n<p>La catalogazione comunitaria, o comunque collettiva, pu\u00f2 servire per diffondere un modo-di-fare archiviazione e catalogazione accettato collettivamente, rendendolo sempre meno esoterico ma noto a tanti, tutti, e sempre pi\u00f9 omogeneo. Pi\u00f9 o meno tutti sappiamo mettere su una pasta asciutta e dovrebbe diventare pi\u00f9 o meno lo stesso un sapere comune quello per la archiviazione del materiale fotografico. Per creare un archivio serve ma non basta depositare le opere, serve ma non basta saperle contare e descrivere, serve ma non basta saper cercare in un qualsiasi google personale per termini e parole, e per ora non cerchiamo una foto venti per trenta, ma cerchiamo foto di operai, foto di piazze, foto di monumenti, e dobbiamo conservare pellicole, carte, lastre, ma anche dischi fissi e altri supporti hanno un loro percorso di conservazione, una loro naturale e progressiva o improvvisa decadenza. Gli archivi analogici iniziano ad essere i nuovi fossili, vedi recente &#8220;Caso tata Vivian Mayer&#8221;.<\/p>\n<p>In data 1 ottobre 2022 presso Camera Centro Fotografia Italiano la prima parte della presentazione degli strumenti operativi per inventariare e in seguito catalogare le immagini.<\/p>\n<p><img loading=\"lazy\" decoding=\"async\" class=\"alignnone size-medium wp-image-12781\" src=\"https:\/\/fiaf.net\/veneto\/wp-content\/uploads\/sites\/7\/2021\/11\/20211111-online-webinar-piano-archivi-circoli-Lucia-Miodini-Centro-Studi-e-Archivio-della-Comuincazione-Universita-Parma-300x300.jpg\" alt=\"\" width=\"300\" height=\"300\" \/><\/p>\n<p>Link utili<\/p>\n<ul>\n<li style=\"list-style-type: none;\">\n<ul>\n<li>PAC 1 &#8211; 10 mar 2021 (<a href=\"https:\/\/youtu.be\/N9-H_ElSuag\" target=\"_blank\" rel=\"noopener\">filmato<\/a>\u00a02h3m30s)<\/li>\n<li><a href=\"https:\/\/www.culturaveneto.it\/it\/web\/cultura\/progetti\/archivi-fotografici-del-veneto\" target=\"_blank\" rel=\"noopener\">Archivi fotografici del Veneto (culturaveneto.it)<\/a><\/li>\n<li><a href=\"http:\/\/www.censimento.fotografia.italia.it\" target=\"_blank\" rel=\"noopener\">Censimento Fotografia Italia<\/a>\u00a0| <a href=\"http:\/\/www.censimento.fotografia.italia.it\/documenti\/\" target=\"_blank\" rel=\"noopener\">Documenti<\/a><\/li>\n<li>PAC 2 &#8211; 22 set 2021 (<a href=\"https:\/\/youtu.be\/tti9TRWuS-A\" target=\"_blank\" rel=\"noopener\">filmato<\/a> 1h33m03s)<\/li>\n<li>PAC 3 &#8211; 11 nov 2021 <a href=\"https:\/\/www.csacparma.it\" target=\"_blank\" rel=\"nofollow noopener\">CSAC<\/a><br \/>\n<a href=\"https:\/\/csacparma.it\" target=\"_blank\" rel=\"nofollow noopener\">CSAC | Centro Studi e Archivio della Comunicazione<\/a> \u00a0(<a href=\"https:\/\/youtu.be\/rL1vaKnxybM\" target=\"_blank\" rel=\"nofollow noopener\">filmato<\/a> 1h52m18s)<\/li>\n<li>PAC 4 &#8211; 28 apr 2022 <a href=\"https:\/\/youtu.be\/-zcAENm1_wg\" target=\"_blank\" rel=\"noopener\">Sana e robusta conservazione<\/a><br \/>\n(2h03m55s)<\/li>\n<li>PAC 5 SI PARTE! Presentazione Memora\u00a0<a href=\"https:\/\/youtu.be\/ZxIQrTcP1nQ\" target=\"_blank\" rel=\"noopener\">(01h33m19s)\u00a0<\/a><a href=\"https:\/\/www.memora.piemonte.it\/\" target=\"_blank\" rel=\"noopener\">Memora Piemonte<\/a><\/li>\n<\/ul>\n<\/li>\n<\/ul>\n<p>Domande e Risposte alle\/agli esperti<\/p>\n<dl>\n<dt>Cominciamo dalle basi, chi ha del materiale come pu\u00f2 starci attento, conservarle\u00a0<em>facendo le cose giuste e con i giusti materiali?\u00a0<\/em><\/dt>\n<dd>Ci sarebbero da riempire dei volumi, ore e ore di filmati didattici.<br \/>\nAlcuni suggerimenti da esperti certi:<br \/>\n_ <a href=\"https:\/\/fiaf.net\/veneto\/wp-content\/uploads\/sites\/7\/2021\/12\/sesti-conservazione.pdf\">Conservazione &#8211; Alinari\u00a0<\/a>\u00a0(powerpoint in pdf)<br \/>\n_ <a href=\"https:\/\/fiaf.net\/veneto\/wp-content\/uploads\/sites\/7\/2021\/12\/AIB.pdf\">Principi per la cura e manipolazione del materiale video e fotografico &#8211; Associazione Italiana Biblioteche<\/a>\u00a0(pagina web in pdf con link) <a href=\"https:\/\/repository.ifla.org\/handle\/123456789\/1269\" target=\"_blank\" rel=\"noopener\">(documento completo)<\/a><\/dd>\n<\/dl>\n<p>:\/\/:<\/p>\n\n    <div class=\"xs_social_share_widget xs_share_url after_content \t\tmain_content  wslu-style-1 wslu-share-box-shaped wslu-fill-colored wslu-none wslu-share-horizontal wslu-theme-font-no wslu-main_content\">\n\n\t\t\n        <ul>\n\t\t\t        <\/ul>\n    <\/div> \n","protected":false},"excerpt":{"rendered":"<p>Lo scorso 10 mar 2021 si \u00e8 svolta una prima riunione online per il Progetto Archivi Circoli.\u00a0Oltre agli annunci \/ &hellip;<\/p>\n","protected":false},"author":3,"featured_media":0,"parent":0,"menu_order":0,"comment_status":"closed","ping_status":"closed","template":"","meta":{"_acf_changed":false,"footnotes":""},"class_list":["post-11824","page","type-page","status-publish","hentry"],"acf":[],"_links":{"self":[{"href":"https:\/\/fiaf.net\/veneto\/wp-json\/wp\/v2\/pages\/11824","targetHints":{"allow":["GET"]}}],"collection":[{"href":"https:\/\/fiaf.net\/veneto\/wp-json\/wp\/v2\/pages"}],"about":[{"href":"https:\/\/fiaf.net\/veneto\/wp-json\/wp\/v2\/types\/page"}],"author":[{"embeddable":true,"href":"https:\/\/fiaf.net\/veneto\/wp-json\/wp\/v2\/users\/3"}],"replies":[{"embeddable":true,"href":"https:\/\/fiaf.net\/veneto\/wp-json\/wp\/v2\/comments?post=11824"}],"version-history":[{"count":13,"href":"https:\/\/fiaf.net\/veneto\/wp-json\/wp\/v2\/pages\/11824\/revisions"}],"predecessor-version":[{"id":14053,"href":"https:\/\/fiaf.net\/veneto\/wp-json\/wp\/v2\/pages\/11824\/revisions\/14053"}],"wp:attachment":[{"href":"https:\/\/fiaf.net\/veneto\/wp-json\/wp\/v2\/media?parent=11824"}],"curies":[{"name":"wp","href":"https:\/\/api.w.org\/{rel}","templated":true}]}}