{"id":14223,"date":"2023-09-11T15:00:21","date_gmt":"2023-09-11T13:00:21","guid":{"rendered":"https:\/\/fiaf.net\/veneto\/?page_id=14223"},"modified":"2024-01-01T11:54:59","modified_gmt":"2024-01-01T10:54:59","slug":"riconoscimenti-2023","status":"publish","type":"page","link":"https:\/\/fiaf.net\/veneto\/riconoscimenti-2023\/","title":{"rendered":"Riconoscimenti 2023"},"content":{"rendered":"<p><img loading=\"lazy\" decoding=\"async\" class=\"aligncenter wp-image-12112\" src=\"https:\/\/fiaf.net\/veneto\/wp-content\/uploads\/sites\/7\/2021\/05\/Fiaf-Blureflex-CENT-solo-marchio-512px-copia-300x300.jpg\" alt=\"\" width=\"200\" height=\"200\" srcset=\"https:\/\/fiaf.net\/veneto\/wp-content\/uploads\/sites\/7\/2021\/05\/Fiaf-Blureflex-CENT-solo-marchio-512px-copia-300x300.jpg 300w, https:\/\/fiaf.net\/veneto\/wp-content\/uploads\/sites\/7\/2021\/05\/Fiaf-Blureflex-CENT-solo-marchio-512px-copia-150x150.jpg 150w, https:\/\/fiaf.net\/veneto\/wp-content\/uploads\/sites\/7\/2021\/05\/Fiaf-Blureflex-CENT-solo-marchio-512px-copia.jpg 510w\" sizes=\"auto, (max-width: 200px) 100vw, 200px\" \/><\/p>\n<h1 style=\"text-align: center;\">Riconoscimenti 2023<\/h1>\n<ul>\n<li><strong>Riconoscimento F41\/2022<\/strong><br \/>\norganizzato da Circolo Fotografico l\u2019Obiettivo di Dolo<br \/>\n<strong>Figure e Ritratti<\/strong> personale di Paolo Prando con presentazione volume<br \/>\npresso Sala Polivalente di Villa Concina \u2013 Dolo VE<br \/>\ndal 14 al 21 gennaio 2023<br \/>\n_<\/li>\n<li><strong>Riconoscimento F42\/2022<\/strong><br \/>\norganizzato dal socio Alberto Colognato \u2013 Monticello Conte Otto VI<br \/>\n<strong>ALFABETO DONNA<\/strong> mostra personale<br \/>\nTrattoria Sporting Bocciodromo, via Ferdinando Urli 26, Schio VI<br \/>\ndal 13 gennaio al 23 febbraio 2023<br \/>\n_<\/li>\n<li><strong>Riconoscimento F43\/2022 CORSO CERTIFICATO<\/strong><br \/>\norganizzato da Fotoclub Il Punto Focale BFI<br \/>\n<strong>Corso di fotografia di base e alfabetizzazione fotografica<\/strong><br \/>\npresso Sede CRAIM &#8211; via Mure Carmini 12, Vicenza<br \/>\ndal 24 marzo al 26 maggio 2023<br \/>\n_<\/li>\n<li><strong>Riconoscimento F01\/2023<\/strong><br \/>\norganizzato da Fotoclub El Bragosso BFI<br \/>\n<strong>Corso Base di Fotografia<\/strong><br \/>\npresso sede fotoclub Piazza Olimpia 1 &#8211; Caorle VE<br \/>\ndal 13 febbraio 2023<br \/>\n_<\/li>\n<li><strong>Riconoscimento F02\/2023<br \/>\n<\/strong>organizzato da Fotoclub Il Punto Focale BFI<br \/>\n<strong>Corso di sviluppo e stampa in biancoenero\u00a0<\/strong><br \/>\npresso Sede CRAIM &#8211; via Mure Carmini 12, Vicenza<br \/>\ndal 10 febbraio al 6 marzo 2023<br \/>\n_<\/li>\n<li><strong>Riconoscimento F03\/2023<\/strong><br \/>\norganizzato da Zpaf e GianPaolo Prando<br \/>\n<strong>GianPaolo Prando Fotografia<\/strong><br \/>\npresso <a href=\"https:\/\/www.facebook.com\/wizjer47\/\" target=\"_blank\" rel=\"noopener\">Galeria Kr\u00f3tko i W\u0119z\u0142owato &#8211;\u00a0ulica W\u00f3lcza\u0144ska, 213 &#8211; \u00a0\u0141\u00f3d\u017a Polonia<\/a><br \/>\ndall&#8217;8 febbraio al 7 marzo 2023<br \/>\n_<\/li>\n<li><strong>Riconoscimento F04\/2023<\/strong><br \/>\norganizzato da Comune di Mogliano Veneto Assessorato alla Cultura<br \/>\nmostra <strong>Giacimenti della Quotidianit\u00e0<\/strong><br \/>\npresso Brollo Spazio Arte Urbano &#8211; via Rozone e Vitale, 5 &#8211; Mogliano Veneto TV<br \/>\ndal 4 al 19 febbraio 2023<br \/>\n_<\/li>\n<li><strong>Riconoscimento F05\/2023<\/strong><br \/>\norganizzato da Fotoclub Cavarzere BFI<br \/>\nmostra <strong>La danza nel cuore<\/strong>\u00a0di Paolo Cominato<br \/>\npresso Palazzo Danielato &#8211; via Roma 8 &#8211; Cavarzere VE<br \/>\ndal 18 al 29 marzo 2023<br \/>\n_<\/li>\n<li><strong>Riconoscimento F06\/2023<br \/>\n<\/strong>organizzato da Gruppo Fotografico Antenore BFI e ULSS 6 Euganea<br \/>\nmostra collettiva\u00a0<strong>Il gioco: la fortuna, l&#8217;abilit\u00e0, il caso\u00a0<\/strong><br \/>\npresso Sala della Carit\u00e0 &#8211; via San Francesco 63 &#8211; Padova<br \/>\ndal 13 al 17 marzo 2023<br \/>\n_<\/li>\n<li><strong>Riconoscimento F07\/2023<\/strong><br \/>\norganizzato da Circolo fotografico L&#8217;Obiettivo di Dolo<br \/>\nmostra personale di <strong>Maria Grazia Colcera Antologica<\/strong><br \/>\npresso Sala Polivalente di Villa Concina &#8211; Via Comunetto 5 &#8211; Dolo VE<br \/>\ndal 25 febbraio al 5 marzo 2023<br \/>\n_<\/li>\n<li><strong>Riconoscimento F08\/2023<\/strong><br \/>\norganizzato da Foto Club Caldogno<br \/>\nserata con\u00a0<strong>Orietta Bay\u00a0<\/strong> a tema\u00a0<strong>Il racconto fotografico &#8211; genesi e costruzione di un portfolio<\/strong><br \/>\npresso Barchesse di Villa Calsogno &#8211; via G. Zanella 3 &#8211; Caldogno VI e online<br \/>\nil 23 febbraio 2023<br \/>\n_<\/li>\n<li><strong>Riconoscimento F09\/2023<\/strong><br \/>\norganizzato da Foto Club Adria APS BFI<br \/>\nmostra\u00a0<strong>Impronte di donne<\/strong><br \/>\npresso Sala Cordella &#8211; Corso Vittorio Emanuele II, 35 &#8211; Adria RO<br \/>\ndal 4 al 10 marzo 2023<br \/>\n_<\/li>\n<li><strong>Riconoscimento F10\/2023<\/strong><br \/>\norganizzato da Foto Club Caldogno<br \/>\nmostra\u00a0<strong>Casa Caldogno\u00a0<\/strong>mostra fotografica multimediale<br \/>\npresso Seminterrato di Villa Caldogno &#8211; via Zanella 3 Caldogno VI<br \/>\ndal 4 al 26 marzo 2023<br \/>\n_<\/li>\n<li><strong>Riconoscimento F11\/2023<\/strong><br \/>\norganizzato da Associazione Ca&#8217; Cornera, dve il Po si fa cultura<br \/>\nmostra <strong>Un&#8217;altra verit\u00e0<\/strong> della Socia FIAF Cristina Sartorello<br \/>\npresso Ca&#8217; Cornera B&amp;B &#8211; localit\u00e0 Ca&#8217; Cornera 3, Porto Viro RO<br \/>\ndal 2 al 25 aprile 2023<br \/>\n_<\/li>\n<li><strong>Riconoscimento F12\/2023<\/strong><br \/>\norganizzato da Fotoclub Caldogno<br \/>\nserata seminario\u00a0<strong>Da Vinci Resolve &#8211; cos&#8217;\u00e8 e come pu\u00f2 aiutarci <\/strong>con\u00a0<strong>Fabrizio Luzzo<\/strong><br \/>\npresso seminterrato di Villa Caldogno &#8211; via G Zanella 3 Caldogno VI<br \/>\nil 23 marzo 2023 dalle 20:30 alle 22:30<br \/>\n_<\/li>\n<li><strong>Riconoscimento F13\/2023<br \/>\n<\/strong>organizzato da Fotoclub Cavarzere BFI<br \/>\nmostra\u00a0<strong>IRAN &#8211; il sorriso di un popolo, di Domenico Augusti<\/strong><br \/>\npresso Palazzo Danielato &#8211; via Roma 8 &#8211; Cavarzere VE<br \/>\ndal 22 aprile al 5 maggio 2023<br \/>\n_<\/li>\n<li><strong>Riconoscimento F14\/2023<\/strong><br \/>\norganizzato dal Circolo Fotografico Vicenza e Municipio di Montegalda<br \/>\nmostra collettiva\u00a0<strong>Luci ed ombre<\/strong><br \/>\npresso Villa Gualdo &#8211; Municipio di Montegalda<br \/>\ndal 22 al 26 aprile 2023<br \/>\n_<\/li>\n<li><strong>Riconoscimento F15\/2023<\/strong><br \/>\norganizzato dal Club Fotografico Il Campanile<br \/>\nmanifestazione <strong>COMPLESSE RELAZIONI (tra l&#8217;uomo e la. terra) &#8211; Incontri di fotografia 2023<br \/>\n<\/strong>presso Sala esposizioni dij Villa Barbarigo a Noventa vicentina<br \/>\ndal 30 aprile al 21 maggio 2023<br \/>\n_<\/li>\n<li><strong>Riconoscimento F16\/2023<\/strong><br \/>\norganizzato dal Club Fotografico Il Campanile e il Gruppo Audiovisivi del Triveneto<br \/>\nproiezioni\u00a0<strong>3\u00b0 Concorso Interregionale AudioVisivi Veneto &#8211; Friuli-Venezia Giulia &#8211; Trentino-Alto Adige per AudioVisivi fotografici<br \/>\n<\/strong>presso Sala esposizioni Villa Barbarigo a Noventa Vicentina<br \/>\nil giorno 13 maggio 2023<br \/>\n_<\/li>\n<li><strong>Riconoscimento F17\/2023\u00a0<\/strong><br \/>\norganizzato dall&#8217;Associazione Culturale Fotografica La Tangenziale BFI<br \/>\n<strong>mostra e manifestazione 40 anni di fotografia<br \/>\n<\/strong>presso Centro Culturale Candiani &#8211; Mestre Venezia<br \/>\ndal 3 al 18 giugno 2023<br \/>\n_<\/li>\n<li><strong>Riconoscimento F18\/2023<\/strong><br \/>\norganizzato dal Foto Club Caldogno<br \/>\nserata a tema\u00a0<strong>Il linguaggio dell&#8217;Audiovisivo<\/strong> con\u00a0<strong>Gianni Rossi<br \/>\n<\/strong>presso la Barchessa di Villa Caldogno &#8211; via G Zanella 3 Caldogno<br \/>\nil 20 aprile 2023<br \/>\n_<\/li>\n<li><strong>Riconoscimento F19\/2023<br \/>\n<\/strong>organizzato da Fotoclub Casier<br \/>\nmostra collettiva\u00a0<strong>Black &amp; White &#8211; Street Photography<\/strong><br \/>\npresso piazza San Pio X &#8211; Casier TV<br \/>\ndal 13 maggio al 2 luglio 2023 all&#8217;aperto<br \/>\n_<\/li>\n<li><strong>Riconoscimento F20\/2023<br \/>\n<\/strong>organizzato da Foto Club Caldogno<br \/>\nserata a tema\u00a0<strong>L&#8217;Intensit\u00e0 Narrativa &#8211; Le Donne E La Fotografia<\/strong><br \/>\npresso Seminterrato di Villa Caldogno &#8211; via G Zanella 3 &#8211; Caldogno<br \/>\nil 4 maggio 2023<br \/>\n_<\/li>\n<li><strong>Riconoscimento F21\/2023<\/strong><br \/>\norganizzato da Gruppo Fotografico Carrigliano<br \/>\nmanifestazione <strong>PERCORSI DI LUCE 2023\u00a0<\/strong>con proiezioni audiovisivi<br \/>\npresso Villa Morosini Cappello di Cartigliano<br \/>\ndal 16 settembre al 5 novembre nei fine settimana<br \/>\n_<\/li>\n<li><strong>Riconoscimento F22\/2023<\/strong><br \/>\norganizzato dal Fotoclub Caldogno<br \/>\nconferenza di Fabrizio Luzzo\u00a0<strong>Cortometraggi, progetti e obiettivi<\/strong><br \/>\npresso Barchessa di Villa Caldogno &#8211; Caldogno VI<br \/>\ngioved\u00ec 18 maggio 2023 ore 22:30<br \/>\n_<\/li>\n<li><strong>Riconoscimento F23\/2023<\/strong><br \/>\norganizzato da Circolo fotografico L&#8217;Obiettivo di Dolo<br \/>\nmostra di <strong>Massimo Bonutto &#8220;Marco Tagliaro&#8221;<\/strong><br \/>\npresso Sala mostre sede comunale Villa Loredan &#8211; Str\u00e0 VE<br \/>\ndal 27 maggio al 17 giugno 2023<br \/>\n_<\/li>\n<li><strong>Riconoscimento F24\/2023<\/strong><br \/>\norganizzato dal Gruppo Fotografico Antenore e altre associazioni<br \/>\nserata <strong>ME, MYSELF AND I<\/strong> proiezioni di audiovisivi fotografici<br \/>\npresso Palazzo Zuckermann, Corso G. Garibaldi 33 &#8211; Padova<br \/>\nil 14 giugno 2023 dalle ore 21<br \/>\n_<\/li>\n<li><strong>Riconoscimento F25\/2023<\/strong><br \/>\norganizzato da Pierluigi Lucietto in collaborazione con Pro Loco Bassano del Grappa<br \/>\nmanifestazione <strong>Bassano Fotografia 2023 &#8211; 8a edizione<\/strong><br \/>\npresso Citt\u00e0 di Bassano del Grappa &#8211; sedi varie<br \/>\ndal 16 settembre al 5 novembre 2023<br \/>\n_<\/li>\n<li><strong>Riconoscimento F26\/2023<\/strong><br \/>\norganizzato da Pierluigi Lucietto in collaborazione con Pro Loco Rossano Veneto<br \/>\nmanifestazione <strong>Rossano Fotografia 2023 &#8211; 1a edizione di Fotografia in Villa &#8211; Frammenti<\/strong><br \/>\npresso Villa Carlo Navarini &#8211; via Bassano 17 &#8211; Rossano Veneto VI<br \/>\ndal 30 settembre al 28 ottobre 2023<br \/>\n_<\/li>\n<li><strong>Riconoscimento F27\/2023<br \/>\n<\/strong>organizzato da Foto Club Caldogno<br \/>\n<strong>Corso Certificato Videomaker-Cortometraggio Fabrizio Luzzo docente FIAF\u00a0<\/strong><br \/>\npresso Villa Caldogno &#8211; Caldogno VI<br \/>\ndal 1\u00b0 al 2 luglio 2023<br \/>\n_<\/li>\n<li><strong>Riconoscimento F28\/2023<\/strong><br \/>\norganizzato da Fotoclub Cavarzere BFI<br \/>\nmostra\u00a0<strong>ALLURE Parvenze Movenze, di Diego LANDI<\/strong><br \/>\npresso Palazzo Danielato &#8211; via Roma 8 &#8211; Cavarzere VE<br \/>\ndal 16 al 27 settembre 2023<br \/>\n_<\/li>\n<li><strong>Riconoscimento F29\/2023<\/strong><br \/>\norganizzato da Gruppo Fotografico Nogarese F2.19 PH<br \/>\nmostra <strong>Sulla Strada del Riso<\/strong><br \/>\npresso Palazzo Maggi &#8211; via Ferrarini 1 &#8211; Nogara VR<br \/>\ndal 25 agosto al 3 settembre 2023<br \/>\n_<\/li>\n<li><strong>Riconoscimento F30\/2023<\/strong><br \/>\norganizzato da Foto Club Caldogno<br \/>\n<strong>Obiettivo sul mondo 2023<\/strong>, serate di proiezioni audiovisivi fotografici<br \/>\npresso Salone Nobile di Villa Caldogno<br \/>\ndal 14 settembre al 5 ottobre 2023<br \/>\n_<\/li>\n<li><strong>Riconoscimento F31\/2023<\/strong><br \/>\norganizzato da Foto Club Caldogno<br \/>\nmostra fotografica <strong>Hey Bro!<\/strong><br \/>\npresso Interrato di Villa Caldogno<br \/>\ndal 9 settembre al 5 ottobre 2023<br \/>\n_<\/li>\n<li><strong>Riconoscimento F32\/2023<\/strong><br \/>\norganizzato da Fotoclub Il Punto Focale<br \/>\nmostra <strong>Le nevi di Mario<\/strong><br \/>\npresso Torre scaligera &#8211; Piazza San Marco &#8211; Enego VI<br \/>\ndal 1 al 31 agosto 2023<br \/>\n_<\/li>\n<li><strong>Riconoscimento F33\/2023<\/strong><br \/>\norganizzato dal collettivo <strong>STEPS21<\/strong><br \/>\nmostra collettiva <strong>FUORI CAMPO<br \/>\n<\/strong>presso Pescheria Vecchia Este &#8211; Este PD<br \/>\ndal 21 ottobre al 5 novembre 2023<br \/>\n_<\/li>\n<li><strong>Riconoscimento F34\/2023<\/strong><br \/>\norganizzato da <strong>Manfredo Manfroi BFI SemFIAF<\/strong><br \/>\nmostra personale <strong>Paradise lost, paradise Regained<\/strong><br \/>\npresso Galleria La Salizada &#8211; San Marco 3448 &#8211; Venezia<br \/>\ndal 20 ottobre al 30 novembre 2023<br \/>\n_<\/li>\n<li><strong>Riconoscimento F35\/2023<\/strong><br \/>\norganizzato da <strong>Associazione Culturale Ezzelino Fotoclub<\/strong><br \/>\ncorso <strong>38\u00b0 Corso di fotografia di base<br \/>\n<\/strong>presso sede Ezzelino fotoclub &#8211; via Velo 65 &#8211; Romano d&#8217;Ezzelino VI<br \/>\ndal 2 ottobre al 4 dicembre 2023<br \/>\n_<\/li>\n<li><strong>Riconoscimento F36\/2023<\/strong><br \/>\norganizzato da <strong>Associazione Culturale Ezzelino Fotoclub<\/strong><br \/>\nmostra collettiva <strong>40\u00b0 Anniversario<br \/>\n<\/strong>presso Fornace Panizzon &#8211; via Roma &#8211; Romano d&#8217;Ezzelino VI<br \/>\ndal 23 settembre all&#8217;8 ottobre 2023<br \/>\n_<\/li>\n<li><strong>Riconoscimento F37\/2023<\/strong><br \/>\norganizzato da <strong>Foto Club Adria APS BFI<\/strong><br \/>\nmostra <strong>Collettiva dei Soci del FC Adria APS<\/strong><br \/>\npresso Sala Cordella &#8211; Corso V Emanuele II, 35 &#8211; Adria RO<br \/>\ndal 30 settembre al 6 ottobre 2023<br \/>\n_<\/li>\n<li><strong>Riconoscimento F39\/2023<\/strong><br \/>\norganizzato dal <strong>Circolo Fotografico L&#8217;Obiettivo &#8211; Dolo<\/strong><br \/>\nmostra <strong>ELLES <\/strong>del Circolo fotografico PHOT&#8217;OSER Saint Marcelline &#8211; Francia<br \/>\npresso Sala Polivalente Villa Concina &#8211; Dolo VE<br \/>\ndal 30 settembre all&#8217;8 ottobre 2023<br \/>\n_<\/li>\n<li><strong>Riconoscimento F39\/2023<\/strong><br \/>\norganizzato dal <strong>Fotoclub Casier<\/strong><br \/>\nmostra <strong>COLLETTIVA<br \/>\n<\/strong>presso Bistrot de Venise &#8211; San Marco 4685 \/ Calle dei Fabbri &#8211; Venezia<br \/>\ndal 21 ottobre all&#8217;8 novembre 2023<br \/>\n_<\/li>\n<li><strong>Riconoscimento F40\/2023<\/strong><br \/>\norganizzato da Pro Bassano<br \/>\nmostra personale di <strong>MARIA NOVELLO<\/strong> in Bassano Fotografia 23 Fuori Palazzo<br \/>\npresso Bossa Buffona &#8211; via Gamba 29 &#8211; Bassano del Grappa VI<br \/>\ndal 16 settembre al 5 novembre 2023<br \/>\n_<\/li>\n<li><strong>Riconoscimento F41\/2023<\/strong><br \/>\norganizzato da KITO OdV<br \/>\nmostra\u00a0<strong>ANGRY ROOTS<\/strong> di\u00a0<strong>Paola Vecchiato<br \/>\n<\/strong>presso Sala della Gran Guardia &#8211; Piazza dei Signori &#8211; Padova<br \/>\ndal 23 novembre al 3 dicembre 2023<br \/>\n_<\/li>\n<li><strong>Riconoscimento F42\/2023<\/strong><br \/>\norganizzato da <strong>Associazione Culturale Fotografica La Tangenziale BFI<\/strong><br \/>\nmostra <strong>Collettiva di fotografia 2023<\/strong><br \/>\npresso Forte C. Mezzacapo &#8211; Zelarino VE<br \/>\ndal 7 al 15 ottobre 2023<br \/>\n_<\/li>\n<li><strong>Riconoscimento F43\/2023<\/strong><br \/>\norganizzato da <strong>Michela Checchetto DR FIAF Veneto, Fotoclub Caldogno, Comune di Caldogno VI<\/strong><br \/>\nConferenza <strong>Fotografia: percezione e ambiguit\u00e0 con Fulvio Merlak<\/strong><br \/>\npresso Villa Caldogno, via G Zanella 3 Caldogno VI<br \/>\nil 5 novembre 2023<br \/>\n_<\/li>\n<li><strong>Riconoscimento F44\/2023<\/strong><br \/>\norganizzato da <strong>Foto Club ADRIA APS<\/strong><br \/>\nmostra <strong>Rassegna teatrale Citt\u00e0 di Adria 2023<\/strong><br \/>\npresso Sala Cordella &#8211; Corso Vittorio Emanuele 35 &#8211; Adria RO<br \/>\ndal 21 al 27 ottobre 2023<br \/>\n_<\/li>\n<li><strong>Riconoscimento F45\/2023<\/strong><br \/>\norganizzato da <strong>Circolo Fotografico L&#8217;Obiettivo Dolo<\/strong><br \/>\ncon i circoli <strong>Associazione Culturale Fotografica La Tangenziale &#8211; Mestre <\/strong>\u00a0e <strong>Krakowski Klub Fotograficzny\u00a0Cracovia &#8211; Polonia<\/strong><br \/>\nmostra <strong>Romanticismo\u00a0<\/strong><br \/>\npresso Sala Polivalente di Villa Concina &#8211; Via Comunetto 5 &#8211; Dolo VE<br \/>\ndall&#8217;11 al 19 novembre 2023<br \/>\n_<\/li>\n<li><strong>Riconoscimento F46\/2023<\/strong><br \/>\norganizzato da <strong>Circolo Fotografico di Thiene<\/strong><br \/>\ncon il <strong>Circolo Fotografico di Romano D&#8217;Ezzelino<\/strong><br \/>\nmostra <strong>50esimo Circolo Fotografico Citt\u00e0 di Thiene<\/strong><br \/>\npresso Biblioteca Comunale di Thiene VI &#8211; Via Francesco Corradini, 89 &#8211; Thiene VI<br \/>\ndal 5 al 18 novembre 2023<br \/>\n_<\/li>\n<li><strong>Riconoscimento F47\/2023<\/strong><br \/>\norganizzato da <strong>Associazione SocioCulturale Rosa dei Colli &#8211; Rovolon Fotografia<\/strong><br \/>\nmostra <strong>Giostre di paese<\/strong> di <strong>Luigi Fazzi, del Circolo Fotografico Focus<\/strong><br \/>\npresso Arredamenti Zattarin &#8211; via Dante Alighieri 14 &#8211; Carbonara di Rovolon PD<br \/>\ndal 10 dicembre 2023 al 24 gennaio 2024<br \/>\n_<\/li>\n<li><strong>Riconoscimento F48\/2023<\/strong><br \/>\norganizzato da <strong>Circolo Fotografico Arti Visive Bovolone<\/strong><br \/>\n<strong>Giornata di Lettura portfolio 2023<\/strong><br \/>\npresso Le Cantine del Vescovo &#8211; via Vescovado 7 &#8211; Bovolone VR<br \/>\nil 19 novembre 2023<br \/>\n_<\/li>\n<li><strong>Riconoscimento F49\/2023<\/strong><br \/>\norganizzato da <strong>Gruppo Fotografico Antenore BFI<\/strong><br \/>\nproiezione audiovisivi fotografici<strong> Confini<\/strong><br \/>\npresso Sala Polivalente ITACA &#8211; via Santa Maria Assunta 35 &#8211; Padova<br \/>\nil 6 dicembre 2023<br \/>\n_<\/li>\n<li><strong>Riconoscimento FIAF F50\/2023<\/strong><br \/>\norganizzato da <strong>Fotoclub Caldogno<\/strong><br \/>\nconferenza di <strong>Gianni Rossi<\/strong> a tema <strong>Comunicare attraverso il colore<\/strong><br \/>\npresso seminterrato di Villa Caldogno &#8211; Via G Zanella 3 &#8211; Caldogno VI<br \/>\nil 30 novembre 2023<br \/>\n_<\/li>\n<li><strong>Riconoscimento FIAF F51\/2023<\/strong><br \/>\norganizzato da <strong>Fotoclub Caldogno<\/strong><br \/>\nconferenza di <strong>Fulvio Merlak<\/strong>\u00a0a tema <strong>La fotografia contemporanea<\/strong><br \/>\npresso seminterrato di Villa Caldogno &#8211; Via G Zanella 3 &#8211; Caldogno VI<br \/>\nil 16 novembre 2023<br \/>\n_<\/li>\n<li><strong>Riconoscimento FIAF F52\/2023<\/strong><br \/>\norganizzato da <strong>Fotoclub Cavarzere BFI<\/strong><br \/>\nmostra collettiva <strong>Le Forme dell&#8217;Acqua<\/strong><br \/>\npresso palazzo Danielato &#8211; Via Roma &#8211; Cavarzere VE<br \/>\ndal 3 al 13 dicembre 2023<br \/>\n_<\/li>\n<li><strong>Riconoscimento FIAF F53\/2023<\/strong><br \/>\norganizzato da\u00a0<strong>Associazione Socio Culturale Rosa dei Colli<\/strong><strong><br \/>\n<\/strong>manifestazione di mostre\u00a0<strong>Rovolon Fotografia<\/strong><br \/>\npresso Pubblici esercizi nel Comune di Rovolon, e nella Sala Polivalente Scuola Materna<br \/>\ndal 10 dicembre 2023 al 28 gennaio 2024<br \/>\n_<\/li>\n<li><strong>Riconoscimento F54\/2023<\/strong><br \/>\norganizzato da <strong>Fotoclub Il Punto Focale<\/strong><br \/>\ncorso di fotografia <strong>Corso BASE<\/strong> tenuto da Antonio Cunico BFI EFIAP Docente DAC<br \/>\npresso Sede CRAIM &#8211; via Mure Carmini 12 &#8211; Vicenza<br \/>\ndal 20 marzo al 29 maggio 2024<br \/>\n_<\/li>\n<\/ul>\n\n    <div class=\"xs_social_share_widget xs_share_url after_content \t\tmain_content  wslu-style-1 wslu-share-box-shaped wslu-fill-colored wslu-none wslu-share-horizontal wslu-theme-font-no wslu-main_content\">\n\n\t\t\n        <ul>\n\t\t\t        <\/ul>\n    <\/div> \n","protected":false},"excerpt":{"rendered":"<p>Riconoscimenti 2023 Riconoscimento F41\/2022 organizzato da Circolo Fotografico l\u2019Obiettivo di Dolo Figure e Ritratti personale di Paolo Prando con presentazione &hellip;<\/p>\n","protected":false},"author":3,"featured_media":0,"parent":0,"menu_order":0,"comment_status":"closed","ping_status":"closed","template":"","meta":{"_acf_changed":false,"footnotes":""},"class_list":["post-14223","page","type-page","status-publish","hentry"],"acf":[],"_links":{"self":[{"href":"https:\/\/fiaf.net\/veneto\/wp-json\/wp\/v2\/pages\/14223","targetHints":{"allow":["GET"]}}],"collection":[{"href":"https:\/\/fiaf.net\/veneto\/wp-json\/wp\/v2\/pages"}],"about":[{"href":"https:\/\/fiaf.net\/veneto\/wp-json\/wp\/v2\/types\/page"}],"author":[{"embeddable":true,"href":"https:\/\/fiaf.net\/veneto\/wp-json\/wp\/v2\/users\/3"}],"replies":[{"embeddable":true,"href":"https:\/\/fiaf.net\/veneto\/wp-json\/wp\/v2\/comments?post=14223"}],"version-history":[{"count":49,"href":"https:\/\/fiaf.net\/veneto\/wp-json\/wp\/v2\/pages\/14223\/revisions"}],"predecessor-version":[{"id":15754,"href":"https:\/\/fiaf.net\/veneto\/wp-json\/wp\/v2\/pages\/14223\/revisions\/15754"}],"wp:attachment":[{"href":"https:\/\/fiaf.net\/veneto\/wp-json\/wp\/v2\/media?parent=14223"}],"curies":[{"name":"wp","href":"https:\/\/api.w.org\/{rel}","templated":true}]}}